{"id":1874,"date":"2018-05-16T20:43:23","date_gmt":"2018-05-16T22:43:23","guid":{"rendered":"http:\/\/www.nossacasa.net\/shunya\/?page_id=1874"},"modified":"2018-08-30T22:40:49","modified_gmt":"2018-08-31T00:40:49","slug":"meditacao","status":"publish","type":"page","link":"http:\/\/www.nossacasa.net\/shunya\/meditacao\/","title":{"rendered":"Medita\u00e7\u00e3o"},"content":{"rendered":"<p><a href=\"http:\/\/www.nossacasa.net\/shunya\/quanto-tempo-praticar\/site-2\/\" rel=\"attachment wp-att-1871\"><img loading=\"lazy\" decoding=\"async\" class=\"aligncenter size-full wp-image-1871\" src=\"http:\/\/www.nossacasa.net\/shunya\/wp-content\/uploads\/2013\/02\/site.jpg\" alt=\"\" width=\"760\" height=\"400\" srcset=\"http:\/\/www.nossacasa.net\/shunya\/wp-content\/uploads\/2013\/02\/site.jpg 760w, http:\/\/www.nossacasa.net\/shunya\/wp-content\/uploads\/2013\/02\/site-300x158.jpg 300w, http:\/\/www.nossacasa.net\/shunya\/wp-content\/uploads\/2013\/02\/site-500x263.jpg 500w\" sizes=\"auto, (max-width: 760px) 100vw, 760px\" \/><\/a><\/p>\n<div style=\"text-align: center;\">\n<h4>TEXTOS<\/h4>\n<\/div>\n<p>&nbsp;<\/p>\n<ul type=\"disc\">\n<li style=\"list-style-type: none\">\n<ul type=\"disc\">\n<li><a href=\"http:\/\/www.nossacasa.net\/shunya\/meditacoes-de-um-minuto\/\"><span style=\"font-size: small;\">Medita\u00e7\u00f5es de um minuto<\/span><\/a> de Surya Das<\/li>\n<li><a href=\"http:\/\/www.nossacasa.net\/shunya\/a-necessidade-de-meditar-na-cidade\/\"><span style=\"font-size: small;\">A necessidade de meditar na cidade<\/span><\/a> de Sakya Trizin<\/li>\n<li><a href=\"http:\/\/www.nossacasa.net\/shunya\/na-busca-da-felicidade\/\"><span style=\"font-size: small;\">Na busca da Felicidade<\/span><\/a> de Daniel Goleman<\/li>\n<li><a href=\"http:\/\/www.nossacasa.net\/shunya\/a-mente-em-meditacao\/\"><span style=\"font-size: small;\">A mente em medita\u00e7\u00e3o<\/span><\/a> de Sogyal Rinpoche<\/li>\n<li><a href=\"http:\/\/www.nossacasa.net\/shunya\/tres-metodos-de-meditacao\/\"><span style=\"font-size: small;\">Tr\u00eas m\u00e9todos de medita\u00e7\u00e3o<\/span><\/a><\/li>\n<li><a href=\"http:\/\/www.nossacasa.net\/shunya\/sobre-o-zazen\/\"><span style=\"font-size: small;\">Sobre o Zazen<\/span><\/a> de Uchiyama Kosho Roshi<\/li>\n<li><a href=\"http:\/\/www.nossacasa.net\/shunya\/meditacao-mahamudra\/\"><span style=\"font-size: small;\">Medita\u00e7\u00e3o Mahamudra<\/span><\/a> de Bokar Rimpoche<\/li>\n<li><a href=\"http:\/\/www.nossacasa.net\/shunya\/meditacao-e-concentracao\/\"><span style=\"font-size: small;\">Medita\u00e7\u00e3o e concentra\u00e7\u00e3o<\/span><\/a> de Vimala Thakar<\/li>\n<li><a href=\"http:\/\/www.nossacasa.net\/shunya\/breve-meditacao-automotiva\/\"><span style=\"font-size: small;\">Breve medita\u00e7\u00e3o automotiva<\/span><\/a> de Surya Das<\/li>\n<li><a href=\"http:\/\/www.nossacasa.net\/shunya\/meditacao-olhando-para-o-ceu\/\"><span style=\"font-size: small;\">Medita\u00e7\u00e3o olhando para o ceu<\/span><\/a> de Surya Das<\/li>\n<li><a href=\"http:\/\/www.nossacasa.net\/shunya\/introducao-a-meditacao\/\"><span style=\"font-size: small;\">Introdu\u00e7\u00e3o a medita\u00e7\u00e3o<\/span><\/a> de Bokar Rimpoche<\/li>\n<li><a href=\"http:\/\/www.nossacasa.net\/shunya\/os-quatro-fundamentos-da-plena-atencao\/\"><span style=\"font-size: small;\">Os quatro fundamentos da plena aten\u00e7\u00e3o (SATIPATTHANA SUTTA)<\/span><\/a> de Donald K. Swearer<\/li>\n<li><a href=\"http:\/\/www.nossacasa.net\/shunya\/como-sentar-no-zazen\/\"><span style=\"font-size: small;\">Zazen &#8211; Como sentar<\/span><\/a> de Philip Kapleau<\/li>\n<li><a href=\"http:\/\/www.nossacasa.net\/shunya\/concentrando-a-mente-no-zazen\/\"><span style=\"font-size: small;\">Zazen &#8211; Concentrando a mente<\/span><\/a> de Philip Kapleau<\/li>\n<li><a href=\"http:\/\/www.nossacasa.net\/shunya\/kinhin-a-meditacao-caminhando\/\"><span style=\"font-size: small;\">Kinhin &#8211; medita\u00e7\u00e3o caminhando<\/span><\/a> de Philip Kapleau<\/li>\n<li><a href=\"http:\/\/www.nossacasa.net\/shunya\/fukanzazengi\/\"><span style=\"font-size: small;\">FUKANZAZENGI,os princ\u00edpios do zazen de mestre Dogen<\/span><\/a> de Taisen Deschimaru<\/li>\n<li><a href=\"http:\/\/www.nossacasa.net\/shunya\/shikan-taza\/\"><span style=\"font-size: small;\">SHIKAN-TAZA<\/span><\/a> de Philip Kapleau<\/li>\n<li><a href=\"http:\/\/www.nossacasa.net\/shunya\/o-que-e-a-pratica\/\"><span style=\"font-size: small;\">O que \u00e9 a pr\u00e1tica<\/span><\/a> de Charlotte Joko Beck<\/li>\n<li><a href=\"http:\/\/www.nossacasa.net\/shunya\/um-rio-de-percepcoes\/\"><span style=\"font-size: small;\">Um rio de percep\u00e7\u00f5es<\/span><\/a> de Thich Nhat Hanh<\/li>\n<\/ul>\n<\/li>\n<\/ul>\n<!-- AddThis Advanced Settings generic via filter on the_content --><!-- AddThis Share Buttons generic via filter on the_content -->","protected":false},"excerpt":{"rendered":"<p>TEXTOS &nbsp; Medita\u00e7\u00f5es de um minuto de Surya Das A necessidade de meditar na cidade de Sakya Trizin Na busca da Felicidade de Daniel Goleman A mente em medita\u00e7\u00e3o de Sogyal Rinpoche Tr\u00eas m\u00e9todos de medita\u00e7\u00e3o Sobre o Zazen de &hellip; <a href=\"http:\/\/www.nossacasa.net\/shunya\/meditacao\/\">Continue lendo <span class=\"meta-nav\">&rarr;<\/span><\/a><!-- AddThis Advanced Settings generic via filter on get_the_excerpt --><!-- AddThis Share Buttons generic via filter on get_the_excerpt --><\/p>\n","protected":false},"author":1,"featured_media":1871,"parent":0,"menu_order":0,"comment_status":"closed","ping_status":"closed","template":"","meta":{"footnotes":""},"class_list":["post-1874","page","type-page","status-publish","has-post-thumbnail","hentry"],"_links":{"self":[{"href":"http:\/\/www.nossacasa.net\/shunya\/wp-json\/wp\/v2\/pages\/1874","targetHints":{"allow":["GET"]}}],"collection":[{"href":"http:\/\/www.nossacasa.net\/shunya\/wp-json\/wp\/v2\/pages"}],"about":[{"href":"http:\/\/www.nossacasa.net\/shunya\/wp-json\/wp\/v2\/types\/page"}],"author":[{"embeddable":true,"href":"http:\/\/www.nossacasa.net\/shunya\/wp-json\/wp\/v2\/users\/1"}],"replies":[{"embeddable":true,"href":"http:\/\/www.nossacasa.net\/shunya\/wp-json\/wp\/v2\/comments?post=1874"}],"version-history":[{"count":26,"href":"http:\/\/www.nossacasa.net\/shunya\/wp-json\/wp\/v2\/pages\/1874\/revisions"}],"predecessor-version":[{"id":5794,"href":"http:\/\/www.nossacasa.net\/shunya\/wp-json\/wp\/v2\/pages\/1874\/revisions\/5794"}],"wp:featuredmedia":[{"embeddable":true,"href":"http:\/\/www.nossacasa.net\/shunya\/wp-json\/wp\/v2\/media\/1871"}],"wp:attachment":[{"href":"http:\/\/www.nossacasa.net\/shunya\/wp-json\/wp\/v2\/media?parent=1874"}],"curies":[{"name":"wp","href":"https:\/\/api.w.org\/{rel}","templated":true}]}}