{"id":1880,"date":"2018-05-16T20:54:48","date_gmt":"2018-05-16T22:54:48","guid":{"rendered":"http:\/\/www.nossacasa.net\/shunya\/?page_id=1880"},"modified":"2020-06-11T18:57:46","modified_gmt":"2020-06-11T20:57:46","slug":"lama-surya-das","status":"publish","type":"page","link":"http:\/\/www.nossacasa.net\/shunya\/lama-surya-das\/","title":{"rendered":"Lama Surya Das"},"content":{"rendered":"<div style=\"text-align:justify\">\n<a href=\"http:\/\/www.nossacasa.net\/shunya\/wp-content\/uploads\/2020\/06\/LamaSuryaDas.jpg\"><img loading=\"lazy\" decoding=\"async\" src=\"http:\/\/www.nossacasa.net\/shunya\/wp-content\/uploads\/2020\/06\/LamaSuryaDas.jpg\" alt=\"\" width=\"320\" height=\"320\" class=\"aligncenter size-full wp-image-6055\" srcset=\"http:\/\/www.nossacasa.net\/shunya\/wp-content\/uploads\/2020\/06\/LamaSuryaDas.jpg 320w, http:\/\/www.nossacasa.net\/shunya\/wp-content\/uploads\/2020\/06\/LamaSuryaDas-150x150.jpg 150w, http:\/\/www.nossacasa.net\/shunya\/wp-content\/uploads\/2020\/06\/LamaSuryaDas-300x300.jpg 300w, http:\/\/www.nossacasa.net\/shunya\/wp-content\/uploads\/2020\/06\/LamaSuryaDas-50x50.jpg 50w\" sizes=\"auto, (max-width: 320px) 100vw, 320px\" \/><\/a><br \/>\n<b>LAMA SURYA DAS (1950-    )<\/b><\/p>\n<p>Por quase trinta anos o <b>Lama Surya Das <\/b>estudou e viveu com<b> <\/b>grandes mestres espirituais da &Aacute;sia. Ele completou duas vezes o retiro tradicional de tr&ecirc;s anos de medita&ccedil;&atilde;o Vajrayana em um mosteiro tibetano no sul da Fran&ccedil;a. Como porta-voz do budismo ocidental emergente, ele &eacute; um herdeiro da linhagem Dzogchen e o fundador da Funda&ccedil;&atilde;o Dzogchen. Poeta, tradutor, contador de hist&oacute;rias, ativista e l&iacute;der espiritual em tempo integral, Surya Das d&aacute; palestras, organiza retiros de medita&ccedil;&atilde;o e <i><font size=2>workshops <\/font><\/i>pelo mundo todo, promove a vinda de lamas tibetanos ao Ocidente para ensinar, organiza regularmente a Confer&ecirc;ncia Anual de Mestres Budistas Ocidentais, com o Dalai-Lama, em Dharmasala, &Iacute;ndia, com a dura&ccedil;&atilde;o de uma semana, e est&aacute; sempre ativo no di&aacute;logo entre as diversas religi&otilde;es. Ele &eacute; tamb&eacute;m o autor de <i>The Snow Lion&#8217;sMane: Wisdom Tales from Tibet <\/i>e <i>Natural Great Perfection <\/i>(com Nyoshul Khenpo Rinpoche). Surya Das vive perto de Boston, Massachusetts.<\/p>\n<hr \/>\n<p><font face=\"Comic Sans MS\" size=\"3\" color=\"#800000\">Livros<\/font><br \/>\n<a href=\"http:\/\/www.nossacasa.net\/shunya\/o-despertar-do-buda-interior\/\n\"><font size=\"2\">O Despertar do Buda Interior<\/font><\/a><\/p>\n<p>\n<font face=\"Comic Sans MS\" size=\"3\" color=\"#800000\">Textos<\/font><br \/>\n<a href=\"http:\/\/www.nossacasa.net\/shunya\/meditacoes-de-um-minuto\/\"><font size=\"2\">Medita\u00e7\u00f5es de um minuto<\/font><\/a><br \/>\n<a href=\"default.asp?menu=1119\" class=\"broken_link\"><font size=\"2\">A pr\u00e1tica da pura percep\u00e7\u00e3o<\/font><\/a><br \/>\n<a href=\"default.asp?menu=1032\" class=\"broken_link\"><font size=\"2\">Vivendo e morrendo conscientemente<\/font><\/a><br \/>\n<a href=\"default.asp?menu=1013\" class=\"broken_link\"><font size=\"2\">A ilumina&ccedil;&atilde;o &eacute; a meta<\/font><\/a><br \/>\n<a href=\"default.asp?menu=910\" class=\"broken_link\"><font size=\"2\">A Melhor Pr&aacute;tica Espiritual<\/font><\/a><br \/>\n<a href=\"http:\/\/www.nossacasa.net\/shunya\/breve-meditacao-automotiva\/\"><font size=\"2\">Breve medita\u00e7\u00e3o automotiva<\/font><\/a><br \/>\n<a href=\"http:\/\/www.nossacasa.net\/shunya\/meditacao-olhando-para-o-ceu\/\"><font size=\"2\">Medita\u00e7\u00e3o olhando para o ceu<\/font><\/a><\/p>\n<hr \/>\n<\/div>\n<!-- AddThis Advanced Settings generic via filter on the_content --><!-- AddThis Share Buttons generic via filter on the_content -->","protected":false},"excerpt":{"rendered":"<p>LAMA SURYA DAS (1950- ) Por quase trinta anos o Lama Surya Das estudou e viveu com grandes mestres espirituais da &Aacute;sia. Ele completou duas vezes o retiro tradicional de tr&ecirc;s anos de medita&ccedil;&atilde;o Vajrayana em um mosteiro tibetano no &hellip; <a href=\"http:\/\/www.nossacasa.net\/shunya\/lama-surya-das\/\">Continue lendo <span class=\"meta-nav\">&rarr;<\/span><\/a><!-- AddThis Advanced Settings generic via filter on get_the_excerpt --><!-- AddThis Share Buttons generic via filter on get_the_excerpt --><\/p>\n","protected":false},"author":1,"featured_media":6055,"parent":0,"menu_order":0,"comment_status":"closed","ping_status":"closed","template":"","meta":{"footnotes":""},"class_list":["post-1880","page","type-page","status-publish","has-post-thumbnail","hentry"],"_links":{"self":[{"href":"http:\/\/www.nossacasa.net\/shunya\/wp-json\/wp\/v2\/pages\/1880","targetHints":{"allow":["GET"]}}],"collection":[{"href":"http:\/\/www.nossacasa.net\/shunya\/wp-json\/wp\/v2\/pages"}],"about":[{"href":"http:\/\/www.nossacasa.net\/shunya\/wp-json\/wp\/v2\/types\/page"}],"author":[{"embeddable":true,"href":"http:\/\/www.nossacasa.net\/shunya\/wp-json\/wp\/v2\/users\/1"}],"replies":[{"embeddable":true,"href":"http:\/\/www.nossacasa.net\/shunya\/wp-json\/wp\/v2\/comments?post=1880"}],"version-history":[{"count":11,"href":"http:\/\/www.nossacasa.net\/shunya\/wp-json\/wp\/v2\/pages\/1880\/revisions"}],"predecessor-version":[{"id":6058,"href":"http:\/\/www.nossacasa.net\/shunya\/wp-json\/wp\/v2\/pages\/1880\/revisions\/6058"}],"wp:featuredmedia":[{"embeddable":true,"href":"http:\/\/www.nossacasa.net\/shunya\/wp-json\/wp\/v2\/media\/6055"}],"wp:attachment":[{"href":"http:\/\/www.nossacasa.net\/shunya\/wp-json\/wp\/v2\/media?parent=1880"}],"curies":[{"name":"wp","href":"https:\/\/api.w.org\/{rel}","templated":true}]}}