{"id":1997,"date":"2018-05-17T11:35:51","date_gmt":"2018-05-17T13:35:51","guid":{"rendered":"http:\/\/www.nossacasa.net\/shunya\/?page_id=1997"},"modified":"2020-06-11T12:48:47","modified_gmt":"2020-06-11T14:48:47","slug":"vimala-thakar","status":"publish","type":"page","link":"http:\/\/www.nossacasa.net\/shunya\/vimala-thakar\/","title":{"rendered":"Vimala Thakar"},"content":{"rendered":"<div style=\"text-align:justify\">\n<a name=\"inicio\"><\/a><a href=\"http:\/\/www.nossacasa.net\/shunya\/quanto-tempo-praticar\/attachment\/92\/\" rel=\"attachment wp-att-1696\"><img loading=\"lazy\" decoding=\"async\" src=\"http:\/\/www.nossacasa.net\/shunya\/wp-content\/uploads\/2013\/02\/92.jpg\" alt=\"\" width=\"200\" height=\"271\" class=\"alignleft size-full wp-image-1696\" \/><\/a> <\/p>\n<p>Vimala Thakar nasceu na \u00edndia e fez seus estudos de Filosofia oriental e ocidental na Universidade de Nagpur.<\/p>\n<p>Recentemente, sua vida mudou por completo. Ela come\u00e7ou a perceber que a humanidade estava \u00e0 frente de um terr\u00edvel desafio &#8212; terr\u00edvel, n\u00e3o por causa do desafio em si, mas porque a mente do homem, a mente consciente e a inconsciente, transforma em desafios os problemas que ele em v\u00e3o tenta resolver por m\u00e9todos inadequados.<\/p>\n<p>Segundo Vimala Thakar, para escapar da destrui\u00e7\u00e3o, o homem precisa aprender a transcender as camadas da pr\u00f3pria mente e a derrubar as fronteiras da consci\u00eancia em todos os seus n\u00edveis. Isso ele pode conseguir atrav\u00e9s da medita\u00e7\u00e3o (n\u00e3o confundir com concentra\u00e7\u00e3o) e atrav\u00e9s de uma nova consci\u00eancia de si mesmo.<\/p>\n<hr \/>\n<p><strong>Livros:<\/strong><br \/>\n<a href=\"http:\/\/www.nossacasa.net\/shunya\/meditacao-uma-maneira-de-viver\/\">Medita\u00e7\u00e3o &#8211; Uma maneira de viver<\/a><br \/>\n<a href=\"http:\/\/www.nossacasa.net\/shunya\/viver-e-relacionar-se\/\">Viver \u00e9 relacionar-se<\/a><\/p>\n<p><strong>Textos:<\/strong><br \/>\n<a href=\"http:\/\/www.nossacasa.net\/shunya\/meditacao-e-concentracao\/\">Palestra realizada em Mathernan a 29 de abril de 1971<\/a><br \/>\n<a href=\"default.asp?menu=207\" class=\"broken_link\">Palestra realizada em Sydney a 7 de maio de 1982<\/a><\/p>\n<hr \/>\n<\/div>\n<div style=\"text-align:right\"><a href=\"#inicio\">Topo<\/a><\/div>\n<!-- AddThis Advanced Settings generic via filter on the_content --><!-- AddThis Share Buttons generic via filter on the_content -->","protected":false},"excerpt":{"rendered":"<p>Vimala Thakar nasceu na \u00edndia e fez seus estudos de Filosofia oriental e ocidental na Universidade de Nagpur. Recentemente, sua vida mudou por completo. Ela come\u00e7ou a perceber que a humanidade estava \u00e0 frente de um terr\u00edvel desafio &#8212; terr\u00edvel, &hellip; <a href=\"http:\/\/www.nossacasa.net\/shunya\/vimala-thakar\/\">Continue lendo <span class=\"meta-nav\">&rarr;<\/span><\/a><!-- AddThis Advanced Settings generic via filter on get_the_excerpt --><!-- AddThis Share Buttons generic via filter on get_the_excerpt --><\/p>\n","protected":false},"author":1,"featured_media":1696,"parent":0,"menu_order":0,"comment_status":"closed","ping_status":"closed","template":"","meta":{"footnotes":""},"class_list":["post-1997","page","type-page","status-publish","has-post-thumbnail","hentry"],"_links":{"self":[{"href":"http:\/\/www.nossacasa.net\/shunya\/wp-json\/wp\/v2\/pages\/1997","targetHints":{"allow":["GET"]}}],"collection":[{"href":"http:\/\/www.nossacasa.net\/shunya\/wp-json\/wp\/v2\/pages"}],"about":[{"href":"http:\/\/www.nossacasa.net\/shunya\/wp-json\/wp\/v2\/types\/page"}],"author":[{"embeddable":true,"href":"http:\/\/www.nossacasa.net\/shunya\/wp-json\/wp\/v2\/users\/1"}],"replies":[{"embeddable":true,"href":"http:\/\/www.nossacasa.net\/shunya\/wp-json\/wp\/v2\/comments?post=1997"}],"version-history":[{"count":6,"href":"http:\/\/www.nossacasa.net\/shunya\/wp-json\/wp\/v2\/pages\/1997\/revisions"}],"predecessor-version":[{"id":6023,"href":"http:\/\/www.nossacasa.net\/shunya\/wp-json\/wp\/v2\/pages\/1997\/revisions\/6023"}],"wp:featuredmedia":[{"embeddable":true,"href":"http:\/\/www.nossacasa.net\/shunya\/wp-json\/wp\/v2\/media\/1696"}],"wp:attachment":[{"href":"http:\/\/www.nossacasa.net\/shunya\/wp-json\/wp\/v2\/media?parent=1997"}],"curies":[{"name":"wp","href":"https:\/\/api.w.org\/{rel}","templated":true}]}}