{"id":2,"date":"2012-11-08T11:11:25","date_gmt":"2012-11-08T11:11:25","guid":{"rendered":"http:\/\/www.shunya.com.br\/shunya\/blog\/?page_id=2"},"modified":"2020-07-11T18:47:36","modified_gmt":"2020-07-11T20:47:36","slug":"sobre","status":"publish","type":"page","link":"http:\/\/www.nossacasa.net\/shunya\/sobre\/","title":{"rendered":"Sobre"},"content":{"rendered":"<div style=\"text-align: justify;\">\n<p>O Grupo de Estudos e Pr\u00e1ticas Budistas, n\u00e3o \u00e9 um grupo comprometido com alguma tradi\u00e7\u00e3o religiosa, sua proposta \u00e9 reunir pessoas interessadas em conhecer, estudar e praticar o autoconhecimento. \u00c9 poss\u00edvel encontrar em nossas reuni\u00f5es adeptos do Theravada, do C\u2019han, do Zen, do Mahayana, do Vajrayana, do Dzogchen e tamb\u00e9m de outras tradi\u00e7\u00f5es religiosas, e esot\u00e9ricas, inclusive ateus e aqueles que n\u00e3o tem nenhuma religi\u00e3o, estudando e praticando juntos.<\/p>\n<p>A nossa finalidade \u00e9 ultrapassar o conhecimento apenas conceitual, e as fixa\u00e7\u00f5es em pontos de vista limitados. N\u00e3o nos prendemos \u00e0s palavras, mas procuramos compreender seu significado para realizar a nossa natureza verdadeira, o Estado Primordial, para o bem de todos os seres.<\/p>\n<p>O grupo &#8216;<b>SHUNYA<\/b>&#8221; de estudos e Pr\u00e1ticas Budistas tem como proposta reunir pessoas interessadas em conhecer, estudar e praticar os <a href=\"http:\/\/www.nossacasa.net\/shunya\/os-fundamentos-do-budismo\/\">ensinamentos budistas<\/a> independente de escolas e linhagens.<\/p>\n<p>Formamos um grupo n\u00e3o sect\u00e1rio aprendendo com todos os mestres, como diz <a href=\"http:\/\/www.nossacasa.net\/shunya\/qual-foi-a-linhagem-do-buda-sakiamuni\/\">Lama Santem<\/a>: &#8220;<i>N\u00f3s estamos em um mandala, diferentes linhagens, diferentes professores, diferente esfor\u00e7os. Todos eles complementam-se uns aos outros<\/i>&#8221;<\/p>\n<p>A nossa finalidade \u00e9 absorver e experienciar esses ensinamentos e pr\u00e1ticas como instrumento para uma melhor compreens\u00e3o da ess\u00eancia do budismo, despertando assim a <a href=\"http:\/\/www.nossacasa.net\/shunya\/a-transformacao-atraves-do-altruismo\/\">mente de ilumina\u00e7\u00e3o (Bodichitta)<\/a> para o bem de todos os seres.<\/p>\n<hr \/>\n<p><strong>BUDISMO<\/strong><\/p>\n<p>O Budismo \u00e9 um conjunto complexo de ensinamentos e pr\u00e1ticas que se baseiam nos profundos ensinamentos do Bhuda para todos os seres sencientes.<\/p>\n<p><a href=\"http:\/\/www.nossacasa.net\/shunya\/qual-foi-a-linhagem-do-buda-sakiamuni\/\">Buda<\/a> ensinou em tr\u00eas n\u00edveis <a href=\"http:\/\/www.nossacasa.net\/shunya\/os-tres-giros-da-roda-do-dharma\/\">As tr\u00eas Voltas do Dharma<\/a> de acordo com a capacidade dos seus disc\u00edpulos. Assim, podemos hoje ter acesso a diversas escolas e linhagens e escolher aquela que tivermos mais afinidade.<\/p>\n<p>Quando pregava, Buda n\u00e3o pretendia converter as pessoas mas ilumin\u00e1-las. Mostrava a seus adeptos que a verdadeira ess\u00eancia dos seres \u00e9 maior do que as suas identidades.<\/p>\n<p>O Budismo pretende ser uma doutrina racional, aberta e \u00fatil \u00e0queles que s\u00e3o capazes de a compreender &#8211; embora ultrapasse em muito a <a href=\"http:\/\/www.nossacasa.net\/shunya\/a-nao-dualidade\/\">l\u00f3gica dualista<\/a> &#8211; e n\u00e3o \u00e0queles que se contentam em acreditar.<\/p>\n<p>\u00c9 uma pr\u00e1tica de sabedoria, onde conhecimento e intelig\u00eancia predominam mas tamb\u00e9m onde \u00e9 imprescind\u00edvel a <a href=\"http:\/\/www.nossacasa.net\/shunya\/transformando-nos-nos-outros\/\">compaix\u00e3o<\/a>, sem a qual a ilumina\u00e7\u00e3o \u00e9 imposs\u00edvel.<\/p>\n<p>O Budismo trouxe paz interior, felicidade e harmonia a milh\u00f5es de pessoas durante sua longa hist\u00f3ria de 2.600 anos. \u00c9 uma religi\u00e3o pr\u00e1tica, devotada a liberar a mente dos condicionamentos de muitas e muitas vidas (<a href=\"http:\/\/www.nossacasa.net\/shunya\/visao-karmica\/\">karma<\/a>), que nos impedem de ver que a nossa ess\u00eancia \u00e9 a <a href=\"http:\/\/www.nossacasa.net\/shunya\/o-estado-de-buda\/\">ess\u00eancia-Buda<\/a> &#8211; N\u00f3s somos Budas &#8211; mas, esquecemos disso, n\u00e3o conseguimos ver a luz do sol que brilha por tr\u00e1s das nuvens de nossas imperfei\u00e7\u00f5es e delus\u00f5es. Buda nos indica um caminho para a remo\u00e7\u00e3o desses obst\u00e1culos encontrando a verdadeira felicidade e a plena liberdade.<\/p>\n<p>Site: http:\/\/www.nossacasa.net\/shunya<br \/>\ne-mail: shunya@nossacasa.net<\/p><\/div>\n<!-- AddThis Advanced Settings generic via filter on the_content --><!-- AddThis Share Buttons generic via filter on the_content -->","protected":false},"excerpt":{"rendered":"<p>O Grupo de Estudos e Pr\u00e1ticas Budistas, n\u00e3o \u00e9 um grupo comprometido com alguma tradi\u00e7\u00e3o religiosa, sua proposta \u00e9 reunir pessoas interessadas em conhecer, estudar e praticar o autoconhecimento. \u00c9 poss\u00edvel encontrar em nossas reuni\u00f5es adeptos do Theravada, do C\u2019han, &hellip; <a href=\"http:\/\/www.nossacasa.net\/shunya\/sobre\/\">Continue lendo <span class=\"meta-nav\">&rarr;<\/span><\/a><!-- AddThis Advanced Settings generic via filter on get_the_excerpt --><!-- AddThis Share Buttons generic via filter on get_the_excerpt --><\/p>\n","protected":false},"author":1,"featured_media":942,"parent":0,"menu_order":0,"comment_status":"open","ping_status":"open","template":"","meta":{"footnotes":""},"class_list":["post-2","page","type-page","status-publish","has-post-thumbnail","hentry"],"_links":{"self":[{"href":"http:\/\/www.nossacasa.net\/shunya\/wp-json\/wp\/v2\/pages\/2","targetHints":{"allow":["GET"]}}],"collection":[{"href":"http:\/\/www.nossacasa.net\/shunya\/wp-json\/wp\/v2\/pages"}],"about":[{"href":"http:\/\/www.nossacasa.net\/shunya\/wp-json\/wp\/v2\/types\/page"}],"author":[{"embeddable":true,"href":"http:\/\/www.nossacasa.net\/shunya\/wp-json\/wp\/v2\/users\/1"}],"replies":[{"embeddable":true,"href":"http:\/\/www.nossacasa.net\/shunya\/wp-json\/wp\/v2\/comments?post=2"}],"version-history":[{"count":17,"href":"http:\/\/www.nossacasa.net\/shunya\/wp-json\/wp\/v2\/pages\/2\/revisions"}],"predecessor-version":[{"id":6973,"href":"http:\/\/www.nossacasa.net\/shunya\/wp-json\/wp\/v2\/pages\/2\/revisions\/6973"}],"wp:featuredmedia":[{"embeddable":true,"href":"http:\/\/www.nossacasa.net\/shunya\/wp-json\/wp\/v2\/media\/942"}],"wp:attachment":[{"href":"http:\/\/www.nossacasa.net\/shunya\/wp-json\/wp\/v2\/media?parent=2"}],"curies":[{"name":"wp","href":"https:\/\/api.w.org\/{rel}","templated":true}]}}