{"id":2045,"date":"2018-05-17T18:00:39","date_gmt":"2018-05-17T20:00:39","guid":{"rendered":"http:\/\/www.nossacasa.net\/shunya\/?page_id=2045"},"modified":"2018-07-16T20:27:57","modified_gmt":"2018-07-16T22:27:57","slug":"lama-padma-samten","status":"publish","type":"page","link":"http:\/\/www.nossacasa.net\/shunya\/lama-padma-samten\/","title":{"rendered":"Lama Padma Samten"},"content":{"rendered":"<div style=\"text-align:justify\">\n<a href=\"http:\/\/www.nossacasa.net\/shunya\/lama-padma-samten\/lama-padma-samten-2\/\" rel=\"attachment wp-att-2048\"><img loading=\"lazy\" decoding=\"async\" src=\"http:\/\/www.nossacasa.net\/shunya\/wp-content\/uploads\/2018\/05\/Lama-Padma-Samten-300x300.jpg\" alt=\"\" width=\"300\" height=\"300\" class=\"alignleft size-medium wp-image-2048\" srcset=\"http:\/\/www.nossacasa.net\/shunya\/wp-content\/uploads\/2018\/05\/Lama-Padma-Samten-300x300.jpg 300w, http:\/\/www.nossacasa.net\/shunya\/wp-content\/uploads\/2018\/05\/Lama-Padma-Samten-150x150.jpg 150w, http:\/\/www.nossacasa.net\/shunya\/wp-content\/uploads\/2018\/05\/Lama-Padma-Samten-768x768.jpg 768w, http:\/\/www.nossacasa.net\/shunya\/wp-content\/uploads\/2018\/05\/Lama-Padma-Samten-50x50.jpg 50w, http:\/\/www.nossacasa.net\/shunya\/wp-content\/uploads\/2018\/05\/Lama-Padma-Samten.jpg 900w\" sizes=\"auto, (max-width: 300px) 100vw, 300px\" \/><\/a><br \/>\n<b>Lama Padma Samten<\/b><\/p>\n<hr \/>\n<p><a href=\"#a\">Biografia<\/a><br \/>\n<a href=\"#b\">Livros<\/a><br \/>\n<a href=\"#c\">Textos<\/a><\/p>\n<hr \/>\n<p><b><a name=\"a\">Biografia<\/a><\/b><br \/>\nO longo caminho de um professor de f\u00edsica na busca da compreens\u00e3o do mundo. Alfredo Aveline foi professor do Departamento de F\u00edsica da UFRGS de 1969 \u00e0 1994, com um intervalo de dois anos e meio. Em 1982 tornou-se budista tibetano, em 1993 recebeu o nome de Padma Samten ( Padma = l\u00f3tus; Samten = estabiliza\u00e7\u00e3o meditativa) e em dezembro de 1996 foi ordenado lama do budismo tibetano. Ele nasceu em Rio Grande, vai completar 50 anos no dia 24 de janeiro que vem, est\u00e1 no terceiro casamento e tem tr\u00eas filhos: Ana Cl\u00e1udia, Ricardo, e Sofia. <\/p>\n<p>Quando n\u00e3o est\u00e1 na sede do Centro de Estudos Budistas, no bairro Menino Deus (de onde navega pelo mundo via Internet), Alfredo Aveline est\u00e1 na sede Centro de Estudos Budistas de Caminho de Meio, instalada em 4,2 hectares de terra no munic\u00edpio de Viam\u00e3o, a 25 quil\u00f4metros do centro de Porto Alegre. Ou em algum ponto do Brasil em fun\u00e7\u00e3o de seu trabalho como lama.<\/p>\n<p>Antes de chegar ao budismo ele despertou para a quest\u00e3o ecol\u00f3gica e durante a ditadura militar participou da campanha contra a Acordo Nuclear Brasil-Alemanha. Debateu com representantes do governo e publicou v\u00e1rios textos alertando para o perigo da energia nuclear. Quando o projeto das usinas at\u00f4micas empacou, dedicou-se a fontes alternativas de energia e chegou a trabalhar no embri\u00e3o do Grupo de Energia Solar de UFRGS. At\u00e9 promover o retorno ao verde.<\/p>\n<p><b>LICEN\u00c7A PARA PENSAR<\/b><\/p>\n<p>No final dos anos 70, seus v\u00e1rios interesses come\u00e7aram a confluir e ele resolveu realizar o velho sonho de organizar a vida perto da natureza, onde pudesse testar e dar testemunho do uso de tecnologias alternativas, aprofundar a pr\u00e1tica de yoga, ter tempo para pesquisar quest\u00f5es como f\u00edsica qu\u00e2ntica. Coisa que dentro da universidade n\u00e3o se atreveria a propor como plano de trabalho. Ao inv\u00e9s de esperar pela aposentadoria, dali a 20 anos, resolveu se demitir. Mas foi convencido a pedir uma licen\u00e7a n\u00e3o-remunerada.<\/p>\n<p>Resolveu provar que podia &#8220;viver por conta pr\u00f3pria&#8221; no meio da natureza. Foi morar na encosta do Planalto, um lugar montanhoso na divisa do munic\u00edpio de Tr\u00eas Coroas com Taquara, no Vale do Rio Paranhana. Montou uma pequena ind\u00fastria de latic\u00ednios nas terras que havia comprado anos antes e passou a produzir iogurte, queijo e ricota com o leite produzido na comunidade. Acredita at\u00e9 que contribuiu para conscientizar os pequenos produtores da regi\u00e3o sobre a explora\u00e7\u00e3o.<\/p>\n<p>O lugar se tornou ponto de converg\u00eancia de jovens, chegando a abrigar 20 pessoas: gente fugida de casa, gente vinda do Uruguai, viajantes. E confus\u00e3o por tudo que era lado\u2026Claro que as drogas eram proibidas, incluindo cigarro e \u00e1lcool. Drogas e entrar em casa de sapato (por causa do barro). &#8220;Foi um per\u00edodo m\u00e1gico&#8221;.<\/p>\n<p>Enquanto viveu na encosta do Planalto teve tempo at\u00e9 para ler sobre budismo, mas a aceita\u00e7\u00e3o s\u00f3 aconteceu depois que voltou a lecionar no Departamento de F\u00edsica. E n\u00e3o teve nada de dram\u00e1tico, veio vindo aos poucos, sem traumas nem data certa. Ele reconhece que sua forma de compreens\u00e3o da f\u00edsica sofreu modifica\u00e7\u00f5es. Em contrapartida, sua forma de compreens\u00e3o do budismo tamb\u00e9m se modificou.<br \/>\nIsso talvez explique a fa\u00e7anha de ter lecionado duas disciplinas para alunos do Curso de Filosofia, numa esp\u00e9cie de &#8220;introdu\u00e7\u00e3o da f\u00edsica para fil\u00f3sofos, abordando quest\u00f5es filos\u00f3ficas da f\u00edsica&#8221;. Essa abertura (fechada pouco depois), que motivou sua carreira na Universidade, ele agradece ao professor Fernando Jos\u00e9 da Rocha, chefe do Departamento de Filosofia, na \u00e9poca.<\/p>\n<div style=\"text-align:right\">Texto extra\u00eddo de http:\/\/www.dharma.hpg.ig.com.br<\/div>\n<hr \/>\n<p><b>Alfredo Aveline (Padma Samten)<\/b> nasceu em Porto Alegre, em 1949. Formou-se e fez mestrado em F&iacute;sica na Universidade Federal do Rio Grande do Sul, onde lecionou no Departamento de F&iacute;sica de 1969 a 1994. O primeiro contato com o budismo ocorreu na d&eacute;cada de 70, atrav&eacute;s de leituras e de amigos praticantes. Em 1982 a conex&atilde;o com o budismo j&aacute; estava estabelecida. Aveline seguia a tradi&ccedil;&atilde;o Zen, mas, ao mesmo tempo, estudava os textos tradicionais (sutras) e tamb&eacute;m os ensinamentos de outras correntes budistas e n&atilde;o-budistas. Em 1986 fundou o Centro de Estudos Budistas, para promover a melhor compreens&atilde;o dos ensinamentos do Buda na nossa cultura e tamb&eacute;m a pr&aacute;tica de medita&ccedil;&atilde;o \u2013 e foi um dos co-editores da revista Bodisatva. O CEB recebeu muitos visitantes ilustres e participou da organiza&ccedil;&atilde;o das visitas de Sua Santidade, o XIV Dalai Lama, em 1992, a Porto Alegre e em 1999 a Curitiba. A transi&ccedil;&atilde;o formal de Aveline do Zen para o budismo tibetano come&ccedil;ou em 1993, quando Sua Emin&ecirc;ncia Chagdud Tulku Rinpoche esteve em Porto Alegre pela primeira vez. Pouco depois recebeu de seu mestre os votos de ref&uacute;gio e o nome de Padma Samten. Em 14 de dezembro de 1996, no Khadro Ling, em Tr&ecirc;s Coroas, foi ordenado lama por Rinpoche. O antigo CEB tornou-se o Centro de Estudos Budistas Bodisatva, que re&uacute;ne os alunos do lama para ensinamentos e retiros na nova sede, na Estrada do Caminho do Meio, em Viam&atilde;o (RS). Hoje o lama Padma Samten exerce sua atividade tamb&eacute;m em in&uacute;meras outras cidades e locais por todo o Brasil, difundindo os ensinamentos budistas em uma abordagem voltada diretamente a pr&aacute;tica na vida cotidiana e a medita&ccedil;&atilde;o. <\/p>\n<hr \/>\n<p><b><a name=\"b\">Livros<\/a><\/b><br \/>\n<a href=\"default.asp?menu=136\" class=\"broken_link\">A j\u00f3ia dos desejos<\/a><br \/>\n<a href=\"default.asp?menu=137\" class=\"broken_link\">Meditando a vida<\/a><\/p>\n<hr \/>\n<p><b><a name=\"c\">Textos<\/a><\/b><\/p>\n<li><a href=\"default.asp?menu=985\" class=\"broken_link\">Arte, Ci&ecirc;ncia e Espiritualidade<\/a><\/li>\n<li><a href=\"default.asp?menu=971\" class=\"broken_link\">A&ccedil;&atilde;o Ecol&oacute;gica e Pacifista Unindo M&eacute;todo e Meta<\/a>\n<\/li>\n<li><a href=\"default.asp?menu=956\" class=\"broken_link\">A vis&atilde;o budista da quest&atilde;o cognitiva<\/a>\n<\/li>\n<li><a href=\"default.asp?menu=905\" class=\"broken_link\">O Caminho direto<\/a>\n<\/li>\n<li><a href=\"default.asp?menu=375\" class=\"broken_link\">Uma Breve Introdu\u00e7\u00e3o ao Budismo<\/a>\n<\/li>\n<li><a href=\"default.asp?menu=374\" class=\"broken_link\">O Prop&oacute;sito da Educa&ccedil;&atilde;o no Budismo<\/a>\n<\/li>\n<li><a href=\"default.asp?menu=373\" class=\"broken_link\">O Contexto do Treinamento em Medita&ccedil;&atilde;o<\/a>\n<\/li>\n<li><a href=\"default.asp?menu=151\" class=\"broken_link\">In\u00edcio, meio e fim<\/a>\n<\/li>\n<li><a href=\"default.asp?menu=150\" class=\"broken_link\">As tr\u00eas voltas do Darma<\/a>\n<\/li>\n<li><a href=\"default.asp?menu=141\" class=\"broken_link\">Estabilidade condicionada<\/a>\n<\/li>\n<li><a href=\"default.asp?menu=140\" class=\"broken_link\">Paz no dia-a-dia<\/a>\n<\/li>\n<li><a href=\"default.asp?menu=139\" class=\"broken_link\">Ilus\u00f5es pertubadoras<\/a>\n<\/li>\n<li><a href=\"default.asp?menu=138\" class=\"broken_link\">O Samsara<\/a>\n<\/li>\n<li><a href=\"http:\/\/www.nossacasa.net\/shunya\/qual-foi-a-linhagem-do-buda-sakiamuni\/\">Qual foi a Linhagem do Buda Sakiamuni?<\/a>\n<\/li>\n<li><a href=\"http:\/\/www.nossacasa.net\/shunya\/praticando-o-darma-atraves-da-meditacao\/\">Praticando o darma atrav\u00e9s da medita\u00e7\u00e3o<\/a>\n<\/li>\n<li><a href=\"http:\/\/www.nossacasa.net\/shunya\/pratica-na-vida-cotidiana\/\">Pr\u00e1tica na vida Cotidiana<\/a><br \/>\n<hr \/>\n<div style=\"text-align:right\"><a href=\"#inicio\">Topo<\/a><\/div>\n<\/li>\n<\/div>\n<!-- AddThis Advanced Settings generic via filter on the_content --><!-- AddThis Share Buttons generic via filter on the_content -->","protected":false},"excerpt":{"rendered":"<p>Lama Padma Samten Biografia Livros Textos Biografia O longo caminho de um professor de f\u00edsica na busca da compreens\u00e3o do mundo. Alfredo Aveline foi professor do Departamento de F\u00edsica da UFRGS de 1969 \u00e0 1994, com um intervalo de dois &hellip; <a href=\"http:\/\/www.nossacasa.net\/shunya\/lama-padma-samten\/\">Continue lendo <span class=\"meta-nav\">&rarr;<\/span><\/a><!-- AddThis Advanced Settings generic via filter on get_the_excerpt --><!-- AddThis Share Buttons generic via filter on get_the_excerpt --><\/p>\n","protected":false},"author":1,"featured_media":0,"parent":0,"menu_order":0,"comment_status":"closed","ping_status":"closed","template":"","meta":{"footnotes":""},"class_list":["post-2045","page","type-page","status-publish","hentry"],"_links":{"self":[{"href":"http:\/\/www.nossacasa.net\/shunya\/wp-json\/wp\/v2\/pages\/2045","targetHints":{"allow":["GET"]}}],"collection":[{"href":"http:\/\/www.nossacasa.net\/shunya\/wp-json\/wp\/v2\/pages"}],"about":[{"href":"http:\/\/www.nossacasa.net\/shunya\/wp-json\/wp\/v2\/types\/page"}],"author":[{"embeddable":true,"href":"http:\/\/www.nossacasa.net\/shunya\/wp-json\/wp\/v2\/users\/1"}],"replies":[{"embeddable":true,"href":"http:\/\/www.nossacasa.net\/shunya\/wp-json\/wp\/v2\/comments?post=2045"}],"version-history":[{"count":6,"href":"http:\/\/www.nossacasa.net\/shunya\/wp-json\/wp\/v2\/pages\/2045\/revisions"}],"predecessor-version":[{"id":5529,"href":"http:\/\/www.nossacasa.net\/shunya\/wp-json\/wp\/v2\/pages\/2045\/revisions\/5529"}],"wp:attachment":[{"href":"http:\/\/www.nossacasa.net\/shunya\/wp-json\/wp\/v2\/media?parent=2045"}],"curies":[{"name":"wp","href":"https:\/\/api.w.org\/{rel}","templated":true}]}}