{"id":2076,"date":"2018-05-17T22:56:48","date_gmt":"2018-05-18T00:56:48","guid":{"rendered":"http:\/\/www.nossacasa.net\/shunya\/?page_id=2076"},"modified":"2018-05-17T23:00:58","modified_gmt":"2018-05-18T01:00:58","slug":"mahakashyapa","status":"publish","type":"page","link":"http:\/\/www.nossacasa.net\/shunya\/mahakashyapa\/","title":{"rendered":"Mahakashyapa"},"content":{"rendered":"<p><font face=\"Verdana\" size=\"2\"><\/p>\n<div style=\"text-align:justify\">\n<a name=\"inicio\"><\/a><a href=\"http:\/\/www.nossacasa.net\/shunya\/mahakashyapa\/mahakashyapa-2\/\" rel=\"attachment wp-att-2079\"><img loading=\"lazy\" decoding=\"async\" src=\"http:\/\/www.nossacasa.net\/shunya\/wp-content\/uploads\/2018\/05\/mahakashyapa.jpg\" alt=\"\" width=\"200\" height=\"252\" class=\"alignleft size-full wp-image-2079\" \/><\/a><font size=\"4\"><b>Mahakashyapa (6\u00ba S\u00e9culo a.c)<\/b><\/font> <br \/>\n<a href=\"#a\"><font size=\"1\">por Get\u00falio Taigen<\/font><\/a>\/<a href=\"#b\"><font size=\"1\">Refer\u00eancias<\/font><\/a>\/<a href=\"#c\"><font size=\"1\">Transmiss\u00e3o de Shakyamuni<\/font><\/a>\/<a href=\"#d\"><font size=\"1\">Transmiss\u00e3o para Ananda<\/font><\/a><\/p>\n<p><b>O Primeiro Patriarca<\/b><\/p>\n<p align=center><b><font face=\"tahoma, verdana, arial\" size=3><br \/>\n<a name=\"a\">MAHAKASHYAPA \u2013 O Primeiro Sucessor de Shakyamuni Buddha<\/a><\/font><\/b><\/p>\n<p align=\"JUSTIFY\">Durante uma confer&ecirc;ncia, diante de uma assembl&eacute;ia de oito mil pessoas na Montanha Espiritual (Ghridakuta, o Pico dos Abutres), o Buddha Shakyamuni tomou de uma flor e f&ecirc;-la girar delicadamente entre os dedos. Os disc&iacute;pulos presentes n&atilde;o conseguiram compreender aquele gesto. Apenas Mahakashyapa sorriu&#8230; Disse-lhe, ent&atilde;o, o Buddha: <i>Apenas tu compreendeste o segredo da Mente do Nirvana, o ensinamento que &eacute; transmitido de cora&ccedil;&atilde;o para cora&ccedil;&atilde;o e de mente para mente, o meu maravilhoso esp&iacute;rito; ei-lo, &eacute; teu. &Eacute; o Samadhi do Esp&iacute;rito de Buddha. O verdadeiro Olho do Dharma<\/i>.<\/p>\n<p align=\"JUSTIFY\">Mahakashyapa nasceu em uma rica fam&iacute;lia br&acirc;mane da tribo Kashyapa na vila de Mahatita no antigo reino Hindu de Magadha (moderna Bihar do sul) Ele originalmente chamava-se Pipala, porque era dito que havia nascido quando sua m&atilde;e descansava sob uma &aacute;rvore Pipal (Bodhi Fichus Religiosus &#8211; &aacute;rvore Bodhi, esp&eacute;cie de &aacute;rvore onde Buddha atingiu a ilumina&ccedil;&atilde;o). Em s&acirc;nscrito, Kashyapa significa &#8220;Bebedor de Luz&#8221;, dizem que quando nasceu, uma luz dourada preencheu a sala e ent&atilde;o foi para a sua boca. Por isso ele foi chamado Kashyapa, Bebedor de Luz. Seu semblante era dourado e ele possu&iacute;a trinta das trinta e duas marcas dos Bodhisatvas. <\/p>\n<p align=\"JUSTIFY\">Inteligente por natureza, com oito anos j&aacute; havia aprendido os preceitos br&acirc;manes e demonstrado talento em todas as &aacute;reas do aprendizado e da arte. Ao crescer, no entanto, come&ccedil;ou a desgostar do redemoinho de desejos que invariavelmente acompanham todos os prazeres e vicissitudes da vida, ent&atilde;o, sentiu vontade de ir contra o modo de vida atual e seguir vida religiosa.<\/p>\n<p align=\"JUSTIFY\">Oposto a essa id&eacute;ia, seus pais ansiavam v&ecirc;-lo casado para prosseguir a linhagem familiar. <\/p>\n<p align=\"JUSTIFY\">Para deixa-los tranq&uuml;ilos, ainda que contra a sua vontade, casou-se. Aconteceu, no entanto, que sua esposa tamb&eacute;m mantinha os mesmos anseios de dedicar-se &agrave; vida religiosa e manter-se pura fisicamente, deste modo, mesmo casados, fizeram votos de viver uma vida sem contato f&iacute;sico.<\/p>\n<p align=\"JUSTIFY\">Um certo dia quando contava com 12 anos, depois da morte de seus pais. Pipala observou um grande n&uacute;mero de vermes entre os feij&otilde;es que se encontravam espalhados para secagem e ficou bastante deprimido em saber das pequenas vidas que ele tinha ignorado durante tanto tempo. Naquele momento decidiu procurar um Mestre religioso e, entrar de vez na vida religiosa. Conversou longamente com sua esposa que o incentivou a seguir em frente, contanto que quando ele conseguisse encontrar um Mestre a informasse. Dizem que no mesmo momento em que Pipala tomou essa decis&atilde;o Shakyamuni alcan&ccedil;ava a ilumina&ccedil;&atilde;o sentado sob a &aacute;rvore Bodhi.<\/p>\n<p align=\"JUSTIFY\">Como era membro da tribo Kashyapa. Pipala ficou conhecido como o Grande Kashyapa ou Mahakashyapa. Mahakashyapa encontrou o Buddha em um santu&aacute;rio conhecido como o &#8220;Santu&aacute;rio das Muitas Crian&ccedil;as&#8221;. Deslumbrado pela vis&iacute;vel nobreza de Shakyamuni, Mahakashyapa prostou-se e, anunciando que se encontrava procurando um mestre para lhe ensinar os caminhos da verdade, pediu para ser aceito como disc&iacute;pulo.<\/p>\n<p align=\"JUSTIFY\">Percebendo a total honestidade de Mahakashyapa, bem como a sua firmeza de prop&oacute;sitos, Shakyamuni Buddha disse: <i>&#8220;Seja bem-vindo, Mahakashyapa<\/i>&#8220;. Buddha transmitiu a ele o verdadeiro tesouro do olho do Dharma. E em oito dias de treinamentos intensivos, Mahakasyapa atingiu a ilumina&ccedil;&atilde;o. Sua esposa tamb&eacute;m tornou-se, posteriormente, uma monja e depois de passar algum tempo treinando com a comunidade de disc&iacute;pulos de Buddha, atingiu a ilumina&ccedil;&atilde;o.<\/p>\n<p align=\"JUSTIFY\">A partir do momento da sua decis&atilde;o de seguir vida religiosa, Mahakashyapa praticou incessante e rigidamente. Durante toda sua vida, o ancestral Mahakashyapa, herdeiro do Dharma de Shakyamuni, realizou dez tipos de pr&aacute;tica incessante. Foram elas as seguintes:<\/p>\n<p align=\"JUSTIFY\">1- Jamais aceitava qualquer convite que lhe fizessem para comer, mendigava sua comida todo dia e jamais em qualquer hip&oacute;tese aceitava dinheiro. <\/p>\n<p>2- Sempre morava nas florestas ou em cemit&eacute;rios, jamais nos templos, cidades, povoados ou casas particulares.<br \/>\n3- Nunca procurou ter mais de uma roupa para vestir e n&atilde;o aceitava, quando tentavam lhe oferecer roupas limpas e novas de presente.<br \/>\n4- Dormia sempre nos campos debaixo de uma &aacute;rvore qualquer. <br \/>\n5- Comia sempre o que conseguia atrav&eacute;s da mendic&acirc;ncia e, somente uma vez ao dia. <br \/>\n6- Jamais se deitava para descansar. Dormia fazendo zazen ou andava para ficar desperto. <br \/>\n7- Nunca sentava para o zazen em uma almofada. <br \/>\n8- Vivia sempre s&oacute;. Jamais queria estar perto de quem quer que fosse ou dormir junto a algu&eacute;m. <br \/>\n9- Comia sempre em primeiro lugar frutas e legumes silvestres, e somente depois disto se permitia comer a comida conseguida.<br \/>\n10- Nunca comeu carne, manteiga nem usou &oacute;leo ou tempero de qualquer esp&eacute;cie. <\/p>\n<p align=\"JUSTIFY\">Estas foram as dez a&ccedil;&otilde;es que este ancestral realizou por sua vida afora. Mesmo depois de ter ganho o Verdadeiro Tesouro do Olho do Dharma, continuou a viver deste modo at&eacute; sua morte.<\/p>\n<p align=\"JUSTIFY\">At&eacute; mesmo Shakyamuni, preocupado com sua maneira r&iacute;gida de viver lhe fez a seguinte observa&ccedil;&atilde;o: <i>&#8220;Eis que est&aacute;s envelhecendo. Come a comida costumeira dos monges da sangha!&#8221; O vener&aacute;vel Mahakashyapa retrucou, com seu costumeiro destemor: &#8220;Se eu n&atilde;o tivesse me encontrado contigo, o Tathagata, teria sido para sempre apenas mais um asceta auto-centrado, e eu teria gasto inutilmente toda minha vida perambulando por v&aacute;rios caminhos. Felizmente eu me encontrei contigo, e com isto ganhei o Dharma. N&atilde;o estou &agrave; altura de receber a comida comum dos monges.<\/i>&#8221; Shakyamuni elogiou altamente esta sua resposta e sua determinada resolu&ccedil;&atilde;o.<\/p>\n<p align=\"JUSTIFY\">J&aacute; que Mahakashyapa insistia em manter tais pr&aacute;ticas de vida dur&iacute;ssimas, acabou ficando muito magro e esquel&eacute;tico. Com isto os demais monges come&ccedil;aram a despreza-lo. Observando isto o Tathagata chamou Mahakashyapa e o fez sentar-se ao seu lado na plataforma de palestras. Mahakashyapa foi um aut&ecirc;ntico praticante dentro da sangha de Shakyamuni. As palavras nos faltam se tentarmos sequer come&ccedil;ar a descrever o que era a pr&aacute;tica incessante de toda sua vida.<\/p>\n<p align=\"JUSTIFY\">Ele foi o mais s&eacute;rio nas pr&aacute;ticas budistas dentre os disc&iacute;pulos. Abandonou todo o interesse pela comida, roupa, habita&ccedil;&atilde;o e viveu at&eacute; sua morte uma vida simples, apenas com o m&iacute;nimo para o seu sustento.<\/p>\n<p align=\"JUSTIFY\">Na comunidade, os outros monges vendo apenas a feia magreza de seu corpo e a pobreza de sua roupa, tinham d&uacute;vidas sobre a sabedoria de Kashyapa. Por causa disso, toda vez que o Buddha ia dar um ensinamento em algum lugar, ele compartilhava seu assento com Kashyapa, que a partir de ent&atilde;o passou a ser o l&iacute;der da comunidade.<\/p>\n<p align=\"JUSTIFY\">Conta-se um hist&oacute;ria sobre Mahakashyapa:<\/p>\n<p align=\"JUSTIFY\">&#8220;Entrando em uma vila para esmolar, eu me aproximei de um homem muito doente que estendeu uma m&atilde;o leprosa e apodrecida contendo uma pequena quantidade de arroz podre. Quando o homem jogou o arroz na minha tigela, um de seus dedos apodrecidos caiu junto. Sentei-me ao lado de uma cerca e comi tudo o que estava na tigela. Estava pleno de felicidade e sentimento de gratid&atilde;o&#8221;<\/p>\n<p align=\"JUSTIFY\">Mahakashyapa, sempre ignorava a s doa&ccedil;&otilde;es dos ricos, preferia sempre esmolar com os pobres. As poucas ofertas dos carentes o alegravam, pois, recebendo-as ele dava oportunidade para que eles melhorassem seus Karmas futuros.<\/p>\n<p align=\"JUSTIFY\">Quando Mahakashyapa envelheceu. Buddha come&ccedil;ou a se preocupar com a sua condi&ccedil;&atilde;o f&iacute;sica. Roupas feitas de trapos costurados eram pesadas e inc&ocirc;modas. O Buddha lhe disse, <i>&#8220;Voc&ecirc; j&aacute; esta muito idoso. Porque n&atilde;o veste roupas mais leves e limpas? E, ao inv&eacute;s de sair todos os dias para esmolar, n&atilde;o aceita o convite dos crentes para as refei&ccedil;&otilde;es. &Eacute; muito frio na floresta. Porque n&atilde;o vem e vive comigo no Templo?&#8221;<\/i><\/p>\n<p align=\"JUSTIFY\">Ainda que grato por essas bondosas palavras de preocupa&ccedil;&atilde;o Kahakashyapa replicou, &#8221; O modo de vida asc&eacute;tico me faz feliz mais do que qualquer outra coisa. Ao continuar praticando assim, deixo um bom exemplo e encorajo as novas gera&ccedil;&otilde;es para que n&atilde;o esmore&ccedil;am&#8221;<\/p>\n<p align=\"JUSTIFY\">O Budha apreciou grandemente essa atitude e, zelando por ele, permitiu que continuasse vivendo do jeito que queria e gostava.<\/p>\n<p align=\"JUSTIFY\">Sua profunda sinceridade foi reconhecida de tal modo, que nos seus &uacute;ltimos anos, ele foi o principal ajudante de Budha na convers&atilde;o de novos disc&iacute;pulos. Quando Mahakashyapa soube da morte do Budha, ficou t&atilde;o entristecido que desmaiou. <\/p>\n<p align=\"JUSTIFY\">Ainda se recuperando de sua tristeza, tomou a importante decis&atilde;o de compilar e arrumar os ensinamentos de Budha para que pudessem ser corretamente transmitidos a posteridade. Em pouco tempo reuniu toda a comunidade de monges no que veio a ser chamado de &#8220;O Primeiro Conc&iacute;lio&#8221;. Entre os monges presentes estava Ananda que estando constantemente ao lado de Budha e, sendo possuidor de uma prodigiosa mem&oacute;ria, havia ouvido o maior n&uacute;mero de ensinamentos, sendo um dos maiores respons&aacute;veis pela clareza da compila&ccedil;&atilde;o.<\/p>\n<p align=\"JUSTIFY\">Mahakashyapa permaneceu como l&iacute;der da comunidade durante 20 anos. Ap&oacute;s todos esses anos, percebendo que o tempo de sua morte estava pr&oacute;ximo, passou o seu legado para o monge Ananda, subiu ao monte Kukkutapada-giri. Forrou o ch&atilde;o com algumas folhas, sentou-se em zazen, com o Manto (Okesa) e a Tigela (Oryoki) de Shakyamuni ao seu lado. Juntou suas palmas em atitude reverente e rezando pela paz de todos os seres, entrou em um estado de profunda absor&ccedil;&atilde;o meditativa e, calma e serenamente deu seu &uacute;ltimo suspiro.<\/p>\n<p align=\"JUSTIFY\">&Eacute; dito que no momento de sua morte na natureza ouviu-se um grande estrondo. Mahakasyapa agora era um com o &#8220;Todo&#8221;.<\/p>\n<p align=\"JUSTIFY\">Mahakashyapa &eacute; reverenciado como a for&ccedil;a motriz que possibilitou a tarefa de compila&ccedil;&atilde;o de todos os ensinamentos de Shakyamuni Buddha. O Dharma de Buddha certamente n&atilde;o teria sobrevivido sem ele.<\/p>\n<p><b><i><\/p>\n<p align=\"RIGHT\">Getulio Taigen\n<\/p>\n<p><\/i><\/b>Instrutor do Rio Zen Center &#8211; San Zen Dojo<br \/>\nComunidade Zen Busdista &#8211; ZendoBrasil<\/p>\n<hr \/>\n<div style=\"text-align:right\"><a href=\"#inicio\"><font size=\"2\">Topo<\/font><\/a><\/div>\n<p align=center><b><font face=\"tahoma, verdana, arial\" size=4><br \/>\n<a name=\"b\">Refer\u00eancias<\/a><\/font><sup>1<\/sup><\/b><\/p>\n<p>Mahakashyapa, 6\u00ba S\u00e9culo B.C.E. O Primeiro Patriarca Hindu. \u00c9 dito que ele recebeu transmiss\u00e3o do verdadeiro tesouro Olho do Dharma quando sorriu a Shakyamuni quando este girou uma flor ante a assembl\u00e9ia no Pico do Abutre. Ele era conhecido entre os disc\u00edpulos normalmente como estando sempre em pr\u00e1tica asc\u00e9tica e diz-se que est\u00e1 esperando em uma caverna do Himalayan para transmitir o kesa de Shakyamuni ao futuro Buddha Maitreya. Aparece em &#8220;Gateless Gate&#8221; 6. Ver Denkoroku Cap\u00edtulo 2.<\/p>\n<hr \/>\n<div style=\"text-align:right\"><a href=\"#inicio\"><font size=\"2\">Topo<\/font><\/a><\/div>\n<p align=center><b><font face=\"tahoma, verdana, arial\" size=4><br \/>\n<a name=\"c\">Transmiss\u00e3o de Shakyamuni<\/a><\/font><sup>2<\/sup><\/b><\/p>\n<p><b><font face=\"tahoma, verdana, arial\" size=3>1. De Shakyamuni para<br \/>\nMahakashyapa<\/font><\/b><\/p>\n<p><font face=\"tahoma, verdana, arial\" size=2>Quando Mahakashyapa nasceu, uma<br \/>\nluz dourada preencheu seu quarto e entrou em sua boca. Foi por isso que seus<br \/>\npais, de fam\u00edlia br\u00e2mane, lhe deram o nome <i>Kashyapa<\/i>, &#8220;bebedor de luz&#8221;.<br \/>\nAnos depois ele se tornaria um monge mendicante, mestre no ascetismo, o<br \/>\ndisc\u00edpulo mais velho do Buddha.<\/font><\/p>\n<p><font face=\"tahoma, verdana, arial\" size=2>Certa vez, o Buddha Shakyamuni<br \/>\nestava no monte Gridhrakuta, perto da cidade indiana de Rajagriha, acompanhado<br \/>\npor in\u00fameros disc\u00edpulos. Ent\u00e3o apareceu a divindade Brahma, que presenteou o<br \/>\nBuddha com uma guirlanda de flores douradas e pediu que ele expusesse o Dharma.<br \/>\nAo inv\u00e9s de proferir um discurso, Shakyamuni pegou uma das flores, levantou-a,<br \/>\ncome\u00e7ou a gir\u00e1-la entre os dedos e piscou seus olhos.<\/font><\/p>\n<p><font face=\"tahoma, verdana, arial\" size=2>De todos os que estavam presentes<br \/>\nali, apenas Mahakashyapa conseguiu compreender o ensinamento e sorriu. Ent\u00e3o o<br \/>\nBuddha Shakyamuni lhe disse:<\/font><\/p>\n<blockquote><p><font face=\"tahoma, verdana, arial\" size=2>Tenho o tesouro do olho<br \/>\n  do Dharma verdadeiro, a mente inef\u00e1vel do nirvana, a verdadeira forma da<br \/>\n  n\u00e3o-forma, a porta misteriosa do Dharma. Este tesouro n\u00e3o pode ser expresso<br \/>\n  atrav\u00e9s de palavras ou letras, \u00e9 uma transmiss\u00e3o especial, fora de toda a<br \/>\n  doutrina. Isto entrego a voc\u00ea, Mahakashyapa.<\/font> <\/p><\/blockquote>\n<p><font face=\"tahoma, verdana, arial\" size=2>Sem palavras ou conceitos,<br \/>\nMahakashyapa captou diretamente a ess\u00eancia do Dharma, recebendo a transmiss\u00e3o<br \/>\ndireta, de mente a mente. Ap\u00f3s o Parinirvana do Buddha Shakyamuni, Mahakashyapa<br \/>\ntornou-se o l\u00edder da Sangha.<\/font><\/p>\n<hr \/>\n<div style=\"text-align:right\"><a href=\"#inicio\"><font size=\"2\">Topo<\/font><\/a><\/div>\n<p align=center><b><font face=\"tahoma, verdana, arial\" size=4><br \/>\n<a name=\"d\">Transmiss\u00e3o para Ananda<\/a><\/font><sup>2<\/sup><\/b><\/p>\n<p><font face=\"tahoma, verdana, arial\" size=3><b>2. De Mahakashyapa para<br \/>\nAnanda<\/b><\/font><\/p>\n<p><font face=\"tahoma, verdana, arial\" size=2>O belo monge <a href=\"default.asp?menu=377\" class=\"broken_link\"><font size=\"2\">Ananda<\/font><\/a>, cujo nome<br \/>\nsignifica &#8220;felicidade&#8221; ou &#8220;alegria&#8221;, era primo do Buddha Shakyamuni. Ele nasceu<br \/>\nna casta guerreira, na mesma noite em o Buddha atingiu a ilumina\u00e7\u00e3o. Mais tarde,<br \/>\nAnanda se tornaria o monte mais destacado no aprendizado, intelectualmente<br \/>\nbrilhante e de grande entendimento. Ele foi atendente do Buddha durante vinte<br \/>\nanos e memorizou todos os seus ensinamentos.<\/font><\/p>\n<p><font face=\"tahoma, verdana, arial\" size=2>Ap\u00f3s a morte do Buddha, Ananda<br \/>\nperguntou ao mestre Mahakashyapa se existia algo mais, algum tipo de ensinamento<br \/>\nsecreto, algo al\u00e9m dos discursos do Buddha, algo al\u00e9m do manto brilhante que<br \/>\nsimboliza a ilumina\u00e7\u00e3o.<\/font><\/p>\n<blockquote><p><font face=\"tahoma, verdana, arial\" size=2><b>Ananda:<\/b> O que o<br \/>\n  Buddha entregou a voc\u00ea al\u00e9m do manto de brocado<br \/>\n  dourado?<br \/><b>Mahakashyapa:<\/b> Ananda!<br \/><b>Ananda:<br \/>\n  <\/b>Sim?<br \/><b>Kashyapa: <\/b>Abaixe o mastro na frente do port\u00e3o!<\/font>\n<\/p><\/blockquote>\n<p><font face=\"tahoma, verdana, arial\" size=2>Subitamente, Ananda conseguiu<br \/>\ncaptar o ensinamento que estava al\u00e9m do ensinamento.<\/font><\/p>\n<hr \/>\n<ol type=\"1\">\n<li><font size=\"1\">Extra\u00eddo de &#8220;Ensinos do Mestre Zen Anzan&#8221; Roshi(texto compilado pelo Ven. Jinmyo Fleming ino e traduzido ao Portugu&ecirc;s por Claudio Miklos.<\/font><\/li>\n<li><font size=\"1\">Extra\u00eddo de www.dharmanet.com.br<\/font><\/li>\n<\/ol>\n<\/div>\n<p><\/font><\/p>\n<hr \/>\n<div style=\"text-align:right\"><a href=\"#inicio\">Topo<\/a><\/div>\n<hr \/>\n<!-- AddThis Advanced Settings generic via filter on the_content --><!-- AddThis Share Buttons generic via filter on the_content -->","protected":false},"excerpt":{"rendered":"<p>Mahakashyapa (6\u00ba S\u00e9culo a.c) por Get\u00falio Taigen\/Refer\u00eancias\/Transmiss\u00e3o de Shakyamuni\/Transmiss\u00e3o para Ananda O Primeiro Patriarca MAHAKASHYAPA \u2013 O Primeiro Sucessor de Shakyamuni Buddha Durante uma confer&ecirc;ncia, diante de uma assembl&eacute;ia de oito mil pessoas na Montanha Espiritual (Ghridakuta, o Pico dos &hellip; <a href=\"http:\/\/www.nossacasa.net\/shunya\/mahakashyapa\/\">Continue lendo <span class=\"meta-nav\">&rarr;<\/span><\/a><!-- AddThis Advanced Settings generic via filter on get_the_excerpt --><!-- AddThis Share Buttons generic via filter on get_the_excerpt --><\/p>\n","protected":false},"author":1,"featured_media":2079,"parent":0,"menu_order":0,"comment_status":"closed","ping_status":"closed","template":"","meta":{"footnotes":""},"class_list":["post-2076","page","type-page","status-publish","has-post-thumbnail","hentry"],"_links":{"self":[{"href":"http:\/\/www.nossacasa.net\/shunya\/wp-json\/wp\/v2\/pages\/2076","targetHints":{"allow":["GET"]}}],"collection":[{"href":"http:\/\/www.nossacasa.net\/shunya\/wp-json\/wp\/v2\/pages"}],"about":[{"href":"http:\/\/www.nossacasa.net\/shunya\/wp-json\/wp\/v2\/types\/page"}],"author":[{"embeddable":true,"href":"http:\/\/www.nossacasa.net\/shunya\/wp-json\/wp\/v2\/users\/1"}],"replies":[{"embeddable":true,"href":"http:\/\/www.nossacasa.net\/shunya\/wp-json\/wp\/v2\/comments?post=2076"}],"version-history":[{"count":3,"href":"http:\/\/www.nossacasa.net\/shunya\/wp-json\/wp\/v2\/pages\/2076\/revisions"}],"predecessor-version":[{"id":2081,"href":"http:\/\/www.nossacasa.net\/shunya\/wp-json\/wp\/v2\/pages\/2076\/revisions\/2081"}],"wp:featuredmedia":[{"embeddable":true,"href":"http:\/\/www.nossacasa.net\/shunya\/wp-json\/wp\/v2\/media\/2079"}],"wp:attachment":[{"href":"http:\/\/www.nossacasa.net\/shunya\/wp-json\/wp\/v2\/media?parent=2076"}],"curies":[{"name":"wp","href":"https:\/\/api.w.org\/{rel}","templated":true}]}}