{"id":2083,"date":"2018-05-18T09:45:00","date_gmt":"2018-05-18T11:45:00","guid":{"rendered":"http:\/\/www.nossacasa.net\/shunya\/?page_id=2083"},"modified":"2018-05-18T17:11:13","modified_gmt":"2018-05-18T19:11:13","slug":"ananda","status":"publish","type":"page","link":"http:\/\/www.nossacasa.net\/shunya\/ananda\/","title":{"rendered":"Ananda"},"content":{"rendered":"<div style=\"text-align:justify\">\n<font face=\"Verdana\" size=\"2\"><br \/>\n<a name=\"inicio\"><\/a><a href=\"http:\/\/www.nossacasa.net\/shunya\/?attachment_id=2084\" rel=\"attachment wp-att-2084\"><img loading=\"lazy\" decoding=\"async\" src=\"http:\/\/www.nossacasa.net\/shunya\/wp-content\/uploads\/2018\/05\/Ananda.jpg\" alt=\"\" width=\"200\" height=\"267\" class=\"alignleft size-full wp-image-2084\" \/><\/a><\/font><font size=\"4\"><b>Ananda (6\u00ba S\u00e9culo a.c)<\/b><\/font> <br \/>\n<a href=\"#a\"><font size=\"1\">Refer\u00eancias<\/font><\/a>\/<a href=\"#b\"><font size=\"1\">Transmiss\u00e3o de  Mahakashyapa<\/font><\/a>\/<a href=\"#c\"><font size=\"1\">Transmiss\u00e3o para Shanavasa<\/font><\/a><\/p>\n<p><b>O Segundo Patriarca<\/b><\/p>\n<p align=center><b><font face=\"tahoma, verdana, arial\" size=4><br \/>\n<a name=\"a\">Refer\u00eancias<\/a><\/font><sup>1<\/sup><\/b><\/p>\n<p>Ananda (Anan), 6\u00ba S\u00e9culo B.C.E. &#8211; Segundo Patriarca Hindu. O Herdeiro de Dharma de <a href=\"http:\/\/www.nossacasa.net\/shunya\/mahakashyapa\/\"><font size=\"2\">Mahakashyapa<\/font><\/a>. Primo de Shakyamuni Buddha, era ser disc\u00edpulo \u00edntimo e assistente pessoal durante vinte anos. Ananda era conhecido pela sua mem\u00f3ria perfeita. Os sutras s\u00e3o considerados como tendo sido recitados por ele depois do parinirvana de Shakyamuni. Ver Denkoroku, Cap\u00edtulo 3.<\/p>\n<hr \/>\n<div style=\"text-align:right\"><a href=\"#inicio\"><font size=\"2\">Topo<\/font><\/a><\/div>\n<p align=center><b><font face=\"tahoma, verdana, arial\" size=4><br \/>\n<a name=\"b\">Transmiss\u00e3o de  Mahakashyapa<\/a><\/font><sup>2<\/sup><\/b><\/p>\n<p><font face=\"tahoma, verdana, arial\" size=3><b>2. De <a href=\"http:\/\/www.nossacasa.net\/shunya\/mahakashyapa\/\">Mahakashyapa<\/a> para<br \/>\nAnanda<\/b><\/font><\/p>\n<p><font face=\"tahoma, verdana, arial\" size=2>O belo monge Ananda, cujo nome<br \/>\nsignifica &#8220;felicidade&#8221; ou &#8220;alegria&#8221;, era primo do Buddha Shakyamuni. Ele nasceu<br \/>\nna casta guerreira, na mesma noite em o Buddha atingiu a ilumina\u00e7\u00e3o. Mais tarde,<br \/>\nAnanda se tornaria o monte mais destacado no aprendizado, intelectualmente<br \/>\nbrilhante e de grande entendimento. Ele foi atendente do Buddha durante vinte<br \/>\nanos e memorizou todos os seus ensinamentos.<\/font><\/p>\n<p><font face=\"tahoma, verdana, arial\" size=2>Ap\u00f3s a morte do Buddha, Ananda<br \/>\nperguntou ao mestre <a href=\"http:\/\/www.nossacasa.net\/shunya\/mahakashyapa><\/a><\/font><font size=\"2\">Mahakashyapa<\/font> se existia algo mais, algum tipo de ensinamento<br \/>\nsecreto, algo al\u00e9m dos discursos do Buddha, algo al\u00e9m do manto brilhante que<br \/>\nsimboliza a ilumina\u00e7\u00e3o.<\/p>\n<blockquote><p><font face=\"tahoma, verdana, arial\" size=2><b>Ananda:<\/b> O que o<br \/>\n  Buddha entregou a voc\u00ea al\u00e9m do manto de brocado<br \/>\n  dourado?<br \/><b>Mahakashyapa:<\/b> Ananda!<br \/><b>Ananda:<br \/>\n  <\/b>Sim?<br \/><b>Kashyapa: <\/b>Abaixe o mastro na frente do port\u00e3o!<\/font>\n<\/p><\/blockquote>\n<p><font face=\"tahoma, verdana, arial\" size=2>Subitamente, Ananda conseguiu<br \/>\ncaptar o ensinamento que estava al\u00e9m do ensinamento.<\/font><\/p>\n<hr \/>\n<div style=\"text-align:right\"><a href=\"#inicio\"><font size=\"2\">Topo<\/font><\/a><\/div>\n<p align=center><b><font face=\"tahoma, verdana, arial\" size=4><br \/>\n<a name=\"c\">Transmiss\u00e3o para <\/a><a href=\"http:\/\/www.nossacasa.net\/shunya\/shanavasa\/\">Shanavasa<\/a><\/font><sup>2<\/sup><\/b><\/p>\n<p><font face=\"tahoma, verdana, arial\" size=3><b>3. De Ananda para <a href=\"http:\/\/www.nossacasa.net\/shunya\/shanavasa\/\">Shanavasa [Shanavasin]<\/a><\/b><\/font><\/p>\n<p><font face=\"tahoma, verdana, arial\" size=2><a href=\"http:\/\/www.nossacasa.net\/shunya\/shanavasa\/\"><font size=\"2\">Shanavasa<\/font><\/a> tornou-se monge durante<br \/>\nsua juventude e meditou por v\u00e1rios anos nas frias montanhas do Himalaia. Certa<br \/>\nvez, ele perguntou ao mestre Ananda:<\/font><\/p>\n<blockquote><p><font face=\"tahoma, verdana, arial\" size=2><b>Shanavasa:<\/b> O que<br \/>\n  \u00e9 a natureza original, n\u00e3o-criada e n\u00e3o-nascida, de todos os<br \/>\n  fen\u00f4menos?<br \/><b>[Ananda aponta para uma das pontas do manto de<br \/>\n  Shanavasa.]<\/b><br \/><b>Shanavasa:<\/b> Qual \u00e9 a natureza original da ilumina\u00e7\u00e3o<br \/>\n  de Buddha?<\/font> <\/p><\/blockquote>\n<p><font face=\"tahoma, verdana, arial\" size=2>Ent\u00e3o, Ananda pegou aquela ponta<br \/>\ndo manto, puxando-a para baixo; e Shanavasa compreendeu a natureza original,<br \/>\nn\u00e3o-criada e n\u00e3o-nascida, de todos os fen\u00f4menos, a natureza original da<br \/>\nilumina\u00e7\u00e3o de Buddha.<\/font><\/p>\n<hr \/>\n<ol type=\"1\">\n<li><font size=\"1\">Extra\u00eddo de &#8220;Ensinos do Mestre Zen Anzan&#8221; Roshi(texto compilado pelo Ven. Jinmyo Fleming ino e traduzido ao Portugu&ecirc;s por Claudio Miklos.<\/font><\/li>\n<li><font size=\"1\">Extra\u00eddo de www.dharmanet.com.br<\/font><\/li>\n<\/ol>\n<hr \/>\n<div style=\"text-align:right\"><a href=\"#inicio\">Topo<\/a><\/div>\n<hr \/>\n<\/div>\n<!-- AddThis Advanced Settings generic via filter on the_content --><!-- AddThis Share Buttons generic via filter on the_content -->","protected":false},"excerpt":{"rendered":"<p>Ananda (6\u00ba S\u00e9culo a.c) Refer\u00eancias\/Transmiss\u00e3o de Mahakashyapa\/Transmiss\u00e3o para Shanavasa O Segundo Patriarca Refer\u00eancias1 Ananda (Anan), 6\u00ba S\u00e9culo B.C.E. &#8211; Segundo Patriarca Hindu. O Herdeiro de Dharma de Mahakashyapa. Primo de Shakyamuni Buddha, era ser disc\u00edpulo \u00edntimo e assistente pessoal durante &hellip; <a href=\"http:\/\/www.nossacasa.net\/shunya\/ananda\/\">Continue lendo <span class=\"meta-nav\">&rarr;<\/span><\/a><!-- AddThis Advanced Settings generic via filter on get_the_excerpt --><!-- AddThis Share Buttons generic via filter on get_the_excerpt --><\/p>\n","protected":false},"author":1,"featured_media":2084,"parent":0,"menu_order":0,"comment_status":"closed","ping_status":"closed","template":"","meta":{"footnotes":""},"class_list":["post-2083","page","type-page","status-publish","has-post-thumbnail","hentry"],"_links":{"self":[{"href":"http:\/\/www.nossacasa.net\/shunya\/wp-json\/wp\/v2\/pages\/2083","targetHints":{"allow":["GET"]}}],"collection":[{"href":"http:\/\/www.nossacasa.net\/shunya\/wp-json\/wp\/v2\/pages"}],"about":[{"href":"http:\/\/www.nossacasa.net\/shunya\/wp-json\/wp\/v2\/types\/page"}],"author":[{"embeddable":true,"href":"http:\/\/www.nossacasa.net\/shunya\/wp-json\/wp\/v2\/users\/1"}],"replies":[{"embeddable":true,"href":"http:\/\/www.nossacasa.net\/shunya\/wp-json\/wp\/v2\/comments?post=2083"}],"version-history":[{"count":4,"href":"http:\/\/www.nossacasa.net\/shunya\/wp-json\/wp\/v2\/pages\/2083\/revisions"}],"predecessor-version":[{"id":2213,"href":"http:\/\/www.nossacasa.net\/shunya\/wp-json\/wp\/v2\/pages\/2083\/revisions\/2213"}],"wp:featuredmedia":[{"embeddable":true,"href":"http:\/\/www.nossacasa.net\/shunya\/wp-json\/wp\/v2\/media\/2084"}],"wp:attachment":[{"href":"http:\/\/www.nossacasa.net\/shunya\/wp-json\/wp\/v2\/media?parent=2083"}],"curies":[{"name":"wp","href":"https:\/\/api.w.org\/{rel}","templated":true}]}}