{"id":2088,"date":"2018-05-18T09:55:19","date_gmt":"2018-05-18T11:55:19","guid":{"rendered":"http:\/\/www.nossacasa.net\/shunya\/?page_id=2088"},"modified":"2018-05-18T09:56:37","modified_gmt":"2018-05-18T11:56:37","slug":"shanavasa","status":"publish","type":"page","link":"http:\/\/www.nossacasa.net\/shunya\/shanavasa\/","title":{"rendered":"Shanavasa"},"content":{"rendered":"<p><font face=\"Verdana\" size=\"2\"><\/p>\n<div style=\"text-align:justify\">\n<a name=\"inicio\"><\/a><a href=\"http:\/\/www.nossacasa.net\/shunya\/?attachment_id=2089\" rel=\"attachment wp-att-2089\"><img loading=\"lazy\" decoding=\"async\" src=\"http:\/\/www.nossacasa.net\/shunya\/wp-content\/uploads\/2018\/05\/Shanavasa-300x200.jpg\" alt=\"\" width=\"300\" height=\"200\" class=\"alignleft size-medium wp-image-2089\" srcset=\"http:\/\/www.nossacasa.net\/shunya\/wp-content\/uploads\/2018\/05\/Shanavasa-300x200.jpg 300w, http:\/\/www.nossacasa.net\/shunya\/wp-content\/uploads\/2018\/05\/Shanavasa-450x300.jpg 450w, http:\/\/www.nossacasa.net\/shunya\/wp-content\/uploads\/2018\/05\/Shanavasa.jpg 548w\" sizes=\"auto, (max-width: 300px) 100vw, 300px\" \/><\/a><font size=\"4\"><b>Shanavasa<\/b><\/font> <br \/>\n<a href=\"#b\"><font size=\"1\">Transmiss\u00e3o de  Ananda<\/font><\/a>\/<a href=\"#c\"><font size=\"1\">Transmiss\u00e3o para Upagupta<\/font><\/a><\/p>\n<p><b>O Terceiro Patriarca<\/b><\/p>\n<div style=\"text-align:right\"><a href=\"#inicio\"><font size=\"2\">Topo<\/font><\/a><\/div>\n<p align=center><b><font face=\"tahoma, verdana, arial\" size=4><br \/>\n<a name=\"b\">Transmiss\u00e3o de  Ananda<\/a><\/font><sup>2<\/sup><\/b><\/p>\n<p><font face=\"tahoma, verdana, arial\" size=3><b>3. De Ananda para Shanavasa<br \/>\n[Shanavasin]<\/b><\/font><\/p>\n<p><font face=\"tahoma, verdana, arial\" size=2>Shanavasa tornou-se monge durante<br \/>\nsua juventude e meditou por v\u00e1rios anos nas frias montanhas do Himalaia. Certa<br \/>\nvez, ele perguntou ao mestre <a href=\"default.asp?menu=377\" class=\"broken_link\"><font size=\"2\">Ananda<\/font><\/a>:<\/font><\/p>\n<blockquote><p><font face=\"tahoma, verdana, arial\" size=2><b>Shanavasa:<\/b> O que<br \/>\n  \u00e9 a natureza original, n\u00e3o-criada e n\u00e3o-nascida, de todos os<br \/>\n  fen\u00f4menos?<br \/><b>[Ananda aponta para uma das pontas do manto de<br \/>\n  Shanavasa.]<\/b><br \/><b>Shanavasa:<\/b> Qual \u00e9 a natureza original da ilumina\u00e7\u00e3o<br \/>\n  de Buddha?<\/font> <\/p><\/blockquote>\n<p><font face=\"tahoma, verdana, arial\" size=2>Ent\u00e3o, Ananda pegou aquela ponta<br \/>\ndo manto, puxando-a para baixo; e Shanavasa compreendeu a natureza original,<br \/>\nn\u00e3o-criada e n\u00e3o-nascida, de todos os fen\u00f4menos, a natureza original da<br \/>\nilumina\u00e7\u00e3o de Buddha.<\/font><\/p>\n<hr \/>\n<div style=\"text-align:right\"><a href=\"#inicio\"><font size=\"2\">Topo<\/font><\/a><\/div>\n<p align=center><b><font face=\"tahoma, verdana, arial\" size=4><br \/>\n<a name=\"c\">Transmiss\u00e3o para Upagupta<\/a><\/font><sup>2<\/sup><\/b><\/p>\n<p><b><font face=\"tahoma, verdana, arial\" size=3>4. De Shanavasa para<br \/>\nUpagupta<\/font><\/b><\/p>\n<p><font face=\"tahoma, verdana, arial\" size=2><a href=\"default.asp?menu=381\" class=\"broken_link\"><font size=\"2\">Upagupta<\/font><\/a> conheceu o mestre<br \/>\nShanavasa aos 17 anos de idade e, aos 22, foi entrevistado por ele.<\/font><\/p>\n<blockquote><p><font face=\"tahoma, verdana, arial\" size=2><b>Shanavasa:<\/b> Voc\u00ea<br \/>\n  renunciou ao ser lar no sentido exterior ou interior?<br \/><b>Upagupta:<\/b><br \/>\n  Minha ren\u00fancia n\u00e3o foi apenas interior, mas tamb\u00e9m<br \/>\n  exterior.<br \/><b>Shanavasa:<\/b> Como o ensinamento extraordin\u00e1rio de todos os<br \/>\n  buddhas pode ter algo a ver com exterior ou interior, com corpo ou<br \/>\n  mente?<\/font> <\/p><\/blockquote>\n<p><font face=\"tahoma, verdana, arial\" size=2>Upagupta superou a falsa dualidade<br \/>\ne compreendeu o extraordin\u00e1rio ensinamento de todos os buddhas.<\/font><\/p>\n<hr \/>\n<ol type=\"1\">\n<li><font size=\"1\">Extra\u00eddo de www.dharmanet.com.br<\/font><\/li>\n<\/ol>\n<\/div>\n<p><\/font><\/p>\n<hr \/>\n<div style=\"text-align:right\"><a href=\"#inicio\">Topo<\/a><\/div>\n<hr \/>\n<!-- AddThis Advanced Settings generic via filter on the_content --><!-- AddThis Share Buttons generic via filter on the_content -->","protected":false},"excerpt":{"rendered":"<p>Shanavasa Transmiss\u00e3o de Ananda\/Transmiss\u00e3o para Upagupta O Terceiro Patriarca Topo Transmiss\u00e3o de Ananda2 3. De Ananda para Shanavasa [Shanavasin] Shanavasa tornou-se monge durante sua juventude e meditou por v\u00e1rios anos nas frias montanhas do Himalaia. Certa vez, ele perguntou ao &hellip; <a href=\"http:\/\/www.nossacasa.net\/shunya\/shanavasa\/\">Continue lendo <span class=\"meta-nav\">&rarr;<\/span><\/a><!-- AddThis Advanced Settings generic via filter on get_the_excerpt --><!-- AddThis Share Buttons generic via filter on get_the_excerpt --><\/p>\n","protected":false},"author":1,"featured_media":2089,"parent":0,"menu_order":0,"comment_status":"closed","ping_status":"closed","template":"","meta":{"footnotes":""},"class_list":["post-2088","page","type-page","status-publish","has-post-thumbnail","hentry"],"_links":{"self":[{"href":"http:\/\/www.nossacasa.net\/shunya\/wp-json\/wp\/v2\/pages\/2088","targetHints":{"allow":["GET"]}}],"collection":[{"href":"http:\/\/www.nossacasa.net\/shunya\/wp-json\/wp\/v2\/pages"}],"about":[{"href":"http:\/\/www.nossacasa.net\/shunya\/wp-json\/wp\/v2\/types\/page"}],"author":[{"embeddable":true,"href":"http:\/\/www.nossacasa.net\/shunya\/wp-json\/wp\/v2\/users\/1"}],"replies":[{"embeddable":true,"href":"http:\/\/www.nossacasa.net\/shunya\/wp-json\/wp\/v2\/comments?post=2088"}],"version-history":[{"count":1,"href":"http:\/\/www.nossacasa.net\/shunya\/wp-json\/wp\/v2\/pages\/2088\/revisions"}],"predecessor-version":[{"id":2090,"href":"http:\/\/www.nossacasa.net\/shunya\/wp-json\/wp\/v2\/pages\/2088\/revisions\/2090"}],"wp:featuredmedia":[{"embeddable":true,"href":"http:\/\/www.nossacasa.net\/shunya\/wp-json\/wp\/v2\/media\/2089"}],"wp:attachment":[{"href":"http:\/\/www.nossacasa.net\/shunya\/wp-json\/wp\/v2\/media?parent=2088"}],"curies":[{"name":"wp","href":"https:\/\/api.w.org\/{rel}","templated":true}]}}