{"id":2096,"date":"2018-05-18T10:09:06","date_gmt":"2018-05-18T12:09:06","guid":{"rendered":"http:\/\/www.nossacasa.net\/shunya\/?page_id=2096"},"modified":"2018-05-18T10:31:36","modified_gmt":"2018-05-18T12:31:36","slug":"dhritaka","status":"publish","type":"page","link":"http:\/\/www.nossacasa.net\/shunya\/dhritaka\/","title":{"rendered":"Dhritaka"},"content":{"rendered":"<p><font face=\"Verdana\" size=\"2\"><\/p>\n<div style=\"text-align:justify\">\n<a name=\"inicio\"><\/a><a href=\"http:\/\/www.nossacasa.net\/shunya\/dhritaka\/dhritaka-2\/\" rel=\"attachment wp-att-2108\"><img loading=\"lazy\" decoding=\"async\" src=\"http:\/\/www.nossacasa.net\/shunya\/wp-content\/uploads\/2018\/05\/dhritaka-300x147.jpg\" alt=\"\" width=\"300\" height=\"147\" class=\"alignleft size-medium wp-image-2108\" srcset=\"http:\/\/www.nossacasa.net\/shunya\/wp-content\/uploads\/2018\/05\/dhritaka-300x147.jpg 300w, http:\/\/www.nossacasa.net\/shunya\/wp-content\/uploads\/2018\/05\/dhritaka.jpg 321w\" sizes=\"auto, (max-width: 300px) 100vw, 300px\" \/><\/a><font size=\"4\"><b>Dhritaka<\/b><\/font> <br \/>\n<a href=\"#b\"><font size=\"1\">Transmiss\u00e3o de Upagupta<\/font><\/a>\/<a href=\"#c\"><font size=\"1\">Transmiss\u00e3o para Michaka<\/font><\/a><\/p>\n<p><b>O Quinto Patriarca<\/b><\/p>\n<div style=\"text-align:right\"><a href=\"#inicio\"><font size=\"2\">Topo<\/font><\/a><\/div>\n<p align=center><b><font face=\"tahoma, verdana, arial\" size=4><br \/>\n<a name=\"b\">Transmiss\u00e3o de  Upagupta<\/a><\/font><sup>2<\/sup><\/b><\/p>\n<p><font face=\"tahoma, verdana, arial\" size=3><b>5. De Upagupta para Dhritaka<br \/>\n[Dhitika]<\/b><\/font><\/p>\n<p><font face=\"tahoma, verdana, arial\" size=2>Quando Dhritaka nasceu, seu pai<br \/>\nteve um sonho incomum: um sol dourado emergia de sua casa, iluminando c\u00e9us e<br \/>\nterra; uma grande montanha, com sete pedras preciosas, levantou-se do ch\u00e3o e, em<br \/>\nseu topo, um fonte d&#8217;\u00e1gua transborda pelos quatro pontos cardeais.<\/font><\/p>\n<p><font face=\"tahoma, verdana, arial\" size=2>O mestre <a href=\"default.asp?menu=381\" class=\"broken_link\"><font size=\"2\">Upagupta<\/font><\/a> interpretou o<br \/>\nsonho com clareza:<\/font><\/p>\n<blockquote><p><font face=\"tahoma, verdana, arial\" size=2>O sol nascente \u00e9 a<br \/>\n  ren\u00fancia ao lar, destinada ao seu filho. Ele aben\u00e7oar\u00e1 sua nobre fam\u00edlia por<br \/>\n  sete gera\u00e7\u00f5es, em cada uma das quatro dire\u00e7\u00f5es. A montanha \u00e9 o buddha vivo. A<br \/>\n  fonte \u00e9 a sabedoria abundante e transcendente de seu filho; ele transmitir\u00e1 o<br \/>\n  ensinamento inesgot\u00e1vel da n\u00e3o-dualidade para todo o universo. As sete j\u00f3ias<br \/>\n  s\u00e3o os sete <i>chakras<\/i>, os centros de energia do corpo, totalmente<br \/>\n  ativados; a sabedoria vem do chakra da cabe\u00e7a, o l\u00f3tus de mil p\u00e9talas, que \u00e9 o<br \/>\n  pr\u00f3prio buddha vivo. Seu filho \u00e9 a sabedoria transcendente, que flui<br \/>\n  abundantemente do chakra da cabe\u00e7a. Mestre e sucessor n\u00e3o s\u00e3o dois; eles s\u00e3o<br \/>\n  como e leite e sua brancura, como o fogo e seu calor.<\/font> <\/p><\/blockquote>\n<p><font face=\"tahoma, verdana, arial\" size=2>Durante sua inf\u00e2ncia, Dhritaka<br \/>\ninterpretou o sonho de outra forma: a fonte inesgot\u00e1vel da perfei\u00e7\u00e3o da<br \/>\nsabedoria n\u00e3o transmite apenas o ensinamento da n\u00e3o-dualidade, mas todo o<br \/>\nensinamento do despertar. Ainda muito jovem, ele decidiu deixar sua casa para se<br \/>\ntornar monge.<\/font><\/p>\n<blockquote><p><font face=\"tahoma, verdana, arial\" size=2><b>Upagupta:<\/b> Sua<br \/>\n  inten\u00e7\u00e3o \u00e9 a de renunciar ao seu lar com o corpo ou com a<br \/>\n  mente?<br \/><b>Dhritaka:<\/b> N\u00e3o \u00e9 com o corpo, nem com a<br \/>\n  mente.<br \/><b>Upagupta:<\/b> Se n\u00e3o \u00e9 com o corpo nem com a mente, quem ou o que<br \/>\n  renuncia ao lar, aos h\u00e1bitos ego\u00edstas e \u00e0s conven\u00e7\u00f5es<br \/>\n  mortais?<br \/><b>Dhritaka:<\/b> O eu do n\u00e3o-eu, que n\u00e3o surge nem desaparece, \u00e9 o<br \/>\n  caminho eterno dos buddhas eternos. Esta \u00e9 a mente original, livre da forma e<br \/>\n  do foco. Aquele que renuncia ao lar deve, gradualmente, tornar-se sem &#8220;mim&#8221; e<br \/>\n  sem &#8220;meu&#8221;, mas a mente original nunca deixa de ser o que \u00e9, nunca se<br \/>\n  transforma em &#8220;isto&#8221; ou &#8220;aquilo&#8221;.<br \/><b>Upagupta:<\/b> Agora, voc\u00ea s\u00f3 precisa<br \/>\n  ser a mente original. Abrace-a com sua consci\u00eancia cotidiana, absorva-a<br \/>\n  completamente no seu corpo.<\/font> <\/p><\/blockquote>\n<p><font face=\"tahoma, verdana, arial\" size=2>Desse modo, Dhritaka absorveu a<br \/>\nluz da ilumina\u00e7\u00e3o, sua mente original.<\/font><\/p>\n<hr \/>\n<div style=\"text-align:right\"><a href=\"#inicio\"><font size=\"2\">Topo<\/font><\/a><\/div>\n<p align=center><b><font face=\"tahoma, verdana, arial\" size=4><br \/>\n<a name=\"c\">Transmiss\u00e3o para Michaka<\/a><\/font><sup>2<\/sup><\/b><\/p>\n<p><font face=\"tahoma, verdana, arial\" size=3><b>6. De Dhritaka para<br \/>\nMichaka<\/b><\/font><\/p>\n<p><font face=\"tahoma, verdana, arial\" size=2><a href=\"default.asp?menu=383\" class=\"broken_link\"><font size=\"2\">Michaka<\/font><\/a> era um xam\u00e3, um mago com<br \/>\ngrandes poderes sobrenaturais e muitos seguidores. Todos eles entraram para a<br \/>\nsangha depois de encontro de Michaka com o mestre Dhritaka, que lhe<br \/>\ndisse:<\/font><\/p>\n<blockquote><p><font face=\"tahoma, verdana, arial\" size=2>O Buddha Shakyamuni<br \/>\n  ensinou que exercer qualquer poder oculto ou imergir a mente em um ensinamento<br \/>\n  limitado \u00e9 como ser amarrado e arrastado por uma corda. Mas voc\u00ea pode<br \/>\n  confirmar, aqui e agora, que no momento em que voc\u00ea sair do pequeno c\u00f3rrego e<br \/>\n  entrar no grande oceano, vai perceber a natureza n\u00e3o-nascida.<\/font>\n<\/p><\/blockquote>\n<p><font face=\"tahoma, verdana, arial\" size=2>Ao ouvir isso, Michaka compreendeu<br \/>\nsua natureza n\u00e3o-nascida e despertou para o grande oceano da<br \/>\nilumina\u00e7\u00e3o.<\/font><\/p>\n<hr \/>\n<ol type=\"1\">\n<li><font size=\"1\">Extra\u00eddo de www.dharmanet.com.br<\/font><\/li>\n<\/ol>\n<\/div>\n<p><\/font><\/p>\n<hr \/>\n<div style=\"text-align:right\"><a href=\"#inicio\">Topo<\/a><\/div>\n<hr \/>\n<!-- AddThis Advanced Settings generic via filter on the_content --><!-- AddThis Share Buttons generic via filter on the_content -->","protected":false},"excerpt":{"rendered":"<p>Dhritaka Transmiss\u00e3o de Upagupta\/Transmiss\u00e3o para Michaka O Quinto Patriarca Topo Transmiss\u00e3o de Upagupta2 5. De Upagupta para Dhritaka [Dhitika] Quando Dhritaka nasceu, seu pai teve um sonho incomum: um sol dourado emergia de sua casa, iluminando c\u00e9us e terra; uma &hellip; <a href=\"http:\/\/www.nossacasa.net\/shunya\/dhritaka\/\">Continue lendo <span class=\"meta-nav\">&rarr;<\/span><\/a><!-- AddThis Advanced Settings generic via filter on get_the_excerpt --><!-- AddThis Share Buttons generic via filter on get_the_excerpt --><\/p>\n","protected":false},"author":1,"featured_media":2108,"parent":0,"menu_order":0,"comment_status":"closed","ping_status":"closed","template":"","meta":{"footnotes":""},"class_list":["post-2096","page","type-page","status-publish","has-post-thumbnail","hentry"],"_links":{"self":[{"href":"http:\/\/www.nossacasa.net\/shunya\/wp-json\/wp\/v2\/pages\/2096","targetHints":{"allow":["GET"]}}],"collection":[{"href":"http:\/\/www.nossacasa.net\/shunya\/wp-json\/wp\/v2\/pages"}],"about":[{"href":"http:\/\/www.nossacasa.net\/shunya\/wp-json\/wp\/v2\/types\/page"}],"author":[{"embeddable":true,"href":"http:\/\/www.nossacasa.net\/shunya\/wp-json\/wp\/v2\/users\/1"}],"replies":[{"embeddable":true,"href":"http:\/\/www.nossacasa.net\/shunya\/wp-json\/wp\/v2\/comments?post=2096"}],"version-history":[{"count":2,"href":"http:\/\/www.nossacasa.net\/shunya\/wp-json\/wp\/v2\/pages\/2096\/revisions"}],"predecessor-version":[{"id":2109,"href":"http:\/\/www.nossacasa.net\/shunya\/wp-json\/wp\/v2\/pages\/2096\/revisions\/2109"}],"wp:featuredmedia":[{"embeddable":true,"href":"http:\/\/www.nossacasa.net\/shunya\/wp-json\/wp\/v2\/media\/2108"}],"wp:attachment":[{"href":"http:\/\/www.nossacasa.net\/shunya\/wp-json\/wp\/v2\/media?parent=2096"}],"curies":[{"name":"wp","href":"https:\/\/api.w.org\/{rel}","templated":true}]}}