{"id":2100,"date":"2018-05-18T10:11:14","date_gmt":"2018-05-18T12:11:14","guid":{"rendered":"http:\/\/www.nossacasa.net\/shunya\/?page_id=2100"},"modified":"2018-05-18T10:19:08","modified_gmt":"2018-05-18T12:19:08","slug":"michaka","status":"publish","type":"page","link":"http:\/\/www.nossacasa.net\/shunya\/michaka\/","title":{"rendered":"Michaka"},"content":{"rendered":"<p><font face=\"Verdana\" size=\"2\"><\/p>\n<div style=\"text-align:justify\">\n<a name=\"inicio\"><\/a><a href=\"http:\/\/www.nossacasa.net\/shunya\/michaka\/michaka-2\/\" rel=\"attachment wp-att-2102\"><img loading=\"lazy\" decoding=\"async\" src=\"http:\/\/www.nossacasa.net\/shunya\/wp-content\/uploads\/2018\/05\/Michaka.jpg\" alt=\"\" width=\"293\" height=\"172\" class=\"alignleft size-full wp-image-2102\" \/><\/a><font size=\"4\"><b>Michaka<\/b><\/font> <br \/>\n<a href=\"#b\"><font size=\"1\">Transmiss\u00e3o de Dhritaka<\/font><\/a>\/<a href=\"#c\"><font size=\"1\">Transmiss\u00e3o para Vasumitra<\/font><\/a><\/p>\n<p><b>O Sexto Patriarca<\/b><\/p>\n<div style=\"text-align:right\"><a href=\"#inicio\"><font size=\"2\">Topo<\/font><\/a><\/div>\n<p align=center><b><font face=\"tahoma, verdana, arial\" size=4><br \/>\n<a name=\"b\">Transmiss\u00e3o de Dhritaka<\/a><\/font><sup>2<\/sup><\/b><\/p>\n<p><font face=\"tahoma, verdana, arial\" size=3><b>6. De Dhritaka para<br \/>\nMichaka<\/b><\/font><\/p>\n<p><font face=\"tahoma, verdana, arial\" size=2> Michaka era um xam\u00e3, um mago com<br \/>\ngrandes poderes sobrenaturais e muitos seguidores. Todos eles entraram para a<br \/>\nsangha depois de encontro de Michaka com o mestre <a href=\"default.asp?menu=382\" class=\"broken_link\"><font size=\"2\">Dhritaka<\/font><\/a>, que lhe disse:<\/font><\/p>\n<blockquote><p><font face=\"tahoma, verdana, arial\" size=2>O Buddha Shakyamuni<br \/>\n  ensinou que exercer qualquer poder oculto ou imergir a mente em um ensinamento<br \/>\n  limitado \u00e9 como ser amarrado e arrastado por uma corda. Mas voc\u00ea pode<br \/>\n  confirmar, aqui e agora, que no momento em que voc\u00ea sair do pequeno c\u00f3rrego e<br \/>\n  entrar no grande oceano, vai perceber a natureza n\u00e3o-nascida.<\/font>\n<\/p><\/blockquote>\n<p><font face=\"tahoma, verdana, arial\" size=2>Ao ouvir isso, Michaka compreendeu<br \/>\nsua natureza n\u00e3o-nascida e despertou para o grande oceano da<br \/>\nilumina\u00e7\u00e3o.<\/font><\/p>\n<hr \/>\n<div style=\"text-align:right\"><a href=\"#inicio\"><font size=\"2\">Topo<\/font><\/a><\/div>\n<p align=center><b><font face=\"tahoma, verdana, arial\" size=4><br \/>\n<a name=\"c\">Transmiss\u00e3o para Vasumitra<\/a><\/font><sup>2<\/sup><\/b><\/p>\n<p><b><font face=\"tahoma, verdana, arial\" size=3>7. De Michaka para<br \/>\nVasumitra<\/font><\/b><\/p>\n<p><font face=\"tahoma, verdana, arial\" size=2><a href=\"default.asp?menu=384\" class=\"broken_link\"><font size=\"2\">Vasumitra<\/font><\/a> era chamado de louco, pois ficava vagando dia e noite com um pote de vinho sobre a cabe\u00e7a. Certa vez, ele encontrou o mestre Michaka e perguntou:<\/font><\/p>\n<blockquote><p><font face=\"tahoma, verdana, arial\" size=2><b>Vasumitra:<\/b> Voc\u00ea<br \/>\n  sabe o que \u00e9 isto?<br \/><b>Michaka:<\/b> \u00c9 um pote, ainda impuro.<br \/><b>Vasumitra<br \/>\n  [colocando o pote diante do mestre]:<\/b> Ele \u00e9 meu ou seu?<br \/><b>Michaka:<\/b><br \/>\n  Se voc\u00ea achar que este pote \u00e9 meu, ent\u00e3o voc\u00ea est\u00e1 livre da exist\u00eancia<br \/>\n  relativa; e se voc\u00ea achar que o pote \u00e9 seu, ent\u00e3o voc\u00ea \u00e9 buddha, al\u00e9m das<br \/>\n  no\u00e7\u00f5es de &#8220;absoluto&#8221; e &#8220;relativo&#8221;.<\/font> <\/p><\/blockquote>\n<p><font face=\"tahoma, verdana, arial\" size=2>Vasumitra compreendeu que possu\u00eda<br \/>\no pote, que possu\u00eda a pr\u00f3pria natureza b\u00faddhica, e ent\u00e3o alcan\u00e7ou o caminho,<br \/>\nal\u00e9m do absoluto, al\u00e9m do relativo.<\/font><\/p>\n<hr \/>\n<ol type=\"1\">\n<li><font size=\"1\">Extra\u00eddo de www.dharmanet.com.br<\/font><\/li>\n<\/ol>\n<\/div>\n<p><\/font><\/p>\n<hr \/>\n<div style=\"text-align:right\"><a href=\"#inicio\">Topo<\/a><\/div>\n<hr \/>\n<!-- AddThis Advanced Settings generic via filter on the_content --><!-- AddThis Share Buttons generic via filter on the_content -->","protected":false},"excerpt":{"rendered":"<p>Michaka Transmiss\u00e3o de Dhritaka\/Transmiss\u00e3o para Vasumitra O Sexto Patriarca Topo Transmiss\u00e3o de Dhritaka2 6. De Dhritaka para Michaka Michaka era um xam\u00e3, um mago com grandes poderes sobrenaturais e muitos seguidores. Todos eles entraram para a sangha depois de encontro &hellip; <a href=\"http:\/\/www.nossacasa.net\/shunya\/michaka\/\">Continue lendo <span class=\"meta-nav\">&rarr;<\/span><\/a><!-- AddThis Advanced Settings generic via filter on get_the_excerpt --><!-- AddThis Share Buttons generic via filter on get_the_excerpt --><\/p>\n","protected":false},"author":1,"featured_media":2102,"parent":0,"menu_order":0,"comment_status":"closed","ping_status":"closed","template":"","meta":{"footnotes":""},"class_list":["post-2100","page","type-page","status-publish","has-post-thumbnail","hentry"],"_links":{"self":[{"href":"http:\/\/www.nossacasa.net\/shunya\/wp-json\/wp\/v2\/pages\/2100","targetHints":{"allow":["GET"]}}],"collection":[{"href":"http:\/\/www.nossacasa.net\/shunya\/wp-json\/wp\/v2\/pages"}],"about":[{"href":"http:\/\/www.nossacasa.net\/shunya\/wp-json\/wp\/v2\/types\/page"}],"author":[{"embeddable":true,"href":"http:\/\/www.nossacasa.net\/shunya\/wp-json\/wp\/v2\/users\/1"}],"replies":[{"embeddable":true,"href":"http:\/\/www.nossacasa.net\/shunya\/wp-json\/wp\/v2\/comments?post=2100"}],"version-history":[{"count":3,"href":"http:\/\/www.nossacasa.net\/shunya\/wp-json\/wp\/v2\/pages\/2100\/revisions"}],"predecessor-version":[{"id":2104,"href":"http:\/\/www.nossacasa.net\/shunya\/wp-json\/wp\/v2\/pages\/2100\/revisions\/2104"}],"wp:featuredmedia":[{"embeddable":true,"href":"http:\/\/www.nossacasa.net\/shunya\/wp-json\/wp\/v2\/media\/2102"}],"wp:attachment":[{"href":"http:\/\/www.nossacasa.net\/shunya\/wp-json\/wp\/v2\/media?parent=2100"}],"curies":[{"name":"wp","href":"https:\/\/api.w.org\/{rel}","templated":true}]}}