{"id":2106,"date":"2018-05-18T10:21:53","date_gmt":"2018-05-18T12:21:53","guid":{"rendered":"http:\/\/www.nossacasa.net\/shunya\/?page_id=2106"},"modified":"2018-05-18T11:16:07","modified_gmt":"2018-05-18T13:16:07","slug":"vasumitra","status":"publish","type":"page","link":"http:\/\/www.nossacasa.net\/shunya\/vasumitra\/","title":{"rendered":"Vasumitra"},"content":{"rendered":"<p><font face=\"Verdana\" size=\"2\"><\/p>\n<div style=\"text-align:justify\">\n<a name=\"inicio\"><\/a><a href=\"http:\/\/www.nossacasa.net\/shunya\/vasumitra\/vasumitra-2\/\" rel=\"attachment wp-att-2110\"><img loading=\"lazy\" decoding=\"async\" src=\"http:\/\/www.nossacasa.net\/shunya\/wp-content\/uploads\/2018\/05\/Vasumitra-278x300.jpg\" alt=\"\" width=\"278\" height=\"300\" class=\"alignleft size-medium wp-image-2110\" srcset=\"http:\/\/www.nossacasa.net\/shunya\/wp-content\/uploads\/2018\/05\/Vasumitra-278x300.jpg 278w, http:\/\/www.nossacasa.net\/shunya\/wp-content\/uploads\/2018\/05\/Vasumitra.jpg 400w\" sizes=\"auto, (max-width: 278px) 100vw, 278px\" \/><\/a><font size=\"4\"><b>Vasumitra<\/b><\/font> <br \/>\n<a href=\"#b\"><font size=\"1\">Transmiss\u00e3o de Michaka<\/font><\/a>\/<a href=\"#c\"><font size=\"1\">Transmiss\u00e3o para Buddhanandi<\/font><\/a><\/p>\n<p><b>O S\u00e9timo Patriarca<\/b><\/p>\n<div style=\"text-align:right\"><a href=\"#inicio\"><font size=\"2\">Topo<\/font><\/a><\/div>\n<p align=center><b><font face=\"tahoma, verdana, arial\" size=4><br \/>\n<a name=\"b\">Transmiss\u00e3o de Michaka<\/a><\/font><sup>2<\/sup><\/b><\/p>\n<p><b><font face=\"tahoma, verdana, arial\" size=3>7. De Michaka para<br \/>\nVasumitra<\/font><\/b><\/p>\n<p><font face=\"tahoma, verdana, arial\" size=2>Vasumitra era chamado de louco, pois ficava vagando dia e noite com um pote de vinho sobre a cabe\u00e7a. Certa vez, ele encontrou o mestre <a href=\"default.asp?menu=383\" class=\"broken_link\"><font size=\"2\">Michaka<\/font><\/a> e perguntou:<\/font><\/p>\n<blockquote><p><font face=\"tahoma, verdana, arial\" size=2><b>Vasumitra:<\/b> Voc\u00ea<br \/>\n  sabe o que \u00e9 isto?<br \/><b>Michaka:<\/b> \u00c9 um pote, ainda impuro.<br \/><b>Vasumitra<br \/>\n  [colocando o pote diante do mestre]:<\/b> Ele \u00e9 meu ou seu?<br \/><b>Michaka:<\/b><br \/>\n  Se voc\u00ea achar que este pote \u00e9 meu, ent\u00e3o voc\u00ea est\u00e1 livre da exist\u00eancia<br \/>\n  relativa; e se voc\u00ea achar que o pote \u00e9 seu, ent\u00e3o voc\u00ea \u00e9 buddha, al\u00e9m das<br \/>\n  no\u00e7\u00f5es de &#8220;absoluto&#8221; e &#8220;relativo&#8221;.<\/font> <\/p><\/blockquote>\n<p><font face=\"tahoma, verdana, arial\" size=2>Vasumitra compreendeu que possu\u00eda<br \/>\no pote, que possu\u00eda a pr\u00f3pria natureza b\u00faddhica, e ent\u00e3o alcan\u00e7ou o caminho,<br \/>\nal\u00e9m do absoluto, al\u00e9m do relativo.<\/font><\/p>\n<hr \/>\n<div style=\"text-align:right\"><a href=\"#inicio\"><font size=\"2\">Topo<\/font><\/a><\/div>\n<p align=center><b><font face=\"tahoma, verdana, arial\" size=4><br \/>\n<a name=\"c\">Transmiss\u00e3o para Buddhanandi<\/a><\/font><sup>2<\/sup><\/b><\/p>\n<p><font face=\"tahoma, verdana, arial\" size=3><b>8. De Vasumitra para<br \/>\nBuddhanandi<\/b><\/font><\/p>\n<p><font face=\"tahoma, verdana, arial\" size=2><a href=\"default.asp?menu=385\" class=\"broken_link\"><font size=\"2\">Buddhanandi<\/font><\/a> era um especialista em<br \/>\nfilosofia e dial\u00e9tica. Ao encontrar o mestre Vasumitra, decidiu<br \/>\ndesafi\u00e1-lo.<\/font><\/p>\n<blockquote><p><font face=\"tahoma, verdana, arial\" size=2><b>Buddhanandi:<\/b> Vim<br \/>\n  debater com voc\u00ea sobre a natureza da verdade.<br \/><b>Vasumitra:<\/b> Meu caro<br \/>\n  amigo, a verdade n\u00e3o tem dois lados; logo, nunca foi e nunca poder\u00e1 ser<br \/>\n  debatida. Qualquer coisa que seja debatida, por mais profunda que seja,<br \/>\n  simplesmente n\u00e3o \u00e9 a verdade. Tudo o que \u00e9 declarado sobre a verdade, por mais<br \/>\n  coerente e correto, permanece apenas no n\u00edvel da discuss\u00e3o. Sempre h\u00e1 alguma<br \/>\n  perspectiva, em que qualquer afirma\u00e7\u00e3o pode e deve ser debatida. At\u00e9 mesmo a<br \/>\n  menor inten\u00e7\u00e3o de afirmar ou discutir j\u00e1 encobre o que \u00e9 real. Nenhuma<br \/>\n  afirma\u00e7\u00e3o verbal, como dizer que &#8220;a mente e seus objetos n\u00e3o est\u00e3o<br \/>\n  fundamentalmente separados&#8221;, pode ser a verdade. A afirma\u00e7\u00e3o verbal de que &#8220;a<br \/>\n  verdade est\u00e1 al\u00e9m das palavras e dos pensamentos&#8221; tamb\u00e9m n\u00e3o \u00e9 a verdade.<br \/>\n  Afirmar que &#8220;sujeito e objeto s\u00e3o esquecidos na ilumina\u00e7\u00e3o&#8221;, ou expressar que<br \/>\n  &#8220;sujeito e objeto <i>n\u00e3o<\/i> s\u00e3o esquecidos na ilumina\u00e7\u00e3o&#8221;, tamb\u00e9m n\u00e3o s\u00e3o a<br \/>\n  verdade.<\/font> <\/p>\n<p><font face=\"tahoma, verdana, arial\" size=2>A afirma\u00e7\u00e3o do bodhisattva<br \/>\n  Manjushri de que &#8220;a realidade est\u00e1 muito al\u00e9m da fala&#8221; \u00e9 uma express\u00e3o<br \/>\n  excelente da verdade, mas \u00e9 n\u00e3o \u00e9 verdade real. At\u00e9 mesmo a resposta radical<br \/>\n  de Vimalakirti, sentado em sil\u00eancio trovejante, \u00e9 uma mera express\u00e3o do que \u00e9<br \/>\n  real. Enquanto intervir qualquer senso de defini\u00e7\u00e3o, ou mesmo um senso de<br \/>\n  expressar a verdade, o princ\u00edpio da natureza n\u00e3o-nascida n\u00e3o pode ser<br \/>\n  esclarecido, e permaneceremos confusos, mesmo que sejamos disc\u00edpulos de<br \/>\n  Buddha.<\/font><\/p>\n<p><font face=\"tahoma, verdana, arial\" size=2>Extinguir o corpo e a mente em<br \/>\n  uma concentra\u00e7\u00e3o inquebrant\u00e1vel \u00e9 uma obstru\u00e7\u00e3o severa. At\u00e9 mesmo o mais alto<br \/>\n  caminho do rejeitar os dualismos de &#8220;delus\u00e3o&#8221; e &#8220;ilumina\u00e7\u00e3o&#8221;, de evitar as<br \/>\n  no\u00e7\u00f5es de &#8220;impureza&#8221; e &#8220;pureza&#8221;, \u00e9 uma venda opaca. Tanto a forma quanto a<br \/>\n  n\u00e3o-forma adulteram a verdade, assim como a miragem adultera o deserto. N\u00e3o<br \/>\n  devemos nem procurar a verdade atrav\u00e9s das formas douradas de buddhas, nem<br \/>\n  atrav\u00e9s da sua brilhante n\u00e3o-forma. Se voc\u00ea afirmar que o <i>samsara<\/i> \u00e9 um<br \/>\n  sonho, ainda sobra algu\u00e9m sonhando e algu\u00e9m afirmando. Que engra\u00e7ado! Mesmo a<br \/>\n  diferencia\u00e7\u00e3o entre &#8220;falso&#8221; e &#8220;verdadeiro&#8221; permanece no n\u00edvel da discuss\u00e3o<br \/>\n  perene e portanto n\u00e3o \u00e9 a verdade. Simplesmente <i>seja<\/i> a verdade! Mas n\u00e3o<br \/>\n  ache voc\u00ea ir\u00e1 se tornar uma lagoa tranq\u00fcila ou um c\u00e9u<br \/>\nimaculado!<\/font><\/p>\n<\/blockquote>\n<p><font face=\"tahoma, verdana, arial\" size=2>Subitamente, Buddhanandi realizou<br \/>\na verdade, al\u00e9m das meras express\u00f5es.<\/font><\/p>\n<hr \/>\n<ol type=\"1\">\n<li><font size=\"1\">Extra\u00eddo de www.dharmanet.com.br<\/font><\/li>\n<\/ol>\n<\/div>\n<p><\/font><\/p>\n<hr \/>\n<div style=\"text-align:right\"><a href=\"#inicio\">Topo<\/a><\/div>\n<hr \/>\n<!-- AddThis Advanced Settings generic via filter on the_content --><!-- AddThis Share Buttons generic via filter on the_content -->","protected":false},"excerpt":{"rendered":"<p>Vasumitra Transmiss\u00e3o de Michaka\/Transmiss\u00e3o para Buddhanandi O S\u00e9timo Patriarca Topo Transmiss\u00e3o de Michaka2 7. De Michaka para Vasumitra Vasumitra era chamado de louco, pois ficava vagando dia e noite com um pote de vinho sobre a cabe\u00e7a. Certa vez, ele &hellip; <a href=\"http:\/\/www.nossacasa.net\/shunya\/vasumitra\/\">Continue lendo <span class=\"meta-nav\">&rarr;<\/span><\/a><!-- AddThis Advanced Settings generic via filter on get_the_excerpt --><!-- AddThis Share Buttons generic via filter on get_the_excerpt --><\/p>\n","protected":false},"author":1,"featured_media":2110,"parent":0,"menu_order":0,"comment_status":"closed","ping_status":"closed","template":"","meta":{"footnotes":""},"class_list":["post-2106","page","type-page","status-publish","has-post-thumbnail","hentry"],"_links":{"self":[{"href":"http:\/\/www.nossacasa.net\/shunya\/wp-json\/wp\/v2\/pages\/2106","targetHints":{"allow":["GET"]}}],"collection":[{"href":"http:\/\/www.nossacasa.net\/shunya\/wp-json\/wp\/v2\/pages"}],"about":[{"href":"http:\/\/www.nossacasa.net\/shunya\/wp-json\/wp\/v2\/types\/page"}],"author":[{"embeddable":true,"href":"http:\/\/www.nossacasa.net\/shunya\/wp-json\/wp\/v2\/users\/1"}],"replies":[{"embeddable":true,"href":"http:\/\/www.nossacasa.net\/shunya\/wp-json\/wp\/v2\/comments?post=2106"}],"version-history":[{"count":3,"href":"http:\/\/www.nossacasa.net\/shunya\/wp-json\/wp\/v2\/pages\/2106\/revisions"}],"predecessor-version":[{"id":2112,"href":"http:\/\/www.nossacasa.net\/shunya\/wp-json\/wp\/v2\/pages\/2106\/revisions\/2112"}],"wp:featuredmedia":[{"embeddable":true,"href":"http:\/\/www.nossacasa.net\/shunya\/wp-json\/wp\/v2\/media\/2110"}],"wp:attachment":[{"href":"http:\/\/www.nossacasa.net\/shunya\/wp-json\/wp\/v2\/media?parent=2106"}],"curies":[{"name":"wp","href":"https:\/\/api.w.org\/{rel}","templated":true}]}}