{"id":2114,"date":"2018-05-18T11:38:46","date_gmt":"2018-05-18T13:38:46","guid":{"rendered":"http:\/\/www.nossacasa.net\/shunya\/?page_id=2114"},"modified":"2018-05-18T11:41:45","modified_gmt":"2018-05-18T13:41:45","slug":"buddhananda","status":"publish","type":"page","link":"http:\/\/www.nossacasa.net\/shunya\/buddhananda\/","title":{"rendered":"Buddhananda"},"content":{"rendered":"<p><font face=\"Verdana\" size=\"2\"><\/p>\n<div style=\"text-align:justify\">\n<a name=\"inicio\"><font size=\"4\"><b><a href=\"http:\/\/www.nossacasa.net\/shunya\/?attachment_id=2115\" rel=\"attachment wp-att-2115\"><img loading=\"lazy\" decoding=\"async\" src=\"http:\/\/www.nossacasa.net\/shunya\/wp-content\/uploads\/2018\/05\/Buddhananda-300x212.jpg\" alt=\"\" width=\"300\" height=\"212\" class=\"alignleft size-medium wp-image-2115\" srcset=\"http:\/\/www.nossacasa.net\/shunya\/wp-content\/uploads\/2018\/05\/Buddhananda-300x212.jpg 300w, http:\/\/www.nossacasa.net\/shunya\/wp-content\/uploads\/2018\/05\/Buddhananda-424x300.jpg 424w, http:\/\/www.nossacasa.net\/shunya\/wp-content\/uploads\/2018\/05\/Buddhananda.jpg 532w\" sizes=\"auto, (max-width: 300px) 100vw, 300px\" \/>Buddhananda<\/a><\/b><\/font><\/a> <br \/>\n<a href=\"#b\"><font size=\"1\">Transmiss\u00e3o de Vasumitra<\/font><\/a>\/<a href=\"#c\"><font size=\"1\">Transmiss\u00e3o para Buddhamitra<\/font><\/a><\/p>\n<p><b>O Oitavo Patriarca<\/b><\/p>\n<div style=\"text-align:right\"><a href=\"#inicio\"><font size=\"2\">Topo<\/font><\/a><\/div>\n<p align=center><b><font face=\"tahoma, verdana, arial\" size=4><br \/>\n<a name=\"b\">Transmiss\u00e3o de Vasumitra<\/a><\/font><sup>2<\/sup><\/b><\/p>\n<p><font face=\"tahoma, verdana, arial\" size=3><b>8. De Vasumitra para<br \/>\nBuddhanandi<\/b><\/font><\/p>\n<p><font face=\"tahoma, verdana, arial\" size=2> Buddhanandi era um especialista em<br \/>\nfilosofia e dial\u00e9tica. Ao encontrar o mestre <a href=\"default.asp?menu=384\" class=\"broken_link\"><font size=\"2\">Vasumitra<\/font><\/a>, decidiu desafi\u00e1-lo.<\/font><\/p>\n<blockquote><p><font face=\"tahoma, verdana, arial\" size=2><b>Buddhanandi:<\/b> Vim<br \/>\n  debater com voc\u00ea sobre a natureza da verdade.<br \/><b>Vasumitra:<\/b> Meu caro<br \/>\n  amigo, a verdade n\u00e3o tem dois lados; logo, nunca foi e nunca poder\u00e1 ser<br \/>\n  debatida. Qualquer coisa que seja debatida, por mais profunda que seja,<br \/>\n  simplesmente n\u00e3o \u00e9 a verdade. Tudo o que \u00e9 declarado sobre a verdade, por mais<br \/>\n  coerente e correto, permanece apenas no n\u00edvel da discuss\u00e3o. Sempre h\u00e1 alguma<br \/>\n  perspectiva, em que qualquer afirma\u00e7\u00e3o pode e deve ser debatida. At\u00e9 mesmo a<br \/>\n  menor inten\u00e7\u00e3o de afirmar ou discutir j\u00e1 encobre o que \u00e9 real. Nenhuma<br \/>\n  afirma\u00e7\u00e3o verbal, como dizer que &#8220;a mente e seus objetos n\u00e3o est\u00e3o<br \/>\n  fundamentalmente separados&#8221;, pode ser a verdade. A afirma\u00e7\u00e3o verbal de que &#8220;a<br \/>\n  verdade est\u00e1 al\u00e9m das palavras e dos pensamentos&#8221; tamb\u00e9m n\u00e3o \u00e9 a verdade.<br \/>\n  Afirmar que &#8220;sujeito e objeto s\u00e3o esquecidos na ilumina\u00e7\u00e3o&#8221;, ou expressar que<br \/>\n  &#8220;sujeito e objeto <i>n\u00e3o<\/i> s\u00e3o esquecidos na ilumina\u00e7\u00e3o&#8221;, tamb\u00e9m n\u00e3o s\u00e3o a<br \/>\n  verdade.<\/font> <\/p>\n<p><font face=\"tahoma, verdana, arial\" size=2>A afirma\u00e7\u00e3o do bodhisattva<br \/>\n  Manjushri de que &#8220;a realidade est\u00e1 muito al\u00e9m da fala&#8221; \u00e9 uma express\u00e3o<br \/>\n  excelente da verdade, mas \u00e9 n\u00e3o \u00e9 verdade real. At\u00e9 mesmo a resposta radical<br \/>\n  de Vimalakirti, sentado em sil\u00eancio trovejante, \u00e9 uma mera express\u00e3o do que \u00e9<br \/>\n  real. Enquanto intervir qualquer senso de defini\u00e7\u00e3o, ou mesmo um senso de<br \/>\n  expressar a verdade, o princ\u00edpio da natureza n\u00e3o-nascida n\u00e3o pode ser<br \/>\n  esclarecido, e permaneceremos confusos, mesmo que sejamos disc\u00edpulos de<br \/>\n  Buddha.<\/font><\/p>\n<p><font face=\"tahoma, verdana, arial\" size=2>Extinguir o corpo e a mente em<br \/>\n  uma concentra\u00e7\u00e3o inquebrant\u00e1vel \u00e9 uma obstru\u00e7\u00e3o severa. At\u00e9 mesmo o mais alto<br \/>\n  caminho do rejeitar os dualismos de &#8220;delus\u00e3o&#8221; e &#8220;ilumina\u00e7\u00e3o&#8221;, de evitar as<br \/>\n  no\u00e7\u00f5es de &#8220;impureza&#8221; e &#8220;pureza&#8221;, \u00e9 uma venda opaca. Tanto a forma quanto a<br \/>\n  n\u00e3o-forma adulteram a verdade, assim como a miragem adultera o deserto. N\u00e3o<br \/>\n  devemos nem procurar a verdade atrav\u00e9s das formas douradas de buddhas, nem<br \/>\n  atrav\u00e9s da sua brilhante n\u00e3o-forma. Se voc\u00ea afirmar que o <i>samsara<\/i> \u00e9 um<br \/>\n  sonho, ainda sobra algu\u00e9m sonhando e algu\u00e9m afirmando. Que engra\u00e7ado! Mesmo a<br \/>\n  diferencia\u00e7\u00e3o entre &#8220;falso&#8221; e &#8220;verdadeiro&#8221; permanece no n\u00edvel da discuss\u00e3o<br \/>\n  perene e portanto n\u00e3o \u00e9 a verdade. Simplesmente <i>seja<\/i> a verdade! Mas n\u00e3o<br \/>\n  ache voc\u00ea ir\u00e1 se tornar uma lagoa tranq\u00fcila ou um c\u00e9u<br \/>\nimaculado!<\/font><\/p>\n<\/blockquote>\n<p><font face=\"tahoma, verdana, arial\" size=2>Subitamente, Buddhanandi realizou<br \/>\na verdade, al\u00e9m das meras express\u00f5es.<\/font><\/p>\n<p align=center><b><font face=\"tahoma, verdana, arial\" size=4><br \/>\n<a name=\"c\">Transmiss\u00e3o para Buddhamitra<\/a><\/font><sup>2<\/sup><\/b><\/p>\n<p><font face=\"tahoma, verdana, arial\" size=3><b>9. De Buddhanandi para<br \/>\nBuddhamitra<\/b><\/font><\/p>\n<p><font face=\"tahoma, verdana, arial\" size=2><a href=\"default.asp?menu=386\" class=\"broken_link\"><font size=\"2\">Buddhamitra<\/font><\/a> tinha sido mudo e<br \/>\nparal\u00edtico desde que nasceu. Aos 50 anos, ele acabou encontrando o mestre<br \/>\nBuddhanandi, que estava viajando e ensinando pela \u00cdndia. Ao ver o mestre,<br \/>\nBuddhamitra deu seus primeiros passos e pronunciou suas primeiras<br \/>\npalavras.<\/font><\/p>\n<blockquote><p><font face=\"tahoma, verdana, arial\" size=2><b>Buddhamitra:<\/b> Nem<br \/>\n  mesmo a m\u00e3e e o pai est\u00e3o t\u00e3o pr\u00f3ximos; onde est\u00e1 a verdadeira intimidade? Nem<br \/>\n  mesmo os buddhas est\u00e3o t\u00e3o pr\u00f3ximos; onde est\u00e1 o grande<br \/>\n  caminho?<br \/><b>Buddhanandi:<\/b> Sua fala ainda n\u00e3o tinha se manifestado porque<br \/>\n  voc\u00ea est\u00e1 unido com a mente essencial. Sua intimidade com seus pais \u00e9 t\u00e3o<br \/>\n  intensa que voc\u00ea hesitou em andar. Mas voc\u00ea deve renunciar ao seu lar, pois a<br \/>\n  intimidade com a mente \u00e9 infinitamente mais intensa. \u00c9 a intimidade da<br \/>\n  n\u00e3o-dualidade. Voc\u00ea n\u00e3o manifestou qualquer a\u00e7\u00e3o porque voc\u00ea j\u00e1 est\u00e1 no grande<br \/>\n  caminho, que n\u00e3o pode ser expresso por qualquer forma exterior ou interior,<br \/>\n  nem mesmo pelas auspiciosas formas douradas dos buddhas, aos quais voc\u00ea \u00e9<br \/>\n  profundamente devotado. Agora, voc\u00ea deve despertar para a mente essencial,<br \/>\n  percebendo que n\u00e3o \u00e9 necess\u00e1rio ficar unido silenciosamente com ela. Tudo o<br \/>\n  que voc\u00ea pensa ou faz n\u00e3o est\u00e1 separado da mente essencial.<\/font> <\/p><\/blockquote>\n<p><font face=\"tahoma, verdana, arial\" size=2>Assim como Shakyamuni fez ao<br \/>\nnascer, Buddhamitra deu sete passos e confirmou o seu \u00edntimo despertar para a<br \/>\nmente essencial, sete passos no grande caminho.<\/font><\/p>\n<hr \/>\n<ol type=\"1\">\n<li><font size=\"1\">Extra\u00eddo de www.dharmanet.com.br<\/font><\/li>\n<\/ol>\n<\/div>\n<p><\/font><\/p>\n<hr \/>\n<div style=\"text-align:right\"><a href=\"#inicio\">Topo<\/a><\/div>\n<hr \/>\n<!-- AddThis Advanced Settings generic via filter on the_content --><!-- AddThis Share Buttons generic via filter on the_content -->","protected":false},"excerpt":{"rendered":"<p>Buddhananda Transmiss\u00e3o de Vasumitra\/Transmiss\u00e3o para Buddhamitra O Oitavo Patriarca Topo Transmiss\u00e3o de Vasumitra2 8. De Vasumitra para Buddhanandi Buddhanandi era um especialista em filosofia e dial\u00e9tica. Ao encontrar o mestre Vasumitra, decidiu desafi\u00e1-lo. Buddhanandi: Vim debater com voc\u00ea sobre a &hellip; <a href=\"http:\/\/www.nossacasa.net\/shunya\/buddhananda\/\">Continue lendo <span class=\"meta-nav\">&rarr;<\/span><\/a><!-- AddThis Advanced Settings generic via filter on get_the_excerpt --><!-- AddThis Share Buttons generic via filter on get_the_excerpt --><\/p>\n","protected":false},"author":1,"featured_media":0,"parent":0,"menu_order":0,"comment_status":"closed","ping_status":"closed","template":"","meta":{"footnotes":""},"class_list":["post-2114","page","type-page","status-publish","hentry"],"_links":{"self":[{"href":"http:\/\/www.nossacasa.net\/shunya\/wp-json\/wp\/v2\/pages\/2114","targetHints":{"allow":["GET"]}}],"collection":[{"href":"http:\/\/www.nossacasa.net\/shunya\/wp-json\/wp\/v2\/pages"}],"about":[{"href":"http:\/\/www.nossacasa.net\/shunya\/wp-json\/wp\/v2\/types\/page"}],"author":[{"embeddable":true,"href":"http:\/\/www.nossacasa.net\/shunya\/wp-json\/wp\/v2\/users\/1"}],"replies":[{"embeddable":true,"href":"http:\/\/www.nossacasa.net\/shunya\/wp-json\/wp\/v2\/comments?post=2114"}],"version-history":[{"count":1,"href":"http:\/\/www.nossacasa.net\/shunya\/wp-json\/wp\/v2\/pages\/2114\/revisions"}],"predecessor-version":[{"id":2116,"href":"http:\/\/www.nossacasa.net\/shunya\/wp-json\/wp\/v2\/pages\/2114\/revisions\/2116"}],"wp:attachment":[{"href":"http:\/\/www.nossacasa.net\/shunya\/wp-json\/wp\/v2\/media?parent=2114"}],"curies":[{"name":"wp","href":"https:\/\/api.w.org\/{rel}","templated":true}]}}