{"id":2117,"date":"2018-05-18T12:00:54","date_gmt":"2018-05-18T14:00:54","guid":{"rendered":"http:\/\/www.nossacasa.net\/shunya\/?page_id=2117"},"modified":"2018-05-18T12:02:10","modified_gmt":"2018-05-18T14:02:10","slug":"buddhamitra","status":"publish","type":"page","link":"http:\/\/www.nossacasa.net\/shunya\/buddhamitra\/","title":{"rendered":"Buddhamitra"},"content":{"rendered":"<p><font face=\"Verdana\" size=\"2\"><\/p>\n<div style=\"text-align:justify\">\n<a name=\"inicio\"><\/a><a href=\"http:\/\/www.nossacasa.net\/shunya\/buddhamitra\/buddhamitra-2\/\" rel=\"attachment wp-att-2119\"><img loading=\"lazy\" decoding=\"async\" src=\"http:\/\/www.nossacasa.net\/shunya\/wp-content\/uploads\/2018\/05\/Buddhamitra-297x300.jpg\" alt=\"\" width=\"297\" height=\"300\" class=\"alignleft size-medium wp-image-2119\" srcset=\"http:\/\/www.nossacasa.net\/shunya\/wp-content\/uploads\/2018\/05\/Buddhamitra-297x300.jpg 297w, http:\/\/www.nossacasa.net\/shunya\/wp-content\/uploads\/2018\/05\/Buddhamitra-50x50.jpg 50w, http:\/\/www.nossacasa.net\/shunya\/wp-content\/uploads\/2018\/05\/Buddhamitra.jpg 445w\" sizes=\"auto, (max-width: 297px) 100vw, 297px\" \/><\/a><font size=\"4\"><b>Buddhamitra<\/b><\/font> <br \/>\n<a href=\"#b\"><font size=\"1\">Transmiss\u00e3o de Buddhanandi<\/font><\/a>\/<a href=\"#c\"><font size=\"1\">Transmiss\u00e3o para Parshva<\/font><\/a><\/p>\n<p><b>O Nono Patriarca<\/b><\/p>\n<div style=\"text-align:right\"><a href=\"#inicio\"><font size=\"2\">Topo<\/font><\/a><\/div>\n<p align=center><b><font face=\"tahoma, verdana, arial\" size=4><br \/>\n<a name=\"b\">Transmiss\u00e3o de Buddhanandi<\/a><\/font><sup>2<\/sup><\/b><\/p>\n<p><font face=\"tahoma, verdana, arial\" size=3><b>9. De Buddhanandi para<br \/>\nBuddhamitra<\/b><\/font><\/p>\n<p><font face=\"tahoma, verdana, arial\" size=2>Buddhamitra tinha sido mudo e<br \/>\nparal\u00edtico desde que nasceu. Aos 50 anos, ele acabou encontrando o mestre<br \/>\n<a href=\"http:\/\/www.nossacasa.net\/shunya\/buddhananda\/\"><font size=\"2\">Buddhananda<\/font><\/a>, que estava viajando e ensinando pela \u00cdndia. Ao ver o mestre,<br \/>\nBuddhamitra deu seus primeiros passos e pronunciou suas primeiras<br \/>\npalavras.<\/font><\/p>\n<blockquote><p><font face=\"tahoma, verdana, arial\" size=2><b>Buddhamitra:<\/b> Nem<br \/>\n  mesmo a m\u00e3e e o pai est\u00e3o t\u00e3o pr\u00f3ximos; onde est\u00e1 a verdadeira intimidade? Nem<br \/>\n  mesmo os buddhas est\u00e3o t\u00e3o pr\u00f3ximos; onde est\u00e1 o grande<br \/>\n  caminho?<br \/><b>Buddhanandi:<\/b> Sua fala ainda n\u00e3o tinha se manifestado porque<br \/>\n  voc\u00ea est\u00e1 unido com a mente essencial. Sua intimidade com seus pais \u00e9 t\u00e3o<br \/>\n  intensa que voc\u00ea hesitou em andar. Mas voc\u00ea deve renunciar ao seu lar, pois a<br \/>\n  intimidade com a mente \u00e9 infinitamente mais intensa. \u00c9 a intimidade da<br \/>\n  n\u00e3o-dualidade. Voc\u00ea n\u00e3o manifestou qualquer a\u00e7\u00e3o porque voc\u00ea j\u00e1 est\u00e1 no grande<br \/>\n  caminho, que n\u00e3o pode ser expresso por qualquer forma exterior ou interior,<br \/>\n  nem mesmo pelas auspiciosas formas douradas dos buddhas, aos quais voc\u00ea \u00e9<br \/>\n  profundamente devotado. Agora, voc\u00ea deve despertar para a mente essencial,<br \/>\n  percebendo que n\u00e3o \u00e9 necess\u00e1rio ficar unido silenciosamente com ela. Tudo o<br \/>\n  que voc\u00ea pensa ou faz n\u00e3o est\u00e1 separado da mente essencial.<\/font> <\/p><\/blockquote>\n<p><font face=\"tahoma, verdana, arial\" size=2>Assim como Shakyamuni fez ao<br \/>\nnascer, Buddhamitra deu sete passos e confirmou o seu \u00edntimo despertar para a<br \/>\nmente essencial, sete passos no grande caminho.<\/font><\/p>\n<p align=center><b><font face=\"tahoma, verdana, arial\" size=4><br \/>\n<a name=\"c\">Transmiss\u00e3o para Parshva<\/a><\/font><sup>2<\/sup><\/b><\/p>\n<p><font face=\"tahoma, verdana, arial\" size=3><b>10. De Buddhamitra para<br \/>\nParshva<\/b><\/font><\/p>\n<p><font face=\"tahoma, verdana, arial\" size=2><a href=\"default.asp?menu=387\" class=\"broken_link\"><font size=\"2\">Parshva<\/font><\/a> tornou-se monge aos 60<br \/>\nanos de idade. Os outros monges e monjas acharam isso rid\u00edculo, mas Parshva<br \/>\ncontinuou a aprender, estudar e meditar. Tr\u00eas anos depois, o mestre Buddhanandi<br \/>\nestava recitando o Sutra do N\u00e3o-nascimento. Parshva, atento, sem se apegar a<br \/>\nqualquer palavra ou gesto do mestre Buddhamitra, simplesmente despertou para a<br \/>\nnatureza b\u00faddhica.<\/font><\/p>\n<hr \/>\n<ol type=\"1\">\n<li><font size=\"1\">Extra\u00eddo de www.dharmanet.com.br<\/font><\/li>\n<\/ol>\n<\/div>\n<p><\/font><\/p>\n<hr \/>\n<div style=\"text-align:right\"><a href=\"#inicio\">Topo<\/a><\/div>\n<hr \/>\n<!-- AddThis Advanced Settings generic via filter on the_content --><!-- AddThis Share Buttons generic via filter on the_content -->","protected":false},"excerpt":{"rendered":"<p>Buddhamitra Transmiss\u00e3o de Buddhanandi\/Transmiss\u00e3o para Parshva O Nono Patriarca Topo Transmiss\u00e3o de Buddhanandi2 9. De Buddhanandi para Buddhamitra Buddhamitra tinha sido mudo e paral\u00edtico desde que nasceu. Aos 50 anos, ele acabou encontrando o mestre Buddhananda, que estava viajando e &hellip; <a href=\"http:\/\/www.nossacasa.net\/shunya\/buddhamitra\/\">Continue lendo <span class=\"meta-nav\">&rarr;<\/span><\/a><!-- AddThis Advanced Settings generic via filter on get_the_excerpt --><!-- AddThis Share Buttons generic via filter on get_the_excerpt --><\/p>\n","protected":false},"author":1,"featured_media":2119,"parent":0,"menu_order":0,"comment_status":"closed","ping_status":"closed","template":"","meta":{"footnotes":""},"class_list":["post-2117","page","type-page","status-publish","has-post-thumbnail","hentry"],"_links":{"self":[{"href":"http:\/\/www.nossacasa.net\/shunya\/wp-json\/wp\/v2\/pages\/2117","targetHints":{"allow":["GET"]}}],"collection":[{"href":"http:\/\/www.nossacasa.net\/shunya\/wp-json\/wp\/v2\/pages"}],"about":[{"href":"http:\/\/www.nossacasa.net\/shunya\/wp-json\/wp\/v2\/types\/page"}],"author":[{"embeddable":true,"href":"http:\/\/www.nossacasa.net\/shunya\/wp-json\/wp\/v2\/users\/1"}],"replies":[{"embeddable":true,"href":"http:\/\/www.nossacasa.net\/shunya\/wp-json\/wp\/v2\/comments?post=2117"}],"version-history":[{"count":2,"href":"http:\/\/www.nossacasa.net\/shunya\/wp-json\/wp\/v2\/pages\/2117\/revisions"}],"predecessor-version":[{"id":2120,"href":"http:\/\/www.nossacasa.net\/shunya\/wp-json\/wp\/v2\/pages\/2117\/revisions\/2120"}],"wp:featuredmedia":[{"embeddable":true,"href":"http:\/\/www.nossacasa.net\/shunya\/wp-json\/wp\/v2\/media\/2119"}],"wp:attachment":[{"href":"http:\/\/www.nossacasa.net\/shunya\/wp-json\/wp\/v2\/media?parent=2117"}],"curies":[{"name":"wp","href":"https:\/\/api.w.org\/{rel}","templated":true}]}}