{"id":2122,"date":"2018-05-18T12:06:51","date_gmt":"2018-05-18T14:06:51","guid":{"rendered":"http:\/\/www.nossacasa.net\/shunya\/?page_id=2122"},"modified":"2018-05-18T12:21:20","modified_gmt":"2018-05-18T14:21:20","slug":"parshvanatha","status":"publish","type":"page","link":"http:\/\/www.nossacasa.net\/shunya\/parshvanatha\/","title":{"rendered":"Parshvanatha"},"content":{"rendered":"<p><font face=\"Verdana\" size=\"2\"><\/p>\n<div style=\"text-align:justify\">\n<a name=\"inicio\"><\/a><a href=\"http:\/\/www.nossacasa.net\/shunya\/?attachment_id=2123\" rel=\"attachment wp-att-2123\"><img loading=\"lazy\" decoding=\"async\" src=\"http:\/\/www.nossacasa.net\/shunya\/wp-content\/uploads\/2018\/05\/Parshvanatha-169x300.jpg\" alt=\"\" width=\"169\" height=\"300\" class=\"alignleft size-medium wp-image-2123\" srcset=\"http:\/\/www.nossacasa.net\/shunya\/wp-content\/uploads\/2018\/05\/Parshvanatha-169x300.jpg 169w, http:\/\/www.nossacasa.net\/shunya\/wp-content\/uploads\/2018\/05\/Parshvanatha.jpg 220w\" sizes=\"auto, (max-width: 169px) 100vw, 169px\" \/><\/a><font size=\"4\"><b>Parshvanatha<\/b><\/font> <br \/>\n<a href=\"#b\"><font size=\"1\">Transmiss\u00e3o de Buddhamitra<\/font><\/a>\/<a href=\"#c\"><font size=\"1\">Transmiss\u00e3o para Punyayashas<\/font><\/a><\/p>\n<p><b>O D\u00e9cimo Patriarca<\/b><\/p>\n<div style=\"text-align:right\"><a href=\"#inicio\"><font size=\"2\">Topo<\/font><\/a><\/div>\n<p align=center><b><font face=\"tahoma, verdana, arial\" size=4><br \/>\n<a name=\"b\">Transmiss\u00e3o de Buddhamitra<\/a><\/font><sup>2<\/sup><\/b><\/p>\n<p><font face=\"tahoma, verdana, arial\" size=3><b>10. De Buddhamitra para<br \/>\nParshva<\/b><\/font><\/p>\n<p><font face=\"tahoma, verdana, arial\" size=2>Parshva  tornou-se monge aos 60<br \/>\nanos de idade. Os outros monges e monjas acharam isso rid\u00edculo, mas Parshva<br \/>\ncontinuou a aprender, estudar e meditar. Tr\u00eas anos depois, o mestre <a href=\"http:\/\/www.nossacasa.net\/shunya\/buddhamitra\/\"><font size=\"2\">Buddhanandi<\/font><\/a> estava recitando o Sutra do N\u00e3o-nascimento.Parshva , atento, sem se apegar a qualquer palavra ou gesto do mestre Buddhamitra, simplesmente despertou para a natureza b\u00faddhica.<\/font><\/p>\n<p align=center><b><font face=\"tahoma, verdana, arial\" size=4><br \/>\n<a name=\"c\">Transmiss\u00e3o para Punyayashas<\/a><\/font><sup>2<\/sup><\/b><\/p>\n<p><font face=\"tahoma, verdana, arial\" size=3><b>11. De Parshva para<br \/>\nPunyayasha[s]<\/b><\/font><\/p>\n<p><font face=\"tahoma, verdana, arial\" size=2>Quando o mestre Parshva chegou \u00e0<br \/>\nvila onde residia <a href=\"default.asp?menu=388\" class=\"broken_link\"><font size=\"2\">Punyayashas<\/font><\/a>, ele avisou aos seus companheiros que ali apareceria um grande s\u00e1bio.<\/font><\/p>\n<blockquote><p><font face=\"tahoma, verdana, arial\" size=2><b>Parshva:<\/b> De onde<br \/>\n  voc\u00ea vem? Onde voc\u00ea mora?<br \/><b>Punyayashas:<\/b> Minha mente n\u00e3o vem nem vai.<br \/>\n  Minha mente n\u00e3o mora em lugar algum.<br \/><b>Parshva:<\/b> Voc\u00ea me parece um<br \/>\n  pouco desorientado.<br \/><b>Punyayashas:<\/b> Todos os buddhas est\u00e3o neste<br \/>\n  estado.<br \/><b>Parshva:<\/b> Esta no\u00e7\u00e3o, &#8220;todos os buddhas&#8221;, \u00e9 uma<br \/>\n  falsifica\u00e7\u00e3o.<\/font> <\/p><\/blockquote>\n<p><font face=\"tahoma, verdana, arial\" size=2>Ap\u00f3s tr\u00eas semanas, Punyayashas<br \/>\nconseguiu compreender o que o mestre havia dito. Ele foi at\u00e9 o mestre Parshva e<br \/>\ncompletou:<\/font><\/p>\n<blockquote><p><font face=\"tahoma, verdana, arial\" size=2>Esta no\u00e7\u00e3o, &#8220;todos os<br \/>\n  buddhas&#8221;, realmente \u00e9 uma falsifica\u00e7\u00e3o, e assim s\u00e3o as no\u00e7\u00f5es de &#8220;sagrado&#8221;,<br \/>\n  &#8220;santo&#8221;, &#8220;especial&#8221;.<\/font><\/p><\/blockquote>\n<hr \/>\n<ol type=\"1\">\n<li><font size=\"1\">Extra\u00eddo de www.dharmanet.com.br<\/font><\/li>\n<\/ol>\n<\/div>\n<p><\/font><\/p>\n<hr \/>\n<div style=\"text-align:right\"><a href=\"#inicio\">Topo<\/a><\/div>\n<hr \/>\n<!-- AddThis Advanced Settings generic via filter on the_content --><!-- AddThis Share Buttons generic via filter on the_content -->","protected":false},"excerpt":{"rendered":"<p>Parshvanatha Transmiss\u00e3o de Buddhamitra\/Transmiss\u00e3o para Punyayashas O D\u00e9cimo Patriarca Topo Transmiss\u00e3o de Buddhamitra2 10. De Buddhamitra para Parshva Parshva tornou-se monge aos 60 anos de idade. Os outros monges e monjas acharam isso rid\u00edculo, mas Parshva continuou a aprender, estudar &hellip; <a href=\"http:\/\/www.nossacasa.net\/shunya\/parshvanatha\/\">Continue lendo <span class=\"meta-nav\">&rarr;<\/span><\/a><!-- AddThis Advanced Settings generic via filter on get_the_excerpt --><!-- AddThis Share Buttons generic via filter on get_the_excerpt --><\/p>\n","protected":false},"author":1,"featured_media":2123,"parent":0,"menu_order":0,"comment_status":"closed","ping_status":"closed","template":"","meta":{"footnotes":""},"class_list":["post-2122","page","type-page","status-publish","has-post-thumbnail","hentry"],"_links":{"self":[{"href":"http:\/\/www.nossacasa.net\/shunya\/wp-json\/wp\/v2\/pages\/2122","targetHints":{"allow":["GET"]}}],"collection":[{"href":"http:\/\/www.nossacasa.net\/shunya\/wp-json\/wp\/v2\/pages"}],"about":[{"href":"http:\/\/www.nossacasa.net\/shunya\/wp-json\/wp\/v2\/types\/page"}],"author":[{"embeddable":true,"href":"http:\/\/www.nossacasa.net\/shunya\/wp-json\/wp\/v2\/users\/1"}],"replies":[{"embeddable":true,"href":"http:\/\/www.nossacasa.net\/shunya\/wp-json\/wp\/v2\/comments?post=2122"}],"version-history":[{"count":3,"href":"http:\/\/www.nossacasa.net\/shunya\/wp-json\/wp\/v2\/pages\/2122\/revisions"}],"predecessor-version":[{"id":2127,"href":"http:\/\/www.nossacasa.net\/shunya\/wp-json\/wp\/v2\/pages\/2122\/revisions\/2127"}],"wp:featuredmedia":[{"embeddable":true,"href":"http:\/\/www.nossacasa.net\/shunya\/wp-json\/wp\/v2\/media\/2123"}],"wp:attachment":[{"href":"http:\/\/www.nossacasa.net\/shunya\/wp-json\/wp\/v2\/media?parent=2122"}],"curies":[{"name":"wp","href":"https:\/\/api.w.org\/{rel}","templated":true}]}}