{"id":2128,"date":"2018-05-18T12:23:15","date_gmt":"2018-05-18T14:23:15","guid":{"rendered":"http:\/\/www.nossacasa.net\/shunya\/?page_id=2128"},"modified":"2018-05-18T12:23:15","modified_gmt":"2018-05-18T14:23:15","slug":"punyayashas","status":"publish","type":"page","link":"http:\/\/www.nossacasa.net\/shunya\/punyayashas\/","title":{"rendered":"Punyayashas"},"content":{"rendered":"<p><font face=\"Verdana\" size=\"2\"><\/p>\n<div style=\"text-align:justify\">\n<a name=\"inicio\"><\/a><a href=\"http:\/\/www.nossacasa.net\/shunya\/?attachment_id=2129\" rel=\"attachment wp-att-2129\"><img loading=\"lazy\" decoding=\"async\" src=\"http:\/\/www.nossacasa.net\/shunya\/wp-content\/uploads\/2018\/05\/Punyayashas.jpg\" alt=\"\" width=\"216\" height=\"233\" class=\"alignleft size-full wp-image-2129\" \/><\/a><font size=\"4\"><b>Punyayashas<\/b><\/font> <br \/>\n<a href=\"#b\"><font size=\"1\">Transmiss\u00e3o de Parshva<\/font><\/a>\/<a href=\"#c\"><font size=\"1\">Transmiss\u00e3o para Ashvagosha<\/font><\/a><\/p>\n<p><b>O D\u00e9cimo Primeiro Patriarca<\/b><\/p>\n<div style=\"text-align:right\"><a href=\"#inicio\"><font size=\"2\">Topo<\/font><\/a><\/div>\n<p align=center><b><font face=\"tahoma, verdana, arial\" size=4><br \/>\n<a name=\"b\">Transmiss\u00e3o de Parshva<\/a><\/font><sup>2<\/sup><\/b><\/p>\n<p><font face=\"tahoma, verdana, arial\" size=3><b>11. De Parshva para<br \/>\nPunyayasha[s]<\/b><\/font><\/p>\n<p><font face=\"tahoma, verdana, arial\" size=2>Quando o mestre  <a href=\"default.asp?menu=387\" class=\"broken_link\"><font size=\"2\">Parshva<\/font><\/a> chegou \u00e0<br \/>\nvila onde residia Punyayashas, ele avisou aos seus companheiros que ali apareceria um grande s\u00e1bio.<\/font><\/p>\n<blockquote><p><font face=\"tahoma, verdana, arial\" size=2><b>Parshva:<\/b> De onde<br \/>\n  voc\u00ea vem? Onde voc\u00ea mora?<br \/><b>Punyayashas:<\/b> Minha mente n\u00e3o vem nem vai.<br \/>\n  Minha mente n\u00e3o mora em lugar algum.<br \/><b>Parshva:<\/b> Voc\u00ea me parece um<br \/>\n  pouco desorientado.<br \/><b>Punyayashas:<\/b> Todos os buddhas est\u00e3o neste<br \/>\n  estado.<br \/><b>Parshva:<\/b> Esta no\u00e7\u00e3o, &#8220;todos os buddhas&#8221;, \u00e9 uma<br \/>\n  falsifica\u00e7\u00e3o.<\/font> <\/p><\/blockquote>\n<p><font face=\"tahoma, verdana, arial\" size=2>Ap\u00f3s tr\u00eas semanas, Punyayashas<br \/>\nconseguiu compreender o que o mestre havia dito. Ele foi at\u00e9 o mestre Parshva e<br \/>\ncompletou:<\/font><\/p>\n<blockquote><p><font face=\"tahoma, verdana, arial\" size=2>Esta no\u00e7\u00e3o, &#8220;todos os<br \/>\n  buddhas&#8221;, realmente \u00e9 uma falsifica\u00e7\u00e3o, e assim s\u00e3o as no\u00e7\u00f5es de &#8220;sagrado&#8221;,<br \/>\n  &#8220;santo&#8221;, &#8220;especial&#8221;.<\/font><\/p><\/blockquote>\n<p align=center><b><font face=\"tahoma, verdana, arial\" size=4><br \/>\n<a name=\"c\">Transmiss\u00e3o para Ashvagosha<\/a><\/font><sup>2<\/sup><\/b><\/p>\n<p><font face=\"tahoma, verdana, arial\" size=3><b>12. De Punyayashas para<br \/>\nAshvagosha [Anabodhi]<\/b><\/font><\/p>\n<p><font face=\"tahoma, verdana, arial\" size=2>O monge <a href=\"default.asp?menu=389\" class=\"broken_link\"><font size=\"2\">Ashvagosha<\/font><\/a>, j\u00e1 conhecido<br \/>\npor suas grandes virtudes, perguntou ao mestre Punyayashas:<\/font><\/p>\n<blockquote><p><font face=\"tahoma, verdana, arial\" size=2><b>Ashvagosha:<\/b> O<br \/>\n  que \u00e9 buddha?<br \/><b>Punyayashas:<\/b> A pessoa que realmente n\u00e3o conhece o<br \/>\n  buddha \u00e9 um buddha.<br \/><b>Ashvaghosha:<\/b> Como algu\u00e9m pode saber<br \/>\n  definitivamente que o estado de n\u00e3o-conhecer \u00e9 buddha?<br \/><b>Punyayashas:<\/b><br \/>\n  Como algu\u00e9m pode saber definitivamente que o estado de n\u00e3o-conhecer <i>n\u00e3o<\/i><br \/>\n  \u00e9 buddha?<br \/><b>Ashvagosha:<\/b> Esta conversa est\u00e1 parecendo uma serra<br \/>\n  afiada.<br \/><b>Punyayashas:<\/b> Tamb\u00e9m parece com uma madeira fina. Para voc\u00ea,<br \/>\n  o que significa a express\u00e3o &#8220;serra afiada&#8221;<br \/><b>Ashvagosha:<\/b> Caro mestre,<br \/>\n  n\u00f3s estamos alinhados como os dentes de uma serra afiada. E para o senhor, o<br \/>\n  que significa a express\u00e3o &#8220;madeira fina&#8221;?<br \/><b>Punyayashas:<\/b> A hora<br \/>\n  chegou. Agora, <i>voc\u00ea<\/i> est\u00e1 serrado!<\/font> <\/p><\/blockquote>\n<p><font face=\"tahoma, verdana, arial\" size=2>O mestre cortou todas as delus\u00f5es<br \/>\nque Ashvagosha, que subitamente alcan\u00e7ou o caminho.<\/font><\/p>\n<hr \/>\n<ol type=\"1\">\n<li><font size=\"1\">Extra\u00eddo de www.dharmanet.com.br<\/font><\/li>\n<\/ol>\n<\/div>\n<p><\/font><\/p>\n<hr \/>\n<div style=\"text-align:right\"><a href=\"#inicio\">Topo<\/a><\/div>\n<hr \/>\n<!-- AddThis Advanced Settings generic via filter on the_content --><!-- AddThis Share Buttons generic via filter on the_content -->","protected":false},"excerpt":{"rendered":"<p>Punyayashas Transmiss\u00e3o de Parshva\/Transmiss\u00e3o para Ashvagosha O D\u00e9cimo Primeiro Patriarca Topo Transmiss\u00e3o de Parshva2 11. De Parshva para Punyayasha[s] Quando o mestre Parshva chegou \u00e0 vila onde residia Punyayashas, ele avisou aos seus companheiros que ali apareceria um grande s\u00e1bio. &hellip; <a href=\"http:\/\/www.nossacasa.net\/shunya\/punyayashas\/\">Continue lendo <span class=\"meta-nav\">&rarr;<\/span><\/a><!-- AddThis Advanced Settings generic via filter on get_the_excerpt --><!-- AddThis Share Buttons generic via filter on get_the_excerpt --><\/p>\n","protected":false},"author":1,"featured_media":2129,"parent":0,"menu_order":0,"comment_status":"closed","ping_status":"closed","template":"","meta":{"footnotes":""},"class_list":["post-2128","page","type-page","status-publish","has-post-thumbnail","hentry"],"_links":{"self":[{"href":"http:\/\/www.nossacasa.net\/shunya\/wp-json\/wp\/v2\/pages\/2128","targetHints":{"allow":["GET"]}}],"collection":[{"href":"http:\/\/www.nossacasa.net\/shunya\/wp-json\/wp\/v2\/pages"}],"about":[{"href":"http:\/\/www.nossacasa.net\/shunya\/wp-json\/wp\/v2\/types\/page"}],"author":[{"embeddable":true,"href":"http:\/\/www.nossacasa.net\/shunya\/wp-json\/wp\/v2\/users\/1"}],"replies":[{"embeddable":true,"href":"http:\/\/www.nossacasa.net\/shunya\/wp-json\/wp\/v2\/comments?post=2128"}],"version-history":[{"count":1,"href":"http:\/\/www.nossacasa.net\/shunya\/wp-json\/wp\/v2\/pages\/2128\/revisions"}],"predecessor-version":[{"id":2130,"href":"http:\/\/www.nossacasa.net\/shunya\/wp-json\/wp\/v2\/pages\/2128\/revisions\/2130"}],"wp:featuredmedia":[{"embeddable":true,"href":"http:\/\/www.nossacasa.net\/shunya\/wp-json\/wp\/v2\/media\/2129"}],"wp:attachment":[{"href":"http:\/\/www.nossacasa.net\/shunya\/wp-json\/wp\/v2\/media?parent=2128"}],"curies":[{"name":"wp","href":"https:\/\/api.w.org\/{rel}","templated":true}]}}