{"id":2136,"date":"2018-05-18T12:31:38","date_gmt":"2018-05-18T14:31:38","guid":{"rendered":"http:\/\/www.nossacasa.net\/shunya\/?page_id=2136"},"modified":"2018-05-18T12:35:33","modified_gmt":"2018-05-18T14:35:33","slug":"kapimala","status":"publish","type":"page","link":"http:\/\/www.nossacasa.net\/shunya\/kapimala\/","title":{"rendered":"Kapimala"},"content":{"rendered":"<p><font face=\"Verdana\" size=\"2\"><\/p>\n<div style=\"text-align:justify\">\n<a name=\"inicio\"><\/a><a href=\"http:\/\/www.nossacasa.net\/shunya\/kapimala\/kapimala-2\/\" rel=\"attachment wp-att-2138\"><img loading=\"lazy\" decoding=\"async\" src=\"http:\/\/www.nossacasa.net\/shunya\/wp-content\/uploads\/2018\/05\/Kapimala-300x183.jpeg\" alt=\"\" width=\"300\" height=\"183\" class=\"alignleft size-medium wp-image-2138\" srcset=\"http:\/\/www.nossacasa.net\/shunya\/wp-content\/uploads\/2018\/05\/Kapimala-300x183.jpeg 300w, http:\/\/www.nossacasa.net\/shunya\/wp-content\/uploads\/2018\/05\/Kapimala-768x468.jpeg 768w, http:\/\/www.nossacasa.net\/shunya\/wp-content\/uploads\/2018\/05\/Kapimala-1024x625.jpeg 1024w, http:\/\/www.nossacasa.net\/shunya\/wp-content\/uploads\/2018\/05\/Kapimala-492x300.jpeg 492w, http:\/\/www.nossacasa.net\/shunya\/wp-content\/uploads\/2018\/05\/Kapimala.jpeg 1500w\" sizes=\"auto, (max-width: 300px) 100vw, 300px\" \/><\/a><font size=\"4\"><b>Kapimala<\/b><\/font> <br \/>\n<a href=\"#b\"><font size=\"1\">Transmiss\u00e3o de Ashvagosha<\/font><\/a>\/<a href=\"#c\"><font size=\"1\">Transmiss\u00e3o para Nagarjuna<\/font><\/a><\/p>\n<p><b>O D\u00e9cimo Terceiro Patriarca<\/b><\/p>\n<div style=\"text-align:right\"><a href=\"#inicio\"><font size=\"2\">Topo<\/font><\/a><\/div>\n<p align=center><b><font face=\"tahoma, verdana, arial\" size=4><br \/>\n<a name=\"b\">Transmiss\u00e3o de Ashvagosha<\/a><\/font><sup>2<\/sup><\/b><\/p>\n<p><font face=\"tahoma, verdana, arial\" size=3><b>13. De Ashvagosha para<br \/>\nKapimala<\/b><\/font><\/p>\n<p><font face=\"tahoma, verdana, arial\" size=2>Kapimala, que praticava v\u00e1rias tradi\u00e7\u00f5es esot\u00e9ricas, tinha tr\u00eas mil seguidores. Diante do mestre  <a href=\"default.asp?menu=389\" class=\"broken_link\"><font size=\"2\">Ashvagosha<\/font><\/a>, Kapimala come\u00e7ou a fazer v\u00e1rias m\u00e1gicas; e todas foram anuladas pelo mestre.<\/font><\/p>\n<blockquote><p><font face=\"tahoma, verdana, arial\" size=2><b>Ashvagosha:<\/b> Voc\u00ea<br \/>\n  pode transformar o vasto oceano com seus poderes?<br \/><b>Kapimala:<\/b><br \/>\n  Certamente!<br \/><b>Ashvagosha:<\/b> E o oceano da realidade? As montanhas, os<br \/>\n  rios e a terra aparecem simplesmente como ondas neste oceano. O grande<br \/>\n  conhecimento e a grande a\u00e7\u00e3o dos humanos completamente realizados parecem<br \/>\n  simplesmente como ondas neste oceano.<\/font> <\/p><\/blockquote>\n<p><font face=\"tahoma, verdana, arial\" size=2>Ent\u00e3o, Kapimala compreendeu que<br \/>\nseus poderes eram meras ondas do oceano da realidade. Assim, ele entrou no<br \/>\nverdadeiro oceano da sabedoria.<\/font><\/p>\n<p align=center><b><font face=\"tahoma, verdana, arial\" size=4><br \/>\n<a name=\"c\">Transmiss\u00e3o para Nagarjuna<\/a><\/font><sup>2<\/sup><\/b><\/p>\n<p><font face=\"tahoma, verdana, arial\" size=3><b>14. De Kapimala para Nagarjuna<\/b><\/font><\/p>\n<p><font face=\"tahoma, verdana, arial\" size=2>O monge <a href=\"default.asp?menu=391\" class=\"broken_link\"><font size=\"2\">Nagarjuna<\/font><\/a> era um grande conhecedor do buddhismo. Certa vez, seu mestre, Kapimala, ganhou uma j\u00f3ia preciosa de outra dimens\u00e3o, do reino das nagas.<\/font><\/p>\n<blockquote><p><font face=\"tahoma, verdana, arial\" size=2><b>Nagarjuna:<\/b> Esta  j\u00f3ia, brilhante e m\u00e1gica, tem forma ou n\u00e3o?<br \/><b>Kapimala:<\/b> Voc\u00ea ainda est\u00e1 obcecado por dualismos, &#8220;com forma&#8221; e &#8220;sem forma&#8221;. Por que voc\u00ea n\u00e3o percebe esta j\u00f3ia diretamente? Ela n\u00e3o tem forma, nem \u00e9 sem-forma. Al\u00e9m disso, ela nem mesmo \u00e9 uma j\u00f3ia.<\/font> <\/p><\/blockquote>\n<p><font face=\"tahoma, verdana, arial\" size=2>Nagarjuna percebe a forma da<br \/>\nn\u00e3o-forma, a j\u00f3ia que n\u00e3o \u00e9 uma j\u00f3ia, e realiza o caminho.<\/font><\/p>\n<hr \/>\n<ol type=\"1\">\n<li><font size=\"1\">Extra\u00eddo de www.dharmanet.com.br<\/font><\/li>\n<\/ol>\n<\/div>\n<p><\/font><\/p>\n<hr \/>\n<div style=\"text-align:right\"><a href=\"#inicio\">Topo<\/a><\/div>\n<hr \/>\n<!-- AddThis Advanced Settings generic via filter on the_content --><!-- AddThis Share Buttons generic via filter on the_content -->","protected":false},"excerpt":{"rendered":"<p>Kapimala Transmiss\u00e3o de Ashvagosha\/Transmiss\u00e3o para Nagarjuna O D\u00e9cimo Terceiro Patriarca Topo Transmiss\u00e3o de Ashvagosha2 13. De Ashvagosha para Kapimala Kapimala, que praticava v\u00e1rias tradi\u00e7\u00f5es esot\u00e9ricas, tinha tr\u00eas mil seguidores. Diante do mestre Ashvagosha, Kapimala come\u00e7ou a fazer v\u00e1rias m\u00e1gicas; e &hellip; <a href=\"http:\/\/www.nossacasa.net\/shunya\/kapimala\/\">Continue lendo <span class=\"meta-nav\">&rarr;<\/span><\/a><!-- AddThis Advanced Settings generic via filter on get_the_excerpt --><!-- AddThis Share Buttons generic via filter on get_the_excerpt --><\/p>\n","protected":false},"author":1,"featured_media":2138,"parent":0,"menu_order":0,"comment_status":"closed","ping_status":"closed","template":"","meta":{"footnotes":""},"class_list":["post-2136","page","type-page","status-publish","has-post-thumbnail","hentry"],"_links":{"self":[{"href":"http:\/\/www.nossacasa.net\/shunya\/wp-json\/wp\/v2\/pages\/2136","targetHints":{"allow":["GET"]}}],"collection":[{"href":"http:\/\/www.nossacasa.net\/shunya\/wp-json\/wp\/v2\/pages"}],"about":[{"href":"http:\/\/www.nossacasa.net\/shunya\/wp-json\/wp\/v2\/types\/page"}],"author":[{"embeddable":true,"href":"http:\/\/www.nossacasa.net\/shunya\/wp-json\/wp\/v2\/users\/1"}],"replies":[{"embeddable":true,"href":"http:\/\/www.nossacasa.net\/shunya\/wp-json\/wp\/v2\/comments?post=2136"}],"version-history":[{"count":3,"href":"http:\/\/www.nossacasa.net\/shunya\/wp-json\/wp\/v2\/pages\/2136\/revisions"}],"predecessor-version":[{"id":2140,"href":"http:\/\/www.nossacasa.net\/shunya\/wp-json\/wp\/v2\/pages\/2136\/revisions\/2140"}],"wp:featuredmedia":[{"embeddable":true,"href":"http:\/\/www.nossacasa.net\/shunya\/wp-json\/wp\/v2\/media\/2138"}],"wp:attachment":[{"href":"http:\/\/www.nossacasa.net\/shunya\/wp-json\/wp\/v2\/media?parent=2136"}],"curies":[{"name":"wp","href":"https:\/\/api.w.org\/{rel}","templated":true}]}}