{"id":2142,"date":"2018-05-18T12:37:55","date_gmt":"2018-05-18T14:37:55","guid":{"rendered":"http:\/\/www.nossacasa.net\/shunya\/?page_id=2142"},"modified":"2018-05-18T12:42:20","modified_gmt":"2018-05-18T14:42:20","slug":"nagarjuna","status":"publish","type":"page","link":"http:\/\/www.nossacasa.net\/shunya\/nagarjuna\/","title":{"rendered":"Nagarjuna"},"content":{"rendered":"<p><font face=\"Verdana\" size=\"2\"><\/p>\n<div style=\"text-align:justify\">\n<a name=\"inicio\"><\/a><a href=\"http:\/\/www.nossacasa.net\/shunya\/nagarjuna\/nagarjuna-2\/\" rel=\"attachment wp-att-2145\"><img loading=\"lazy\" decoding=\"async\" src=\"http:\/\/www.nossacasa.net\/shunya\/wp-content\/uploads\/2018\/05\/Nagarjuna-224x300.jpg\" alt=\"\" width=\"224\" height=\"300\" class=\"alignleft size-medium wp-image-2145\" srcset=\"http:\/\/www.nossacasa.net\/shunya\/wp-content\/uploads\/2018\/05\/Nagarjuna-224x300.jpg 224w, http:\/\/www.nossacasa.net\/shunya\/wp-content\/uploads\/2018\/05\/Nagarjuna.jpg 500w\" sizes=\"auto, (max-width: 224px) 100vw, 224px\" \/><\/a><img loading=\"lazy\" decoding=\"async\" src=\"imagens\/391.jpg\" border=\"0\" width=\"150\" height=\"200\" align=\"left\" alt=\"Nagarjuna\"\/><font size=\"4\"><b>Nagarjuna<\/b><\/font> <br \/>\n<a href=\"#a\"><font size=\"1\">Refer\u00eancias<\/font><\/a>\/<a href=\"#b\"><font size=\"1\">Biografia<\/font><\/a>\/<a href=\"#c\"><font size=\"1\">Transmiss\u00e3o de Kapimala<\/font><\/a>\/<br \/><a href=\"#d\"><font size=\"1\">Transmiss\u00e3o para Aryadeva<\/font><\/a>\/<a href=\"#e\"><font size=\"1\">Textos de Nagarjuna<\/font><\/a>\/<a href=\"#f\"><font size=\"1\">Textos sobre Nagarjuna<\/font><\/a><\/p>\n<p><b>O D\u00e9cimo Quarto Patriarca<\/b><\/p>\n<p align=center><b><font face=\"tahoma, verdana, arial\" size=4><br \/>\n<a name=\"a\">Refer\u00eancias<\/a><\/font><sup>1<\/sup><\/b><\/p>\n<p>Nagarjuna (Nagyaarjuna), 2nd-3\u00ba S\u00e9culo. O D\u00e9cimo quarto Patriarca Hindu. Um anterior exponente do ensinamento Madhyamika, que enfocava as implica\u00e7\u00f5es do Sunyata (Vazio) em todas as categorias conceptuais\/experienciais, cortanto em ess\u00eancia o substancialismo do Abhidharma. O ensino de Nagarjuna \u00e9 aclamado t\u00e3o universalmente que<br \/>\nvirtualmente todos os mais recentes movimentos do Mahayana o reivindicam como um Patriarca. Ver Denkoroku Cap\u00edtulo 15.<\/p>\n<hr \/>\n<div style=\"text-align:right\"><a href=\"#inicio\"><font size=\"2\">Topo<\/font><\/a><\/div>\n<p align=center><b><font face=\"tahoma, verdana, arial\" size=4><br \/>\n<a name=\"b\">Biografia<\/a><\/font><\/b><\/p>\n<p align=\"JUSTIFY\">Nagarjuna<br \/>(aproximadamente 150-250 DC)<br \/>(Fonte: <i>Dicion&aacute;rio de Termos e Conceitos Budistas<\/i>)<\/p>\n<p align=\"JUSTIFY\">Um estudioso Mahayana da &Iacute;ndia Meridional que se pensa ter vivido entre 150 e 250 DC. De acordo com Fuhozo Innen Den, ele foi o d&eacute;cimo quarto de vinte e quatro sucessores de Shakyamuni. Nascido de uma fam&iacute;lia de Br&acirc;mane, ele no princ&iacute;pio estudou o budismo Hinayana mas mais tarde converteu-se em Mahayana. De acordo com Ryuju Bosatsu Den (Vida do Bodhisattva Nagarjuna), uma tradu&ccedil;&atilde;o chinesa de Kumarajiva feita sobre ele). Ele estudou os ensinamentos Mahayana com um velho monge no Himalaya e converteu-se ao Mahayana. Depois disso Nagarjuna viajou pela &Iacute;ndia para dominar todos Sutras Mahayana. O Ryuju Bosatsu Den diz que ele obteve a mais profunda e secreto escritura no pal&aacute;cio do rei drag&atilde;o, e realizou a Lei estudando esta escritura e entrando em medita&ccedil;&atilde;o. Ele escreveu coment&aacute;rios sobre um grande n&uacute;mero Sutras Mahayanas e organizou a funda&ccedil;&atilde;o te&oacute;rica do pensamento Mahayana, deste modo dando uma contribui&ccedil;&atilde;o inestim&aacute;vel para seu desenvolvimento. Ele &eacute; especialmente conhecido por sua sistematiza&ccedil;&atilde;o da doutrina da n&atilde;o substancialidade (Jap ku). Seus tratados incluem o Chu Ron, o Daichido Ron, a Jujubibasha Ron e o Junimon Ron. Sua filosofia foi chamada de doutrina Madhyamika (Meio). Como sua doutrina &eacute; integralmente para o budismo Mahayana, Nagarjuna &eacute; venerada &eacute; o fundador das oito seitas (Kusha, Jojitsu, Ritsu, Hosso, Sanron, Kegon, Tendai e Shingon). Em seus &uacute;ltimos anos ele viveu em Bhramaragiri na parte superior do Rio de Kistna e treinou disc&iacute;pulos, transferindo os ensinamentos para Aryadeva. Shingon o considera como o terceiro patriarca do ensinamento esot&eacute;rico seguindo a Dainichi Buda e Kongosatta. A seita esot&eacute;rica Shingon afirma que Nagarjuna transferiu o ensinamento exot&eacute;rico para Aryadeva e o ensinamneto esot&eacute;rico para Nagabodhi, o quarto patriarca daquela seita.<\/p>\n<div style=\"text-align:right\"><a href=\"#inicio\"><font size=\"2\">Topo<\/font><\/a><\/div>\n<hr \/>\n<p align=center><b><font face=\"tahoma, verdana, arial\" size=4><br \/>\n<a name=\"c\">Transmiss\u00e3o de Kapimala<\/a><\/font><sup>2<\/sup><\/b><\/p>\n<p><font face=\"tahoma, verdana, arial\" size=3><b>14. De Kapimala para Nagarjuna<\/b><\/font><\/p>\n<p><font face=\"tahoma, verdana, arial\" size=2>O monge Nagarjuna era um grande conhecedor do buddhismo. Certa vez, seu mestre, <a href=\"default.asp?menu=390\" class=\"broken_link\"><font size=\"2\">Kapimala<\/font><\/a>, ganhou uma j\u00f3ia preciosa de outra dimens\u00e3o, do reino das nagas.<\/font><\/p>\n<blockquote><p><font face=\"tahoma, verdana, arial\" size=2><b>Nagarjuna:<\/b> Esta  j\u00f3ia, brilhante e m\u00e1gica, tem forma ou n\u00e3o?<br \/><b>Kapimala:<\/b> Voc\u00ea ainda est\u00e1 obcecado por dualismos, &#8220;com forma&#8221; e &#8220;sem forma&#8221;. Por que voc\u00ea n\u00e3o percebe esta j\u00f3ia diretamente? Ela n\u00e3o tem forma, nem \u00e9 sem-forma. Al\u00e9m disso, ela nem mesmo \u00e9 uma j\u00f3ia.<\/font> <\/p><\/blockquote>\n<p><font face=\"tahoma, verdana, arial\" size=2>Nagarjuna percebe a forma da<br \/>\nn\u00e3o-forma, a j\u00f3ia que n\u00e3o \u00e9 uma j\u00f3ia, e realiza o caminho.<\/font><\/p>\n<p align=center><b><font face=\"tahoma, verdana, arial\" size=4><br \/>\n<a name=\"d\">Transmiss\u00e3o para Aryadeva<\/a><\/font><sup>2<\/sup><\/b><\/p>\n<p><font face=\"tahoma, verdana, arial\" size=3><b>15. De Nagarjuna para<br \/>\nAryadeva<\/b><\/font><\/p>\n<p><font face=\"tahoma, verdana, arial\" size=2><a href=\"default.asp?menu=392\" class=\"broken_link\"><font size=\"2\">Aryadeva<\/font><\/a> foi a uma audi\u00eancia com o mestre Nagarjuna, esperando que fosse admitido como disc\u00edpulo. O mestre pediu para colocarem um pote d&#8217;\u00e1gua diante de Aryadeva, que jogou uma agulha no pote e o devolveu a Nagarjuna. Ambos come\u00e7aram a rir, e Aryadeva realizou a perfei\u00e7\u00e3o da sabedoria.<\/font><\/p>\n<ol type=\"1\">\n<li><font size=\"1\">Extra\u00eddo de &#8220;Ensinos do Mestre Zen Anzan&#8221; Roshi(texto compilado pelo Ven. Jinmyo Fleming ino e traduzido ao Portugu&ecirc;s por Claudio Miklos.<\/font><\/li>\n<li><font size=\"1\">Extra\u00eddo de www.dharmanet.com.br<\/font><\/li>\n<\/ol>\n<hr \/>\n<p><font face=\"Comic Sans MS\" size=\"3\" color=\"#800000\"><a name=\"e\">Textos de Nagarjuna<\/a><\/font><br \/>\n<a href=\"default.asp?menu=412\" class=\"broken_link\"><font size=\"2\">Vinte Versos Mahayana<\/font><\/a><br \/>\n<a href=\"default.asp?menu=411\" class=\"broken_link\"><font size=\"2\">Prece de Sete Ramos<\/font><\/a><br \/>\n<a href=\"default.asp?menu=410\" class=\"broken_link\"><font size=\"2\">Homenagem \u00e0 Perfei\u00e7\u00e3o da Sabedoria<\/font><\/a><br \/>\n<a href=\"default.asp?menu=409\" class=\"broken_link\"><font size=\"2\">Estado Superior e Bondade Suprema<\/font><\/a><\/p>\n<div style=\"text-align:right\"><a href=\"#inicio\"><font size=\"2\">Topo<\/font><\/a><\/div>\n<hr \/>\n<p><font face=\"Comic Sans MS\" size=\"3\" color=\"#800000\"><a name=\"f\">Textos sobre Nagarjuna<\/a><\/font><br \/>\n<a href=\"default.asp?menu=1062\" class=\"broken_link\"><font size=\"2\">O Cerne da Madhyamaka de Nagarjuna<\/font><\/a> <br \/>\n<a href=\"default.asp?menu=947\" class=\"broken_link\"><font size=\"2\">Sobre Dhyana (Ch &#8216;an\/Zen) Medita&ccedil;&atilde;o e Desejos<\/font><\/a> <br \/>\n<a href=\"default.asp?menu=946\" class=\"broken_link\"><font size=\"2\">Mestre do Caminho do Meio<\/font><\/a> <br \/>\n<a href=\"default.asp?menu=945\" class=\"broken_link\"><font size=\"2\">Madhyamaka e Nagarjuna<\/font><\/a> <br \/>\n<a href=\"default.asp?menu=944\" class=\"broken_link\"><font size=\"2\">Nagarjuna, Carta a um amigo<\/font><\/a> com o coment\u00e1riodo Vener\u00e1vel Rendawa, Zh\u00f6n-nu Lo-dr\u00f6<br \/>\n<a href=\"default.asp?menu=943\" class=\"broken_link\"><font size=\"2\">Nagarjuna<\/font><\/a> por Dan Lusthaus<br \/>\n<a href=\"default.asp?menu=941\" class=\"broken_link\"><font size=\"2\">A Vida de Nagarjuna<\/font><\/a> por Georg Feuerstein<br \/>\n<a href=\"default.asp?menu=930\" class=\"broken_link\"><font size=\"2\">A natureza fundamental e a perfei&ccedil;&atilde;o da sabedoria<\/font><\/a>\n<\/div>\n<p><\/font><\/p>\n<hr \/>\n<div style=\"text-align:right\"><a href=\"#inicio\">Topo<\/a><\/div>\n<hr \/>\n<!-- AddThis Advanced Settings generic via filter on the_content --><!-- AddThis Share Buttons generic via filter on the_content -->","protected":false},"excerpt":{"rendered":"<p>Nagarjuna Refer\u00eancias\/Biografia\/Transmiss\u00e3o de Kapimala\/Transmiss\u00e3o para Aryadeva\/Textos de Nagarjuna\/Textos sobre Nagarjuna O D\u00e9cimo Quarto Patriarca Refer\u00eancias1 Nagarjuna (Nagyaarjuna), 2nd-3\u00ba S\u00e9culo. O D\u00e9cimo quarto Patriarca Hindu. Um anterior exponente do ensinamento Madhyamika, que enfocava as implica\u00e7\u00f5es do Sunyata (Vazio) em todas as &hellip; <a href=\"http:\/\/www.nossacasa.net\/shunya\/nagarjuna\/\">Continue lendo <span class=\"meta-nav\">&rarr;<\/span><\/a><!-- AddThis Advanced Settings generic via filter on get_the_excerpt --><!-- AddThis Share Buttons generic via filter on get_the_excerpt --><\/p>\n","protected":false},"author":1,"featured_media":2145,"parent":0,"menu_order":0,"comment_status":"closed","ping_status":"closed","template":"","meta":{"footnotes":""},"class_list":["post-2142","page","type-page","status-publish","has-post-thumbnail","hentry"],"_links":{"self":[{"href":"http:\/\/www.nossacasa.net\/shunya\/wp-json\/wp\/v2\/pages\/2142","targetHints":{"allow":["GET"]}}],"collection":[{"href":"http:\/\/www.nossacasa.net\/shunya\/wp-json\/wp\/v2\/pages"}],"about":[{"href":"http:\/\/www.nossacasa.net\/shunya\/wp-json\/wp\/v2\/types\/page"}],"author":[{"embeddable":true,"href":"http:\/\/www.nossacasa.net\/shunya\/wp-json\/wp\/v2\/users\/1"}],"replies":[{"embeddable":true,"href":"http:\/\/www.nossacasa.net\/shunya\/wp-json\/wp\/v2\/comments?post=2142"}],"version-history":[{"count":3,"href":"http:\/\/www.nossacasa.net\/shunya\/wp-json\/wp\/v2\/pages\/2142\/revisions"}],"predecessor-version":[{"id":2146,"href":"http:\/\/www.nossacasa.net\/shunya\/wp-json\/wp\/v2\/pages\/2142\/revisions\/2146"}],"wp:featuredmedia":[{"embeddable":true,"href":"http:\/\/www.nossacasa.net\/shunya\/wp-json\/wp\/v2\/media\/2145"}],"wp:attachment":[{"href":"http:\/\/www.nossacasa.net\/shunya\/wp-json\/wp\/v2\/media?parent=2142"}],"curies":[{"name":"wp","href":"https:\/\/api.w.org\/{rel}","templated":true}]}}