{"id":2148,"date":"2018-05-18T14:52:04","date_gmt":"2018-05-18T16:52:04","guid":{"rendered":"http:\/\/www.nossacasa.net\/shunya\/?page_id=2148"},"modified":"2018-05-18T14:54:24","modified_gmt":"2018-05-18T16:54:24","slug":"aryadeva","status":"publish","type":"page","link":"http:\/\/www.nossacasa.net\/shunya\/aryadeva\/","title":{"rendered":"Aryadeva"},"content":{"rendered":"<p><font face=\"Verdana\" size=\"2\"><\/p>\n<div style=\"text-align:justify\">\n<a name=\"inicio\"><\/a><a href=\"http:\/\/www.nossacasa.net\/shunya\/aryadeva\/aryadeva-2\/\" rel=\"attachment wp-att-2150\"><img loading=\"lazy\" decoding=\"async\" src=\"http:\/\/www.nossacasa.net\/shunya\/wp-content\/uploads\/2018\/05\/Aryadeva-225x300.jpg\" alt=\"\" width=\"225\" height=\"300\" class=\"alignleft size-medium wp-image-2150\" srcset=\"http:\/\/www.nossacasa.net\/shunya\/wp-content\/uploads\/2018\/05\/Aryadeva-225x300.jpg 225w, http:\/\/www.nossacasa.net\/shunya\/wp-content\/uploads\/2018\/05\/Aryadeva.jpg 387w\" sizes=\"auto, (max-width: 225px) 100vw, 225px\" \/><\/a><font size=\"4\"><b>Aryadeva<\/b><\/font> <br \/>\n<a href=\"#b\"><font size=\"1\">Transmiss\u00e3o de Nagarjuna<\/font><\/a>\/<a href=\"#c\"><font size=\"1\">Transmiss\u00e3o para Rahulata<\/font><\/a><\/p>\n<p><b>O D\u00e9cimo Quinto Patriarca<\/b><\/p>\n<div style=\"text-align:right\"><a href=\"#inicio\"><font size=\"2\">Topo<\/font><\/a><\/div>\n<p align=center><b><font face=\"tahoma, verdana, arial\" size=4><br \/>\n<a name=\"b\">Transmiss\u00e3o de Nagarjuna<\/a><\/font><sup>2<\/sup><\/b><\/p>\n<p><font face=\"tahoma, verdana, arial\" size=3><b>15. De Nagarjuna para<br \/>\nAryadeva<\/b><\/font><\/p>\n<p><font face=\"tahoma, verdana, arial\" size=2>Aryadeva foi a uma audi\u00eancia com o mestre <a href=\"default.asp?menu=391\" class=\"broken_link\"><font size=\"2\">Nagarjuna<\/font><\/a>, esperando que fosse admitido como disc\u00edpulo. O mestre pediu para colocarem um pote d&#8217;\u00e1gua diante de Aryadeva, que jogou uma agulha no pote e o devolveu a Nagarjuna. Ambos come\u00e7aram a rir, e Aryadeva realizou a perfei\u00e7\u00e3o da sabedoria.<\/font><\/p>\n<p align=center><b><font face=\"tahoma, verdana, arial\" size=4><br \/>\n<a name=\"c\">Transmiss\u00e3o para Rahulata<\/a><\/font><sup>2<\/sup><\/b><\/p>\n<p><b><font face=\"tahoma, verdana, arial\" size=3>16. De Aryadeva para Rahulata<br \/>\n[Rahulabhadra]<\/font><\/b><\/p>\n<p><font face=\"tahoma, verdana, arial\" size=2>O jovem <a href=\"default.asp?menu=393\" class=\"broken_link\"><font size=\"2\">Rahulata<\/font><\/a> estava ouvindo<br \/>\numa conversa entre seu pai e o mestre Aryadeva. Simplesmente ouvindo, o menino<br \/>\ntamb\u00e9m despertou a sabedoria.<\/font><\/p>\n<hr \/>\n<ol type=\"1\">\n<li><font size=\"1\">Extra\u00eddo de www.dharmanet.com.br<\/font><\/li>\n<\/ol>\n<\/div>\n<p><\/font><\/p>\n<hr \/>\n<div style=\"text-align:right\"><a href=\"#inicio\">Topo<\/a><\/div>\n<hr \/>\n<!-- AddThis Advanced Settings generic via filter on the_content --><!-- AddThis Share Buttons generic via filter on the_content -->","protected":false},"excerpt":{"rendered":"<p>Aryadeva Transmiss\u00e3o de Nagarjuna\/Transmiss\u00e3o para Rahulata O D\u00e9cimo Quinto Patriarca Topo Transmiss\u00e3o de Nagarjuna2 15. De Nagarjuna para Aryadeva Aryadeva foi a uma audi\u00eancia com o mestre Nagarjuna, esperando que fosse admitido como disc\u00edpulo. O mestre pediu para colocarem um &hellip; <a href=\"http:\/\/www.nossacasa.net\/shunya\/aryadeva\/\">Continue lendo <span class=\"meta-nav\">&rarr;<\/span><\/a><!-- AddThis Advanced Settings generic via filter on get_the_excerpt --><!-- AddThis Share Buttons generic via filter on get_the_excerpt --><\/p>\n","protected":false},"author":1,"featured_media":2150,"parent":0,"menu_order":0,"comment_status":"closed","ping_status":"closed","template":"","meta":{"footnotes":""},"class_list":["post-2148","page","type-page","status-publish","has-post-thumbnail","hentry"],"_links":{"self":[{"href":"http:\/\/www.nossacasa.net\/shunya\/wp-json\/wp\/v2\/pages\/2148","targetHints":{"allow":["GET"]}}],"collection":[{"href":"http:\/\/www.nossacasa.net\/shunya\/wp-json\/wp\/v2\/pages"}],"about":[{"href":"http:\/\/www.nossacasa.net\/shunya\/wp-json\/wp\/v2\/types\/page"}],"author":[{"embeddable":true,"href":"http:\/\/www.nossacasa.net\/shunya\/wp-json\/wp\/v2\/users\/1"}],"replies":[{"embeddable":true,"href":"http:\/\/www.nossacasa.net\/shunya\/wp-json\/wp\/v2\/comments?post=2148"}],"version-history":[{"count":3,"href":"http:\/\/www.nossacasa.net\/shunya\/wp-json\/wp\/v2\/pages\/2148\/revisions"}],"predecessor-version":[{"id":2152,"href":"http:\/\/www.nossacasa.net\/shunya\/wp-json\/wp\/v2\/pages\/2148\/revisions\/2152"}],"wp:featuredmedia":[{"embeddable":true,"href":"http:\/\/www.nossacasa.net\/shunya\/wp-json\/wp\/v2\/media\/2150"}],"wp:attachment":[{"href":"http:\/\/www.nossacasa.net\/shunya\/wp-json\/wp\/v2\/media?parent=2148"}],"curies":[{"name":"wp","href":"https:\/\/api.w.org\/{rel}","templated":true}]}}