{"id":2158,"date":"2018-05-18T15:02:48","date_gmt":"2018-05-18T17:02:48","guid":{"rendered":"http:\/\/www.nossacasa.net\/shunya\/?page_id=2158"},"modified":"2018-05-18T15:05:41","modified_gmt":"2018-05-18T17:05:41","slug":"sanghanandi","status":"publish","type":"page","link":"http:\/\/www.nossacasa.net\/shunya\/sanghanandi\/","title":{"rendered":"Sanghanandi"},"content":{"rendered":"<p><font face=\"Verdana\" size=\"2\"><\/p>\n<div style=\"text-align:justify\">\n<a name=\"inicio\"><\/a><a href=\"http:\/\/www.nossacasa.net\/shunya\/sanghanandi\/sanghanandi-2\/\" rel=\"attachment wp-att-2160\"><img loading=\"lazy\" decoding=\"async\" src=\"http:\/\/www.nossacasa.net\/shunya\/wp-content\/uploads\/2018\/05\/Sanghanandi-286x300.jpg\" alt=\"\" width=\"286\" height=\"300\" class=\"alignleft size-medium wp-image-2160\" srcset=\"http:\/\/www.nossacasa.net\/shunya\/wp-content\/uploads\/2018\/05\/Sanghanandi-286x300.jpg 286w, http:\/\/www.nossacasa.net\/shunya\/wp-content\/uploads\/2018\/05\/Sanghanandi.jpg 400w\" sizes=\"auto, (max-width: 286px) 100vw, 286px\" \/><\/a><font size=\"4\"><b>Sanghanandi<\/b><\/font> <br \/>\n<a href=\"#a\"><font size=\"1\">Refer\u00eancias<\/font><\/a>\/<a href=\"#b\"><font size=\"1\">Transmiss\u00e3o de Rahulata<\/font><\/a>\/<a href=\"#c\"><font size=\"1\">Transmiss\u00e3o para Gayashata<\/font><\/a><\/p>\n<p><b>O D\u00e9cimo S\u00e9timo Patriarca<\/b><\/p>\n<p align=center><b><font face=\"tahoma, verdana, arial\" size=4><br \/>\n<a name=\"a\">Refer\u00eancias<\/a><\/font><sup>1<\/sup><\/b><\/p>\n<p>Sanghanandi (Sogyanandai), d. 74 B.C.E. O D\u00e9cimo s\u00e9timo Patriarca Hindu. Ver Denkoroku Cap\u00edtulo 18.<\/p>\n<hr \/>\n<div style=\"text-align:right\"><a href=\"#inicio\"><font size=\"2\">Topo<\/font><\/a><\/div>\n<p align=center><b><font face=\"tahoma, verdana, arial\" size=4><br \/>\n<a name=\"b\">Transmiss\u00e3o de Rahulata<\/a><\/font><sup>2<\/sup><\/b><\/p>\n<p><font face=\"tahoma, verdana, arial\" size=3><b>17. De Rahulata para<br \/>\nSanghanandi<\/b><\/font><\/p>\n<p><font face=\"tahoma, verdana, arial\" size=2>Desde a inf\u00e2ncia, Sanghanandi<br \/>\ninteressou-se pelo buddhismo. Aos 19 anos de idade, abandonou o pal\u00e1cio onde<br \/>\nmorava e passou a morar em uma caverna distante. Aos 29 anos, ele encontrou o<br \/>\nmestre <a href=\"default.asp?menu=393\" class=\"broken_link\"><font size=\"2\">Rahulata<\/font><\/a>, que lhe disse:<\/font><\/p>\n<blockquote><p><font face=\"tahoma, verdana, arial\" size=2>Por mim, que n\u00e3o tenho<br \/>\n  um &#8220;eu limitado&#8221;, voc\u00ea pode ver claramente o &#8220;eu ilimitado&#8221;. Se voc\u00ea concordar<br \/>\n  profundamente comigo, perceber\u00e1 que o &#8220;eu limitado&#8221; nunca se funde no &#8220;eu<br \/>\n  ilimitado&#8221; durante a profunda absor\u00e7\u00e3o do <i>samadhi<\/i>. Por qu\u00ea? Para aquele<br \/>\n  que v\u00ea o &#8220;eu ilimitado&#8221; claramente, o &#8220;eu limitado&#8221; simplesmente n\u00e3o existe,<br \/>\n  nem mesmo chegou a existir.<\/font> <\/p><\/blockquote>\n<p><font face=\"tahoma, verdana, arial\" size=2>Assim, Sanghanandi viu claramente<br \/>\no eu ilimitado e recebeu a transmiss\u00e3o.<\/font><\/p>\n<p align=center><b><font face=\"tahoma, verdana, arial\" size=4><br \/>\n<a name=\"c\">Transmiss\u00e3o para Gayashata<\/a><\/font><sup>2<\/sup><\/b><\/p>\n<p><font face=\"tahoma, verdana, arial\" size=3><b>18. De Sanghanandi para<br \/>\nGayashata [Sanghayathata]<\/b><\/font><\/p>\n<p><font face=\"tahoma, verdana, arial\" size=2><a href=\"default.asp?menu=395\" class=\"broken_link\"><font size=\"2\">Gayashata<\/font><\/a> nasceu com uma grande<br \/>\nsabedoria e, ainda jovem, encontrou o mestre Sanghanandi. Ao ouvir o barulho de<br \/>\num sino ao vento, o mestre perguntou:<\/font><\/p>\n<blockquote><p><font face=\"tahoma, verdana, arial\" size=2><b>Sanghanandi:<\/b> O<br \/>\n  sino est\u00e1 tocando ou vento est\u00e1 tocando?<br \/><b>Gayashata:<\/b> N\u00e3o \u00e9 o sino,<br \/>\n  nem mesmo o vento, mas sim a grande mente que est\u00e1<br \/>\n  tocando.<br \/><b>Sanghanandi:<\/b> Para quem a grande mente est\u00e1 aparecendo<br \/>\n  agora?<br \/><b>Gayashata:<\/b> Tanto o sino quanto o vento s\u00e3o o sil\u00eancio da<br \/>\n  grande mente.<\/font> <\/p><\/blockquote>\n<p><font face=\"tahoma, verdana, arial\" size=2>No som silencioso da mente, a<br \/>\nsabedoria se manifestou espontaneamente.<\/font><\/p>\n<hr \/>\n<ol type=\"1\">\n<li><font size=\"1\">Extra\u00eddo de &#8220;Ensinos do Mestre Zen Anzan&#8221; Roshi(texto compilado pelo Ven. Jinmyo Fleming ino e traduzido ao Portugu&ecirc;s por Claudio Miklos.<\/font><\/li>\n<li><font size=\"1\">Extra\u00eddo de www.dharmanet.com.br<\/font><\/li>\n<\/ol>\n<\/div>\n<p><\/font><\/p>\n<hr \/>\n<div style=\"text-align:right\"><a href=\"#inicio\">Topo<\/a><\/div>\n<hr \/>\n<!-- AddThis Advanced Settings generic via filter on the_content --><!-- AddThis Share Buttons generic via filter on the_content -->","protected":false},"excerpt":{"rendered":"<p>Sanghanandi Refer\u00eancias\/Transmiss\u00e3o de Rahulata\/Transmiss\u00e3o para Gayashata O D\u00e9cimo S\u00e9timo Patriarca Refer\u00eancias1 Sanghanandi (Sogyanandai), d. 74 B.C.E. O D\u00e9cimo s\u00e9timo Patriarca Hindu. Ver Denkoroku Cap\u00edtulo 18. Topo Transmiss\u00e3o de Rahulata2 17. De Rahulata para Sanghanandi Desde a inf\u00e2ncia, Sanghanandi interessou-se pelo &hellip; <a href=\"http:\/\/www.nossacasa.net\/shunya\/sanghanandi\/\">Continue lendo <span class=\"meta-nav\">&rarr;<\/span><\/a><!-- AddThis Advanced Settings generic via filter on get_the_excerpt --><!-- AddThis Share Buttons generic via filter on get_the_excerpt --><\/p>\n","protected":false},"author":1,"featured_media":2160,"parent":0,"menu_order":0,"comment_status":"closed","ping_status":"closed","template":"","meta":{"footnotes":""},"class_list":["post-2158","page","type-page","status-publish","has-post-thumbnail","hentry"],"_links":{"self":[{"href":"http:\/\/www.nossacasa.net\/shunya\/wp-json\/wp\/v2\/pages\/2158","targetHints":{"allow":["GET"]}}],"collection":[{"href":"http:\/\/www.nossacasa.net\/shunya\/wp-json\/wp\/v2\/pages"}],"about":[{"href":"http:\/\/www.nossacasa.net\/shunya\/wp-json\/wp\/v2\/types\/page"}],"author":[{"embeddable":true,"href":"http:\/\/www.nossacasa.net\/shunya\/wp-json\/wp\/v2\/users\/1"}],"replies":[{"embeddable":true,"href":"http:\/\/www.nossacasa.net\/shunya\/wp-json\/wp\/v2\/comments?post=2158"}],"version-history":[{"count":3,"href":"http:\/\/www.nossacasa.net\/shunya\/wp-json\/wp\/v2\/pages\/2158\/revisions"}],"predecessor-version":[{"id":2162,"href":"http:\/\/www.nossacasa.net\/shunya\/wp-json\/wp\/v2\/pages\/2158\/revisions\/2162"}],"wp:featuredmedia":[{"embeddable":true,"href":"http:\/\/www.nossacasa.net\/shunya\/wp-json\/wp\/v2\/media\/2160"}],"wp:attachment":[{"href":"http:\/\/www.nossacasa.net\/shunya\/wp-json\/wp\/v2\/media?parent=2158"}],"curies":[{"name":"wp","href":"https:\/\/api.w.org\/{rel}","templated":true}]}}