{"id":2171,"date":"2018-05-18T15:22:53","date_gmt":"2018-05-18T17:22:53","guid":{"rendered":"http:\/\/www.nossacasa.net\/shunya\/?page_id=2171"},"modified":"2018-05-18T15:22:53","modified_gmt":"2018-05-18T17:22:53","slug":"kumarata","status":"publish","type":"page","link":"http:\/\/www.nossacasa.net\/shunya\/kumarata\/","title":{"rendered":"Kumarata"},"content":{"rendered":"<p><font face=\"Verdana\" size=\"2\"><\/p>\n<div style=\"text-align:justify\">\n<a name=\"inicio\"><\/a><a href=\"http:\/\/www.nossacasa.net\/shunya\/?attachment_id=2172\" rel=\"attachment wp-att-2172\"><img loading=\"lazy\" decoding=\"async\" src=\"http:\/\/www.nossacasa.net\/shunya\/wp-content\/uploads\/2018\/05\/kumarata.jpg\" alt=\"\" width=\"189\" height=\"200\" class=\"alignleft size-full wp-image-2172\" \/><\/a><font size=\"4\"><b>Kumarata<\/b><\/font> <br \/>\n<a href=\"#b\"><font size=\"1\">Transmiss\u00e3o de Gayashata<\/font><\/a>\/<a href=\"#c\"><font size=\"1\">Transmiss\u00e3o para Jayata<\/font><\/a><\/p>\n<p><b>O D\u00e9cimo Nono Patriarca<\/b><\/p>\n<div style=\"text-align:right\"><a href=\"#inicio\"><font size=\"2\">Topo<\/font><\/a><\/div>\n<p align=center><b><font face=\"tahoma, verdana, arial\" size=4><br \/>\n<a name=\"b\">Transmiss\u00e3o de Gayashata<\/a><\/font><sup>2<\/sup><\/b><\/p>\n<p><font face=\"tahoma, verdana, arial\" size=3><b>19. De Gayashata a<br \/>\nKumara[la]ta<\/b><\/font><\/p>\n<p><font face=\"tahoma, verdana, arial\" size=2>O mestre <a href=\"http:\/\/www.nossacasa.net\/shunya\/gayashata\/\"><font size=\"2\">Gayashata<\/font><\/a> encontrou<br \/>\nKumarata em uma pequena vila indiana, proclamando:<\/font><\/p>\n<blockquote><p><font face=\"tahoma, verdana, arial\" size=2>O vener\u00e1vel e s\u00e1bio<br \/>\n  Shakyamuni profetizou que, mil anos depois de seus <i>mahaparinirvana<\/i>, um<br \/>\n  grande ser nasceria nesta pequena vila, um ser <i>vajra<\/i> que deve receber e<br \/>\n  transmitir o ensinamento s\u00fabito. Voc\u00ea realizou esta boa fortuna simplesmente<br \/>\n  ao me encontrar.<\/font> <\/p><\/blockquote>\n<p><font face=\"tahoma, verdana, arial\" size=2>Realmente, ao ouvir aquelas palavras, Kumarata subitamente alcan\u00e7ou o caminho.<\/font><\/p>\n<p align=center><b><font face=\"tahoma, verdana, arial\" size=4><br \/>\n<a name=\"c\">Transmiss\u00e3o para Jayata<\/a><\/font><sup>2<\/sup><\/b><\/p>\n<p><font face=\"tahoma, verdana, arial\" size=3><b>20. De Kumarata para Jayata [Shayata]<\/b><\/font><\/p>\n<p><font face=\"tahoma, verdana, arial\" size=2><a href=\"default.asp?menu=397\" class=\"broken_link\"><font size=\"2\">Jayata<\/font><\/a> conhecia muito bem os ensinamentos de Buddha, mas ainda tinha muitas d\u00favidas a respeito do<br \/>\n<i>karma<\/i>. Ent\u00e3o, o mestre Kumarata explicou:<\/font><\/p>\n<blockquote><p><font face=\"tahoma, verdana, arial\" size=2>Voc\u00ea ainda n\u00e3o percebeu<br \/>\n  que as estruturas morais do karma, coerentes como s\u00e3o, manifestam-se apenas<br \/>\n  pelo senso delus\u00f3rio da separa\u00e7\u00e3o. O sentido de separa\u00e7\u00e3o resulta da<br \/>\n  consci\u00eancia sujeito-objeto, que por sua vez resulta da ignor\u00e2ncia. Esta teia<br \/>\n  de aparente causalidade vislumbra dentro do espa\u00e7o da mente pura, a extens\u00e3o<br \/>\n  infinita que n\u00e3o experimenta nem a origina\u00e7\u00e3o nem a cessa\u00e7\u00e3o. A mente pura,<br \/>\n  livre da atividade e da identidade, \u00e9 portanto livre de quaisquer resultados<br \/>\n  que possam aparecer do karma, tanto superiores quanto inferiores. A mente pura<br \/>\n  \u00e9 din\u00e2mica e penetrante; por\u00e9m, \u00e9 essencialmente tranq\u00fcila. No momento em que<br \/>\n  voc\u00ea assimilar esta verdade, voc\u00ea ser\u00e1 exatamente o mesmo com todos os buddhas<br \/>\n  do espa\u00e7o e do tempo. Voc\u00ea ver\u00e1 as condi\u00e7\u00f5es chamadas de boas ou ruins, assim<br \/>\n  como a extens\u00e3o incondicionada que est\u00e1 al\u00e9m do &#8220;bem&#8221; e do &#8220;mal&#8221;, como sendo<br \/>\n  sonhos v\u00edvidos e insubstanciais.<\/font> <\/p><\/blockquote>\n<p><font face=\"tahoma, verdana, arial\" size=2>Assim, Jayata extinguiu suas<br \/>\nd\u00favidas e realizou a perfei\u00e7\u00e3o da sabedoria.<\/font><\/p>\n<hr \/>\n<ol type=\"1\">\n<li><font size=\"1\">Extra\u00eddo de www.dharmanet.com.br<\/font><\/li>\n<\/ol>\n<\/div>\n<p><\/font><\/p>\n<hr \/>\n<div style=\"text-align:right\"><a href=\"#inicio\">Topo<\/a><\/div>\n<hr \/>\n<!-- AddThis Advanced Settings generic via filter on the_content --><!-- AddThis Share Buttons generic via filter on the_content -->","protected":false},"excerpt":{"rendered":"<p>Kumarata Transmiss\u00e3o de Gayashata\/Transmiss\u00e3o para Jayata O D\u00e9cimo Nono Patriarca Topo Transmiss\u00e3o de Gayashata2 19. De Gayashata a Kumara[la]ta O mestre Gayashata encontrou Kumarata em uma pequena vila indiana, proclamando: O vener\u00e1vel e s\u00e1bio Shakyamuni profetizou que, mil anos depois &hellip; <a href=\"http:\/\/www.nossacasa.net\/shunya\/kumarata\/\">Continue lendo <span class=\"meta-nav\">&rarr;<\/span><\/a><!-- AddThis Advanced Settings generic via filter on get_the_excerpt --><!-- AddThis Share Buttons generic via filter on get_the_excerpt --><\/p>\n","protected":false},"author":1,"featured_media":2172,"parent":0,"menu_order":0,"comment_status":"closed","ping_status":"closed","template":"","meta":{"footnotes":""},"class_list":["post-2171","page","type-page","status-publish","has-post-thumbnail","hentry"],"_links":{"self":[{"href":"http:\/\/www.nossacasa.net\/shunya\/wp-json\/wp\/v2\/pages\/2171","targetHints":{"allow":["GET"]}}],"collection":[{"href":"http:\/\/www.nossacasa.net\/shunya\/wp-json\/wp\/v2\/pages"}],"about":[{"href":"http:\/\/www.nossacasa.net\/shunya\/wp-json\/wp\/v2\/types\/page"}],"author":[{"embeddable":true,"href":"http:\/\/www.nossacasa.net\/shunya\/wp-json\/wp\/v2\/users\/1"}],"replies":[{"embeddable":true,"href":"http:\/\/www.nossacasa.net\/shunya\/wp-json\/wp\/v2\/comments?post=2171"}],"version-history":[{"count":1,"href":"http:\/\/www.nossacasa.net\/shunya\/wp-json\/wp\/v2\/pages\/2171\/revisions"}],"predecessor-version":[{"id":2173,"href":"http:\/\/www.nossacasa.net\/shunya\/wp-json\/wp\/v2\/pages\/2171\/revisions\/2173"}],"wp:featuredmedia":[{"embeddable":true,"href":"http:\/\/www.nossacasa.net\/shunya\/wp-json\/wp\/v2\/media\/2172"}],"wp:attachment":[{"href":"http:\/\/www.nossacasa.net\/shunya\/wp-json\/wp\/v2\/media?parent=2171"}],"curies":[{"name":"wp","href":"https:\/\/api.w.org\/{rel}","templated":true}]}}