{"id":2175,"date":"2018-05-18T15:27:21","date_gmt":"2018-05-18T17:27:21","guid":{"rendered":"http:\/\/www.nossacasa.net\/shunya\/?page_id=2175"},"modified":"2018-05-18T15:27:21","modified_gmt":"2018-05-18T17:27:21","slug":"jayata","status":"publish","type":"page","link":"http:\/\/www.nossacasa.net\/shunya\/jayata\/","title":{"rendered":"Jayata"},"content":{"rendered":"<p><font face=\"Verdana\" size=\"2\"><\/p>\n<div style=\"text-align:justify\">\n<a name=\"inicio\"><\/a><a href=\"http:\/\/www.nossacasa.net\/shunya\/?attachment_id=2176\" rel=\"attachment wp-att-2176\"><img loading=\"lazy\" decoding=\"async\" src=\"http:\/\/www.nossacasa.net\/shunya\/wp-content\/uploads\/2018\/05\/Jayata-300x168.jpg\" alt=\"\" width=\"300\" height=\"168\" class=\"alignleft size-medium wp-image-2176\" \/><\/a><font size=\"4\"><b>Jayata<\/b><\/font> <br \/>\n<a href=\"#b\"><font size=\"1\">Transmiss\u00e3o de Kumarata<\/font><\/a>\/<a href=\"#c\"><font size=\"1\">Transmiss\u00e3o para Vasubandhu<\/font><\/a><\/p>\n<p><b>O Vig\u00e9simo Patriarca<\/b><\/p>\n<div style=\"text-align:right\"><a href=\"#inicio\"><font size=\"2\">Topo<\/font><\/a><\/div>\n<p align=center><b><font face=\"tahoma, verdana, arial\" size=4><br \/>\n<a name=\"b\">Transmiss\u00e3o de Kumarata<\/a><\/font><sup>2<\/sup><\/b><\/p>\n<p><font face=\"tahoma, verdana, arial\" size=3><b>20. De Kumarata para Jayata<br \/>\n[Shayata]<\/b><\/font><\/p>\n<p><font face=\"tahoma, verdana, arial\" size=2>Jayata conhecia muito bem os<br \/>\nensinamentos de Buddha, mas ainda tinha muitas d\u00favidas a respeito do<br \/>\n<i>karma<\/i>. Ent\u00e3o, o mestre <a href=\"default.asp?menu=396\" class=\"broken_link\"><font size=\"2\">Kumarata<\/font><\/a> explicou:<\/font><\/p>\n<blockquote><p><font face=\"tahoma, verdana, arial\" size=2>Voc\u00ea ainda n\u00e3o percebeu<br \/>\n  que as estruturas morais do karma, coerentes como s\u00e3o, manifestam-se apenas<br \/>\n  pelo senso delus\u00f3rio da separa\u00e7\u00e3o. O sentido de separa\u00e7\u00e3o resulta da<br \/>\n  consci\u00eancia sujeito-objeto, que por sua vez resulta da ignor\u00e2ncia. Esta teia<br \/>\n  de aparente causalidade vislumbra dentro do espa\u00e7o da mente pura, a extens\u00e3o<br \/>\n  infinita que n\u00e3o experimenta nem a origina\u00e7\u00e3o nem a cessa\u00e7\u00e3o. A mente pura,<br \/>\n  livre da atividade e da identidade, \u00e9 portanto livre de quaisquer resultados<br \/>\n  que possam aparecer do karma, tanto superiores quanto inferiores. A mente pura<br \/>\n  \u00e9 din\u00e2mica e penetrante; por\u00e9m, \u00e9 essencialmente tranq\u00fcila. No momento em que<br \/>\n  voc\u00ea assimilar esta verdade, voc\u00ea ser\u00e1 exatamente o mesmo com todos os buddhas<br \/>\n  do espa\u00e7o e do tempo. Voc\u00ea ver\u00e1 as condi\u00e7\u00f5es chamadas de boas ou ruins, assim<br \/>\n  como a extens\u00e3o incondicionada que est\u00e1 al\u00e9m do &#8220;bem&#8221; e do &#8220;mal&#8221;, como sendo<br \/>\n  sonhos v\u00edvidos e insubstanciais.<\/font> <\/p><\/blockquote>\n<p><font face=\"tahoma, verdana, arial\" size=2>Assim, Jayata extinguiu suas<br \/>\nd\u00favidas e realizou a perfei\u00e7\u00e3o da sabedoria.<\/font><\/p>\n<p align=center><b><font face=\"tahoma, verdana, arial\" size=4><br \/>\n<a name=\"c\">Transmiss\u00e3o para Vasubandhu<\/a><\/font><sup>2<\/sup><\/b><\/p>\n<p><font face=\"tahoma, verdana, arial\" size=3><b>21. De Jayata para<br \/>\nVasubandhu<\/b><\/font><\/p>\n<p><font face=\"tahoma, verdana, arial\" size=2><a href=\"default.asp?menu=398\" class=\"broken_link\"><font size=\"2\">Vasubandhu<\/font><\/a> era um monge com muitos<br \/>\nseguidores, venerado antes mesmo de nascer. O mestre Jayata entrou em sua sangha<br \/>\ncomo um mendigo e perguntou:<\/font><\/p>\n<blockquote><p><font face=\"tahoma, verdana, arial\" size=2><b>Jayata:<\/b><br \/>\n  Vasubandhu \u00e9 muito puro, mas ser\u00e1 que ele vai despertar<br \/>\n  completamente?<br \/><b>Monges:<\/b> Ele j\u00e1 um desperto.<br \/><b>Jayata:<\/b> O<br \/>\n  mestre de voc\u00eas ainda est\u00e1 longe do despertar completo. Ele pode continuar a<br \/>\n  praticar a disciplina severa e a promulgar defini\u00e7\u00f5es rigorosas por v\u00e1rias<br \/>\n  eras mas, sem o despertar completo, estes esfor\u00e7os s\u00f3 plantar\u00e3o sementes de<br \/>\n  divis\u00e3o, de import\u00e2ncia, de obsess\u00e3o, de limita\u00e7\u00e3o.<br \/><b>Monge superior:<\/b><br \/>\n  Que poder espiritual voc\u00ea acumulou, s\u00e1bio errante, para poder avaliar o nosso<br \/>\n  mestre?<br \/><b>Jayata:<\/b> Nunca segui o caminho da evolu\u00e7\u00e3o; ent\u00e3o, n\u00e3o sou<br \/>\n  dividido. Nunca venerei os buddhas; ent\u00e3o, n\u00e3o sou importante. Nunca pratiquei<br \/>\n  a medita\u00e7\u00e3o silenciosa; ent\u00e3o, n\u00e3o sou obsesso. Nunca coloquei limites; ent\u00e3o,<br \/>\n  n\u00e3o sou limitado. Simplesmente permanecendo em sua natureza verdadeira, minha<br \/>\n  mente <i>j\u00e1 \u00e9<\/i> o despertar completo.<\/font> <\/p><\/blockquote>\n<p><font face=\"tahoma, verdana, arial\" size=2>Vasubandhu, que estava por perto,<br \/>\ntamb\u00e9m ouviu isso e compreendeu que sua verdadeira natureza tamb\u00e9m era o<br \/>\ncompleto despertar.<\/font><\/p>\n<hr \/>\n<ol type=\"1\">\n<li><font size=\"1\">Extra\u00eddo de www.dharmanet.com.br<\/font><\/li>\n<\/ol>\n<\/div>\n<p><\/font><\/p>\n<hr \/>\n<div style=\"text-align:right\"><a href=\"#inicio\">Topo<\/a><\/div>\n<hr \/>\n<!-- AddThis Advanced Settings generic via filter on the_content --><!-- AddThis Share Buttons generic via filter on the_content -->","protected":false},"excerpt":{"rendered":"<p>Jayata Transmiss\u00e3o de Kumarata\/Transmiss\u00e3o para Vasubandhu O Vig\u00e9simo Patriarca Topo Transmiss\u00e3o de Kumarata2 20. De Kumarata para Jayata [Shayata] Jayata conhecia muito bem os ensinamentos de Buddha, mas ainda tinha muitas d\u00favidas a respeito do karma. Ent\u00e3o, o mestre Kumarata &hellip; <a href=\"http:\/\/www.nossacasa.net\/shunya\/jayata\/\">Continue lendo <span class=\"meta-nav\">&rarr;<\/span><\/a><!-- AddThis Advanced Settings generic via filter on get_the_excerpt --><!-- AddThis Share Buttons generic via filter on get_the_excerpt --><\/p>\n","protected":false},"author":1,"featured_media":2176,"parent":0,"menu_order":0,"comment_status":"closed","ping_status":"closed","template":"","meta":{"footnotes":""},"class_list":["post-2175","page","type-page","status-publish","has-post-thumbnail","hentry"],"_links":{"self":[{"href":"http:\/\/www.nossacasa.net\/shunya\/wp-json\/wp\/v2\/pages\/2175","targetHints":{"allow":["GET"]}}],"collection":[{"href":"http:\/\/www.nossacasa.net\/shunya\/wp-json\/wp\/v2\/pages"}],"about":[{"href":"http:\/\/www.nossacasa.net\/shunya\/wp-json\/wp\/v2\/types\/page"}],"author":[{"embeddable":true,"href":"http:\/\/www.nossacasa.net\/shunya\/wp-json\/wp\/v2\/users\/1"}],"replies":[{"embeddable":true,"href":"http:\/\/www.nossacasa.net\/shunya\/wp-json\/wp\/v2\/comments?post=2175"}],"version-history":[{"count":1,"href":"http:\/\/www.nossacasa.net\/shunya\/wp-json\/wp\/v2\/pages\/2175\/revisions"}],"predecessor-version":[{"id":2177,"href":"http:\/\/www.nossacasa.net\/shunya\/wp-json\/wp\/v2\/pages\/2175\/revisions\/2177"}],"wp:featuredmedia":[{"embeddable":true,"href":"http:\/\/www.nossacasa.net\/shunya\/wp-json\/wp\/v2\/media\/2176"}],"wp:attachment":[{"href":"http:\/\/www.nossacasa.net\/shunya\/wp-json\/wp\/v2\/media?parent=2175"}],"curies":[{"name":"wp","href":"https:\/\/api.w.org\/{rel}","templated":true}]}}