{"id":2179,"date":"2018-05-18T15:31:46","date_gmt":"2018-05-18T17:31:46","guid":{"rendered":"http:\/\/www.nossacasa.net\/shunya\/?page_id=2179"},"modified":"2018-05-18T15:31:46","modified_gmt":"2018-05-18T17:31:46","slug":"vasubandhu","status":"publish","type":"page","link":"http:\/\/www.nossacasa.net\/shunya\/vasubandhu\/","title":{"rendered":"Vasubandhu"},"content":{"rendered":"<p><font face=\"Verdana\" size=\"2\"><\/p>\n<div style=\"text-align:justify\">\n<a name=\"inicio\"><\/a><a href=\"http:\/\/www.nossacasa.net\/shunya\/?attachment_id=2180\" rel=\"attachment wp-att-2180\"><img loading=\"lazy\" decoding=\"async\" src=\"http:\/\/www.nossacasa.net\/shunya\/wp-content\/uploads\/2018\/05\/Vasubandhu.jpg\" alt=\"\" width=\"218\" height=\"231\" class=\"alignleft size-full wp-image-2180\" \/><\/a><font size=\"4\"><b>Vasubandhu<\/b><\/font> <br \/>\n<a href=\"#b\"><font size=\"1\">Transmiss\u00e3o de Jayata<\/font><\/a>\/<a href=\"#c\"><font size=\"1\">Transmiss\u00e3o para Manorhita<\/font><\/a><\/p>\n<p><b>O Vig\u00e9simo Primeiro Patriarca<\/b><\/p>\n<div style=\"text-align:right\"><a href=\"#inicio\"><font size=\"2\">Topo<\/font><\/a><\/div>\n<p align=center><b><font face=\"tahoma, verdana, arial\" size=4><br \/>\n<a name=\"b\">Transmiss\u00e3o de Jayata<\/a><\/font><sup>2<\/sup><\/b><\/p>\n<p><font face=\"tahoma, verdana, arial\" size=3><b>21. De Jayata para<br \/>\nVasubandhu<\/b><\/font><\/p>\n<p><font face=\"tahoma, verdana, arial\" size=2>Vasubandhu era um monge com muitos<br \/>\nseguidores, venerado antes mesmo de nascer. O mestre <a href=\"default.asp?menu=397\" class=\"broken_link\"><font size=\"2\">Jayata<\/font><\/a> entrou em sua sangha como um mendigo e perguntou:<\/font><\/p>\n<blockquote><p><font face=\"tahoma, verdana, arial\" size=2><b>Jayata:<\/b><br \/>\n  Vasubandhu \u00e9 muito puro, mas ser\u00e1 que ele vai despertar completamente?<br \/><b>Monges:<\/b> Ele j\u00e1 um desperto.<br \/><b>Jayata:<\/b> O mestre de voc\u00eas ainda est\u00e1 longe do despertar completo. Ele pode continuar a<br \/>\n  praticar a disciplina severa e a promulgar defini\u00e7\u00f5es rigorosas por v\u00e1rias eras mas, sem o despertar completo, estes esfor\u00e7os s\u00f3 plantar\u00e3o sementes de divis\u00e3o, de import\u00e2ncia, de obsess\u00e3o, de limita\u00e7\u00e3o.<br \/><b>Monge superior:<\/b><br \/>\n  Que poder espiritual voc\u00ea acumulou, s\u00e1bio errante, para poder avaliar o nosso mestre?<br \/><b>Jayata:<\/b> Nunca segui o caminho da evolu\u00e7\u00e3o; ent\u00e3o, n\u00e3o sou dividido. Nunca venerei os buddhas; ent\u00e3o, n\u00e3o sou importante. Nunca pratiquei a medita\u00e7\u00e3o silenciosa; ent\u00e3o, n\u00e3o sou obsesso. Nunca coloquei limites; ent\u00e3o, n\u00e3o sou limitado. Simplesmente permanecendo em sua natureza verdadeira, minha mente <i>j\u00e1 \u00e9<\/i> o despertar completo.<\/font> <\/p><\/blockquote>\n<p><font face=\"tahoma, verdana, arial\" size=2>Vasubandhu, que estava por perto, tamb\u00e9m ouviu isso e compreendeu que sua verdadeira natureza tamb\u00e9m era o completo despertar.<\/font><\/p>\n<p align=center><b><font face=\"tahoma, verdana, arial\" size=4><br \/>\n<a name=\"c\">Transmiss\u00e3o para Manorhita<\/a><\/font><sup>2<\/sup><\/b><\/p>\n<p><font face=\"tahoma, verdana, arial\" size=3><b>22. De Vasubandhu para<br \/>\nManorhita [Manorata]<\/b><\/font><\/p>\n<p><font face=\"tahoma, verdana, arial\" size=2><a href=\"default.asp?menu=399\" class=\"broken_link\"><font size=\"2\">Manorhita<\/font><\/a> era o monge ajudante do mestre Vasubandhu. Certa vez, perguntou:<\/font><\/p>\n<blockquote><p><font face=\"tahoma, verdana, arial\" size=2><b>Manorhita:<\/b> O que<br \/>\n  \u00e9 exatamente a ilumina\u00e7\u00e3o dos buddhas?<br \/><b>Vasubandhu:<\/b> Esta ilumina\u00e7\u00e3o \u00e9<br \/>\n  simplesmente a natureza essencial da consci\u00eancia cotidiana.<br \/><b>Manorhita:<\/b> O que \u00e9 a natureza essencial da consci\u00eancia cotidiana?<br \/><b>Vasubandhu:<\/b> \u00c9 a aus\u00eancia de qualquer separa\u00e7\u00e3o entre  \u00f3rg\u00e3os dos sentidos, objetos dos sentidos e consci\u00eancias dos sentidos.<\/font>\n<\/p><\/blockquote>\n<p><font face=\"tahoma, verdana, arial\" size=2>Subitamente, Manorhita compreendeu a natureza essencial de consci\u00eancia e recebeu a transmiss\u00e3o.<\/font><\/p>\n<hr \/>\n<ol type=\"1\">\n<li><font size=\"1\">Extra\u00eddo de www.dharmanet.com.br<\/font><\/li>\n<\/ol>\n<\/div>\n<p><\/font><\/p>\n<hr \/>\n<div style=\"text-align:right\"><a href=\"#inicio\">Topo<\/a><\/div>\n<hr \/>\n<!-- AddThis Advanced Settings generic via filter on the_content --><!-- AddThis Share Buttons generic via filter on the_content -->","protected":false},"excerpt":{"rendered":"<p>Vasubandhu Transmiss\u00e3o de Jayata\/Transmiss\u00e3o para Manorhita O Vig\u00e9simo Primeiro Patriarca Topo Transmiss\u00e3o de Jayata2 21. De Jayata para Vasubandhu Vasubandhu era um monge com muitos seguidores, venerado antes mesmo de nascer. O mestre Jayata entrou em sua sangha como um &hellip; <a href=\"http:\/\/www.nossacasa.net\/shunya\/vasubandhu\/\">Continue lendo <span class=\"meta-nav\">&rarr;<\/span><\/a><!-- AddThis Advanced Settings generic via filter on get_the_excerpt --><!-- AddThis Share Buttons generic via filter on get_the_excerpt --><\/p>\n","protected":false},"author":1,"featured_media":2180,"parent":0,"menu_order":0,"comment_status":"closed","ping_status":"closed","template":"","meta":{"footnotes":""},"class_list":["post-2179","page","type-page","status-publish","has-post-thumbnail","hentry"],"_links":{"self":[{"href":"http:\/\/www.nossacasa.net\/shunya\/wp-json\/wp\/v2\/pages\/2179","targetHints":{"allow":["GET"]}}],"collection":[{"href":"http:\/\/www.nossacasa.net\/shunya\/wp-json\/wp\/v2\/pages"}],"about":[{"href":"http:\/\/www.nossacasa.net\/shunya\/wp-json\/wp\/v2\/types\/page"}],"author":[{"embeddable":true,"href":"http:\/\/www.nossacasa.net\/shunya\/wp-json\/wp\/v2\/users\/1"}],"replies":[{"embeddable":true,"href":"http:\/\/www.nossacasa.net\/shunya\/wp-json\/wp\/v2\/comments?post=2179"}],"version-history":[{"count":1,"href":"http:\/\/www.nossacasa.net\/shunya\/wp-json\/wp\/v2\/pages\/2179\/revisions"}],"predecessor-version":[{"id":2181,"href":"http:\/\/www.nossacasa.net\/shunya\/wp-json\/wp\/v2\/pages\/2179\/revisions\/2181"}],"wp:featuredmedia":[{"embeddable":true,"href":"http:\/\/www.nossacasa.net\/shunya\/wp-json\/wp\/v2\/media\/2180"}],"wp:attachment":[{"href":"http:\/\/www.nossacasa.net\/shunya\/wp-json\/wp\/v2\/media?parent=2179"}],"curies":[{"name":"wp","href":"https:\/\/api.w.org\/{rel}","templated":true}]}}