{"id":2183,"date":"2018-05-18T15:36:05","date_gmt":"2018-05-18T17:36:05","guid":{"rendered":"http:\/\/www.nossacasa.net\/shunya\/?page_id=2183"},"modified":"2018-05-18T15:37:24","modified_gmt":"2018-05-18T17:37:24","slug":"manorhita","status":"publish","type":"page","link":"http:\/\/www.nossacasa.net\/shunya\/manorhita\/","title":{"rendered":"Manorhita"},"content":{"rendered":"<p><font face=\"Verdana\" size=\"2\"><\/p>\n<div style=\"text-align:justify\">\n<a name=\"inicio\"><\/a><a href=\"http:\/\/www.nossacasa.net\/shunya\/manorhita\/manorhita-2\/\" rel=\"attachment wp-att-2185\"><img loading=\"lazy\" decoding=\"async\" src=\"http:\/\/www.nossacasa.net\/shunya\/wp-content\/uploads\/2018\/05\/Manorhita-274x300.jpg\" alt=\"\" width=\"274\" height=\"300\" class=\"alignleft size-medium wp-image-2185\" \/><\/a><font size=\"4\"><b>Manorhita<\/b><\/font> <br \/>\n<a href=\"#b\"><font size=\"1\">Transmiss\u00e3o de Vasubandhu<\/font><\/a>\/<a href=\"#c\"><font size=\"1\">Transmiss\u00e3o para Haklenayasha<\/font><\/a><\/p>\n<p><b>O Vig\u00e9simo Segundo Patriarca<\/b><\/p>\n<div style=\"text-align:right\"><a href=\"#inicio\"><font size=\"2\">Topo<\/font><\/a><\/div>\n<p align=center><b><font face=\"tahoma, verdana, arial\" size=4><br \/>\n<a name=\"b\">Transmiss\u00e3o de Vasubandhu<\/a><\/font><sup>2<\/sup><\/b><\/p>\n<p><font face=\"tahoma, verdana, arial\" size=3><b>22. De Vasubandhu para<br \/>\nManorhita [Manorata]<\/b><\/font><\/p>\n<p><font face=\"tahoma, verdana, arial\" size=2>Manorhita era o monge ajudante do mestre <a href=\"default.asp?menu=398\" class=\"broken_link\"><font size=\"2\">Vasubandhu<\/font><\/a>. Certa vez, perguntou:<\/font><\/p>\n<blockquote><p><font face=\"tahoma, verdana, arial\" size=2><b>Manorhita:<\/b> O que<br \/>\n  \u00e9 exatamente a ilumina\u00e7\u00e3o dos buddhas?<br \/><b>Vasubandhu:<\/b> Esta ilumina\u00e7\u00e3o \u00e9<br \/>\n  simplesmente a natureza essencial da consci\u00eancia cotidiana.<br \/><b>Manorhita:<\/b> O que \u00e9 a natureza essencial da consci\u00eancia cotidiana?<br \/><b>Vasubandhu:<\/b> \u00c9 a aus\u00eancia de qualquer separa\u00e7\u00e3o entre  \u00f3rg\u00e3os dos sentidos, objetos dos sentidos e consci\u00eancias dos sentidos.<\/font>\n<\/p><\/blockquote>\n<p><font face=\"tahoma, verdana, arial\" size=2>Subitamente, Manorhita compreendeu a natureza essencial de consci\u00eancia e recebeu a transmiss\u00e3o.<\/font><\/p>\n<p align=center><b><font face=\"tahoma, verdana, arial\" size=4><br \/>\n<a name=\"c\">Transmiss\u00e3o para Haklenayasha<\/a><\/font><sup>2<\/sup><\/b><\/p>\n<p><font face=\"tahoma, verdana, arial\" size=3><b>23. De Manorhita para<br \/>\nHaklenayasha[s]<\/b><\/font><\/p>\n<p><font face=\"tahoma, verdana, arial\" size=2><a href=\"default.asp?menu=400\" class=\"broken_link\"><font size=\"2\">Haklenayashas<\/font><\/a> tornou-se monge aos 22 anos. Aos 30, encontrou o mestre Manorhita, que lhe fez uma grandiosa revela\u00e7\u00e3o:<\/font><\/p>\n<blockquote><p><font face=\"tahoma, verdana, arial\" size=2>Sou o tesouro incompar\u00e1vel e inesgot\u00e1vel da ilumina\u00e7\u00e3o total. Agora, voc\u00ea deve receber este  tesouro, tornar-se este tesouro, transmitir este tesouro \u00e0s gera\u00e7\u00f5es<br \/>\n  futuras.<\/font> <\/p><\/blockquote>\n<p><font face=\"tahoma, verdana, arial\" size=2>Simplesmente ouvindo estas<br \/>\npalavras, Haklenayashas despertou subitamente.<\/font><\/p>\n<hr \/>\n<ol type=\"1\">\n<li><font size=\"1\">Extra\u00eddo de www.dharmanet.com.br<\/font><\/li>\n<\/ol>\n<\/div>\n<p><\/font><\/p>\n<hr \/>\n<div style=\"text-align:right\"><a href=\"#inicio\">Topo<\/a><\/div>\n<hr \/>\n<!-- AddThis Advanced Settings generic via filter on the_content --><!-- AddThis Share Buttons generic via filter on the_content -->","protected":false},"excerpt":{"rendered":"<p>Manorhita Transmiss\u00e3o de Vasubandhu\/Transmiss\u00e3o para Haklenayasha O Vig\u00e9simo Segundo Patriarca Topo Transmiss\u00e3o de Vasubandhu2 22. De Vasubandhu para Manorhita [Manorata] Manorhita era o monge ajudante do mestre Vasubandhu. Certa vez, perguntou: Manorhita: O que \u00e9 exatamente a ilumina\u00e7\u00e3o dos buddhas?Vasubandhu: &hellip; <a href=\"http:\/\/www.nossacasa.net\/shunya\/manorhita\/\">Continue lendo <span class=\"meta-nav\">&rarr;<\/span><\/a><!-- AddThis Advanced Settings generic via filter on get_the_excerpt --><!-- AddThis Share Buttons generic via filter on get_the_excerpt --><\/p>\n","protected":false},"author":1,"featured_media":2185,"parent":0,"menu_order":0,"comment_status":"closed","ping_status":"closed","template":"","meta":{"footnotes":""},"class_list":["post-2183","page","type-page","status-publish","has-post-thumbnail","hentry"],"_links":{"self":[{"href":"http:\/\/www.nossacasa.net\/shunya\/wp-json\/wp\/v2\/pages\/2183","targetHints":{"allow":["GET"]}}],"collection":[{"href":"http:\/\/www.nossacasa.net\/shunya\/wp-json\/wp\/v2\/pages"}],"about":[{"href":"http:\/\/www.nossacasa.net\/shunya\/wp-json\/wp\/v2\/types\/page"}],"author":[{"embeddable":true,"href":"http:\/\/www.nossacasa.net\/shunya\/wp-json\/wp\/v2\/users\/1"}],"replies":[{"embeddable":true,"href":"http:\/\/www.nossacasa.net\/shunya\/wp-json\/wp\/v2\/comments?post=2183"}],"version-history":[{"count":2,"href":"http:\/\/www.nossacasa.net\/shunya\/wp-json\/wp\/v2\/pages\/2183\/revisions"}],"predecessor-version":[{"id":2186,"href":"http:\/\/www.nossacasa.net\/shunya\/wp-json\/wp\/v2\/pages\/2183\/revisions\/2186"}],"wp:featuredmedia":[{"embeddable":true,"href":"http:\/\/www.nossacasa.net\/shunya\/wp-json\/wp\/v2\/media\/2185"}],"wp:attachment":[{"href":"http:\/\/www.nossacasa.net\/shunya\/wp-json\/wp\/v2\/media?parent=2183"}],"curies":[{"name":"wp","href":"https:\/\/api.w.org\/{rel}","templated":true}]}}