{"id":2187,"date":"2018-05-18T15:41:34","date_gmt":"2018-05-18T17:41:34","guid":{"rendered":"http:\/\/www.nossacasa.net\/shunya\/?page_id=2187"},"modified":"2018-05-18T15:41:34","modified_gmt":"2018-05-18T17:41:34","slug":"haklenayasha","status":"publish","type":"page","link":"http:\/\/www.nossacasa.net\/shunya\/haklenayasha\/","title":{"rendered":"Haklenayasha"},"content":{"rendered":"<p><font face=\"Verdana\" size=\"2\"><\/p>\n<div style=\"text-align:justify\">\n<a name=\"inicio\"><\/a><a href=\"http:\/\/www.nossacasa.net\/shunya\/?attachment_id=2188\" rel=\"attachment wp-att-2188\"><img loading=\"lazy\" decoding=\"async\" src=\"http:\/\/www.nossacasa.net\/shunya\/wp-content\/uploads\/2018\/05\/Haklenayasha.jpg\" alt=\"\" width=\"199\" height=\"254\" class=\"alignleft size-full wp-image-2188\" \/><\/a><font size=\"4\"><b>Haklenayasha<\/b><\/font> <br \/>\n<a href=\"#b\"><font size=\"1\">Transmiss\u00e3o de Manorhita<\/font><\/a>\/<a href=\"#c\"><font size=\"1\">Transmiss\u00e3o para Aryasimha<\/font><\/a><\/p>\n<p><b>O Vig\u00e9simo Terceiro Patriarca<\/b><\/p>\n<div style=\"text-align:right\"><a href=\"#inicio\"><font size=\"2\">Topo<\/font><\/a><\/div>\n<p align=center><b><font face=\"tahoma, verdana, arial\" size=4><br \/>\n<a name=\"b\">Transmiss\u00e3o de Manorhita<\/a><\/font><sup>2<\/sup><\/b><\/p>\n<p><font face=\"tahoma, verdana, arial\" size=3><b>23. De Manorhita para<br \/>\nHaklenayasha[s]<\/b><\/font><\/p>\n<p><font face=\"tahoma, verdana, arial\" size=2>Haklenayashas tornou-se monge aos 22 anos. Aos 30, encontrou o mestre <a href=\"default.asp?menu=399\" class=\"broken_link\"><font size=\"2\">Manorhita<\/font><\/a>, que lhe fez uma grandiosa revela\u00e7\u00e3o:<\/font><\/p>\n<blockquote><p><font face=\"tahoma, verdana, arial\" size=2>Sou o tesouro incompar\u00e1vel e inesgot\u00e1vel da ilumina\u00e7\u00e3o total. Agora, voc\u00ea deve receber este  tesouro, tornar-se este tesouro, transmitir este tesouro \u00e0s gera\u00e7\u00f5es<br \/>\n  futuras.<\/font> <\/p><\/blockquote>\n<p><font face=\"tahoma, verdana, arial\" size=2>Simplesmente ouvindo estas<br \/>\npalavras, Haklenayashas despertou subitamente.<\/font><\/p>\n<p align=center><b><font face=\"tahoma, verdana, arial\" size=4><br \/>\n<a name=\"c\">Transmiss\u00e3o para Aryasimha<\/a><\/font><sup>2<\/sup><\/b><\/p>\n<p><font face=\"tahoma, verdana, arial\" size=3><b>24. De Haklenayashas para<br \/>\nAryasimha [Simhabodhi]<\/b><\/font><\/p>\n<p><font face=\"tahoma, verdana, arial\" \nsize=2><a href=\"default.asp?menu=401\" class=\"broken_link\"><font size=\"2\">Aryasimha<\/font><\/a> conhecia diversos ensinamentos de outras tradi\u00e7\u00f5es, mas<br \/>\nencontrou o seu caminho no Dharma de Buddha. Certa vez, ele perguntou ao mestre<br \/>\nHaklenayashas:<\/font> <\/p>\n<blockquote>\n<p><font face=\"tahoma, verdana, arial\" size=2><b>Aryasimha:<\/b> Estou<br \/>\n  comprometido a seguir o caminho de Buddha. Que votos e m\u00e9todos devo<br \/>\n  adotar?<br \/><b>Haklenayashas:<\/b> Para algu\u00e9m verdadeiramente comprometido com<br \/>\n  o caminho de Buddha, n\u00e3o h\u00e1 procedimentos.<br \/><b>Aryasimha:<\/b> Ent\u00e3o, como a<br \/>\n  atividade de Buddha pode fluir?<br \/><b>Haklenayashas:<\/b> Ocupar-se ou<br \/>\n  preocupar-se com procedimentos n\u00e3o \u00e9 a atividade de Buddha. N\u00e3o fazer coisa<br \/>\n  alguma \u00e9 a atividade de Buddha. Como ensina o sutra, &#8220;Quaisquer m\u00e9ritos que eu<br \/>\n  atinja n\u00e3o pertencem a mim.&#8221;<\/font><\/p>\n<\/blockquote>\n<p><font face=\"tahoma, verdana, arial\" size=2>Deste modo, Aryasimha realizou a<br \/>\natividade de Buddha.<\/font><\/p>\n<hr \/>\n<ol type=\"1\">\n<li><font size=\"1\">Extra\u00eddo de www.dharmanet.com.br<\/font><\/li>\n<\/ol>\n<\/div>\n<p><\/font><\/p>\n<hr \/>\n<div style=\"text-align:right\"><a href=\"#inicio\">Topo<\/a><\/div>\n<hr \/>\n<!-- AddThis Advanced Settings generic via filter on the_content --><!-- AddThis Share Buttons generic via filter on the_content -->","protected":false},"excerpt":{"rendered":"<p>Haklenayasha Transmiss\u00e3o de Manorhita\/Transmiss\u00e3o para Aryasimha O Vig\u00e9simo Terceiro Patriarca Topo Transmiss\u00e3o de Manorhita2 23. De Manorhita para Haklenayasha[s] Haklenayashas tornou-se monge aos 22 anos. Aos 30, encontrou o mestre Manorhita, que lhe fez uma grandiosa revela\u00e7\u00e3o: Sou o tesouro &hellip; <a href=\"http:\/\/www.nossacasa.net\/shunya\/haklenayasha\/\">Continue lendo <span class=\"meta-nav\">&rarr;<\/span><\/a><!-- AddThis Advanced Settings generic via filter on get_the_excerpt --><!-- AddThis Share Buttons generic via filter on get_the_excerpt --><\/p>\n","protected":false},"author":1,"featured_media":0,"parent":0,"menu_order":0,"comment_status":"closed","ping_status":"closed","template":"","meta":{"footnotes":""},"class_list":["post-2187","page","type-page","status-publish","hentry"],"_links":{"self":[{"href":"http:\/\/www.nossacasa.net\/shunya\/wp-json\/wp\/v2\/pages\/2187","targetHints":{"allow":["GET"]}}],"collection":[{"href":"http:\/\/www.nossacasa.net\/shunya\/wp-json\/wp\/v2\/pages"}],"about":[{"href":"http:\/\/www.nossacasa.net\/shunya\/wp-json\/wp\/v2\/types\/page"}],"author":[{"embeddable":true,"href":"http:\/\/www.nossacasa.net\/shunya\/wp-json\/wp\/v2\/users\/1"}],"replies":[{"embeddable":true,"href":"http:\/\/www.nossacasa.net\/shunya\/wp-json\/wp\/v2\/comments?post=2187"}],"version-history":[{"count":1,"href":"http:\/\/www.nossacasa.net\/shunya\/wp-json\/wp\/v2\/pages\/2187\/revisions"}],"predecessor-version":[{"id":2189,"href":"http:\/\/www.nossacasa.net\/shunya\/wp-json\/wp\/v2\/pages\/2187\/revisions\/2189"}],"wp:attachment":[{"href":"http:\/\/www.nossacasa.net\/shunya\/wp-json\/wp\/v2\/media?parent=2187"}],"curies":[{"name":"wp","href":"https:\/\/api.w.org\/{rel}","templated":true}]}}