{"id":2191,"date":"2018-05-18T15:44:06","date_gmt":"2018-05-18T17:44:06","guid":{"rendered":"http:\/\/www.nossacasa.net\/shunya\/?page_id=2191"},"modified":"2018-05-18T15:45:35","modified_gmt":"2018-05-18T17:45:35","slug":"aryasimha","status":"publish","type":"page","link":"http:\/\/www.nossacasa.net\/shunya\/aryasimha\/","title":{"rendered":"Aryasimha"},"content":{"rendered":"<p><font face=\"Verdana\" size=\"2\"><\/p>\n<div style=\"text-align:justify\">\n<a name=\"inicio\"><\/a><a href=\"http:\/\/www.nossacasa.net\/shunya\/aryasimha\/aryasimha-2\/\" rel=\"attachment wp-att-2193\"><img loading=\"lazy\" decoding=\"async\" src=\"http:\/\/www.nossacasa.net\/shunya\/wp-content\/uploads\/2018\/05\/aryasimha-164x300.jpg\" alt=\"\" width=\"164\" height=\"300\" class=\"alignleft size-medium wp-image-2193\" srcset=\"http:\/\/www.nossacasa.net\/shunya\/wp-content\/uploads\/2018\/05\/aryasimha-164x300.jpg 164w, http:\/\/www.nossacasa.net\/shunya\/wp-content\/uploads\/2018\/05\/aryasimha.jpg 252w\" sizes=\"auto, (max-width: 164px) 100vw, 164px\" \/><\/a><font size=\"4\"><b>Aryasimha<\/b><\/font> <br \/>\n<a href=\"#b\"><font size=\"1\">Transmiss\u00e3o de Haklenayasha<\/font><\/a>\/<a href=\"#c\"><font size=\"1\">Transmiss\u00e3o para Basiasita<\/font><\/a><\/p>\n<p><b>O Vig\u00e9simo Quarto Patriarca<\/b><\/p>\n<div style=\"text-align:right\"><a href=\"#inicio\"><font size=\"2\">Topo<\/font><\/a><\/div>\n<p align=center><b><font face=\"tahoma, verdana, arial\" size=4><br \/>\n<a name=\"b\">Transmiss\u00e3o de Haklenayasha<\/a><\/font><sup>2<\/sup><\/b><\/p>\n<p><font face=\"tahoma, verdana, arial\" size=3><b>24. De Haklenayashas para<br \/>\nAryasimha [Simhabodhi]<\/b><\/font><\/p>\n<p><font face=\"tahoma, verdana, arial\" \nsize=2>Aryasimha conhecia diversos ensinamentos de outras tradi\u00e7\u00f5es, mas<br \/>\nencontrou o seu caminho no Dharma de Buddha. Certa vez, ele perguntou ao mestre<br \/>\n<a href=\"default.asp?menu=400\" class=\"broken_link\"><font size=\"2\">Haklenayashas<\/font><\/a>:<\/font> <\/p>\n<blockquote>\n<p><font face=\"tahoma, verdana, arial\" size=2><b>Aryasimha:<\/b> Estou<br \/>\n  comprometido a seguir o caminho de Buddha. Que votos e m\u00e9todos devo<br \/>\n  adotar?<br \/><b>Haklenayashas:<\/b> Para algu\u00e9m verdadeiramente comprometido com<br \/>\n  o caminho de Buddha, n\u00e3o h\u00e1 procedimentos.<br \/><b>Aryasimha:<\/b> Ent\u00e3o, como a<br \/>\n  atividade de Buddha pode fluir?<br \/><b>Haklenayashas:<\/b> Ocupar-se ou<br \/>\n  preocupar-se com procedimentos n\u00e3o \u00e9 a atividade de Buddha. N\u00e3o fazer coisa<br \/>\n  alguma \u00e9 a atividade de Buddha. Como ensina o sutra, &#8220;Quaisquer m\u00e9ritos que eu<br \/>\n  atinja n\u00e3o pertencem a mim.&#8221;<\/font><\/p>\n<\/blockquote>\n<p><font face=\"tahoma, verdana, arial\" size=2>Deste modo, Aryasimha realizou a<br \/>\natividade de Buddha.<\/font><\/p>\n<p align=center><b><font face=\"tahoma, verdana, arial\" size=4><br \/>\n<a name=\"c\">Transmiss\u00e3o para Basiasita<\/a><\/font><sup>2<\/sup><\/b><\/p>\n<p><font face=\"tahoma, verdana, arial\" size=3><b>25. De Aryasimha para Basiasita<br \/>\n[Bashashita]<\/b><\/font><\/p>\n<p><font face=\"tahoma, verdana, arial\" size=2>O jovem <a href=\"default.asp?menu=402\" class=\"broken_link\"><font size=\"2\">Basiasita<\/font><\/a> nunca tinha tinha conseguido abrir sua m\u00e3o esquerda, que tinha os dedos fechados, em punho, desde o seu nascimento. Seu pai resolveu lev\u00e1-lo ao mestre Aryasimha, em busca de um milagre. E o mestre lhe disse:<\/font><\/p>\n<blockquote><p><font face=\"tahoma, verdana, arial\" size=2>Transmito agora o tesouro inextingu\u00edvel do olho do dharma, que discerne apenas o ensinamento supremo, em qualquer lugar. Guarde bem este tesouro e todos os seres despertar\u00e3o, agora e sempre.<\/font> <\/p><\/blockquote>\n<p><font face=\"tahoma, verdana, arial\" size=2>Basiasita abriu sua m\u00e3o esquerda pela primeira vez, e recebeu o maior de todos os tesouros: a transmiss\u00e3o do tesouro do dharma.<\/font><\/p>\n<hr \/>\n<ol type=\"1\">\n<li><font size=\"1\">Extra\u00eddo de www.dharmanet.com.br<\/font><\/li>\n<\/ol>\n<\/div>\n<p><\/font><\/p>\n<hr \/>\n<div style=\"text-align:right\"><a href=\"#inicio\">Topo<\/a><\/div>\n<hr \/>\n<!-- AddThis Advanced Settings generic via filter on the_content --><!-- AddThis Share Buttons generic via filter on the_content -->","protected":false},"excerpt":{"rendered":"<p>Aryasimha Transmiss\u00e3o de Haklenayasha\/Transmiss\u00e3o para Basiasita O Vig\u00e9simo Quarto Patriarca Topo Transmiss\u00e3o de Haklenayasha2 24. De Haklenayashas para Aryasimha [Simhabodhi] Aryasimha conhecia diversos ensinamentos de outras tradi\u00e7\u00f5es, mas encontrou o seu caminho no Dharma de Buddha. Certa vez, ele perguntou &hellip; <a href=\"http:\/\/www.nossacasa.net\/shunya\/aryasimha\/\">Continue lendo <span class=\"meta-nav\">&rarr;<\/span><\/a><!-- AddThis Advanced Settings generic via filter on get_the_excerpt --><!-- AddThis Share Buttons generic via filter on get_the_excerpt --><\/p>\n","protected":false},"author":1,"featured_media":2193,"parent":0,"menu_order":0,"comment_status":"closed","ping_status":"closed","template":"","meta":{"footnotes":""},"class_list":["post-2191","page","type-page","status-publish","has-post-thumbnail","hentry"],"_links":{"self":[{"href":"http:\/\/www.nossacasa.net\/shunya\/wp-json\/wp\/v2\/pages\/2191","targetHints":{"allow":["GET"]}}],"collection":[{"href":"http:\/\/www.nossacasa.net\/shunya\/wp-json\/wp\/v2\/pages"}],"about":[{"href":"http:\/\/www.nossacasa.net\/shunya\/wp-json\/wp\/v2\/types\/page"}],"author":[{"embeddable":true,"href":"http:\/\/www.nossacasa.net\/shunya\/wp-json\/wp\/v2\/users\/1"}],"replies":[{"embeddable":true,"href":"http:\/\/www.nossacasa.net\/shunya\/wp-json\/wp\/v2\/comments?post=2191"}],"version-history":[{"count":2,"href":"http:\/\/www.nossacasa.net\/shunya\/wp-json\/wp\/v2\/pages\/2191\/revisions"}],"predecessor-version":[{"id":2194,"href":"http:\/\/www.nossacasa.net\/shunya\/wp-json\/wp\/v2\/pages\/2191\/revisions\/2194"}],"wp:featuredmedia":[{"embeddable":true,"href":"http:\/\/www.nossacasa.net\/shunya\/wp-json\/wp\/v2\/media\/2193"}],"wp:attachment":[{"href":"http:\/\/www.nossacasa.net\/shunya\/wp-json\/wp\/v2\/media?parent=2191"}],"curies":[{"name":"wp","href":"https:\/\/api.w.org\/{rel}","templated":true}]}}