{"id":2196,"date":"2018-05-18T15:48:39","date_gmt":"2018-05-18T17:48:39","guid":{"rendered":"http:\/\/www.nossacasa.net\/shunya\/?page_id=2196"},"modified":"2018-05-18T15:50:04","modified_gmt":"2018-05-18T17:50:04","slug":"basiasita","status":"publish","type":"page","link":"http:\/\/www.nossacasa.net\/shunya\/basiasita\/","title":{"rendered":"Basiasita"},"content":{"rendered":"<p><font face=\"Verdana\" size=\"2\"><\/p>\n<div style=\"text-align:justify\">\n<a name=\"inicio\"><\/a><a href=\"http:\/\/www.nossacasa.net\/shunya\/basiasita\/basiasita-2\/\" rel=\"attachment wp-att-2198\"><img loading=\"lazy\" decoding=\"async\" src=\"http:\/\/www.nossacasa.net\/shunya\/wp-content\/uploads\/2018\/05\/Basiasita.jpg\" alt=\"\" width=\"197\" height=\"255\" class=\"alignleft size-full wp-image-2198\" \/><\/a><font size=\"4\"><b>Basiasita<\/b><\/font> <br \/>\n<a href=\"#b\"><font size=\"1\">Transmiss\u00e3o de Aryasimha<\/font><\/a>\/<a href=\"#c\"><font size=\"1\">Transmiss\u00e3o para Punyamitra<\/font><\/a><\/p>\n<p><b>O Vig\u00e9simo Quinto Patriarca<\/b><\/p>\n<div style=\"text-align:right\"><a href=\"#inicio\"><font size=\"2\">Topo<\/font><\/a><\/div>\n<p align=center><b><font face=\"tahoma, verdana, arial\" size=4><br \/>\n<a name=\"b\">Transmiss\u00e3o de Aryasimha<\/a><\/font><sup>2<\/sup><\/b><\/p>\n<p><font face=\"tahoma, verdana, arial\" size=3><b>25. De Aryasimha para Basiasita<br \/>\n[Bashashita]<\/b><\/font><\/p>\n<p><font face=\"tahoma, verdana, arial\" size=2>O jovem Basiasita nunca tinha tinha conseguido abrir sua m\u00e3o esquerda, que tinha os dedos fechados, em punho, desde o seu nascimento. Seu pai resolveu lev\u00e1-lo ao mestre <a href=\"default.asp?menu=401\" class=\"broken_link\"><font size=\"2\">Aryasimha<\/font><\/a>, em busca de um milagre. E o mestre lhe disse:<\/font><\/p>\n<blockquote><p><font face=\"tahoma, verdana, arial\" size=2>Transmito agora o tesouro inextingu\u00edvel do olho do dharma, que discerne apenas o ensinamento supremo, em qualquer lugar. Guarde bem este tesouro e todos os seres despertar\u00e3o, agora e sempre.<\/font> <\/p><\/blockquote>\n<p><font face=\"tahoma, verdana, arial\" size=2>Basiasita abriu sua m\u00e3o esquerda pela primeira vez, e recebeu o maior de todos os tesouros: a transmiss\u00e3o do tesouro do dharma.<\/font><\/p>\n<p align=center><b><font face=\"tahoma, verdana, arial\" size=4><br \/>\n<a name=\"c\">Transmiss\u00e3o para Punyamitra<\/a><\/font><sup>2<\/sup><\/b><\/p>\n<p><font face=\"tahoma, verdana, arial\" size=3><b>26. De Basiasita para<br \/>\nPunyamitra<\/b><\/font><\/p>\n<p><font face=\"tahoma, verdana, arial\" size=2>Antes de fazer a transmiss\u00e3o, o<br \/>\nmestre Basiasita teve um breve di\u00e1logo com seu sucessor, <a href=\"default.asp?menu=403\" class=\"broken_link\"><font size=\"2\">Punyamitra<\/font><\/a>:<\/font><\/p>\n<blockquote><p><font face=\"tahoma, verdana, arial\" size=2><b>Basiasita:<\/b> Se<br \/>\n  voc\u00ea renunciar ao seu lar, o que voc\u00ea far\u00e1?<br \/><b>Punyamitra:<\/b><br \/>\n  Absolutamente nada.<br \/><b>Basiasita:<\/b> Se voc\u00ea renunciar ao seu lar, o que<br \/>\n  voc\u00ea <i>n\u00e3o<\/i> far\u00e1?<br \/><b>Punyamitra:<\/b> N\u00e3o farei qualquer pensamento<br \/>\n  comum, nenhuma a\u00e7\u00e3o comum.<br \/><b>Basiasita:<\/b> Se voc\u00ea realmente renunciar ao<br \/>\n  ser lar, quem voc\u00ea ser\u00e1?<br \/><b>Punyamitra:<\/b> Serei a atividade de Buddha,<br \/>\n  com toda clareza e intensidade.<\/font> <\/p><\/blockquote>\n<p><font face=\"tahoma, verdana, arial\" size=2>Deste modo, Punyamitra realizou a<br \/>\natividade de Buddha, com toda clareza e intensidade do despertar.<\/font><\/p>\n<hr \/>\n<ol type=\"1\">\n<li><font size=\"1\">Extra\u00eddo de www.dharmanet.com.br<\/font><\/li>\n<\/ol>\n<\/div>\n<p><\/font><\/p>\n<hr \/>\n<div style=\"text-align:right\"><a href=\"#inicio\">Topo<\/a><\/div>\n<hr \/>\n<!-- AddThis Advanced Settings generic via filter on the_content --><!-- AddThis Share Buttons generic via filter on the_content -->","protected":false},"excerpt":{"rendered":"<p>Basiasita Transmiss\u00e3o de Aryasimha\/Transmiss\u00e3o para Punyamitra O Vig\u00e9simo Quinto Patriarca Topo Transmiss\u00e3o de Aryasimha2 25. De Aryasimha para Basiasita [Bashashita] O jovem Basiasita nunca tinha tinha conseguido abrir sua m\u00e3o esquerda, que tinha os dedos fechados, em punho, desde o &hellip; <a href=\"http:\/\/www.nossacasa.net\/shunya\/basiasita\/\">Continue lendo <span class=\"meta-nav\">&rarr;<\/span><\/a><!-- AddThis Advanced Settings generic via filter on get_the_excerpt --><!-- AddThis Share Buttons generic via filter on get_the_excerpt --><\/p>\n","protected":false},"author":1,"featured_media":2198,"parent":0,"menu_order":0,"comment_status":"closed","ping_status":"closed","template":"","meta":{"footnotes":""},"class_list":["post-2196","page","type-page","status-publish","has-post-thumbnail","hentry"],"_links":{"self":[{"href":"http:\/\/www.nossacasa.net\/shunya\/wp-json\/wp\/v2\/pages\/2196","targetHints":{"allow":["GET"]}}],"collection":[{"href":"http:\/\/www.nossacasa.net\/shunya\/wp-json\/wp\/v2\/pages"}],"about":[{"href":"http:\/\/www.nossacasa.net\/shunya\/wp-json\/wp\/v2\/types\/page"}],"author":[{"embeddable":true,"href":"http:\/\/www.nossacasa.net\/shunya\/wp-json\/wp\/v2\/users\/1"}],"replies":[{"embeddable":true,"href":"http:\/\/www.nossacasa.net\/shunya\/wp-json\/wp\/v2\/comments?post=2196"}],"version-history":[{"count":2,"href":"http:\/\/www.nossacasa.net\/shunya\/wp-json\/wp\/v2\/pages\/2196\/revisions"}],"predecessor-version":[{"id":2199,"href":"http:\/\/www.nossacasa.net\/shunya\/wp-json\/wp\/v2\/pages\/2196\/revisions\/2199"}],"wp:featuredmedia":[{"embeddable":true,"href":"http:\/\/www.nossacasa.net\/shunya\/wp-json\/wp\/v2\/media\/2198"}],"wp:attachment":[{"href":"http:\/\/www.nossacasa.net\/shunya\/wp-json\/wp\/v2\/media?parent=2196"}],"curies":[{"name":"wp","href":"https:\/\/api.w.org\/{rel}","templated":true}]}}