{"id":2201,"date":"2018-05-18T16:30:33","date_gmt":"2018-05-18T18:30:33","guid":{"rendered":"http:\/\/www.nossacasa.net\/shunya\/?page_id=2201"},"modified":"2018-05-18T16:30:33","modified_gmt":"2018-05-18T18:30:33","slug":"punyamitra","status":"publish","type":"page","link":"http:\/\/www.nossacasa.net\/shunya\/punyamitra\/","title":{"rendered":"Punyamitra"},"content":{"rendered":"<p><font face=\"Verdana\" size=\"2\"><\/p>\n<div style=\"text-align:justify\">\n<a name=\"inicio\"><font size=\"4\"><b><a href=\"http:\/\/www.nossacasa.net\/shunya\/?attachment_id=2202\" rel=\"attachment wp-att-2202\"><img loading=\"lazy\" decoding=\"async\" src=\"http:\/\/www.nossacasa.net\/shunya\/wp-content\/uploads\/2018\/05\/Punyamitra-279x300.jpg\" alt=\"\" width=\"279\" height=\"300\" class=\"alignleft size-medium wp-image-2202\" \/><\/a>Punyamitra<\/b><\/font><\/a> <br \/>\n<a href=\"#b\"><font size=\"1\">Transmiss\u00e3o de Basiasita<\/font><\/a>\/<a href=\"#c\"><font size=\"1\">Transmiss\u00e3o para Prajnatara<\/font><\/a><\/p>\n<p><b>O Vig\u00e9simo Sexto Patriarca<\/b><\/p>\n<div style=\"text-align:right\"><a href=\"#inicio\"><font size=\"2\">Topo<\/font><\/a><\/div>\n<p align=center><b><font face=\"tahoma, verdana, arial\" size=4><br \/>\n<a name=\"b\">Transmiss\u00e3o de Basiasita<\/a><\/font><sup>2<\/sup><\/b><\/p>\n<p><font face=\"tahoma, verdana, arial\" size=3><b>26. De Basiasita para<br \/>\nPunyamitra<\/b><\/font><\/p>\n<p><font face=\"tahoma, verdana, arial\" size=2>Antes de fazer a transmiss\u00e3o, o<br \/>\nmestre <a href=\"default.asp?menu=402\" class=\"broken_link\"><font size=\"2\">Basiasita<\/font><\/a> teve um breve di\u00e1logo com seu sucessor, Punyamitra:<\/font><\/p>\n<blockquote><p><font face=\"tahoma, verdana, arial\" size=2><b>Basiasita:<\/b> Se<br \/>\n  voc\u00ea renunciar ao seu lar, o que voc\u00ea far\u00e1?<br \/><b>Punyamitra:<\/b><br \/>\n  Absolutamente nada.<br \/><b>Basiasita:<\/b> Se voc\u00ea renunciar ao seu lar, o que<br \/>\n  voc\u00ea <i>n\u00e3o<\/i> far\u00e1?<br \/><b>Punyamitra:<\/b> N\u00e3o farei qualquer pensamento<br \/>\n  comum, nenhuma a\u00e7\u00e3o comum.<br \/><b>Basiasita:<\/b> Se voc\u00ea realmente renunciar ao<br \/>\n  ser lar, quem voc\u00ea ser\u00e1?<br \/><b>Punyamitra:<\/b> Serei a atividade de Buddha,<br \/>\n  com toda clareza e intensidade.<\/font> <\/p><\/blockquote>\n<p><font face=\"tahoma, verdana, arial\" size=2>Deste modo, Punyamitra realizou a<br \/>\natividade de Buddha, com toda clareza e intensidade do despertar.<\/font><\/p>\n<p align=center><b><font face=\"tahoma, verdana, arial\" size=4><br \/>\n<a name=\"c\">Transmiss\u00e3o para Prajnatara<\/a><\/font><sup>2<\/sup><\/b><\/p>\n<p><font face=\"tahoma, verdana, arial\" size=3><b>27. De Punyamitra para<br \/>\nPrajnatara [Prajnadhara]<\/b><\/font><\/p>\n<p><font face=\"tahoma, verdana, arial\" size=2>O \u00f3rf\u00e3o  <a href=\"default.asp?menu=404\" class=\"broken_link\"><font size=\"2\">Prajnatara<\/font><\/a> vagava por<br \/>\ndiversos caminhos, sem fam\u00edlia, sem lar. Aos 20 anos de idade, ele encontrou o<br \/>\nmestre Punyamitra.<\/font><\/p>\n<blockquote><p><font face=\"tahoma, verdana, arial\" size=2><b>Punyamitra:<\/b> Voc\u00ea<br \/>\n  lembra do antigo caminho?<br \/><b>Prajnatara:<\/b> Lembro-me de estar com voc\u00ea em<br \/>\n  outra era, vener\u00e1vel s\u00e1bio. Voc\u00ea estava irradiando silenciosamente a perfei\u00e7\u00e3o<br \/>\n  da sabedoria e eu estava cantando melodiosamente sua express\u00e3o suprema, o<br \/>\n  Sutra da Perfei\u00e7\u00e3o da Sabedoria. Nosso encontro atual \u00e9 um reflexo do encontro<br \/>\n  passado.<\/font> <\/p><\/blockquote>\n<p><font face=\"tahoma, verdana, arial\" size=2>No sil\u00eancio que se seguiu,<br \/>\nPrajnatara recebeu a luz da perfei\u00e7\u00e3o da sabedoria.<\/font><\/p>\n<hr \/>\n<ol type=\"1\">\n<li><font size=\"1\">Extra\u00eddo de www.dharmanet.com.br<\/font><\/li>\n<\/ol>\n<\/div>\n<p><\/font><\/p>\n<hr \/>\n<div style=\"text-align:right\"><a href=\"#inicio\">Topo<\/a><\/div>\n<hr \/>\n<!-- AddThis Advanced Settings generic via filter on the_content --><!-- AddThis Share Buttons generic via filter on the_content -->","protected":false},"excerpt":{"rendered":"<p>Punyamitra Transmiss\u00e3o de Basiasita\/Transmiss\u00e3o para Prajnatara O Vig\u00e9simo Sexto Patriarca Topo Transmiss\u00e3o de Basiasita2 26. De Basiasita para Punyamitra Antes de fazer a transmiss\u00e3o, o mestre Basiasita teve um breve di\u00e1logo com seu sucessor, Punyamitra: Basiasita: Se voc\u00ea renunciar ao &hellip; <a href=\"http:\/\/www.nossacasa.net\/shunya\/punyamitra\/\">Continue lendo <span class=\"meta-nav\">&rarr;<\/span><\/a><!-- AddThis Advanced Settings generic via filter on get_the_excerpt --><!-- AddThis Share Buttons generic via filter on get_the_excerpt --><\/p>\n","protected":false},"author":1,"featured_media":2202,"parent":0,"menu_order":0,"comment_status":"closed","ping_status":"closed","template":"","meta":{"footnotes":""},"class_list":["post-2201","page","type-page","status-publish","has-post-thumbnail","hentry"],"_links":{"self":[{"href":"http:\/\/www.nossacasa.net\/shunya\/wp-json\/wp\/v2\/pages\/2201","targetHints":{"allow":["GET"]}}],"collection":[{"href":"http:\/\/www.nossacasa.net\/shunya\/wp-json\/wp\/v2\/pages"}],"about":[{"href":"http:\/\/www.nossacasa.net\/shunya\/wp-json\/wp\/v2\/types\/page"}],"author":[{"embeddable":true,"href":"http:\/\/www.nossacasa.net\/shunya\/wp-json\/wp\/v2\/users\/1"}],"replies":[{"embeddable":true,"href":"http:\/\/www.nossacasa.net\/shunya\/wp-json\/wp\/v2\/comments?post=2201"}],"version-history":[{"count":1,"href":"http:\/\/www.nossacasa.net\/shunya\/wp-json\/wp\/v2\/pages\/2201\/revisions"}],"predecessor-version":[{"id":2203,"href":"http:\/\/www.nossacasa.net\/shunya\/wp-json\/wp\/v2\/pages\/2201\/revisions\/2203"}],"wp:featuredmedia":[{"embeddable":true,"href":"http:\/\/www.nossacasa.net\/shunya\/wp-json\/wp\/v2\/media\/2202"}],"wp:attachment":[{"href":"http:\/\/www.nossacasa.net\/shunya\/wp-json\/wp\/v2\/media?parent=2201"}],"curies":[{"name":"wp","href":"https:\/\/api.w.org\/{rel}","templated":true}]}}