{"id":2205,"date":"2018-05-18T16:33:04","date_gmt":"2018-05-18T18:33:04","guid":{"rendered":"http:\/\/www.nossacasa.net\/shunya\/?page_id=2205"},"modified":"2018-05-18T16:34:34","modified_gmt":"2018-05-18T18:34:34","slug":"prajnatara","status":"publish","type":"page","link":"http:\/\/www.nossacasa.net\/shunya\/prajnatara\/","title":{"rendered":"Prajnatara"},"content":{"rendered":"<p><font face=\"Verdana\" size=\"2\"><\/p>\n<div style=\"text-align:justify\">\n<a name=\"inicio\"><\/a><a href=\"http:\/\/www.nossacasa.net\/shunya\/prajnatara\/prajnatara-2\/\" rel=\"attachment wp-att-2207\"><img loading=\"lazy\" decoding=\"async\" src=\"http:\/\/www.nossacasa.net\/shunya\/wp-content\/uploads\/2018\/05\/Prajnatara-238x300.jpg\" alt=\"\" width=\"238\" height=\"300\" class=\"alignleft size-medium wp-image-2207\" srcset=\"http:\/\/www.nossacasa.net\/shunya\/wp-content\/uploads\/2018\/05\/Prajnatara-238x300.jpg 238w, http:\/\/www.nossacasa.net\/shunya\/wp-content\/uploads\/2018\/05\/Prajnatara.jpg 321w\" sizes=\"auto, (max-width: 238px) 100vw, 238px\" \/><\/a><font size=\"4\"><b>Prajnatara<\/b><\/font> <br \/>\n<a href=\"#a\"><font size=\"1\">Refer\u00eancias<\/font><\/a>\/<a href=\"#b\"><font size=\"1\">Transmiss\u00e3o de Basiasita<\/font><\/a>\/<a href=\"#c\"><font size=\"1\">Transmiss\u00e3o para Bodhidharma<\/font><\/a><\/p>\n<p><b>O Vig\u00e9simo S\u00e9timo Patriarca<\/b><\/p>\n<p align=center><b><font face=\"tahoma, verdana, arial\" size=4><br \/>\n<a name=\"a\">Refer\u00eancias<\/a><\/font><sup>1<\/sup><\/b><\/p>\n<p>Prajnatara (Hannyatara), n.d. O Vig\u00e9simo-s\u00e9timo Patriarca Hindu. Deu a Transmiss\u00e3o \u00e0 Bodhidharma. Ver Denkoroku Cap\u00edtulo 28. Ele aparece em &#8220;Registros do Sil\u00eancio&#8221; 3. Este mesmo koan aparece em Eihei Gen<br \/>\nzenji goroku 10.<\/p>\n<hr \/>\n<div style=\"text-align:right\"><a href=\"#inicio\"><font size=\"2\">Topo<\/font><\/a><\/div>\n<p align=center><b><font face=\"tahoma, verdana, arial\" size=4><br \/>\n<a name=\"b\">Transmiss\u00e3o de Punyamitra<\/a><\/font><sup>2<\/sup><\/b><\/p>\n<p><font face=\"tahoma, verdana, arial\" size=3><b>27. De Punyamitra para<br \/>\nPrajnatara [Prajnadhara]<\/b><\/font><\/p>\n<p><font face=\"tahoma, verdana, arial\" size=2>O \u00f3rf\u00e3o Prajnatara vagava por<br \/>\ndiversos caminhos, sem fam\u00edlia, sem lar. Aos 20 anos de idade, ele encontrou o<br \/>\nmestre <a href=\"default.asp?menu=403\" class=\"broken_link\"><font size=\"2\">Punyamitra<\/font><\/a>.<\/font><\/p>\n<blockquote><p><font face=\"tahoma, verdana, arial\" size=2><b>Punyamitra:<\/b> Voc\u00ea<br \/>\n  lembra do antigo caminho?<br \/><b>Prajnatara:<\/b> Lembro-me de estar com voc\u00ea em<br \/>\n  outra era, vener\u00e1vel s\u00e1bio. Voc\u00ea estava irradiando silenciosamente a perfei\u00e7\u00e3o<br \/>\n  da sabedoria e eu estava cantando melodiosamente sua express\u00e3o suprema, o<br \/>\n  Sutra da Perfei\u00e7\u00e3o da Sabedoria. Nosso encontro atual \u00e9 um reflexo do encontro<br \/>\n  passado.<\/font> <\/p><\/blockquote>\n<p><font face=\"tahoma, verdana, arial\" size=2>No sil\u00eancio que se seguiu,<br \/>\nPrajnatara recebeu a luz da perfei\u00e7\u00e3o da sabedoria.<\/font><\/p>\n<p align=center><b><font face=\"tahoma, verdana, arial\" size=4><br \/>\n<a name=\"c\">Transmiss\u00e3o para Bodhidharma<\/a><\/font><sup>2<\/sup><\/b><\/p>\n<p><font face=\"tahoma, verdana, arial\" size=3><b>28. De Prajnatara para<br \/>\nBodhidharma<\/b><\/font><\/p>\n<p><font face=\"tahoma, verdana, arial\" size=2>O ex-pr\u00edncipe <a href=\"default.asp?menu=147\" class=\"broken_link\"><font size=\"2\">Bodhidharma<\/font><\/a> conheceu<br \/>\nPrajnatara como um mestre de <i>Vajramushti<\/i>, a arte marcial da antiga \u00cdndia.<br \/>\nDepois, ele descobriu que Prajnatara tamb\u00e9m era um mestre do Dharma de Buddha,<br \/>\npelo qual se interessou ainda mais.<\/font><\/p>\n<blockquote><p><font face=\"tahoma, verdana, arial\" size=2><b>Prajnatara:<\/b> O<br \/>\n  que \u00e9 completamente sem caracter\u00edsticas e, portanto, completamente<br \/>\n  incaracteriz\u00e1vel?<br \/><b>Bodhidharma:<\/b> \u00c9 aquilo que nunca, quando se<br \/>\n  manifesta livremente, nunca surge no lugar original.<br \/><b>Prajnatara:<\/b> O<br \/>\n  que \u00e9 o mais excelente, exalto e sublime?<br \/><b>Bodhidharma:<\/b> \u00c9 a clareza e<br \/>\n  brilho inatos da pr\u00f3pria consci\u00eancia.<br \/><b>Prajnatara:<\/b> O que \u00e9 realmente<br \/>\n  ilimitado e, portanto, sem nenhuma divis\u00e3o ou liga\u00e7\u00e3o?<br \/><b>Bodhidharma:<\/b><br \/>\n  \u00c9 a pr\u00f3pria natureza da realidade, da maneira que ela \u00e9, momento a<br \/>\n  momento.<\/font> <\/p><\/blockquote>\n<p><font face=\"tahoma, verdana, arial\" size=2>Depois dessa transmiss\u00e3o,<br \/>\nPrajnatara pediu a Bodhidharma para que levasse a luz do Dharma at\u00e9 a China.<br \/>\nDepois de uma longa viagem de barco, ele chegou l\u00e1 e se encontrou com o<br \/>\nimperador Wu, do reino de Liao.<\/font><\/p>\n<blockquote><p><font face=\"tahoma, verdana, arial\" size=2><b>Wu:<\/b> Eu constru\u00ed<br \/>\n  templos e monast\u00e9rios para os monges, dei dinheiro para os pobres. Quantos<br \/>\n  m\u00e9ritos eu consegui?<br \/><b>Bodhidharma:<\/b> M\u00e9rito nenhum.<br \/><b>Wu:<\/b><br \/>\n  Ent\u00e3o, o que \u00e9 o ensinamento sagrado do Buddha?<br \/><b>Bodhidharma:<\/b> \u00c9 vazio<br \/>\n  e nada tem de sagrado.<br \/><b>Wu:<\/b> Mas afinal, quem \u00e9<br \/>\n  voc\u00ea?<br \/><b>Bodhidharma:<\/b> N\u00e3o sei.<\/font> <\/p><\/blockquote>\n<p><font face=\"tahoma, verdana, arial\" size=2>Depois disso, Bodhidharma se<br \/>\nretirou para o norte e se instalou no monast\u00e9rio Shao-lin, onde se iniciaria a<br \/>\nluminosa linhagem chinesa do Zen.<\/font><\/p>\n<hr \/>\n<ol type=\"1\">\n<li><font size=\"1\">Extra\u00eddo de &#8220;Ensinos do Mestre Zen Anzan&#8221; Roshi(texto compilado pelo Ven. Jinmyo Fleming ino e traduzido ao Portugu&ecirc;s por Claudio Miklos.<\/font><\/li>\n<li><font size=\"1\">Extra\u00eddo de www.dharmanet.com.br<\/font><\/li>\n<\/ol>\n<\/div>\n<p><\/font><\/p>\n<hr \/>\n<div style=\"text-align:right\"><a href=\"#inicio\">Topo<\/a><\/div>\n<hr \/>\n<!-- AddThis Advanced Settings generic via filter on the_content --><!-- AddThis Share Buttons generic via filter on the_content -->","protected":false},"excerpt":{"rendered":"<p>Prajnatara Refer\u00eancias\/Transmiss\u00e3o de Basiasita\/Transmiss\u00e3o para Bodhidharma O Vig\u00e9simo S\u00e9timo Patriarca Refer\u00eancias1 Prajnatara (Hannyatara), n.d. O Vig\u00e9simo-s\u00e9timo Patriarca Hindu. Deu a Transmiss\u00e3o \u00e0 Bodhidharma. Ver Denkoroku Cap\u00edtulo 28. Ele aparece em &#8220;Registros do Sil\u00eancio&#8221; 3. Este mesmo koan aparece em Eihei &hellip; <a href=\"http:\/\/www.nossacasa.net\/shunya\/prajnatara\/\">Continue lendo <span class=\"meta-nav\">&rarr;<\/span><\/a><!-- AddThis Advanced Settings generic via filter on get_the_excerpt --><!-- AddThis Share Buttons generic via filter on get_the_excerpt --><\/p>\n","protected":false},"author":1,"featured_media":2207,"parent":0,"menu_order":0,"comment_status":"closed","ping_status":"closed","template":"","meta":{"footnotes":""},"class_list":["post-2205","page","type-page","status-publish","has-post-thumbnail","hentry"],"_links":{"self":[{"href":"http:\/\/www.nossacasa.net\/shunya\/wp-json\/wp\/v2\/pages\/2205","targetHints":{"allow":["GET"]}}],"collection":[{"href":"http:\/\/www.nossacasa.net\/shunya\/wp-json\/wp\/v2\/pages"}],"about":[{"href":"http:\/\/www.nossacasa.net\/shunya\/wp-json\/wp\/v2\/types\/page"}],"author":[{"embeddable":true,"href":"http:\/\/www.nossacasa.net\/shunya\/wp-json\/wp\/v2\/users\/1"}],"replies":[{"embeddable":true,"href":"http:\/\/www.nossacasa.net\/shunya\/wp-json\/wp\/v2\/comments?post=2205"}],"version-history":[{"count":2,"href":"http:\/\/www.nossacasa.net\/shunya\/wp-json\/wp\/v2\/pages\/2205\/revisions"}],"predecessor-version":[{"id":2208,"href":"http:\/\/www.nossacasa.net\/shunya\/wp-json\/wp\/v2\/pages\/2205\/revisions\/2208"}],"wp:featuredmedia":[{"embeddable":true,"href":"http:\/\/www.nossacasa.net\/shunya\/wp-json\/wp\/v2\/media\/2207"}],"wp:attachment":[{"href":"http:\/\/www.nossacasa.net\/shunya\/wp-json\/wp\/v2\/media?parent=2205"}],"curies":[{"name":"wp","href":"https:\/\/api.w.org\/{rel}","templated":true}]}}