{"id":2217,"date":"2018-05-18T19:26:56","date_gmt":"2018-05-18T21:26:56","guid":{"rendered":"http:\/\/www.nossacasa.net\/shunya\/?page_id=2217"},"modified":"2018-06-05T19:39:33","modified_gmt":"2018-06-05T21:39:33","slug":"hui-ko","status":"publish","type":"page","link":"http:\/\/www.nossacasa.net\/shunya\/hui-ko\/","title":{"rendered":"Hui-k\u2019o"},"content":{"rendered":"<div style=\"text-align:justify\"><font face=\"Verdana\" size=\"2\"><br \/>\n<a name=\"inicio\"><\/a><a href=\"http:\/\/www.nossacasa.net\/shunya\/?attachment_id=2218\" rel=\"attachment wp-att-2218\"><img loading=\"lazy\" decoding=\"async\" src=\"http:\/\/www.nossacasa.net\/shunya\/wp-content\/uploads\/2018\/05\/Hui-k\u2019o.jpg\" alt=\"\" width=\"245\" height=\"205\" class=\"alignleft size-full wp-image-2218\" \/><\/a><br \/>\n<b>Hui-k\u2019o(487-593)<\/b><br \/>\n<em>Hui-k&#8217;o, Zhengzong Bujue, Cheng-tsung Pu-chueh, Shoshu Fukaku), Dazu Huike, Taiso Eka<\/em><br \/>\n<strong>O Vig&eacute;simo nono Patriarca<\/strong><br \/>\n<strong>Segundo Patriarca chin&ecirc;s<\/strong><\/p>\n<hr \/>\n<p><a href=\"#c\">Refer\u00eancias<\/a><br \/>\n<a href=\"#d\">Sucess\u00f5es<\/a><br \/>\n<a href=\"#a\">Transmiss\u00e3o de Bodhidarma<\/a><br \/>\n<a href=\"#b\">Transmiss\u00e3o para Seng-ts&#8217;an<\/a><br \/>\n<a href=\"#g\">Linhagem<\/a><\/p>\n<hr \/>\n<p><a name=\"c\"><b>Refer\u00eancias<\/b><\/a><sup>2<\/sup><br \/>\nZhengzong Bujue(Cheng-tsung Pu-chueh, Shoshu Fukaku), mais comumente Hui-k&#8217;o ou Dazu Huike (Taiso Eka).<br \/>\nDark blue indicates the House of Guiyang (Igyo)<br \/>\nSegundo Patriarca chin&ecirc;s. Ver Denkoroku, Cap&iacute;tulos 29 e 30. Ver o Katto de Dogen.<\/p>\n<hr \/>\n<p><a name=\"c\"><b>Sucess\u00f5es<\/b><\/a><sup>2<\/sup><br \/>\nHui-k&#8217;o transferiu o Dharma para:<\/p>\n<ol type=\"1\">\n<li><a href=\"http:\/\/www.nossacasa.net\/shunya\/seng-tsan\/\">Sosan<\/a>\n<\/li>\n<li>Eman (Huy-man)\n<\/li>\n<\/ol>\n<hr \/>\n<p><a name=\"a\"><b>Transmiss\u00e3o de Bodhidarma<\/b><\/a><sup>1<\/sup><br \/>\n<b>29. De <a href=\"http:\/\/www.nossacasa.net\/shunya\/bodhidharma\/\">Bodhidharma<\/a> para<br \/>\n<a href=\"http:\/\/www.nossacasa.net\/shunya\/hui-ko\/\">Hui-k&#8217;o<\/a><\/b><br \/>\nHui-k&#8217;o tinha estudado as duas filosofias chinesas, o confucionismo e o tao\u00edsmo, mas seu interesse real era pelo Dharma de Buddha. Tornou-se monge, passou a estudar os sutras e a meditar rigorosamente. Com a permiss\u00e3o do seu abade, ele viajou ao monast\u00e9rio Shao-lin, onde estava o mestre Bodhidharma. Hui-k&#8217;o s\u00f3 foi admitido por Bodhidharma ap\u00f3s cortar o pr\u00f3prio bra\u00e7o, como prova de f\u00e9 inabal\u00e1vel. Oito anos depois, ele declarou:<\/p>\n<p><b>Hui-k&#8217;o:<\/b> Finalmente, coloquei fim \u00e0s condi\u00e7\u00f5es.<br \/>\n<b>Bodhidharma:<\/b> Tal estado deve ser equivalente \u00e0 morte.<br \/>\n<b>Hui-k&#8217;o:<\/b> N\u00e3o tem nada tem a ver com a morte.<br \/>\n<b>Bodhidharma:<\/b> Pode me provar isso?<br \/>\n<b>Hui-k&#8217;o:<\/b> Estou claramente e continuamente desperto. Absolutamente, n\u00e3o h\u00e1 palavras adequadas para expressar esta claridade!<br \/>\n<b>Bodhidharma:<\/b> Esteja certo de que tal claridade \u00e9 a pr\u00f3pria ess\u00eancia da mente de todos os buddhas. <\/p>\n<p>Com esta transmiss\u00e3o, Hui-k&#8217;o tornou-se o segundo ancestral do <i>Ch&#8217;an<\/i>, o Zen chin\u00eas.<\/p>\n<hr \/>\n<div style=\"text-align:right\"><a href=\"#inicio\">Topo<\/a><\/div>\n<hr \/>\n<p><a name=\"b\"><b>Transmiss\u00e3o para Seng-ts&#8217;an<\/b><\/a><sup>1<\/sup><br \/>\n<b>30. De <a href=\"http:\/\/www.nossacasa.net\/shunya\/hui-ko\/\">Hui-k&#8217;o<\/a> para<br \/>\n<a href=\"http:\/\/www.nossacasa.net\/shunya\/seng-tsan\/\">Seng-ts&#8217;an<\/a><\/b><\/p>\n<p>Sabe-se muito pouco sobre o passado de <a href=\"http:\/\/www.nossacasa.net\/shunya\/seng-tsan\/\">Seng-ts&#8217;an<\/a>. Afetado pela lepra, ele procurou o mestre Hui-k&#8217;o para conseguir se curar.<br \/>\n<b>Seng-ts&#8217;an:<\/b> Meu corpo est\u00e1 manifestando a lepra. Eu suplico, vener\u00e1vel s\u00e1bio, que voc\u00ea<br \/>\n  purifique o meu grande karma negativo.<br \/>\n<b>Hui-k&#8217;o:<\/b> Traga-me o seu karma e irei purific\u00e1-lo instantaneamente.<br \/>\n<b>Seng-ts&#8217;an:<\/b> Mesmo procurando-o, simplesmente n\u00e3o posso encontrar esse karma.<br \/>\n<b>Hui-k&#8217;o:<\/b> Seu karma sempre foi puro. Aproxime-se de mim com grande sinceridade, voc\u00ea desenvolveu as Tr\u00eas J\u00f3ias: o Buddha \u00e9 a pureza original da mente; o ensinamento essencial do Dharma \u00e9 a pureza original da mente; e a Sangha, que realiza e promove a verdade da n\u00e3o-dualidade, tamb\u00e9m \u00e9 a pureza original da mente. <\/p>\n<p>Seng-ts&#8217;an percebeu a pureza de sua mente, curou-se instantaneamente e realizou o caminho.<\/p>\n<hr \/>\n<ol type=\"1\">\nFontes:<\/p>\n<li>www.dharmanet.com.br<\/li>\n<li>&#8220;Ensinos do Mestre Zen Anzan&#8221; Roshi(texto compilado pelo Ven. Jinmyo Fleming ino e traduzido ao Portugu&ecirc;s por Claudio Miklos.<\/li>\n<\/ol>\n<hr \/>\n<div style=\"text-align:right\"><a href=\"#inicio\">Topo<\/a><\/div>\n<hr \/>\n<p><a name=\"g\">Linhagem desde Saquiamuni<\/a><\/p>\n<div style=\"text-align:center\">\n<ol type=\"1\"><b><u>BUTSU<\/u><\/b><\/p>\n<li><a href=\"http:\/\/www.nossacasa.net\/shunya\/buda\/\">BIBASHI<\/a><\/li>\n<li><a href=\"http:\/\/www.nossacasa.net\/shunya\/buda\/\">SHIKI<\/a><\/li>\n<li><a href=\"http:\/\/www.nossacasa.net\/shunya\/buda\/\">BISHAFU<\/a><\/li>\n<li><a href=\"http:\/\/www.nossacasa.net\/shunya\/buda\/\">KURUSON<\/a><\/li>\n<li><a href=\"http:\/\/www.nossacasa.net\/shunya\/buda\/\">KUNAGONMUNI<\/a><\/li>\n<li><a href=\"http:\/\/www.nossacasa.net\/shunya\/buda\/\">KASHO<\/a><\/li>\n<li><a href=\"http:\/\/www.nossacasa.net\/shunya\/buda\/\">XAQUIAMUNI<\/a><\/li>\n<\/ol>\n<\/div>\n<table width=\"100%\" border=\"0\">\n<tr>\n<td valign=\"top\">\n<ol type=\"1\"><b><u>\u00cdNDIA<\/u><\/b><\/p>\n<li><a href=\"http:\/\/www.nossacasa.net\/shunya\/mahakashyapa\/\">MAKAKASHO<\/a><\/li>\n<li><a href=\"http:\/\/www.nossacasa.net\/shunya\/ananda\/\">ANANDA<\/a><\/li>\n<li><a href=\"http:\/\/www.nossacasa.net\/shunya\/shanavasa\/\">SHONAWASHU<\/a><\/li>\n<li><a href=\"http:\/\/www.nossacasa.net\/shunya\/upagupta\/\">UBAGIKUTA<\/a><\/li>\n<li><a href=\"http:\/\/www.nossacasa.net\/shunya\/dhritaka\/\">DAITAKA<\/a><\/li>\n<li><a href=\"http:\/\/www.nossacasa.net\/shunya\/michaka\/\">MISHAKA<\/a><\/li>\n<li><a href=\"http:\/\/www.nossacasa.net\/shunya\/vasumitra\/\">BASHUMITSU<\/a><\/li>\n<li><a href=\"http:\/\/www.nossacasa.net\/shunya\/buddhananda\/\">BUTSUDANANDAI<\/a><\/li>\n<li><a href=\"http:\/\/www.nossacasa.net\/shunya\/buddhamitra\/\">FUDAMITA<\/a><\/li>\n<li><a href=\"http:\/\/www.nossacasa.net\/shunya\/parshvanatha\/\">BARISHIBA<\/a><\/li>\n<li><a href=\"http:\/\/www.nossacasa.net\/shunya\/punyayashas\/\">FUNAYASHYA<\/a><\/li>\n<li><a href=\"http:\/\/www.nossacasa.net\/shunya\/ashvagosha\/\">ANABOTEI<\/a><\/li>\n<li><a href=\"http:\/\/www.nossacasa.net\/shunya\/kapimala\/\">KABIMORA<\/a><\/li>\n<li><a href=\"http:\/\/www.nossacasa.net\/shunya\/nagarjuna\/\">NAGYAHARAJUNA<\/a><\/li>\n<li><a href=\"http:\/\/www.nossacasa.net\/shunya\/aryadeva\/\">KANADAIBA<\/a><\/li>\n<li><a href=\"http:\/\/www.nossacasa.net\/shunya\/rahulata\/\">RAGORATA<\/a><\/li>\n<li><a href=\"http:\/\/www.nossacasa.net\/shunya\/sanghanandi\/\">SOGYANANDAI<\/a><\/li>\n<li><a href=\"http:\/\/www.nossacasa.net\/shunya\/gayashata\/\">KAYSHATA<\/a><\/li>\n<li><a href=\"http:\/\/www.nossacasa.net\/shunya\/kumarata\/\">KUMORATA<\/a><\/li>\n<li><a href=\"http:\/\/www.nossacasa.net\/shunya\/jayata\/\">SHAYATA<\/a><\/li>\n<li><a href=\"http:\/\/www.nossacasa.net\/shunya\/vasubandhu\/\">BASHUBANZU<\/a><\/li>\n<li><a href=\"http:\/\/www.nossacasa.net\/shunya\/manorhita\/\">MANURA<\/a><\/li>\n<li><a href=\"http:\/\/www.nossacasa.net\/shunya\/haklenayasha\/\">KAKUROKUNA<\/a><\/li>\n<li><a href=\"http:\/\/www.nossacasa.net\/shunya\/aryasimha\/\">SHSISHIBODAI<\/a><\/li>\n<li><a href=\"http:\/\/www.nossacasa.net\/shunya\/basiasita\/\">BASHASHITA<\/a><\/li>\n<li><a href=\"http:\/\/www.nossacasa.net\/shunya\/punyamitra\/\">FUNYOMITA <\/a><\/li>\n<li><a href=\"http:\/\/www.nossacasa.net\/shunya\/prajnatara\/\">HANNYATARA <\/a><\/li>\n<\/ol>\n<\/td>\n<td valign=\"top\">\n<ol type=\"1\" start=\"28\"><b><u>CHINA<\/u><\/b><\/p>\n<li><a href=\"http:\/\/www.nossacasa.net\/shunya\/bodhidharma\/\">BODAIDARUMA<\/a><\/li>\n<li><a href=\"http:\/\/www.nossacasa.net\/shunya\/hui-ko\/\">TAISO EKA<\/a><\/li>\n<\/ol>\n<\/td>\n<\/tr>\n<\/table>\n<hr \/>\n<div style=\"text-align:right\"><a href=\"#inicio\">Topo<\/a><\/div>\n<hr \/>\n<p><\/font><\/div>\n<!-- AddThis Advanced Settings generic via filter on the_content --><!-- AddThis Share Buttons generic via filter on the_content -->","protected":false},"excerpt":{"rendered":"<p>Hui-k\u2019o(487-593) Hui-k&#8217;o, Zhengzong Bujue, Cheng-tsung Pu-chueh, Shoshu Fukaku), Dazu Huike, Taiso Eka O Vig&eacute;simo nono Patriarca Segundo Patriarca chin&ecirc;s Refer\u00eancias Sucess\u00f5es Transmiss\u00e3o de Bodhidarma Transmiss\u00e3o para Seng-ts&#8217;an Linhagem Refer\u00eancias2 Zhengzong Bujue(Cheng-tsung Pu-chueh, Shoshu Fukaku), mais comumente Hui-k&#8217;o ou Dazu Huike &hellip; <a href=\"http:\/\/www.nossacasa.net\/shunya\/hui-ko\/\">Continue lendo <span class=\"meta-nav\">&rarr;<\/span><\/a><!-- AddThis Advanced Settings generic via filter on get_the_excerpt --><!-- AddThis Share Buttons generic via filter on get_the_excerpt --><\/p>\n","protected":false},"author":1,"featured_media":2218,"parent":0,"menu_order":0,"comment_status":"closed","ping_status":"closed","template":"","meta":{"footnotes":""},"class_list":["post-2217","page","type-page","status-publish","has-post-thumbnail","hentry"],"_links":{"self":[{"href":"http:\/\/www.nossacasa.net\/shunya\/wp-json\/wp\/v2\/pages\/2217","targetHints":{"allow":["GET"]}}],"collection":[{"href":"http:\/\/www.nossacasa.net\/shunya\/wp-json\/wp\/v2\/pages"}],"about":[{"href":"http:\/\/www.nossacasa.net\/shunya\/wp-json\/wp\/v2\/types\/page"}],"author":[{"embeddable":true,"href":"http:\/\/www.nossacasa.net\/shunya\/wp-json\/wp\/v2\/users\/1"}],"replies":[{"embeddable":true,"href":"http:\/\/www.nossacasa.net\/shunya\/wp-json\/wp\/v2\/comments?post=2217"}],"version-history":[{"count":12,"href":"http:\/\/www.nossacasa.net\/shunya\/wp-json\/wp\/v2\/pages\/2217\/revisions"}],"predecessor-version":[{"id":4747,"href":"http:\/\/www.nossacasa.net\/shunya\/wp-json\/wp\/v2\/pages\/2217\/revisions\/4747"}],"wp:featuredmedia":[{"embeddable":true,"href":"http:\/\/www.nossacasa.net\/shunya\/wp-json\/wp\/v2\/media\/2218"}],"wp:attachment":[{"href":"http:\/\/www.nossacasa.net\/shunya\/wp-json\/wp\/v2\/media?parent=2217"}],"curies":[{"name":"wp","href":"https:\/\/api.w.org\/{rel}","templated":true}]}}