{"id":2227,"date":"2018-05-18T21:03:48","date_gmt":"2018-05-18T23:03:48","guid":{"rendered":"http:\/\/www.nossacasa.net\/shunya\/?page_id=2227"},"modified":"2018-06-05T19:44:03","modified_gmt":"2018-06-05T21:44:03","slug":"tao-hsin","status":"publish","type":"page","link":"http:\/\/www.nossacasa.net\/shunya\/tao-hsin\/","title":{"rendered":"Tao-hsin"},"content":{"rendered":"<div style=\"text-align:justify\"><font face=\"Verdana\" size=\"2\"><br \/>\n<a name=\"inicio\"><\/a><a href=\"http:\/\/www.nossacasa.net\/shunya\/?attachment_id=2228\" rel=\"attachment wp-att-2228\"><img loading=\"lazy\" decoding=\"async\" src=\"http:\/\/www.nossacasa.net\/shunya\/wp-content\/uploads\/2018\/05\/Tao-hsin.jpg\" alt=\"\" width=\"200\" height=\"225\" class=\"alignleft size-full wp-image-2228\" \/><\/a><br \/>\n<b>Tao-hsin (580-651)<\/b><br \/>\n<em>Daoxuan (Tao-hsuan, Dosen, Dayi Daoxin)<\/em><br \/>\n<strong>O Trig&eacute;simo-Primeiro Patriarca<\/strong><br \/>\n<strong>Quarto Patriarca chin&ecirc;s<\/strong><\/p>\n<hr \/>\n<p><a href=\"#a\">Refer\u00eancias<\/a><br \/>\n<a href=\"#b\">Por Gary L. Ray<\/a><br \/>\n<a href=\"#c\">Transmiss\u00e3o de Seng-ts&#8217;an<\/a><br \/>\n<a href=\"#d\">Transmiss\u00e3o para Hung-jen<\/a><br \/>\n<a href=\"#g\">Linhagem<\/a><\/p>\n<hr \/>\n<p><a name=\"a\"><b>Refer\u00eancias<\/b><\/a><sup>2<\/sup><br \/>\n, 596-667. Em outra fonte como Dayi Daoxin (Dai&#8217;i Doshin), 580-651<br \/>\nFundador da Escola Risshu (de Preceitos) chinesa.<br \/>\nTransmitiu o Dharma para:<\/p>\n<ol type=\"1\">\n<li><a href=\"http:\/\/www.nossacasa.net\/shunya\/hung-jen\/\">Hung-jen Gunin (601 &#8211; 674)<\/a><\/li>\n<li><a href=\"http:\/\/www.nossacasa.net\/shunya\/niutou-farong\/\">Fa-jung Hoyu (594 &#8211; 657)<\/a><\/li>\n<\/ol>\n<hr \/>\n<div style=\"text-align:right\"><a href=\"#inicio\">Topo<\/a><\/div>\n<hr \/>\n<p><a name=\"b\"><b>Por Gary L. Ray<\/b><\/a><br \/>\nO Ch&#8217;an come&ccedil;a a florescer criativamente com a cria&ccedil;&atilde;o de um novo estilo de ensino, criado por Tao-hsin e continuado por seus sucessores.  Este estilo de um Ch&#8217;an mon&aacute;stico continua at&eacute; os presentes dias e &eacute; resumido em uma lista de regras conhecidas como as &#8220;regulamentos puros&#8221;.<\/p>\n<p>Os &#8220;regulamentos puros&#8221; incluem quatro pontos principais de pr&aacute;tica que fixa o Ch&#8217;an como uma comunidade separada de outras seitas de budismo.<\/p>\n<p>Estes pontos incluem:<\/p>\n<ol>\n<li>As escrituras eram para ser estudadas no seu significado espiritual mais profundo e n&atilde;o para ser tomada literalmente.<\/li>\n<li>O Ch&#8217;an &eacute; uma pr&aacute;tica espiritual para todo mundo.<\/li>\n<li>Atividade de qualquer tipo &eacute; medita&ccedil;&atilde;o.<\/li>\n<li>A comunidade &eacute; independente &#8211; criando seus pr&oacute;prios recursos, como a produ&ccedil;&atilde;o de alimentos.<\/li>\n<\/ol>\n<p>Embora alguns estudiosos debatam se o &#8220;regulamentos puros&#8221; foram originados neste per&iacute;odo, estas tend&ecirc;ncias s&atilde;o not&aacute;veis nas hist&oacute;rias e documentos do Ch&#8217;an dos 6\u00b0 e 7\u00b0 s&eacute;culo.<\/p>\n<p>Com a pr&aacute;tica Ch&#8217;an definida e realizada, e a emerg&ecirc;ncia de uma unificada e est&aacute;vel dinastia T&#8217;ang, as pr&oacute;ximas gera&ccedil;&otilde;es de estudantes tiveram uma base em que fundamentar suas pr&oacute;prias id&eacute;ias e ensinamentos.<\/p>\n<p>Durante o per&iacute;odo de vida de Tao-hsin, emergiu a disputa entre a ilumina&ccedil;&atilde;o s&uacute;bita e a ilumina&ccedil;&atilde;o gradual.  Embora Tao-hsin tenha sido um proponente do esclarecimento gradual, gera&ccedil;&otilde;es posteriores continuaram o debate e novas escolas come&ccedil;aram a emergir baseado nas diferen&ccedil;as das doutrinais.  A posi&ccedil;&atilde;o do Tao-hsin &eacute; resumida em seu trabalho &#8220;Os Cinco Port&otilde;es&#8221; de Tao-hsin:<\/p>\n<p>Saiba isto: Buda &eacute; a mente.  Fora da mente n&atilde;o existe nenhum Buda.  Resumindo, ele inclui os seguintes cinco pontos:<br \/>\n<b>Primeiro<\/b>: A base da mente &eacute; essencialmente una com a Buda.<br \/>\n<b>Segundo<\/b>: O movimento da mente produz o tesouro da Dharma. A mente se move ainda que esteja tranq&uuml;ila; torna-se turva e ainda permanece como &eacute;.<br \/>\n<b>Terceiro<\/b>: A mente &eacute; desperta e nunca cessa; a mente desperta est&aacute; sempre presente; o Dharma da mente desperta &eacute; sem forma espec&iacute;fica.<br \/>\n<b>Quarto:<\/b> O corpo est&aacute; sempre vazio e silencioso; interior e exterior, s&atilde;o um e o mesmo; o corpo est&aacute; no mundo de Dharma, por isso n&atilde;o &eacute; afetado.<br \/>\n<b>Quinto<\/b>: Mantendo a unidade sem perder-se &#8212; estando presente tanto no movimento como no resto, podemos ver a natureza de Buda claramente e entrar no port&atilde;o do samadhi.<\/p>\n<p>Tao-hsin teve dois estudantes proeminentes:<br \/>\nFa-jung, que come&ccedil;ou o que &eacute; agora conhecido como a Escola de Oxhead<br \/>\ne seu sucessor <a href=\"http:\/\/www.nossacasa.net\/shunya\/hung-jen\/\">Hung-jen<\/a>.<\/p>\n<p align=\"right\">Ver <a href=\"default.asp?menu=887\" class=\"broken_link\">O Desenvolvimento e o decl\u00ednio da Escola Ch&#8217;an do Norte<\/a><\/p>\n<hr \/>\n<div style=\"text-align:right\"><a href=\"#inicio\">Topo<\/a><\/div>\n<hr \/>\n<p><a name=\"c\"><b>Transmiss\u00e3o de Seng-ts&#8217;an<\/b><\/a><sup>1<\/sup><br \/>\n<b>31. De <a href=\"http:\/\/www.nossacasa.net\/shunya\/seng-tsan\/\">Seng-ts&#8217;an<\/a> para<br \/>\n<a href=\"http:\/\/www.nossacasa.net\/shunya\/tao-hsin\/ \">Tao-hsin<\/a><\/b>\n<\/p>\n<p>Com apenas 13 anos de idade, Tao-hsin recebeu a transmiss\u00e3o do mestre Seng-ts&#8217;an:<\/p>\n<blockquote><p><b>Tao-hsin:<\/b> Por favor, mestre sagrado, demonstre-me sua grande compaix\u00e3o, apontando diretamente o ensinamento libertador sobre o vazio.<br \/>\n<b>Seng-ts&#8217;an:<\/b> Quem ou o que est\u00e1 te aprisionando?<br \/>\n<b>Tao-hsin:<\/b> Ningu\u00e9m nem nada me aprisiona.<br \/>\n<b>Seng-ts&#8217;an:<\/b> Ent\u00e3o, por que voc\u00ea considera o ensinamento do vazio como um ensinamento libertador? Por que voc\u00ea procura a liberta\u00e7\u00e3o no lugar original? J\u00e1 que ningu\u00e9m est\u00e1 realmente preso, como a liberta\u00e7\u00e3o pode ser demonstrada? <\/p><\/blockquote>\n<p>Subitamente, o jovem Tao-hsin realizou a libera\u00e7\u00e3o.<\/p>\n<hr \/>\n<div style=\"text-align:right\"><a href=\"#inicio\">Topo<\/a><\/div>\n<hr \/>\n<p><a name=\"d\"><b>Transmiss\u00e3o para Hung-jen<\/b><\/a><sup>1<\/sup><br \/>\n32. De<a href=\"http:\/\/www.nossacasa.net\/shunya\/tao-hsin\/ \"> Tao-hsin<\/a> para<br \/>\n<a href=\"http:\/\/www.nossacasa.net\/shunya\/hung-jen\/\">Hung-jen<\/a><\/p>\n<p>Um velho peregrino foi at\u00e9 o mestre Tao-hsin para pedir a transmiss\u00e3o, e o mestre respondeu:<\/p>\n<blockquote><p>Voc\u00ea \u00e9 t\u00e3o vener\u00e1vel em idade que, se eu te transmitisse o Dharma agora, voc\u00ea n\u00e3o poderia ensin\u00e1-lo por muito tempo. Por favor, volte mais tarde, vou esper\u00e1-lo.\n<\/p><\/blockquote>\n<p>O velho peregrino partiu e encontrou uma jovem, muito religiosa, que estava lavando roupa em um rio. O peregrino perguntou a ela sobre alojamento, e a jovem foi consultar seus pais. Ao retornar, ela encontrou o peregrino morto e, meses depois, descobriu que estava milagrosamente gr\u00e1vida.<\/p>\n<p>Ningu\u00e9m acreditou no que tinha acontecido. Quando seu filho nasceu, ela tentou abandon\u00e1-lo no rio, mas uma semana depois, ele ainda continuava l\u00e1, saud\u00e1vel e radiante. Passaram a viver como mendigos, sem lar e sem fam\u00edlia; o menino passou a ser conhecido como <i>sem nome<\/i>.<\/p>\n<p>Quando tinha 7 anos de idade, ele foi encontrado pelo mestre Tao-hsin.<\/p>\n<blockquote><p>\n<b>Tao-hsin:<\/b> Qual \u00e9 o seu nome?<br \/>\n<b>Sem nome:<\/b> Eu sou ess\u00eancia, n\u00e3o nome.<br \/>\n<b>Tao-hsin:<\/b><br \/>\nEssa ess\u00eancia que voc\u00ea \u00e9, possui nome?<br \/>\n<b>Sem nome:<\/b><br \/>\n Despertar.<br \/>\n<b>Tao-hsin:<\/b><i>Despertar<\/i> \u00e9 o seu nome?<br \/>\n<b>Sem nome:<\/b> Eu sou <i>sem nome<\/i>.\n<\/p><\/blockquote>\n<p>Depois desta transmiss\u00e3o, o menino <i>sem nome<\/i> passou a ser chamado de Hung-jen.<\/p>\n<ol type=\"1\">\nFontes:<\/p>\n<li>www.dharmanet.com.br<\/li>\n<li>&#8220;Ensinos do Mestre Zen Anzan Roshi&#8221;(texto compilado pelo Ven. Jinmyo Fleming ino e traduzido ao Portugu&ecirc;s por Claudio Miklos.<\/li>\n<\/ol>\n<hr \/>\n<div style=\"text-align:right\"><a href=\"#inicio\">Topo<\/a><\/div>\n<hr \/>\n<p><a name=\"g\">Linhagem desde Saquiamuni<\/a><\/p>\n<div style=\"text-align:center\">\n<ol type=\"1\"><b><u>BUTSU<\/u><\/b><\/p>\n<li><a href=\"http:\/\/www.nossacasa.net\/shunya\/buda\/\">BIBASHI<\/a><\/li>\n<li><a href=\"http:\/\/www.nossacasa.net\/shunya\/buda\/\">SHIKI<\/a><\/li>\n<li><a href=\"http:\/\/www.nossacasa.net\/shunya\/buda\/\">BISHAFU<\/a><\/li>\n<li><a href=\"http:\/\/www.nossacasa.net\/shunya\/buda\/\">KURUSON<\/a><\/li>\n<li><a href=\"http:\/\/www.nossacasa.net\/shunya\/buda\/\">KUNAGONMUNI<\/a><\/li>\n<li><a href=\"http:\/\/www.nossacasa.net\/shunya\/buda\/\">KASHO<\/a><\/li>\n<li><a href=\"http:\/\/www.nossacasa.net\/shunya\/buda\/\">XAQUIAMUNI<\/a><\/li>\n<\/ol>\n<\/div>\n<table width=\"100%\" border=\"0\">\n<tr>\n<td valign=\"top\">\n<ol type=\"1\"><b><u>\u00cdNDIA<\/u><\/b><\/p>\n<li><a href=\"http:\/\/www.nossacasa.net\/shunya\/mahakashyapa\/\">MAKAKASHO<\/a><\/li>\n<li><a href=\"http:\/\/www.nossacasa.net\/shunya\/ananda\/\">ANANDA<\/a><\/li>\n<li><a href=\"http:\/\/www.nossacasa.net\/shunya\/shanavasa\/\">SHONAWASHU<\/a><\/li>\n<li><a href=\"http:\/\/www.nossacasa.net\/shunya\/upagupta\/\">UBAGIKUTA<\/a><\/li>\n<li><a href=\"http:\/\/www.nossacasa.net\/shunya\/dhritaka\/\">DAITAKA<\/a><\/li>\n<li><a href=\"http:\/\/www.nossacasa.net\/shunya\/michaka\/\">MISHAKA<\/a><\/li>\n<li><a href=\"http:\/\/www.nossacasa.net\/shunya\/vasumitra\/\">BASHUMITSU<\/a><\/li>\n<li><a href=\"http:\/\/www.nossacasa.net\/shunya\/buddhananda\/\">BUTSUDANANDAI<\/a><\/li>\n<li><a href=\"http:\/\/www.nossacasa.net\/shunya\/buddhamitra\/\">FUDAMITA<\/a><\/li>\n<li><a href=\"http:\/\/www.nossacasa.net\/shunya\/parshvanatha\/\">BARISHIBA<\/a><\/li>\n<li><a href=\"http:\/\/www.nossacasa.net\/shunya\/punyayashas\/\">FUNAYASHYA<\/a><\/li>\n<li><a href=\"http:\/\/www.nossacasa.net\/shunya\/ashvagosha\/\">ANABOTEI<\/a><\/li>\n<li><a href=\"http:\/\/www.nossacasa.net\/shunya\/kapimala\/\">KABIMORA<\/a><\/li>\n<li><a href=\"http:\/\/www.nossacasa.net\/shunya\/nagarjuna\/\">NAGYAHARAJUNA<\/a><\/li>\n<li><a href=\"http:\/\/www.nossacasa.net\/shunya\/aryadeva\/\">KANADAIBA<\/a><\/li>\n<li><a href=\"http:\/\/www.nossacasa.net\/shunya\/rahulata\/\">RAGORATA<\/a><\/li>\n<li><a href=\"http:\/\/www.nossacasa.net\/shunya\/sanghanandi\/\">SOGYANANDAI<\/a><\/li>\n<li><a href=\"http:\/\/www.nossacasa.net\/shunya\/gayashata\/\">KAYSHATA<\/a><\/li>\n<li><a href=\"http:\/\/www.nossacasa.net\/shunya\/kumarata\/\">KUMORATA<\/a><\/li>\n<li><a href=\"http:\/\/www.nossacasa.net\/shunya\/jayata\/\">SHAYATA<\/a><\/li>\n<li><a href=\"http:\/\/www.nossacasa.net\/shunya\/vasubandhu\/\">BASHUBANZU<\/a><\/li>\n<li><a href=\"http:\/\/www.nossacasa.net\/shunya\/manorhita\/\">MANURA<\/a><\/li>\n<li><a href=\"http:\/\/www.nossacasa.net\/shunya\/haklenayasha\/\">KAKUROKUNA<\/a><\/li>\n<li><a href=\"http:\/\/www.nossacasa.net\/shunya\/aryasimha\/\">SHSISHIBODAI<\/a><\/li>\n<li><a href=\"http:\/\/www.nossacasa.net\/shunya\/basiasita\/\">BASHASHITA<\/a><\/li>\n<li><a href=\"http:\/\/www.nossacasa.net\/shunya\/punyamitra\/\">FUNYOMITA <\/a><\/li>\n<li><a href=\"http:\/\/www.nossacasa.net\/shunya\/prajnatara\/\">HANNYATARA <\/a><\/li>\n<\/ol>\n<\/td>\n<td valign=\"top\">\n<ol type=\"1\" start=\"28\"><b><u>CHINA<\/u><\/b><\/p>\n<li><a href=\"http:\/\/www.nossacasa.net\/shunya\/bodhidharma\/\">BODAIDARUMA<\/a><\/li>\n<li><a href=\"http:\/\/www.nossacasa.net\/shunya\/hui-ko\/\">TAISO EKA<\/a><\/li>\n<li><a href=\"http:\/\/www.nossacasa.net\/shunya\/seng-tsan\/\">KANCHI SOSAN<\/a><\/li>\n<li><a href=\"http:\/\/www.nossacasa.net\/shunya\/tao-hsin\/\">DAII DOSHIN<\/a><\/li>\n<\/ol>\n<\/td>\n<\/tr>\n<\/table>\n<hr \/>\n<div style=\"text-align:right\"><a href=\"#inicio\">Topo<\/a><\/div>\n<hr \/>\n<p><\/font><\/div>\n<!-- AddThis Advanced Settings generic via filter on the_content --><!-- AddThis Share Buttons generic via filter on the_content -->","protected":false},"excerpt":{"rendered":"<p>Tao-hsin (580-651) Daoxuan (Tao-hsuan, Dosen, Dayi Daoxin) O Trig&eacute;simo-Primeiro Patriarca Quarto Patriarca chin&ecirc;s Refer\u00eancias Por Gary L. Ray Transmiss\u00e3o de Seng-ts&#8217;an Transmiss\u00e3o para Hung-jen Linhagem Refer\u00eancias2 , 596-667. Em outra fonte como Dayi Daoxin (Dai&#8217;i Doshin), 580-651 Fundador da Escola &hellip; <a href=\"http:\/\/www.nossacasa.net\/shunya\/tao-hsin\/\">Continue lendo <span class=\"meta-nav\">&rarr;<\/span><\/a><!-- AddThis Advanced Settings generic via filter on get_the_excerpt --><!-- AddThis Share Buttons generic via filter on get_the_excerpt --><\/p>\n","protected":false},"author":1,"featured_media":2228,"parent":0,"menu_order":0,"comment_status":"closed","ping_status":"closed","template":"","meta":{"footnotes":""},"class_list":["post-2227","page","type-page","status-publish","has-post-thumbnail","hentry"],"_links":{"self":[{"href":"http:\/\/www.nossacasa.net\/shunya\/wp-json\/wp\/v2\/pages\/2227","targetHints":{"allow":["GET"]}}],"collection":[{"href":"http:\/\/www.nossacasa.net\/shunya\/wp-json\/wp\/v2\/pages"}],"about":[{"href":"http:\/\/www.nossacasa.net\/shunya\/wp-json\/wp\/v2\/types\/page"}],"author":[{"embeddable":true,"href":"http:\/\/www.nossacasa.net\/shunya\/wp-json\/wp\/v2\/users\/1"}],"replies":[{"embeddable":true,"href":"http:\/\/www.nossacasa.net\/shunya\/wp-json\/wp\/v2\/comments?post=2227"}],"version-history":[{"count":8,"href":"http:\/\/www.nossacasa.net\/shunya\/wp-json\/wp\/v2\/pages\/2227\/revisions"}],"predecessor-version":[{"id":4748,"href":"http:\/\/www.nossacasa.net\/shunya\/wp-json\/wp\/v2\/pages\/2227\/revisions\/4748"}],"wp:featuredmedia":[{"embeddable":true,"href":"http:\/\/www.nossacasa.net\/shunya\/wp-json\/wp\/v2\/media\/2228"}],"wp:attachment":[{"href":"http:\/\/www.nossacasa.net\/shunya\/wp-json\/wp\/v2\/media?parent=2227"}],"curies":[{"name":"wp","href":"https:\/\/api.w.org\/{rel}","templated":true}]}}