{"id":2231,"date":"2018-05-18T21:36:03","date_gmt":"2018-05-18T23:36:03","guid":{"rendered":"http:\/\/www.nossacasa.net\/shunya\/?page_id=2231"},"modified":"2018-06-07T10:55:09","modified_gmt":"2018-06-07T12:55:09","slug":"hung-jen","status":"publish","type":"page","link":"http:\/\/www.nossacasa.net\/shunya\/hung-jen\/","title":{"rendered":"Hung-jen"},"content":{"rendered":"<div style=\"text-align:justify\"><font face=\"Verdana\" size=\"2\"><br \/>\n<a name=\"inicio\"><\/a><a href=\"http:\/\/www.nossacasa.net\/shunya\/hung-jen\/hung-jen-2\/\" rel=\"attachment wp-att-4616\"><img loading=\"lazy\" decoding=\"async\" src=\"http:\/\/www.nossacasa.net\/shunya\/wp-content\/uploads\/2018\/05\/Hung-jen-1-203x300.jpg\" alt=\"\" width=\"203\" height=\"300\" class=\"alignleft size-medium wp-image-4616\" srcset=\"http:\/\/www.nossacasa.net\/shunya\/wp-content\/uploads\/2018\/05\/Hung-jen-1-203x300.jpg 203w, http:\/\/www.nossacasa.net\/shunya\/wp-content\/uploads\/2018\/05\/Hung-jen-1.jpg 220w\" sizes=\"auto, (max-width: 203px) 100vw, 203px\" \/><\/a><br \/>\n<b>Hung-jen (601-674)<\/b><br \/>\n<i>Daman Hongren (Ta-men Hung-jen, Daimen Konin, Dajian Gunin)<\/i><br \/>\n<strong>O Trig&eacute;simo-Segundo Patriarca<\/strong><br \/>\n<strong>Quinto Patriarca chin&ecirc;s<\/strong><\/p>\n<hr \/>\n<p><a href=\"#a\">Refer\u00eancias<\/a><br \/>\n<a href=\"#e\">Disc\u00edpulos<\/a><br \/>\n<a href=\"#b\">Por Gary L. Ray<\/a><br \/>\n<a href=\"#c\">Transmiss\u00e3o de Tao-hsin<\/a><br \/>\n<a href=\"#d\">Transmiss\u00e3o para Hui-neng<\/a><br \/>\n<a href=\"#g\">Linhagem<\/a><\/p>\n<hr \/>\n<p><a name=\"c\"<b>Refer\u00eancias<\/a><sup>2<\/sup><br \/>\nDaman Hongren (Ta-men Hung-jen, Daimen Konin, Dajian Gunin), 601-674.<br \/>\nQuinto Patriarca chin&ecirc;s. Ele ensinou em Pingmao shan, tamb&eacute;m conhecido como Dongshan (Montanha Oriental) e assim sua corrente de Linhagem foi conhecida como a corrente da Montanha Oriental de Chan enquanto a transmiss&atilde;o paralela de Daoxin para Farong foi chamada de Niutou ou corrente da Cabe&ccedil;a do Touro. Depois, a montanha foi renomeada Wuzu shan (Montanha do Quinto Patriarca). Ver Denkoroku, Cap&iacute;tulo 34.<\/p>\n<hr \/>\n<p><a name=\"e\"><b>Disc\u00edpulos<\/b><\/a><br \/>\nEntre os disc\u00edpulos de Hung-jen est\u00e3o: <\/p>\n<ol type=\"1\">\n<li><a href=\"http:\/\/www.nossacasa.net\/shunya\/hueineng\/\">Hui-neng &#8211; En\u00f2 (638 &#8211; 713)<\/a>\n<\/li>\n<li><a href=\"http:\/\/www.nossacasa.net\/shunya\/shen-hsiu\/\">Shen-hsiu &#8211; Jinshu (605 &#8211; 706)<\/a>\n<\/li>\n<li><a href=\"http:\/\/www.nossacasa.net\/shunya\/zhixian\/\">Chih-shen &#8211; Chisen (609 &#8211; 702)<\/a>\n<\/li>\n<li><a href=\"http:\/\/www.nossacasa.net\/shunya\/faru\/\">Pin-Yin &#8211; Faru (638 &#8211; 689)<\/a>\n<\/li>\n<\/ol>\n<p>.<\/p>\n<hr \/>\n<div style=\"text-align:right\"><a href=\"#inicio\">Topo<\/a><\/div>\n<hr \/>\n<p><a name=\"b\"><b>Por Gary L. Ray<\/b><\/a><\/p>\n<p>Hung-jen, o quinto patriarca chin&ecirc;s do Ch&#8217;an, tem uma hist&oacute;ria semelhante aos primeiros quatro patriarcas de Ch&#8217;an.  Ele saiu de casa cedo para se tornar um monge, passou longos per&iacute;odos de tempo em zazen, livrou-se dos sutras, atingiu a ilumina&ccedil;&atilde;o, e morreu em idade avan&ccedil;ada depois de transmitir seus ensinos para um &uacute;nico sucessor. <\/p>\n<p>Hung-jen marca o in&iacute;cio de um novo per&iacute;odo do Ch&#8217;an, caracterizado por rela&ccedil;&otilde;es fortes entre mestre e disc&iacute;pulo e pela expans&atilde;o da pr&aacute;tica espiritual al&eacute;m da medita&ccedil;&atilde;o indiana (dhyana).  A pr&aacute;tica espiritual de Hung-jen era baseada no &#8220;despertar gradual&#8221; ensinamento de seu predecessor, Tao-hsin.  No texto <i>Tsui-shang-ch&#8217;en lun<\/i>, um trabalho que se acredita ter sido escrito por Hung-jen, ele d&aacute; instru&ccedil;&atilde;o a seus estudantes:<\/p>\n<p><i>Olhe para onde o horizonte desaparece al&eacute;m do c&eacute;u e veja a figura una.  Esta &eacute; uma grande ajuda.  Serve para aqueles novatos que se sentam em medita&ccedil;&atilde;o, quando sua mente estiver distra&iacute;da, enfocar sua mente na figura una.<\/i><\/p>\n<p>Neste per&iacute;odo de expans&atilde;o da pr&aacute;tica Ch&#8217;an, Hung-jen teve um total de onze disc&iacute;pulos que ele confirmou como tendo dominando os ensinamentos.  At&eacute; mais incr&iacute;vel que isto, tr&ecirc;s destes estudantes, Shen-hsiu, Hui-neng e Chih-hsien come&ccedil;aram suas pr&oacute;prias escolas baseadas em varia&ccedil;&otilde;es dos ensinos de Hung-jen.<\/p>\n<p>Por&eacute;m, a tradi&ccedil;&atilde;o de escolher um herdeiro  do dharma continuou, e o herdeiro de Hung-jen foi um brilhante estudante chamado Fa-ju. Por alguma raz&atilde;o, por&eacute;m, Fa-ju nunca foi inclu&iacute;do na lista de patriarcas, e naquele momento, ainda n&atilde;o havia sido estabelecida uma teoria formal de uma linhagem patriarcal.  Apesar da sucess&atilde;o de Fa-ju, o herdeiro oficial de Hung-jen, de acordo com o estudioso confuciano Ch&#8217;ang Yueh (667-730), &eacute; Shen-hsiu.<\/p>\n<p align=\"right\">Ver <a href=\"default.asp?menu=887\" class=\"broken_link\">O Desenvolvimento e o decl\u00ednio da Escola Ch&#8217;an do Norte<\/a><\/p>\n<hr \/>\n<p><a name=\"c\"><b>Transmiss\u00e3o de Tao-hsin<\/b><\/a><sup>1<\/sup><br \/>\n32. De <a href=\"http:\/\/www.nossacasa.net\/shunya\/tao-hsin\/\">Tao-hsin<\/a> para<br \/>\n<a href=\"http:\/\/www.nossacasa.net\/shunya\/hung-jen\/\">Hung-jen<\/a><\/p>\n<p>Um velho peregrino foi at\u00e9 o mestre Tao-hsin para pedir a transmiss\u00e3o, e o mestre respondeu:<\/p>\n<p>Voc\u00ea \u00e9 t\u00e3o vener\u00e1vel em idade que, se eu te transmitisse o Dharma agora, voc\u00ea n\u00e3o poderia ensin\u00e1-lo por muito tempo. Por favor, volte mais tarde, vou esper\u00e1-lo. <\/p>\n<p>O velho peregrino partiu e encontrou uma jovem, muito religiosa, que estava lavando roupa em um rio. O peregrino perguntou a ela sobre alojamento, e a jovem foi consultar seus pais. Ao retornar, ela encontrou o peregrino morto e, meses depois, descobriu que estava milagrosamente gr\u00e1vida.<\/p>\n<p>Ningu\u00e9m acreditou no que tinha acontecido. Quando seu filho nasceu, ela tentou abandon\u00e1-lo no rio, mas uma semana depois, ele ainda continuava l\u00e1, saud\u00e1vel e radiante. Passaram a viver como mendigos, sem lar e sem fam\u00edlia; o menino passou a ser conhecido como <i>sem nome<\/i>.<\/p>\n<p>Quando tinha 7 anos de idade, ele foi encontrado pelo mestre Tao-hsin.<\/p>\n<blockquote><p>\n<b>Tao-hsin:<\/b> Qual \u00e9 o seu nome?<br \/>\n<b>Sem nome:<\/b> Eu sou ess\u00eancia, n\u00e3o nome.<br \/>\n<b>Tao-hsin:<\/b><br \/>\n  Essa ess\u00eancia que voc\u00ea \u00e9, possui nome?<br \/>\n<b>Sem nome:<\/b> Despertar.<br \/>\n<b>Tao-hsin:<\/b> <i>Despertar<\/i> \u00e9 o seu nome?<br \/>\n<b>Sem nome:<\/b> Eu sou <i>sem nome<\/i>.\n<\/p><\/blockquote>\n<p>Depois desta transmiss\u00e3o, o menino <i>sem nome<\/i> passou a ser chamado de Hung-jen.<\/p>\n<hr \/>\n<div style=\"text-align:right\"><a href=\"#inicio\">Topo<\/a><\/div>\n<hr \/>\n<p><a name=\"d\"><b>Transmiss\u00e3o para Hui-neng<\/b><\/a><sup>1<\/sup><\/p>\n<p><b>33. De <a href=\"http:\/\/www.nossacasa.net\/shunya\/hung-jen\/\">Hung-jen<\/a> para<br \/>\n<a href=\"http:\/\/www.nossacasa.net\/shunya\/hueineng\/\">Hui-neng<\/a><\/b><\/p>\n<p>Desde pequeno, Hui-neng trabalhava como lenhador, para sustentar a si mesmo e \u00e0 sua m\u00e3e doente. Certa vez, quando estava vendendo lenha na cidade, ouviu um homem recitando um livro em voz alta.<br \/>\nHui-neng ficou muito impressionado com aquelas palavras e foi perguntar \u00e0quele homem:<\/p>\n<blockquote><p>\n<b>Hui-neng:<\/b> Que livro \u00e9 esse?<br \/>\n<b>Homem:<\/b> \u00c9 um sutra.<br \/>\n<b>Hui-neng:<\/b> Que sutra?<br \/>\n<b>Homem:<\/b> O Sutra do Diamante.<br \/>\n<b>Hui-neng:<\/b> Onde o conseguiu, e por que voc\u00ea est\u00e1 o recitando?<br \/>\n<b>Homem:<\/b> Consegui este texto no monast\u00e9rio Tung-ch&#8217;an, no distrito Huang-mei de Ch&#8217;i-chou. O abade deste monast\u00e9rio \u00e9 Hung-jen, o quinto mestre, que tem cerca de mil disc\u00edpulos. Quando fui prestar rever\u00eancia ao ele, falou-me deste sutra. O mestre costuma encorajar tanto os leigos quantos os monges a lerem este sutra, para que realizem a natureza da mente e alcancem diretamente a ilumina\u00e7\u00e3o.<br \/>\n<b>Hui-neng:<\/b> Gostaria de conhecer este mestre.<br \/>\n<b>Homem:<\/b> Quer mesmo ir ao monast\u00e9rio Tung-ch&#8217;an? Fica bem longe&#8230;<br \/>\n<b>Hui-neng:<\/b> Por mais longe que seja, gostaria de ir.<br \/>\n<b>Homem:<\/b> Ent\u00e3o, v\u00e1 at\u00e9 ele!<br \/>\n<b>Hui-neng:<\/b> Infelizmente n\u00e3o posso, preciso cuidar de minha velha m\u00e3e.<br \/>\n<b>Homem:<\/b> Isso n\u00e3o \u00e9 problema, pegue estas dez moedas e leve para ela. \u00c9 o suficiente para o sustento dela. <\/p><\/blockquote>\n<p>Muito comovido, Hui-neng levou as moedas \u00e0 sua m\u00e3e, despediu-se e foi para a prov\u00edncia de Huang-mei, no norte, onde chegou depois de um m\u00eas de caminhada. Ao encontrar o mestre Hung-jen, ele lhe disse:<\/p>\n<p><b>Hui-neng:<\/b> Sou um lenhador da prov\u00edncia Hsin-chou de Kuang-tung. Viajei desde longe para prestar rever\u00eancia ao senhor e para pedir apenas a ilumina\u00e7\u00e3o.<br \/>\n<b>Hung-jen:<\/b> Voc\u00ea \u00e9 nativo de Kuang-tung, um b\u00e1rbaro? Como espera se tornar um buddha?<br \/>\n<b>Hui-neng:<\/b> Apesar de existirem homens do norte e homens do sul, norte e sul n\u00e3o fazem diferen\u00e7a na natureza b\u00faddhica. Um b\u00e1rbaro \u00e9 fisicamente diferente do senhor, mas n\u00e3o em natureza b\u00faddhica. <\/p>\n<p>Hui-neng foi admitido no monast\u00e9rio como cozinheiro. Oito meses depois, o mestre pediu aos monges para que escrevessem um <i>gatha<\/i>, um breve poema sobre o despertar. O \u00fanico a escrever o poema foi Sheng-hsiu, o mais estudioso dos monges. Muito preocupado, ele hesitou por quatro dias, mas finalmente escreveu o seu poema, em uma das paredes do monast\u00e9rio:<\/p>\n<p>O corpo \u00e9 a \u00e1rvore da ilumina\u00e7\u00e3o,<br \/>\nA mente \u00e9 um espelho brilhante<br \/>\nQue devemos limpar continuamente<br \/>\nPara que a poeira n\u00e3o grude. <\/p>\n<p>O mestre Hung-jen descobriu a autoria do poema e pediu a Sheng-hsiu para que escrevesse outro. Hui-neng, que estava trabalhando na cozinha, ouviu um jovem novi\u00e7o recitar aqueles versos e perguntou do que se tratava. Ent\u00e3o, Hui-neng decidiu compor um poema tamb\u00e9m; como n\u00e3o sabia ler ou escrever, pediu ao novi\u00e7o para que o anotasse na parede:<\/p>\n<p>O corpo n\u00e3o \u00e9 uma \u00e1rvore,<br \/>\nA mente n\u00e3o \u00e9 um espelho;<br \/>\nJ\u00e1 que tudo \u00e9 vazio,<br \/>\nComo a poeira pode grudar? <\/p>\n<p>Depois de ler o poema, o mestre Hung-jen apagou-o com a sand\u00e1lia e, durante a noite, foi \u00e0 cozinha, onde estava<br \/>\nHui-neng.<\/p>\n<p><b>Hung-jen:<\/b> O arroz j\u00e1 est\u00e1 branco?<br \/>\n<b>Hui-neng:<\/b> Sim, perfeitamente branco! Mas as cascas ainda n\u00e3o foram peneiradas. <\/p>\n<p>Com sua bengala, o mestre deu tr\u00eas batidas em um pil\u00e3o de pedra, o que significava que Hui-neng deveria ir aos seus aposentos depois de tr\u00eas horas. Hui-neng respondeu, sacudindo tr\u00eas vezes a sua peneira.<\/p>\n<p>Ent\u00e3o, tr\u00eas horas depois, o mestre recitou o Sutra do Diamante para Hui-neng. Ao ouvir o trecho<br \/>\n&#8230; deve-se usar a mente de tal modo que ela esteja livre de todo apego&#8230; <\/p>\n<p>Hui-neng subitamente despertou. O mestre Hung-jen deu a ele o pote e o manto, s\u00edmbolos da transmiss\u00e3o, e pediu para que se retirasse do monast\u00e9rio, temendo a inveja dos outros monges. Hui-neng partiu para as montanhas do sul da China, onde viveu por 15 anos como ca\u00e7ador e s\u00f3 ent\u00e3o se tornou monge, atraindo muitos disc\u00edpulos.<\/p>\n<hr \/>\n<ol type=\"1\">\nFontes:<\/p>\n<li> www.dharmanet.com.br<\/li>\n<li>&#8220;Ensinos do Mestre Zen Anzan Roshi&#8221;(texto compilado pelo Ven. Jinmyo Fleming ino e traduzido ao Portugu&ecirc;s por Claudio Miklos.<\/li>\n<\/ol>\n<hr \/>\n<div style=\"text-align:right\"><a href=\"#inicio\">Topo<\/a><\/div>\n<p><a name=\"g\">Linhagem desde Saquiamuni<\/a><\/p>\n<div style=\"text-align:center\">\n<ol type=\"1\"><b><u>BUTSU<\/u><\/b><\/p>\n<li><a href=\"http:\/\/www.nossacasa.net\/shunya\/buda\/\">BIBASHI<\/a><\/li>\n<li><a href=\"http:\/\/www.nossacasa.net\/shunya\/buda\/\">SHIKI<\/a><\/li>\n<li><a href=\"http:\/\/www.nossacasa.net\/shunya\/buda\/\">BISHAFU<\/a><\/li>\n<li><a href=\"http:\/\/www.nossacasa.net\/shunya\/buda\/\">KURUSON<\/a><\/li>\n<li><a href=\"http:\/\/www.nossacasa.net\/shunya\/buda\/\">KUNAGONMUNI<\/a><\/li>\n<li><a href=\"http:\/\/www.nossacasa.net\/shunya\/buda\/\">KASHO<\/a><\/li>\n<li><a href=\"http:\/\/www.nossacasa.net\/shunya\/buda\/\">XAQUIAMUNI<\/a><\/li>\n<\/ol>\n<\/div>\n<table width=\"100%\" border=\"0\">\n<tr>\n<td valign=\"top\">\n<ol type=\"1\"><b><u>\u00cdNDIA<\/u><\/b><\/p>\n<li><a href=\"http:\/\/www.nossacasa.net\/shunya\/mahakashyapa\/\">MAKAKASHO<\/a><\/li>\n<li><a href=\"http:\/\/www.nossacasa.net\/shunya\/ananda\/\">ANANDA<\/a><\/li>\n<li><a href=\"http:\/\/www.nossacasa.net\/shunya\/shanavasa\/\">SHONAWASHU<\/a><\/li>\n<li><a href=\"http:\/\/www.nossacasa.net\/shunya\/upagupta\/\">UBAGIKUTA<\/a><\/li>\n<li><a href=\"http:\/\/www.nossacasa.net\/shunya\/dhritaka\/\">DAITAKA<\/a><\/li>\n<li><a href=\"http:\/\/www.nossacasa.net\/shunya\/michaka\/\">MISHAKA<\/a><\/li>\n<li><a href=\"http:\/\/www.nossacasa.net\/shunya\/vasumitra\/\">BASHUMITSU<\/a><\/li>\n<li><a href=\"http:\/\/www.nossacasa.net\/shunya\/buddhananda\/\">BUTSUDANANDAI<\/a><\/li>\n<li><a href=\"http:\/\/www.nossacasa.net\/shunya\/buddhamitra\/\">FUDAMITA<\/a><\/li>\n<li><a href=\"http:\/\/www.nossacasa.net\/shunya\/parshvanatha\/\">BARISHIBA<\/a><\/li>\n<li><a href=\"http:\/\/www.nossacasa.net\/shunya\/punyayashas\/\">FUNAYASHYA<\/a><\/li>\n<li><a href=\"http:\/\/www.nossacasa.net\/shunya\/ashvagosha\/\">ANABOTEI<\/a><\/li>\n<li><a href=\"http:\/\/www.nossacasa.net\/shunya\/kapimala\/\">KABIMORA<\/a><\/li>\n<li><a href=\"http:\/\/www.nossacasa.net\/shunya\/nagarjuna\/\">NAGYAHARAJUNA<\/a><\/li>\n<li><a href=\"http:\/\/www.nossacasa.net\/shunya\/aryadeva\/\">KANADAIBA<\/a><\/li>\n<li><a href=\"http:\/\/www.nossacasa.net\/shunya\/rahulata\/\">RAGORATA<\/a><\/li>\n<li><a href=\"http:\/\/www.nossacasa.net\/shunya\/sanghanandi\/\">SOGYANANDAI<\/a><\/li>\n<li><a href=\"http:\/\/www.nossacasa.net\/shunya\/gayashata\/\">KAYSHATA<\/a><\/li>\n<li><a href=\"http:\/\/www.nossacasa.net\/shunya\/kumarata\/\">KUMORATA<\/a><\/li>\n<li><a href=\"http:\/\/www.nossacasa.net\/shunya\/jayata\/\">SHAYATA<\/a><\/li>\n<li><a href=\"http:\/\/www.nossacasa.net\/shunya\/vasubandhu\/\">BASHUBANZU<\/a><\/li>\n<li><a href=\"http:\/\/www.nossacasa.net\/shunya\/manorhita\/\">MANURA<\/a><\/li>\n<li><a href=\"http:\/\/www.nossacasa.net\/shunya\/haklenayasha\/\">KAKUROKUNA<\/a><\/li>\n<li><a href=\"http:\/\/www.nossacasa.net\/shunya\/aryasimha\/\">SHSISHIBODAI<\/a><\/li>\n<li><a href=\"http:\/\/www.nossacasa.net\/shunya\/basiasita\/\">BASHASHITA<\/a><\/li>\n<li><a href=\"http:\/\/www.nossacasa.net\/shunya\/punyamitra\/\">FUNYOMITA <\/a><\/li>\n<li><a href=\"http:\/\/www.nossacasa.net\/shunya\/prajnatara\/\">HANNYATARA <\/a><\/li>\n<\/ol>\n<\/td>\n<td valign=\"top\">\n<ol type=\"1\" start=\"28\"><b><u>CHINA<\/u><\/b><\/p>\n<li><a href=\"http:\/\/www.nossacasa.net\/shunya\/bodhidharma\/\">BODAIDARUMA<\/a><\/li>\n<li><a href=\"http:\/\/www.nossacasa.net\/shunya\/hui-ko\/\">TAISO EKA<\/a><\/li>\n<li><a href=\"http:\/\/www.nossacasa.net\/shunya\/seng-tsan\/\">KANCHI SOSAN<\/a><\/li>\n<li><a href=\"http:\/\/www.nossacasa.net\/shunya\/tao-hsin\/\">DAII DOSHIN<\/a><\/li>\n<li><a href=\"http:\/\/www.nossacasa.net\/shunya\/hung-jen\/\">DAIMAN KONIN<\/a><\/li>\n<\/ol>\n<\/td>\n<\/tr>\n<\/table>\n<hr \/>\n<div style=\"text-align:right\"><a href=\"#inicio\">Topo<\/a><\/div>\n<hr \/>\n<p><\/font><\/div>\n<!-- AddThis Advanced Settings generic via filter on the_content --><!-- AddThis Share Buttons generic via filter on the_content -->","protected":false},"excerpt":{"rendered":"<p>Hung-jen (601-674) Daman Hongren (Ta-men Hung-jen, Daimen Konin, Dajian Gunin) O Trig&eacute;simo-Segundo Patriarca Quinto Patriarca chin&ecirc;s Refer\u00eancias Disc\u00edpulos Por Gary L. Ray Transmiss\u00e3o de Tao-hsin Transmiss\u00e3o para Hui-neng Linhagem<!-- AddThis Advanced Settings generic via filter on get_the_excerpt --><!-- AddThis Share Buttons generic via filter on get_the_excerpt --><\/p>\n","protected":false},"author":1,"featured_media":4616,"parent":0,"menu_order":0,"comment_status":"closed","ping_status":"closed","template":"","meta":{"footnotes":""},"class_list":["post-2231","page","type-page","status-publish","has-post-thumbnail","hentry"],"_links":{"self":[{"href":"http:\/\/www.nossacasa.net\/shunya\/wp-json\/wp\/v2\/pages\/2231","targetHints":{"allow":["GET"]}}],"collection":[{"href":"http:\/\/www.nossacasa.net\/shunya\/wp-json\/wp\/v2\/pages"}],"about":[{"href":"http:\/\/www.nossacasa.net\/shunya\/wp-json\/wp\/v2\/types\/page"}],"author":[{"embeddable":true,"href":"http:\/\/www.nossacasa.net\/shunya\/wp-json\/wp\/v2\/users\/1"}],"replies":[{"embeddable":true,"href":"http:\/\/www.nossacasa.net\/shunya\/wp-json\/wp\/v2\/comments?post=2231"}],"version-history":[{"count":15,"href":"http:\/\/www.nossacasa.net\/shunya\/wp-json\/wp\/v2\/pages\/2231\/revisions"}],"predecessor-version":[{"id":4787,"href":"http:\/\/www.nossacasa.net\/shunya\/wp-json\/wp\/v2\/pages\/2231\/revisions\/4787"}],"wp:featuredmedia":[{"embeddable":true,"href":"http:\/\/www.nossacasa.net\/shunya\/wp-json\/wp\/v2\/media\/4616"}],"wp:attachment":[{"href":"http:\/\/www.nossacasa.net\/shunya\/wp-json\/wp\/v2\/media?parent=2231"}],"curies":[{"name":"wp","href":"https:\/\/api.w.org\/{rel}","templated":true}]}}