{"id":2243,"date":"2018-05-18T22:07:37","date_gmt":"2018-05-19T00:07:37","guid":{"rendered":"http:\/\/www.nossacasa.net\/shunya\/?page_id=2243"},"modified":"2018-06-08T23:38:23","modified_gmt":"2018-06-09T01:38:23","slug":"shih-tou","status":"publish","type":"page","link":"http:\/\/www.nossacasa.net\/shunya\/shih-tou\/","title":{"rendered":"Shih T&#8217;ou"},"content":{"rendered":"<div style=\"text-align:justify\"><font face=\"Verdana\" size=\"2\"><br \/>\n<a name=\"inicio\"><\/a><a href=\"http:\/\/www.nossacasa.net\/shunya\/shih-tou\/shihtou-xiqian\/\" rel=\"attachment wp-att-2245\"><img loading=\"lazy\" decoding=\"async\" src=\"http:\/\/www.nossacasa.net\/shunya\/wp-content\/uploads\/2018\/05\/Shihtou-Xiqian.jpg\" alt=\"\" width=\"183\" height=\"275\" class=\"alignleft size-full wp-image-2245\" \/><\/a><b>Shih T&#8217;ou (700-790)<\/b><br \/>\n<i>Shihtou Xiqian (Shih-t&#8217;ou Hsi-ch&#8217;ien, Sekito Kisen)<\/i><br \/>\n<strong>O Trig&eacute;simo-quinto Patriarca.<\/strong><\/p>\n<hr \/>\n<p><a href=\"#g\">Refer\u00eancias<\/a><br \/>\n<a href=\"#a\">Por Kapleau<\/a><br \/>\n<a href=\"#b\">Por Varenne<\/a><br \/>\n<a href=\"#e\">Por D.T.Suzuki<\/a><br \/>\n<a href=\"#f\">Textos<\/a><br \/>\n<a href=\"#h\">Disc\u00edpulos<\/a><br \/>\n<a href=\"#c\">Transmiss\u00e3o de Ch&#8217;ing-y&uuml;an<\/a><br \/>\n<a href=\"#d\">Transmiss\u00e3o para Yao-shan<\/a><br \/>\n<a href=\"#h\">Linhagem<\/a><\/p>\n<hr \/>\n<p><a name=\"g\"><b>Refer\u00eancias<\/b><\/a><sup>5<\/sup><\/p>\n<p>Hoshin sensei e Yasuda Joshu roshi em Chanting Breath and Sound, Great Matter Publications, 1994.<\/p>\n<p>Ele foi aceito como um estudante por <a href=\"http:\/\/www.nossacasa.net\/shunya\/hueineng\/ \">Huineng<\/a> em 713. Depois que Huineng morreu, sabemos muito pouco sobre o que aconteceu em seguida at&eacute; ele ter sido ordenado em Lofu-Shan em 728. Logo ap&oacute;s foi estudar com Qingyuan em Zhihzhou. Ele estudou com Qingyuan durante doze anos e ent&atilde;o, em 742, foi para Nanyue onde construiu um eremit&eacute;rio para si no topo de uma grande pedra plana a leste do templo de Nan-zi. Assim pessoas o chamaram &#8220;Shitou Hoshang,&#8221; &#8220;monge da beira-do-precip&iacute;cio&#8221; ou, mais jocosamente, &#8220;Cabe&ccedil;a-de-Pedra&#8221;.<\/p>\n<p>Em 764 foi para Liangduan onde ele e seu monast&eacute;rio tiveram muita intera&ccedil;&atilde;o com outro famoso mestre Zen <a href=\"http:\/\/www.nossacasa.net\/shunya\/ma-tsu-tao-i\/\">Jiangxi Mazu Daoyi<\/a> (Chiang-hsi Ma-tsu Tao-i, Baso Doitsu) 709-788. <\/p>\n<p>O Jingde Chuandeng-lu diz destes dois, &#8220;A Oeste do (Jiangxi) rio o grande solit&aacute;rio (Mazu) &eacute; o mestre e ao sul do lago (Hunan) Beira-do-Precip&iacute;cio (Shihtou) &eacute; o mestre. Quem n&atilde;o conheceu estes dois grandes mestres &eacute; ignorante do Zen.&#8221;<\/p>\n<p>Tr&ecirc;s das antigas Cinco Escolas Zen ou correntes derivam de Shihtou; assim como Yaoshan Weiyen, de quem surgiu o Caodong-zong (Soto), seus muitos Herdeiros de Dharma incluem Tianhuang Daowu (T&#8217;ien-huang Tao-wu, Tenno Dogo),748-807, de cujos herdeiros originaram-se <a href=\"default.asp?menu=164\" class=\"broken_link\">Fayen-zong<\/a> (Hogen) e <a href=\"default.asp?menu=162\" class=\"broken_link\">Yunmen-zong<\/a> (Ummon).  Danxia Tianran (Ta-hsia T&#8217;ien-jan, Tanka Tennen),739-824, e Dandian Baotong (Ta-tien Pao-t&#8217;ung, Daiten Hotsu),d. 819, foram dois outros Herdeiros de Dharma, mas as suas Linhagens desapareceram depois de algumas gera&ccedil;&otilde;es. Ver Denkoroku, Cap&iacute;tulo 36.<\/p>\n<hr \/>\n<div style=\"text-align:right\"><a href=\"#inicio\">Topo<\/a><\/div>\n<hr \/>\n<p><a name=\"a\"><b>Por Philip Kapleau<\/b><sup>1<\/sup><\/a><br \/>\nSekito&#9;Kisen (Rm chin\u00eas, Shin-t\u2019ou Hsi-ch\u2019ien, 700-790): Mestre Zen chin&ecirc;s l&iacute;der no per&iacute;odo T\u2019ang- Ficou como nome de Sekito (lit.&#8221;topo de pedra&quot;) pelo fato de viver numa cabana que constru&iacute;ra  para si sobre uma grande pedra lisa.<\/p>\n<hr \/>\n<div style=\"text-align:right\"><a href=\"#inicio\">Topo<\/a><\/div>\n<hr \/>\n<p><a name=\"b\"><b>Por Jean-Michel Varenne<sup>2<\/sup><\/b><\/a><br \/>\nEm 764 foi para Liangduan onde ele e seu monast\u00e9rio tiveram muita intera\u00e7\u00e3o com outro famoso mestre Zen Jiangxi Mazu Daoyi (Chiang-hsi Ma-tsu Tao-i, Baso Doitsu). O Jingde Chuandeng-lu diz destes dois, &#8220;A Oeste do (Jiangxi) rio o grande solit\u00e1rio (Mazu) \u00e9 o mestre e ao sul do lago (Hunan) Beira-do-Precip\u00edcio (Shihtou) \u00e9 o mestre.Quem n\u00e3o conheceu estes dois grandes mestres \u00e9 ignorante do Zen.&#8221;<\/p>\n<p>Tr\u00eas das antigas Cinco Escolas Zen ou correntes derivam de Shihtou; assim como Yaoshan Weiyen (pr\u00f3ximo cap\u00edtulo), de quem surgiu o Caodong-zong (Soto), seus muitos Herdeiros de Dharma incluem Tianhuang Daowu (T&#8217;ien-huang Tao-wu, Tenno Dogo),748-807, de cujos herdeiros originaram-se Fayen-zong (Hogen) e Yunmen-zong (Ummon). Danxia Tianran (Ta-hsia T&#8217;ien-jan, Tanka Tennen),739-824, e Dandian Baotong (Ta-tien Pao-t&#8217;ung, Daiten Hotsu),d. 819, foram dois outros Herdeiros de Dharma, mas as suas Linhagens desapareceram depois de algumas gera\u00e7\u00f5es.<\/p>\n<hr \/>\n<div style=\"text-align:right\"><a href=\"#inicio\">Topo<\/a><\/div>\n<hr \/>\n<p><a name=\"c\"><b>Transmiss\u00e3o de Ch&#8217;ing-y&uuml;an<\/b><\/a><sup>3<\/sup><br \/>\n<b>35. De <a href=\"http:\/\/www.nossacasa.net\/shunya\/ching-yuan\/\">Ch&#8217;ing-y&uuml;an<\/a> para<br \/>\n<a href=\"http:\/\/www.nossacasa.net\/shunya\/shih-tou\/ \">Shih-t&#8217;ou<\/a><\/b><\/p>\n<p>Quando era crian&ccedil;a, Shih-t&#8217;ou mostrava-se totalmente contra os sacrif&iacute;cios de animais, praticados pelas tribos de ca&ccedil;adores de sua regi&atilde;o. Aos 13 anos, ele se tornou novi&ccedil;o. Pouco tempo depois, o mestre Hui-neng faleceu, e Shi-t&#8217;ou fez retiros solit&aacute;rios por per&iacute;dos prolongados. A encontr&aacute;-lo, o mestre Ch&#8217;ing-y&uuml;an perguntou:<\/p>\n<p><b>Ch&#8217;ing-y&uuml;an:<\/b> De onde voc&ecirc; &eacute;?<br \/>\n<b>Shih-t&#8217;ou:<\/b> Do seu monast&eacute;rio original.<br \/>\n<b>Ch&#8217;ing-y&uuml;an (levantando seu cetro):<\/b> Isto existe no monast&eacute;rio?<br \/>\n<b>Shih-t&#8217;ou:<\/b> N&atilde;o, em nenhum monast&eacute;rio, nem mesmo na terra sagrada da &Iacute;ndia.<br \/>\n<b>Ch&#8217;ing-y&uuml;an:<\/b> Desde quando voc&ecirc; vai &agrave; &Iacute;ndia?<br \/>\n<b>Shih-t&#8217;ou:<\/b> Apenas se eu fosse &agrave; &Iacute;ndia que isso estaria l&aacute;.<br \/>\n<b>Ch&#8217;ing-y&uuml;an: <\/b>Declara&ccedil;&otilde;es ultrajantes n&atilde;o s&atilde;o suficientes, diga mais.<br \/>\n<b>Shih-t&#8217;ou:<\/b> N&atilde;o conte comigo para que eu diga tudo. Voc&ecirc; tamb&eacute;m deve falar.<br \/>\n<b>Ch&#8217;ing-y&uuml;an<\/b> N&atilde;o estou me recusando a falar. Estou apenas achando que, depois de mim, ningu&eacute;m realmente despertar&aacute;.<br \/>\n<b>Shih-t&#8217;ou:<\/b> Os mestres futuros certamente despertar&atilde;o, mas eles podem ser incapazes de expressar isso.<\/p>\n<p>Ent&atilde;o, o mestre Ch&#8217;ing-t&#8217;ou bateu com cetro em Shih-t&#8217;ou, completando a transmiss&atilde;o. Os mestres futuros tamb&eacute;m puderam despertar.<\/p>\n<hr \/>\n<div style=\"text-align:right\"><a href=\"#inicio\">Topo<\/a><\/div>\n<hr \/>\n<p><a name=\"d\"><b>Transmiss\u00e3o para Yao-shan<\/b> <\/a><sup>3<\/sup><br \/>\n<\/font><font face=\"tahoma, verdana, arial\" size=4><b>36. De <a href=\"http:\/\/www.nossacasa.net\/shunya\/shih-tou\/ \">Shih-t&#8217;ou<\/a> para<br \/>\n<a href=\"http:\/\/www.nossacasa.net\/shunya\/yaoshan-weiyan\/\">Yao-shan<\/a><br \/>\nYao-shan tornou-se monge aos 16 anos, passando a estudar os sutras e a seguir rigorosamente as regras mon&aacute;sticas. Mesmo assim, ainda estava com muitas d&uacute;vidas sobre a ess&ecirc;ncia da sua mente, e foi conversar com o mestre Shih-t&#8217;ou.<\/p>\n<p><\/b><b>Yao-shan:<\/b> Eu compreendi os doze sutras b&aacute;sicos que esclarecem todas as manifesta&ccedil;&otilde;es, mas quero receber a transmiss&atilde;o radical em que o mestre aponta para a mente, de modo direto, e o disc&iacute;pulo realiza a sua natureza, tornando-se buddha subitamente.<br \/>\n<b>Shih-t&#8217;ou:<\/b> Nenhum entendimento passo-a-passo vai funcionar, nem a assimila&ccedil;&atilde;o s&uacute;bita, nem mesmo uma combina&ccedil;&atilde;o destes dois. Ent&atilde;o, o que voc&ecirc; vai fazer?<\/p>\n<p>Ent&atilde;o, a pedido do mestre Shih-t&#8217;ou, Yao-shan foi at&eacute; a montanha de outro mestre, chamdo Ma-tsu.<\/p>\n<p><b>Ma-tsu:<\/b> Apenas a mente levanta as sombrancelhas e pisca os olhos. &Agrave;s vezes, gestos ocorrem, &agrave;s vezes n&atilde;o. N&atilde;o h&aacute; diferen&ccedil;a. Ent&atilde;o, o que voc&ecirc; vai fazer?<br \/>\n<b>(Yao-shan curva-se em rever&ecirc;ncia.)<br \/>\nMa-tsu:<\/b> Que vis&atilde;o voc&ecirc; teve para se curvar t&atilde;o profundamente?<br \/>\n<b>Yao-shan:<\/b> Quando eu estava diante do mestre Shih-t&#8217;ou, me senti completamente diferente, como um mosquito tentando penetrar em uma vaca de ferro.<br \/>\n<b>Ma-tsu:<\/b> Atrav&eacute;s da maravilhosa bondade de Shih-t&#8217;ou, voc&ecirc; est&aacute; desperto. Mas agora, voc&ecirc; deve se tornar mais refinado!<\/p>\n<p>Retornando ao seu monast&eacute;rio, Yao-shan sentou-se despreocupadamente no sal&atilde;o do templo. Ent&atilde;o, o mestre Shih-t&#8217;ou perguntou:<\/p>\n<p><b>Shih-t&#8217;ou:<\/b> O que voc&ecirc; est&aacute; fazendo?<br \/>\n<b>Yao-shan:<\/b> Nada!<br \/>\n<b>Shih-t&#8217;ou:<\/b> Ent&atilde;o, voc&ecirc; est&aacute; sentado em inatividade.<br \/>\n<b>Yao-shan:<\/b> Sentar-se em inatividade seria fazer algo.<br \/>\n<b>Shih-t&#8217;ou:<\/b> Que tipo de <i>nada<\/i> voc&ecirc; est&aacute; fazendo?<br \/>\n<b>Yao-shan:<\/b> Nem mesmo todos os s&aacute;bios da hist&oacute;ria poderiam responder.<br \/>\n<b>Shih-t&#8217;ou:<\/b> &Eacute; porque falar n&atilde;o est&aacute; relacionado com isso.<br \/>\n<b>Yao-shan:<\/b> Nem ficar em sil&ecirc;ncio est&aacute; relacionado com isso.<br \/>\n<b>Shih-t&#8217;ou:<\/b> Nem mesmo um orif&iacute;cio para se passar uma agulha.<br \/>\n<b>Yao-shan:<\/b> Plantar flores em uma lisa pedra de rio.<\/p>\n<p>Yao-shan recebe a tranmiss&atilde;o total.<\/p>\n<hr \/>\n<div style=\"text-align:right\"><a href=\"#inicio\">Topo<\/a><\/div>\n<hr \/>\n<p><a name=\"e\"><b>Por D.T.Suzuki<\/b><sup>4<\/sup><\/a><br \/>\nPode-se dizer que, de certo modo, o Zen chin&ecirc;s come&ccedil;ou realmente com <a href=\"http:\/\/www.nossacasa.net\/shunya\/ma-tsu-tao-i\/\">Matsu<\/a> e seu contempor&acirc;neo Shih-tou, ambos descendentes diretos de <a href=\"http:\/\/www.nossacasa.net\/shunya\/hueineng\/\">Hui-neng<\/a>.<\/p>\n<p>Quando Hui-lang de Chao-t\u2019i foi ver Ma-tsu, este lhe perguntou: \u2014 O que vem buscar aqui?<br \/>\n<i>Hui-lang: <\/i>\u2014 Busco a introvis&atilde;o atingida pelo Buda.<br \/>\n<i>Ma-tsu:<b> <\/b><\/i>\u2014 O<b> <\/b>Buda n&atilde;o tem introvis&atilde;o dessa esp&eacute;cie; essa pertence aos Maus. Voc&ecirc; diz que vem de Nan-vueh, mas n&atilde;o parece ter visto Shih-tou ainda. &Eacute; melhor que volte para o seu mestre.<br \/>\n<i>Hui-lang<\/i>, obedientemente, voltou para Nan-yueh e perguntou a Shih-tou: \u2014 O<b> <\/b>que &eacute; o Buda?<br \/>\n<i>Shih-tou:<\/i> \u2014 Voc&ecirc; n&atilde;o tem a natureza de Buda.<br \/>\n<i>Hui-lang: <\/i>\u2014 E<b> <\/b>essas naturezas que se movem &agrave; nossa volta?<br \/>\n<i>Shih-tou<\/i>: \u2014 Elas a t&ecirc;m.<br \/>\n<i>Hui-lang: <\/i>\u2014 E por que eu n&atilde;o tenho?<br \/>\n<i>Shih-tou<\/i>: \u2014 Porque voc&ecirc; n&atilde;o Consegue v&ecirc;-Ia sozinho.<br \/>\n>Diz-se que isto serviu-lhe para abrir os olhos &agrave; sua natureza-pr&oacute;pria. Depois ele viveu em Cho-ti e todos os monges que se aproximaram dele para instruir-se eram mandados embora com esta frase: &#8211;&#8220;V&atilde;o embora! Voc&ecirc;s n&atilde;o t&ecirc;m a natureza de Buda!&#8221;<\/p>\n<p>Chen-lang foi ter com Shih-tou e perguntou-lhe:<br \/>\n \u2014 O que significa a vinda do Dharma do Oeste para c&aacute;?<br \/>\n<i>Shih-tou:<\/i>\u2014 Pergunte &agrave;quele poste ali.<br \/>\n<i>Chen-lang: <\/i>\u2014 N&atilde;o entendo.<br \/>\n<i>Shih-tou: <\/i>\u2014 Nem eu.<\/p>\n<p>Esta resposta fez com que Chen-lang descobrisse a verdade. Mais tarde, quando um monge veio pedir-lhe instru&ccedil;&atilde;o, ele o chamou: \u2014 O reverendo!<br \/>\nO monge atendeu: \u2014 Sim, senhor.<br \/>\nE Chen-lang disse-lhe: Voc&ecirc; est&aacute; se afastando de si mesmo.<br \/>\nO monge: \u2014 Se assim <i>&eacute;, <\/i>por que voc&ecirc; n&atilde;o trata de ver o que devo fazer para proceder direito?<\/p>\n<p>Chen-lang limpou os olhos, como quem procura ver melhor. \u2014 O monge n&atilde;o soube o que dizer.<\/p>\n<p>Shih-tou afirmou certo dia: \u2014 Seja qual for a conversa que voc&ecirc;s tiverem sobre aquilo, seja qual for o procedimento que voc&ecirc;s tiverem, nada tem a ver com aquilo.<br \/>\nWei-yen, de Yao-shan, comentou: \u2014 Mesmo quando voc&ecirc;s n&atilde;o falam sobre aquilo e mesmo quando voc&ecirc;s n&atilde;o procedem de qualquer modo, nada t&ecirc;m a ver com aquilo.<br \/>\nShih-tou:<i> <\/i>\u2014 Ali n&atilde;o h&aacute; lugar nem mesmo para a ponta de uma agulha.<br \/>\nWei-yen:<i> <\/i>\u2014 Ali &eacute; como plantar flores em pedras.<\/p>\n<hr \/>\n<ol type=\"1\">\nFontes:<\/p>\n<li>&#8220;Os tr\u00eas pilares do Zen&#8221; de Philip Kapleau<\/li>\n<li>&#8220;O Zen&#8221; de Jean-Michel Varenne<\/li>\n<li>www.dharmanet.com.br<\/li>\n<li>&#8220;A Doutrina da N\u00e3o-Mente&#8221; de D.T.Suzuki<\/li>\n<li>&#8220;Ensinos do Mestre Zen Anzan Roshi&#8221;(texto compilado pelo Ven. Jinmyo Fleming ino e traduzido ao Portugu&ecirc;s por Claudio Miklos.<\/li>\n<\/ol>\n<hr \/>\n<div style=\"text-align:right\"><a href=\"#inicio\">Topo<\/a><\/div>\n<hr \/>\n<p><a name=\"h\"><b>Disc\u00edpulos<\/b><\/a><\/p>\n<p>Entre os disc\u00edpulos de Shih T&#8217;ou est\u00e3o: <\/p>\n<ol type=\"1\">\n<li><a href=\"http:\/\/www.nossacasa.net\/shunya\/yaoshan-weiyan\/\">Yao-shan<\/a>\n<\/li>\n<li><a href=\"http:\/\/www.nossacasa.net\/shunya\/pang-yun\/\">P&#8217;ang-yun<\/a>\n<\/li>\n<li><a href=\"default.asp?menu=250\" class=\"broken_link\">Ta-tien Pao-t&#8217;ung<\/a>\n<\/li>\n<\/ol>\n<hr \/>\n<div style=\"text-align:right\"><a href=\"#inicio\">Topo<\/a><\/div>\n<p><a name=\"f\"><b>Textos<\/b><\/a><br \/>\n<a href=\"default.asp?menu=176\" class=\"broken_link\">Can\u00e7\u00e3o da Cabana de Grama<\/a><\/p>\n<hr \/>\n<div style=\"text-align:right\"><a href=\"#inicio\">Topo<\/a><\/div>\n<hr \/>\n<p><a name=\"g\"><b>Linhagem desde Saquiamuni<\/b><\/a><\/p>\n<ol type=\"1\"><b><u>BUTSU<\/u><\/b><\/p>\n<li><a href=\"http:\/\/www.nossacasa.net\/shunya\/buda\/\">BIBASHI<\/a><\/li>\n<li><a href=\"http:\/\/www.nossacasa.net\/shunya\/buda\/\">SHIKI<\/a><\/li>\n<li><a href=\"http:\/\/www.nossacasa.net\/shunya\/buda\/\">BISHAFU<\/a><\/li>\n<li><a href=\"http:\/\/www.nossacasa.net\/shunya\/buda\/\">KURUSON<\/a><\/li>\n<li><a href=\"http:\/\/www.nossacasa.net\/shunya\/buda\/\">KUNAGONMUNI<\/a><\/li>\n<li><a href=\"http:\/\/www.nossacasa.net\/shunya\/buda\/\">KASHO<\/a><\/li>\n<li><a href=\"http:\/\/www.nossacasa.net\/shunya\/buda\/\">XAQUIAMUNI<\/a><\/li>\n<\/ol>\n<p><\/font><\/div>\n<table width=\"100%\" border=\"0\">\n<tr>\n<td valign=\"top\">\n<ol type=\"1\"><b><u>\u00cdNDIA<\/u><\/b><\/p>\n<li><a href=\"http:\/\/www.nossacasa.net\/shunya\/mahakashyapa\/\">MAKAKASHO<\/a><\/li>\n<li><a href=\"http:\/\/www.nossacasa.net\/shunya\/ananda\/\">ANANDA<\/a><\/li>\n<li><a href=\"http:\/\/www.nossacasa.net\/shunya\/shanavasa\/\">SHONAWASHU<\/a><\/li>\n<li><a href=\"http:\/\/www.nossacasa.net\/shunya\/upagupta\/\">UBAGIKUTA<\/a><\/li>\n<li><a href=\"http:\/\/www.nossacasa.net\/shunya\/dhritaka\/\">DAITAKA<\/a><\/li>\n<li><a href=\"http:\/\/www.nossacasa.net\/shunya\/michaka\/\">MISHAKA<\/a><\/li>\n<li><a href=\"http:\/\/www.nossacasa.net\/shunya\/vasumitra\/\">BASHUMITSU<\/a><\/li>\n<li><a href=\"http:\/\/www.nossacasa.net\/shunya\/buddhananda\/\">BUTSUDANANDAI<\/a><\/li>\n<li><a href=\"http:\/\/www.nossacasa.net\/shunya\/buddhamitra\/\">FUDAMITA<\/a><\/li>\n<li><a href=\"http:\/\/www.nossacasa.net\/shunya\/parshvanatha\/\">BARISHIBA<\/a><\/li>\n<li><a href=\"http:\/\/www.nossacasa.net\/shunya\/punyayashas\/\">FUNAYASHYA<\/a><\/li>\n<li><a href=\"http:\/\/www.nossacasa.net\/shunya\/ashvagosha\/\">ANABOTEI<\/a><\/li>\n<li><a href=\"http:\/\/www.nossacasa.net\/shunya\/kapimala\/\">KABIMORA<\/a><\/li>\n<li><a href=\"http:\/\/www.nossacasa.net\/shunya\/nagarjuna\/\">NAGYAHARAJUNA<\/a><\/li>\n<li><a href=\"http:\/\/www.nossacasa.net\/shunya\/aryadeva\/\">KANADAIBA<\/a><\/li>\n<li><a href=\"http:\/\/www.nossacasa.net\/shunya\/rahulata\/\">RAGORATA<\/a><\/li>\n<li><a href=\"http:\/\/www.nossacasa.net\/shunya\/sanghanandi\/\">SOGYANANDAI<\/a><\/li>\n<li><a href=\"http:\/\/www.nossacasa.net\/shunya\/gayashata\/\">KAYSHATA<\/a><\/li>\n<li><a href=\"http:\/\/www.nossacasa.net\/shunya\/kumarata\/\">KUMORATA<\/a><\/li>\n<li><a href=\"http:\/\/www.nossacasa.net\/shunya\/jayata\/\">SHAYATA<\/a><\/li>\n<li><a href=\"http:\/\/www.nossacasa.net\/shunya\/vasubandhu\/\">BASHUBANZU<\/a><\/li>\n<li><a href=\"http:\/\/www.nossacasa.net\/shunya\/manorhita\/\">MANURA<\/a><\/li>\n<li><a href=\"http:\/\/www.nossacasa.net\/shunya\/haklenayasha\/\">KAKUROKUNA<\/a><\/li>\n<li><a href=\"http:\/\/www.nossacasa.net\/shunya\/aryasimha\/\">SHSISHIBODAI<\/a><\/li>\n<li><a href=\"http:\/\/www.nossacasa.net\/shunya\/basiasita\/\">BASHASHITA<\/a><\/li>\n<li><a href=\"http:\/\/www.nossacasa.net\/shunya\/punyamitra\/\">FUNYOMITA <\/a><\/li>\n<li><a href=\"http:\/\/www.nossacasa.net\/shunya\/prajnatara\/\">HANNYATARA <\/a><\/li>\n<\/ol>\n<\/td>\n<td valign=\"top\">\n<ol type=\"1\" start=\"28\"><b><u>CHINA<\/u><\/b><\/p>\n<li><a href=\"http:\/\/www.nossacasa.net\/shunya\/bodhidharma\/\">BODAIDARUMA<\/a><\/li>\n<li><a href=\"http:\/\/www.nossacasa.net\/shunya\/hui-ko\/\">TAISO EKA<\/a><\/li>\n<li><a href=\"http:\/\/www.nossacasa.net\/shunya\/seng-tsan\/\">KANCHI SOSAN<\/a><\/li>\n<li><a href=\"http:\/\/www.nossacasa.net\/shunya\/tao-hsin\/\">DAII DOSHIN<\/a><\/li>\n<li><a href=\"http:\/\/www.nossacasa.net\/shunya\/hung-jen\/\">DAIMAN KONIN<\/a><\/li>\n<li><a href=\"http:\/\/www.nossacasa.net\/shunya\/hueineng\/\">DAIKAN ENO<\/a><\/li>\n<li><a href=\"http:\/\/www.nossacasa.net\/shunya\/ching-yuan\/\">SEIGEN GYOSHI<\/a><\/li>\n<li><a href=\"http:\/\/www.nossacasa.net\/shunya\/shih-tou\/\">SEKITO KISEN<\/a><\/li>\n<\/ol>\n<\/td>\n<\/tr>\n<\/table>\n<hr \/>\n<div style=\"text-align:right\"><a href=\"#inicio\">Topo<\/a><\/div>\n<hr \/>\n<!-- AddThis Advanced Settings generic via filter on the_content --><!-- AddThis Share Buttons generic via filter on the_content -->","protected":false},"excerpt":{"rendered":"<p>Shih T&#8217;ou (700-790) Shihtou Xiqian (Shih-t&#8217;ou Hsi-ch&#8217;ien, Sekito Kisen) O Trig&eacute;simo-quinto Patriarca. Refer\u00eancias Por Kapleau Por Varenne Por D.T.Suzuki Textos Disc\u00edpulos Transmiss\u00e3o de Ch&#8217;ing-y&uuml;an Transmiss\u00e3o para Yao-shan Linhagem Refer\u00eancias5 Hoshin sensei e Yasuda Joshu roshi em Chanting Breath and Sound, &hellip; <a href=\"http:\/\/www.nossacasa.net\/shunya\/shih-tou\/\">Continue lendo <span class=\"meta-nav\">&rarr;<\/span><\/a><!-- AddThis Advanced Settings generic via filter on get_the_excerpt --><!-- AddThis Share Buttons generic via filter on get_the_excerpt --><\/p>\n","protected":false},"author":1,"featured_media":2245,"parent":0,"menu_order":0,"comment_status":"closed","ping_status":"closed","template":"","meta":{"footnotes":""},"class_list":["post-2243","page","type-page","status-publish","has-post-thumbnail","hentry"],"_links":{"self":[{"href":"http:\/\/www.nossacasa.net\/shunya\/wp-json\/wp\/v2\/pages\/2243","targetHints":{"allow":["GET"]}}],"collection":[{"href":"http:\/\/www.nossacasa.net\/shunya\/wp-json\/wp\/v2\/pages"}],"about":[{"href":"http:\/\/www.nossacasa.net\/shunya\/wp-json\/wp\/v2\/types\/page"}],"author":[{"embeddable":true,"href":"http:\/\/www.nossacasa.net\/shunya\/wp-json\/wp\/v2\/users\/1"}],"replies":[{"embeddable":true,"href":"http:\/\/www.nossacasa.net\/shunya\/wp-json\/wp\/v2\/comments?post=2243"}],"version-history":[{"count":12,"href":"http:\/\/www.nossacasa.net\/shunya\/wp-json\/wp\/v2\/pages\/2243\/revisions"}],"predecessor-version":[{"id":2246,"href":"http:\/\/www.nossacasa.net\/shunya\/wp-json\/wp\/v2\/pages\/2243\/revisions\/2246"}],"wp:featuredmedia":[{"embeddable":true,"href":"http:\/\/www.nossacasa.net\/shunya\/wp-json\/wp\/v2\/media\/2245"}],"wp:attachment":[{"href":"http:\/\/www.nossacasa.net\/shunya\/wp-json\/wp\/v2\/media?parent=2243"}],"curies":[{"name":"wp","href":"https:\/\/api.w.org\/{rel}","templated":true}]}}