{"id":2267,"date":"2018-05-19T11:27:45","date_gmt":"2018-05-19T13:27:45","guid":{"rendered":"http:\/\/www.nossacasa.net\/shunya\/?page_id=2267"},"modified":"2018-06-01T13:59:59","modified_gmt":"2018-06-01T15:59:59","slug":"yaoshan-weiyan","status":"publish","type":"page","link":"http:\/\/www.nossacasa.net\/shunya\/yaoshan-weiyan\/","title":{"rendered":"Yaoshan Weiyan"},"content":{"rendered":"<div style=\"text-align:justify\"><font face=\"Verdana\" size=\"2\"><br \/>\n<a name=\"inicio\"><\/a><a href=\"http:\/\/www.nossacasa.net\/shunya\/yaoshan-weiyan\/yaoshan-weiyan-2\/\" rel=\"attachment wp-att-2269\"><img loading=\"lazy\" decoding=\"async\" src=\"http:\/\/www.nossacasa.net\/shunya\/wp-content\/uploads\/2018\/05\/Yaoshan-Weiyan-200x300.jpg\" alt=\"\" width=\"200\" height=\"300\" class=\"alignleft size-medium wp-image-2269\" srcset=\"http:\/\/www.nossacasa.net\/shunya\/wp-content\/uploads\/2018\/05\/Yaoshan-Weiyan-200x300.jpg 200w, http:\/\/www.nossacasa.net\/shunya\/wp-content\/uploads\/2018\/05\/Yaoshan-Weiyan.jpg 220w\" sizes=\"auto, (max-width: 200px) 100vw, 200px\" \/><\/a><br \/>\n<b>Yaoshan Weiyan(745-828 ou 750-834)<\/b><br \/>\n<i>Yaoshan Weiyan (Wei-yen de Yueh-shan; Yakusan Igen<\/i><br \/>\n<b>O Trig&eacute;simo-sexto Patriarca.<\/b><\/p>\n<hr \/>\n<p><a href=\"#a\">Refer\u00eancias<\/a><br \/>\n<a href=\"#b\">Transmiss\u00e3o de Shih-t&#8217;ou<\/a><br \/>\n<a href=\"#c\">Transmiss\u00e3o Transmiss\u00e3o para Y\u00fcn-yen<\/a><br \/>\n<a href=\"#f\">Linhagem<\/a><\/p>\n<hr \/>\n<hr \/>\n<hr \/>\n<p><a name=\"a\"><b>Refer\u00eancias<\/b><\/a><sup>1<\/sup><br \/>\nHerdeiro de Dharma de <a href=\"http:\/\/www.nossacasa.net\/shunya\/shih-tou\/\">Shitou Xiqian<\/a>. <\/p>\n<p>Os Herdeiros de Dharma de Yaoshan Weiyan foram:<\/p>\n<ol type=\"1\">\n<li><a href=\"http:\/\/www.nossacasa.net\/shunya\/yun-yen-tan-sheng\/\">Yunyan Tansheng <\/a>(deste herdeiro a Linhagem Dongshan Liangjie de Caodong come&ccedil;ou)\n<\/li>\n<li><a href=\"default.asp?menu=253\" class=\"broken_link\">Chuanzi Decheng<\/a>\n<\/li>\n<\/ol>\n<p>Ele tamb&eacute;m estudou com <a href=\"http:\/\/www.nossacasa.net\/shunya\/ma-tsu-tao-i\/\">Mazu Daoyi<\/a>. <\/p>\n<p>Ele aparece nas Declara&ccedil;&otilde;es e A&ccedil;&otilde;es de Dongshan (Dongshan yulu) 91, 110, 111, 112, 113,. Ele aparece em &#8220;Registros do Sil&ecirc;ncio&#8221; 5, 7. Ver Denkoroku Cap&iacute;tulo 37. Tamb&eacute;m ver os encontros entre Yaoshan e Shitou, e ent&atilde;o Mazu no Uji de Dogen.<br \/>\nO Zenji de Dogen reconta a hist&oacute;ria seguinte no Shobogenzo 30:<br \/>\nKangin:<br \/>\n&#8220;O Patriarca Yaoshan normalmente n&atilde;o permitia estudos de sutras mas um dia um monge o flagrou olhando um rolo de papel aberto. O monge disse, &#8220;Professor, v&oacute;s normalmente n&atilde;o nos permite ler os sutras, assim por que os estais lendo? &#8221;<br \/>\n&#8220;Eu apenas preciso descansar meus olhos em algo.&#8221;<br \/>\nO monge respondeu, &#8221; Bem, eu posso usar a mesma desculpa?&#8221;<br \/>\nO mestre respondeu, &#8220;Se voc&ecirc; olhasse os sutras faria um buraco em sua capa.&#8221;<\/p>\n<hr \/>\n<div style=\"text-align:right\"><a href=\"#inicio\">Topo<\/a><\/div>\n<hr \/>\n<p><a name=\"b\"><b>Transmiss\u00e3o de Shih-t&#8217;ou<\/b> <\/a><sup>2<\/sup><br \/>\n<b>36. De <a href=\"http:\/\/www.nossacasa.net\/shunya\/shih-tou\/\">Shih-t&#8217;ou<\/a> para<br \/>\n<a href=\"http:\/\/www.nossacasa.net\/shunya\/yaoshan-weiyan\/\">Yao-shan<\/a><\/b><\/p>\n<p>Yao-shan tornou-se monge aos 16 anos, passando a estudar os sutras e a seguir rigorosamente as regras mon&aacute;sticas. Mesmo assim, ainda estava com muitas d&uacute;vidas sobre a ess&ecirc;ncia da sua mente, e foi conversar com o mestre Shih-t&#8217;ou.<\/p>\n<p><b>Yao-shan:<\/b> Eu compreendi os doze sutras b&aacute;sicos que esclarecem todas as manifesta&ccedil;&otilde;es, mas quero receber a transmiss&atilde;o radical em que o mestre aponta para a mente, de modo direto, e o disc&iacute;pulo realiza a sua natureza, tornando-se buddha subitamente.<br \/>\n<b>Shih-t&#8217;ou:<\/b> Nenhum entendimento passo-a-passo vai funcionar, nem a assimila&ccedil;&atilde;o s&uacute;bita, nem mesmo uma combina&ccedil;&atilde;o destes dois. Ent&atilde;o, o que voc&ecirc; vai fazer?<\/p>\n<p>Ent&atilde;o, a pedido do mestre Shih-t&#8217;ou, Yao-shan foi at&eacute; a montanha de outro mestre, chamdo Ma-tsu.<\/p>\n<p><b>Ma-tsu:<\/b> Apenas a mente levanta as sombrancelhas e pisca os olhos. &Agrave;s vezes, gestos ocorrem, &agrave;s vezes n&atilde;o. N&atilde;o h&aacute; diferen&ccedil;a. Ent&atilde;o, o que voc&ecirc; vai fazer?<br \/>\n<b>(Yao-shan curva-se em rever&ecirc;ncia.)<br \/>\nMa-tsu:<\/b> Que vis&atilde;o voc&ecirc; teve para se curvar t&atilde;o profundamente?<br \/>\n<b>Yao-shan:<\/b> Quando eu estava diante do mestre Shih-t&#8217;ou, me senti completamente diferente, como um mosquito tentando penetrar em uma vaca de ferro.<br \/>\n<b>Ma-tsu:<\/b> Atrav&eacute;s da maravilhosa bondade de Shih-t&#8217;ou, voc&ecirc; est&aacute; desperto. Mas agora, voc&ecirc; deve se tornar mais refinado!<\/p>\n<p>Retornando ao seu monast&eacute;rio, Yao-shan sentou-se despreocupadamente no sal&atilde;o do templo. Ent&atilde;o, o mestre Shih-t&#8217;ou perguntou:<\/p>\n<p><b>Shih-t&#8217;ou:<\/b> O que voc&ecirc; est&aacute; fazendo?<br \/>\n<b>Yao-shan:<\/b> Nada!<br \/>\n<b>Shih-t&#8217;ou:<\/b> Ent&atilde;o, voc&ecirc; est&aacute; sentado em inatividade.<br \/>\n<b>Yao-shan:<\/b> Sentar-se em inatividade seria fazer algo.<br \/>\n<b>Shih-t&#8217;ou:<\/b> Que tipo de <i>nada<\/i> voc&ecirc; est&aacute; fazendo?<br \/>\n<b>Yao-shan:<\/b> Nem mesmo todos os s&aacute;bios da hist&oacute;ria poderiam responder.<br \/>\n<b>Shih-t&#8217;ou:<\/b> &Eacute; porque falar n&atilde;o est&aacute; relacionado com isso.<br \/>\n<b>Yao-shan:<\/b> Nem ficar em sil&ecirc;ncio est&aacute; relacionado com isso.<br \/>\n<b>Shih-t&#8217;ou:<\/b> Nem mesmo um orif&iacute;cio para se passar uma agulha.<br \/>\n<b>Yao-shan:<\/b> Plantar flores em uma lisa pedra de rio.<\/p>\n<p>Yao-shan recebe a tranmiss&atilde;o total.<\/p>\n<hr \/>\n<div style=\"text-align:right\"><a href=\"#inicio\">Topo<\/a><\/div>\n<hr \/>\n<p><a name=\"c\"><b>Transmiss\u00e3o para Y\u00fcn-yen<\/b><\/a><sup>2<\/sup><br \/>\n<b>37. De <a href=\"http:\/\/www.nossacasa.net\/shunya\/yaoshan-weiyan\/\">Yao-shan<\/a> para<br \/>\n<a href=\"http:\/\/www.nossacasa.net\/shunya\/yun-yen-tan-sheng\/\">Y\u00fcn-yen<\/a><\/b><br \/>\nDepois de estudar por 20 anos com o mestre <a href=\"http:\/\/www.nossacasa.net\/shunya\/pai-chang-huai-huai\/\">Pai-chang<\/a>, o monge Y\u00fcn-yen decidiu visitar o mestre Yao-shen.<\/p>\n<p><b>Yao-shan:<\/b> Com quem voc\u00ea treinou?<br \/>\n<b>Y\u00fcn-yen:<\/b> Com Pai-chang, durante 20 anos.<br \/>\n<b>Yao-shan:<\/b> O que ele ensina?<br \/>\n<b>Y\u00fcn-yen:<\/b> Ele geralmente diz, &#8220;minha express\u00e3o cont\u00e9m todos os cem sabores&#8221;.<br \/>\n<b>Yao-shan:<\/b> O que \u00e9 essa express\u00e3o total, que n\u00e3o \u00e9 salgada nem n\u00e3o-salgada?<br \/>\n<b>[Y\u00fcn-yen fica em sil\u00eancio.<\/b><br \/>\n<b>Yao-shan:<\/b> Se voc\u00ea hesita, mesmo que superficialmente, o que far\u00e1 quanto ao reino do nascimento e da morte, que est\u00e1 bem diante dos seus olhos?<br \/>\n<b>Y\u00fcn-yen:<\/b> N\u00e3o h\u00e1 nascimento e n\u00e3o h\u00e1 morte.<br \/>\n<b>Yao-shan:<\/b> Vinte anos com o grande Pai-chang ainda n\u00e3o te liberaram da afirma\u00e7\u00e3o e nega\u00e7\u00e3o habituais. Pergunto novamente, o que Pai-chang ensina?<br \/>\n<b>Y\u00fcn-yen:<\/b> Muitas vezes ele diz, &#8220;olhe al\u00e9m dos tr\u00eas modos de olhar, compreenda al\u00e9m dos seis modos de compreens\u00e3o&#8221;.<br \/>\n<b>Yao-shan:<\/b> Esse tipo de instru\u00e7\u00e3o nada tem a ver com a ilumina\u00e7\u00e3o real. O que ele <i>realmente<\/i> ensina?<br \/>\n<b>Y\u00fcn-yen:<\/b> Uma vez, o mestre Pai-chang entrou no sal\u00e3o do templo para fazer um discurso. Os monges estavam esperando, de p\u00e9, em filas estreitas. De repente, o s\u00e1bio mestre come\u00e7ou a nos bater com seu largo bast\u00e3o de madeira, com toda for\u00e7a. Nos espalhamos por todas as dire\u00e7\u00f5es e o mestre gritou, &#8220;\u00d3 monges! O que \u00e9 isso? O que \u00e9 isso?&#8221;<br \/>\n<b>Yao-shan:<\/b> Obrigado por sua bondade, finalmente pude encontrar, face a face, o meu admir\u00e1vel irm\u00e3o Pai-chang. <\/p>\n<p>Ent\u00e3o, Y\u00fcn-yen encontrou sua pr\u00f3pria face, despertou sua natureza original.<\/p>\n<hr \/>\n<ol type=\"1\">\nFontes:<\/p>\n<li>&#8220;Ensinos do Mestre Zen Anzan Roshi&#8221;(texto compilado pelo Ven. Jinmyo Fleming ino e traduzido ao Portugu&ecirc;s por Claudio Miklos.<\/li>\n<li>www.dharmanet.com.br<\/li>\n<\/ol>\n<hr \/>\n<div style=\"text-align:right\"><a href=\"#inicio\"><font size=\"2\">Topo<\/font><\/a><\/div>\n<hr \/>\n<p><a name=\"f\">Linhagem desde Saquiamuni<\/a><\/p>\n<div style=\"text-align:center\">\n<ol type=\"1\"><b><u>BUTSU<\/u><\/b><\/p>\n<li><a href=\"http:\/\/www.nossacasa.net\/shunya\/buda\/\">BIBASHI<\/a><\/li>\n<li><a href=\"http:\/\/www.nossacasa.net\/shunya\/buda\/\">SHIKI<\/a><\/li>\n<li><a href=\"http:\/\/www.nossacasa.net\/shunya\/buda\/\">BISHAFU<\/a><\/li>\n<li><a href=\"http:\/\/www.nossacasa.net\/shunya\/buda\/\">KURUSON<\/a><\/li>\n<li><a href=\"http:\/\/www.nossacasa.net\/shunya\/buda\/\">KUNAGONMUNI<\/a><\/li>\n<li><a href=\"http:\/\/www.nossacasa.net\/shunya\/buda\/\">KASHO<\/a><\/li>\n<li><a href=\"http:\/\/www.nossacasa.net\/shunya\/buda\/\">XAQUIAMUNI<\/a><\/li>\n<\/ol>\n<\/div>\n<table width=\"100%\" border=\"0\">\n<tr>\n<td valign=\"top\">\n<ol type=\"1\"><b><u>\u00cdNDIA<\/u><\/b><\/p>\n<li><a href=\"http:\/\/www.nossacasa.net\/shunya\/mahakashyapa\/\">MAKAKASHO<\/a><\/li>\n<li><a href=\"http:\/\/www.nossacasa.net\/shunya\/ananda\/\">ANANDA<\/a><\/li>\n<li><a href=\"http:\/\/www.nossacasa.net\/shunya\/shanavasa\/\">SHONAWASHU<\/a><\/li>\n<li><a href=\"http:\/\/www.nossacasa.net\/shunya\/upagupta\/\">UBAGIKUTA<\/a><\/li>\n<li><a href=\"http:\/\/www.nossacasa.net\/shunya\/dhritaka\/\">DAITAKA<\/a><\/li>\n<li><a href=\"http:\/\/www.nossacasa.net\/shunya\/michaka\/\">MISHAKA<\/a><\/li>\n<li><a href=\"http:\/\/www.nossacasa.net\/shunya\/vasumitra\/\">BASHUMITSU<\/a><\/li>\n<li><a href=\"http:\/\/www.nossacasa.net\/shunya\/buddhananda\/\">BUTSUDANANDAI<\/a><\/li>\n<li><a href=\"http:\/\/www.nossacasa.net\/shunya\/buddhamitra\/\">FUDAMITA<\/a><\/li>\n<li><a href=\"http:\/\/www.nossacasa.net\/shunya\/parshvanatha\/\">BARISHIBA<\/a><\/li>\n<li><a href=\"http:\/\/www.nossacasa.net\/shunya\/punyayashas\/\">FUNAYASHYA<\/a><\/li>\n<li><a href=\"http:\/\/www.nossacasa.net\/shunya\/ashvagosha\/\">ANABOTEI<\/a><\/li>\n<li><a href=\"http:\/\/www.nossacasa.net\/shunya\/kapimala\/\">KABIMORA<\/a><\/li>\n<li><a href=\"http:\/\/www.nossacasa.net\/shunya\/nagarjuna\/\">NAGYAHARAJUNA<\/a><\/li>\n<li><a href=\"http:\/\/www.nossacasa.net\/shunya\/aryadeva\/\">KANADAIBA<\/a><\/li>\n<li><a href=\"http:\/\/www.nossacasa.net\/shunya\/rahulata\/\">RAGORATA<\/a><\/li>\n<li><a href=\"http:\/\/www.nossacasa.net\/shunya\/sanghanandi\/\">SOGYANANDAI<\/a><\/li>\n<li><a href=\"http:\/\/www.nossacasa.net\/shunya\/gayashata\/\">KAYSHATA<\/a><\/li>\n<li><a href=\"http:\/\/www.nossacasa.net\/shunya\/kumarata\/\">KUMORATA<\/a><\/li>\n<li><a href=\"http:\/\/www.nossacasa.net\/shunya\/jayata\/\">SHAYATA<\/a><\/li>\n<li><a href=\"http:\/\/www.nossacasa.net\/shunya\/vasubandhu\/\">BASHUBANZU<\/a><\/li>\n<li><a href=\"http:\/\/www.nossacasa.net\/shunya\/manorhita\/\">MANURA<\/a><\/li>\n<li><a href=\"http:\/\/www.nossacasa.net\/shunya\/haklenayasha\/\">KAKUROKUNA<\/a><\/li>\n<li><a href=\"http:\/\/www.nossacasa.net\/shunya\/aryasimha\/\">SHSISHIBODAI<\/a><\/li>\n<li><a href=\"http:\/\/www.nossacasa.net\/shunya\/basiasita\/\">BASHASHITA<\/a><\/li>\n<li><a href=\"http:\/\/www.nossacasa.net\/shunya\/punyamitra\/\">FUNYOMITA <\/a><\/li>\n<li><a href=\"http:\/\/www.nossacasa.net\/shunya\/prajnatara\/\">HANNYATARA <\/a><\/li>\n<\/ol>\n<\/td>\n<td valign=\"top\">\n<ol type=\"1\" start=\"28\"><b><u>CHINA<\/u><\/b><\/p>\n<li><a href=\"http:\/\/www.nossacasa.net\/shunya\/bodhidharma\/\">BODAIDARUMA<\/a><\/li>\n<li><a href=\"http:\/\/www.nossacasa.net\/shunya\/hui-ko\/\">TAISO EKA<\/a><\/li>\n<li><a href=\"http:\/\/www.nossacasa.net\/shunya\/seng-tsan\/\">KANCHI SOSAN<\/a><\/li>\n<li><a href=\"http:\/\/www.nossacasa.net\/shunya\/tao-hsin\/\">DAII DOSHIN<\/a><\/li>\n<li><a href=\"http:\/\/www.nossacasa.net\/shunya\/hung-jen\/\">DAIMAN KONIN<\/a><\/li>\n<li><a href=\"http:\/\/www.nossacasa.net\/shunya\/hueineng\/\">DAIKAN ENO<\/a><\/li>\n<li><a href=\"http:\/\/www.nossacasa.net\/shunya\/ching-yuan\/\">SEIGEN GYOSHI<\/a><\/li>\n<li><a href=\"http:\/\/www.nossacasa.net\/shunya\/shih-tou\/\">SEKITO KISEN<\/a><\/li>\n<li><a href=\"http:\/\/www.nossacasa.net\/shunya\/yaoshan-weiyan\/\">YAKUSAN IGEN<\/a><\/li>\n<\/ol>\n<\/td>\n<\/tr>\n<\/table>\n<hr \/>\n<div style=\"text-align:right\"><a href=\"#inicio\">Topo<\/a><\/div>\n<hr \/>\n<p><\/font><\/div>\n<!-- AddThis Advanced Settings generic via filter on the_content --><!-- AddThis Share Buttons generic via filter on the_content -->","protected":false},"excerpt":{"rendered":"<p>Yaoshan Weiyan(745-828 ou 750-834) Yaoshan Weiyan (Wei-yen de Yueh-shan; Yakusan Igen O Trig&eacute;simo-sexto Patriarca. Refer\u00eancias Transmiss\u00e3o de Shih-t&#8217;ou Transmiss\u00e3o Transmiss\u00e3o para Y\u00fcn-yen Linhagem Refer\u00eancias1 Herdeiro de Dharma de Shitou Xiqian. Os Herdeiros de Dharma de Yaoshan Weiyan foram: Yunyan Tansheng &hellip; <a href=\"http:\/\/www.nossacasa.net\/shunya\/yaoshan-weiyan\/\">Continue lendo <span class=\"meta-nav\">&rarr;<\/span><\/a><!-- AddThis Advanced Settings generic via filter on get_the_excerpt --><!-- AddThis Share Buttons generic via filter on get_the_excerpt --><\/p>\n","protected":false},"author":1,"featured_media":2269,"parent":0,"menu_order":0,"comment_status":"closed","ping_status":"closed","template":"","meta":{"footnotes":""},"class_list":["post-2267","page","type-page","status-publish","has-post-thumbnail","hentry"],"_links":{"self":[{"href":"http:\/\/www.nossacasa.net\/shunya\/wp-json\/wp\/v2\/pages\/2267","targetHints":{"allow":["GET"]}}],"collection":[{"href":"http:\/\/www.nossacasa.net\/shunya\/wp-json\/wp\/v2\/pages"}],"about":[{"href":"http:\/\/www.nossacasa.net\/shunya\/wp-json\/wp\/v2\/types\/page"}],"author":[{"embeddable":true,"href":"http:\/\/www.nossacasa.net\/shunya\/wp-json\/wp\/v2\/users\/1"}],"replies":[{"embeddable":true,"href":"http:\/\/www.nossacasa.net\/shunya\/wp-json\/wp\/v2\/comments?post=2267"}],"version-history":[{"count":8,"href":"http:\/\/www.nossacasa.net\/shunya\/wp-json\/wp\/v2\/pages\/2267\/revisions"}],"predecessor-version":[{"id":4660,"href":"http:\/\/www.nossacasa.net\/shunya\/wp-json\/wp\/v2\/pages\/2267\/revisions\/4660"}],"wp:featuredmedia":[{"embeddable":true,"href":"http:\/\/www.nossacasa.net\/shunya\/wp-json\/wp\/v2\/media\/2269"}],"wp:attachment":[{"href":"http:\/\/www.nossacasa.net\/shunya\/wp-json\/wp\/v2\/media?parent=2267"}],"curies":[{"name":"wp","href":"https:\/\/api.w.org\/{rel}","templated":true}]}}