{"id":2273,"date":"2018-05-19T11:35:47","date_gmt":"2018-05-19T13:35:47","guid":{"rendered":"http:\/\/www.nossacasa.net\/shunya\/?page_id=2273"},"modified":"2018-06-01T13:54:27","modified_gmt":"2018-06-01T15:54:27","slug":"yun-yen-tan-sheng","status":"publish","type":"page","link":"http:\/\/www.nossacasa.net\/shunya\/yun-yen-tan-sheng\/","title":{"rendered":"Yun-yen T&#8217;an-sheng"},"content":{"rendered":"<div style=\"text-align:justify\"><font face=\"Verdana\" size=\"2\"><br \/>\n<a name=\"inicio\"><\/a><a href=\"http:\/\/www.nossacasa.net\/shunya\/yun-yen-tan-sheng\/yunyan-tansheng\/\" rel=\"attachment wp-att-2275\"><img loading=\"lazy\" decoding=\"async\" src=\"http:\/\/www.nossacasa.net\/shunya\/wp-content\/uploads\/2018\/05\/Yunyan-Tansheng-200x300.jpg\" alt=\"\" width=\"200\" height=\"300\" class=\"alignleft size-medium wp-image-2275\" srcset=\"http:\/\/www.nossacasa.net\/shunya\/wp-content\/uploads\/2018\/05\/Yunyan-Tansheng-200x300.jpg 200w, http:\/\/www.nossacasa.net\/shunya\/wp-content\/uploads\/2018\/05\/Yunyan-Tansheng.jpg 213w\" sizes=\"auto, (max-width: 200px) 100vw, 200px\" \/><\/a><br \/>\n<b>Yun-yen T&#8217;an-sheng(781-841)<\/b><br \/>\n<i>Yunyan Tansheng (Yun-yen T&#8217;an-sheng, Ungo Donjo)<\/i><br \/>\n<strong>O Trig&eacute;simo-s&eacute;timo Patriarca.<\/strong><\/p>\n<hr \/>\n<hr \/>\n<hr \/>\n<p><a href=\"#a\">Refer\u00eancias<\/a><br \/>\n<a href=\"#b\">Transmiss\u00e3o de Yao-shan<\/a><br \/>\n<a href=\"#c\">Transmiss\u00e3o para Tung-shan<\/a><br \/>\n<a href=\"#f\">Linhagem<\/a><\/p>\n<hr \/>\n<p><a name=\"a\"><b>Refer\u00eancias<\/b><\/a><sup>1<\/sup><br \/>\n&Agrave;s vezes &eacute; considerado a reencarna&ccedil;&atilde;o de Shanavasa.<br \/>\nEle se tornou um monge quando tinha dezesseis e come&ccedil;ou os seus vinte anos de estudo com <a href=\"http:\/\/www.nossacasa.net\/shunya\/pai-chang-huai-huai\/\">Baizhang<\/a> em seguida.<br \/>\nEle recebeu Transmiss&atilde;o de <a href=\"http:\/\/www.nossacasa.net\/shunya\/yaoshan-weiyan\/\">Yaoshan Weiyan<\/a>, sendo um Irm\u00e3o de Dharma de <a href=\"default.asp?menu=253\" class=\"broken_link\">Chuanzi Decheng<\/a>.<br \/>\nSeu Herdeiro de Dharma foi <a href=\"http:\/\/www.nossacasa.net\/shunya\/tung-shan-liang-chieh\/\">Dongshan Liangjie<\/a>.<br \/>\nEle aparece nas Declara&ccedil;&otilde;es e A&ccedil;&otilde;es de Dongshan (Dongshan yulu) se&ccedil;&otilde;es 3-14, 48, 110-114. Ele aparece em &#8220;Registros do Precip&iacute;cio Azul&#8221; 70, 72, 89 e em &#8220;Registros do Sil&ecirc;ncio&#8221; 49, 54. Ver Denkoroku Cap&iacute;tulo 38.<\/p>\n<hr \/>\n<div style=\"text-align:right\"><a href=\"#inicio\">Topo<\/a><\/div>\n<hr \/>\n<p><a name=\"c\"><b>Transmiss\u00e3o para Y\u00fcn-yen<\/b><\/a><sup>2<\/sup><br \/>\n<b>37. De <a href=\"http:\/\/www.nossacasa.net\/shunya\/yaoshan-weiyan\/\">Yao-shan<\/a> para<br \/>\n<a href=\"http:\/\/www.nossacasa.net\/shunya\/yun-yen-tan-sheng\/\">Y\u00fcn-yen<\/a><\/b><br \/>\nDepois de estudar por 20 anos com o mestre <a href=\"http:\/\/www.nossacasa.net\/shunya\/pai-chang-huai-huai\/\">Pai-chang<\/a>, o monge Y\u00fcn-yen decidiu visitar o mestre Yao-shen.<\/p>\n<p><b>Yao-shan:<\/b> Com quem voc\u00ea treinou?<br \/>\n<b>Y\u00fcn-yen:<\/b> Com Pai-chang, durante 20 anos.<br \/>\n<b>Yao-shan:<\/b> O que ele ensina?<br \/>\n<b>Y\u00fcn-yen:<\/b> Ele geralmente diz, &#8220;minha express\u00e3o cont\u00e9m todos os cem sabores&#8221;.<br \/>\n<b>Yao-shan:<\/b> O que \u00e9 essa express\u00e3o total, que n\u00e3o \u00e9 salgada nem n\u00e3o-salgada?<br \/>\n<b>[Y\u00fcn-yen fica em sil\u00eancio.<\/b><br \/>\n<b>Yao-shan:<\/b> Se voc\u00ea hesita, mesmo que superficialmente, o que far\u00e1 quanto ao reino do nascimento e da morte, que est\u00e1 bem diante dos seus olhos?<br \/>\n<b>Y\u00fcn-yen:<\/b> N\u00e3o h\u00e1 nascimento e n\u00e3o h\u00e1 morte.<br \/>\n<b>Yao-shan:<\/b> Vinte anos com o grande Pai-chang ainda n\u00e3o te liberaram da afirma\u00e7\u00e3o e nega\u00e7\u00e3o habituais. Pergunto novamente, o que Pai-chang ensina?<br \/>\n<b>Y\u00fcn-yen:<\/b> Muitas vezes ele diz, &#8220;olhe al\u00e9m dos tr\u00eas modos de olhar, compreenda al\u00e9m dos seis modos de compreens\u00e3o&#8221;.<br \/>\n<b>Yao-shan:<\/b> Esse tipo de instru\u00e7\u00e3o nada tem a ver com a ilumina\u00e7\u00e3o real. O que ele <i>realmente<\/i> ensina?<br \/>\n<b>Y\u00fcn-yen:<\/b> Uma vez, o mestre Pai-chang entrou no sal\u00e3o do templo para fazer um discurso. Os monges estavam esperando, de p\u00e9, em filas estreitas. De repente, o s\u00e1bio mestre come\u00e7ou a nos bater com seu largo bast\u00e3o de madeira, com toda for\u00e7a. Nos espalhamos por todas as dire\u00e7\u00f5es e o mestre gritou, &#8220;\u00d3 monges! O que \u00e9 isso? O que \u00e9 isso?&#8221;<br \/>\n<b>Yao-shan:<\/b> Obrigado por sua bondade, finalmente pude encontrar, face a face, o meu admir\u00e1vel irm\u00e3o Pai-chang. <\/p>\n<p>Ent\u00e3o, Y\u00fcn-yen encontrou sua pr\u00f3pria face, despertou sua natureza original.<\/p>\n<hr \/>\n<div style=\"text-align:right\"><a href=\"#inicio\">Topo<\/a><\/div>\n<p><a name=\"c\"><b>Transmiss\u00e3o para Tung-shan<\/b><\/a><sup>2<\/sup><br \/>\n<b>38. De <a href=\"http:\/\/www.nossacasa.net\/shunya\/yun-yen-tan-sheng\/\">Y\u00fcn-yen<\/a> para<br \/>\n<a href=\"http:\/\/www.nossacasa.net\/shunya\/tung-shan-liang-chieh\/\">Tung-shan<\/a><\/b><br \/>\nQuando pequeno, Tung-shan estudava o Sutra do Cora\u00e7\u00e3o. Certa vez, ao ler o trecho &#8220;n\u00e3o h\u00e1 olhos, ouvidos, nariz&#8230;&#8221;, ele tocou seu pr\u00f3prio rosto e se perguntou: &#8220;Eu tenho olhos, ouvidos e nariz.<br \/>\nPor que o sutra diz que ele n\u00e3o existem?&#8221; Aos 20 anos, Tung-shan tornou-se monge e ficou intrigado com um <i>k\u00f4an<\/i>, que termina citando uma frase do <i>Avatamsaka Sutra<\/i>:<br \/>\n<b>Pergunta:<\/b> O que \u00e9 a mente dos antigos buddhas?<br \/>\n<b>Resposta:<\/b> Cercas, muros, telhas e seixos.<br \/>\n<b>Pergunta:<\/b> Os fen\u00f4menos n\u00e3o-sencientes podem pregar o dharma?<br \/>\n<b>Resposta:<\/b> Certamente, o n\u00e3o-senciente prega continuamente, vigorosamente, eloq\u00fcentemente.<br \/>\n<b>Pergunta:<\/b> Qual \u00e9 a base textual para essa afirma\u00e7\u00e3o?<br \/>\n<b>Resposta:<\/b> Nenhum mestre apresentaria ensinamentos que contrariassem a harmonia dos sutras que registram as palavras de Buddha.<br \/>\n&#8220;Os mundos, os seres sencientes e todos os fen\u00f4menos do passado, do presente e do futuro, proclamam o dharma.&#8221;<br \/>\nPensando nisso, Tung-shan foi perguntar ao mestre Y\u00fcn-yen:<br \/>\n<b>Tung-shan:<\/b> Quem pode perceber o fen\u00f4meno n\u00e3o-senciente proclamando dharma? Quem pode ouvir os antigos muros de pedra proclamando a n\u00e3o-dualidade?<br \/>\n<b>Y\u00fcn-yen:<\/b> Apenas indo al\u00e9m do senciente \u00e9 que \u00e9 poss\u00edvel ouvir a proclama\u00e7\u00e3o primordial do fen\u00f4meno n\u00e3o-senciente.<br \/>\n<b>Tung-shan:<\/b> Voc\u00ea pode ouvi-la?<br \/>\n<b>Y\u00fcn-yen:<\/b> Se eu n\u00e3o estivesse apresentando-a agora, voc\u00ea n\u00e3o poderia ouvir a minha exposi\u00e7\u00e3o do dharma.<br \/>\n<b>Tung-shan:<\/b> N\u00e3o quero ouvir a sua exposi\u00e7\u00e3o se ela obscurecer o som de todos os fen\u00f4menos proclamando o dharma.<br \/>\n<b>Y\u00fcn-yen:<\/b> Se voc\u00ea n\u00e3o pode apreciar o meu ensinamento, como ouvir\u00e1 o ensinamento universal que vem de todas as dire\u00e7\u00f5es? Eles n\u00e3o s\u00e3o diferentes!<br \/>\nTung-shan: Agora estou desperto! Que maravilhoso! A proclama\u00e7\u00e3o da n\u00e3o-dualidade por todos os fen\u00f4menos ocorre simplesmente pelo fato do fen\u00f4meno aparecer como um fen\u00f4meno. Antes, com o ouvido convencional, eu n\u00e3o podia ouvir o som do indescrit\u00edvel. Agora, ouvindo o olho sabedoria, o indescrit\u00edvel fala, eloq\u00fcentemente, em todos os lugares.<br \/>\n<b>Tung-shan:<\/b> \u00c9 exatamente como \u00e9.<br \/>\nIndo al\u00e9m do senciente e do n\u00e3o-senciente, Tung-shan ouviu a proclama\u00e7\u00e3o de todos os fen\u00f4menos e despertou. Que maravilhoso!<\/p>\n<hr \/>\n<div style=\"text-align:right\"><a href=\"#inicio\">Topo<\/a><\/div>\n<p><\/p>\n<ol type=\"1\">\nFontes:<\/p>\n<li>&#8220;Ensinos do Mestre Zen Anzan Roshi&#8221;(texto compilado pelo Ven. Jinmyo Fleming ino e traduzido ao Portugu&ecirc;s por Claudio Miklos.<\/li>\n<li>www.dharmanet.com.br<\/li>\n<\/ol>\n<hr \/>\n<div style=\"text-align:right\"><a href=\"#inicio\">Topo<\/a><\/div>\n<hr \/>\n<p><a name=\"f\">Linhagem desde Saquiamuni<\/a><\/p>\n<div style=\"text-align:center\">\n<ol type=\"1\"><b><u>BUTSU<\/u><\/b><\/p>\n<li><a href=\"http:\/\/www.nossacasa.net\/shunya\/buda\/\">BIBASHI<\/a><\/li>\n<li><a href=\"http:\/\/www.nossacasa.net\/shunya\/buda\/\">SHIKI<\/a><\/li>\n<li><a href=\"http:\/\/www.nossacasa.net\/shunya\/buda\/\">BISHAFU<\/a><\/li>\n<li><a href=\"http:\/\/www.nossacasa.net\/shunya\/buda\/\">KURUSON<\/a><\/li>\n<li><a href=\"http:\/\/www.nossacasa.net\/shunya\/buda\/\">KUNAGONMUNI<\/a><\/li>\n<li><a href=\"http:\/\/www.nossacasa.net\/shunya\/buda\/\">KASHO<\/a><\/li>\n<li><a href=\"http:\/\/www.nossacasa.net\/shunya\/buda\/\">XAQUIAMUNI<\/a><\/li>\n<\/ol>\n<\/div>\n<table width=\"100%\" border=\"0\">\n<tr>\n<td valign=\"top\">\n<ol type=\"1\"><b><u>\u00cdNDIA<\/u><\/b><\/p>\n<li><a href=\"http:\/\/www.nossacasa.net\/shunya\/mahakashyapa\/\">MAKAKASHO<\/a><\/li>\n<li><a href=\"http:\/\/www.nossacasa.net\/shunya\/ananda\/\">ANANDA<\/a><\/li>\n<li><a href=\"http:\/\/www.nossacasa.net\/shunya\/shanavasa\/\">SHONAWASHU<\/a><\/li>\n<li><a href=\"http:\/\/www.nossacasa.net\/shunya\/upagupta\/\">UBAGIKUTA<\/a><\/li>\n<li><a href=\"http:\/\/www.nossacasa.net\/shunya\/dhritaka\/\">DAITAKA<\/a><\/li>\n<li><a href=\"http:\/\/www.nossacasa.net\/shunya\/michaka\/\">MISHAKA<\/a><\/li>\n<li><a href=\"http:\/\/www.nossacasa.net\/shunya\/vasumitra\/\">BASHUMITSU<\/a><\/li>\n<li><a href=\"http:\/\/www.nossacasa.net\/shunya\/buddhananda\/\">BUTSUDANANDAI<\/a><\/li>\n<li><a href=\"http:\/\/www.nossacasa.net\/shunya\/buddhamitra\/\">FUDAMITA<\/a><\/li>\n<li><a href=\"http:\/\/www.nossacasa.net\/shunya\/parshvanatha\/\">BARISHIBA<\/a><\/li>\n<li><a href=\"http:\/\/www.nossacasa.net\/shunya\/punyayashas\/\">FUNAYASHYA<\/a><\/li>\n<li><a href=\"http:\/\/www.nossacasa.net\/shunya\/ashvagosha\/\">ANABOTEI<\/a><\/li>\n<li><a href=\"http:\/\/www.nossacasa.net\/shunya\/kapimala\/\">KABIMORA<\/a><\/li>\n<li><a href=\"http:\/\/www.nossacasa.net\/shunya\/nagarjuna\/\">NAGYAHARAJUNA<\/a><\/li>\n<li><a href=\"http:\/\/www.nossacasa.net\/shunya\/aryadeva\/\">KANADAIBA<\/a><\/li>\n<li><a href=\"http:\/\/www.nossacasa.net\/shunya\/rahulata\/\">RAGORATA<\/a><\/li>\n<li><a href=\"http:\/\/www.nossacasa.net\/shunya\/sanghanandi\/\">SOGYANANDAI<\/a><\/li>\n<li><a href=\"http:\/\/www.nossacasa.net\/shunya\/gayashata\/\">KAYSHATA<\/a><\/li>\n<li><a href=\"http:\/\/www.nossacasa.net\/shunya\/kumarata\/\">KUMORATA<\/a><\/li>\n<li><a href=\"http:\/\/www.nossacasa.net\/shunya\/jayata\/\">SHAYATA<\/a><\/li>\n<li><a href=\"http:\/\/www.nossacasa.net\/shunya\/vasubandhu\/\">BASHUBANZU<\/a><\/li>\n<li><a href=\"http:\/\/www.nossacasa.net\/shunya\/manorhita\/\">MANURA<\/a><\/li>\n<li><a href=\"http:\/\/www.nossacasa.net\/shunya\/haklenayasha\/\">KAKUROKUNA<\/a><\/li>\n<li><a href=\"http:\/\/www.nossacasa.net\/shunya\/aryasimha\/\">SHSISHIBODAI<\/a><\/li>\n<li><a href=\"http:\/\/www.nossacasa.net\/shunya\/basiasita\/\">BASHASHITA<\/a><\/li>\n<li><a href=\"http:\/\/www.nossacasa.net\/shunya\/punyamitra\/\">FUNYOMITA <\/a><\/li>\n<li><a href=\"http:\/\/www.nossacasa.net\/shunya\/prajnatara\/\">HANNYATARA <\/a><\/li>\n<\/ol>\n<\/td>\n<td valign=\"top\">\n<ol type=\"1\" start=\"28\"><b><u>CHINA<\/u><\/b><\/p>\n<li><a href=\"http:\/\/www.nossacasa.net\/shunya\/bodhidharma\/\">BODAIDARUMA<\/a><\/li>\n<li><a href=\"http:\/\/www.nossacasa.net\/shunya\/hui-ko\/\">TAISO EKA<\/a><\/li>\n<li><a href=\"http:\/\/www.nossacasa.net\/shunya\/seng-tsan\/\">KANCHI SOSAN<\/a><\/li>\n<li><a href=\"http:\/\/www.nossacasa.net\/shunya\/tao-hsin\/\">DAII DOSHIN<\/a><\/li>\n<li><a href=\"http:\/\/www.nossacasa.net\/shunya\/hung-jen\/\">DAIMAN KONIN<\/a><\/li>\n<li><a href=\"http:\/\/www.nossacasa.net\/shunya\/hueineng\/\">DAIKAN ENO<\/a><\/li>\n<li><a href=\"http:\/\/www.nossacasa.net\/shunya\/ching-yuan\/\">SEIGEN GYOSHI<\/a><\/li>\n<li><a href=\"http:\/\/www.nossacasa.net\/shunya\/shih-tou\/\">SEKITO KISEN<\/a><\/li>\n<li><a href=\"http:\/\/www.nossacasa.net\/shunya\/yaoshan-weiyan\/\">YAKUSAN IGEN<\/a><\/li>\n<li><a href=\"http:\/\/www.nossacasa.net\/shunya\/yun-yen-tan-sheng\/\">UNGAN DONJO<\/a><\/li>\n<\/ol>\n<\/td>\n<\/tr>\n<\/table>\n<hr \/>\n<div style=\"text-align:right\"><a href=\"#inicio\">Topo<\/a><\/div>\n<hr \/>\n<p><\/font><\/div>\n<!-- AddThis Advanced Settings generic via filter on the_content --><!-- AddThis Share Buttons generic via filter on the_content -->","protected":false},"excerpt":{"rendered":"<p>Yun-yen T&#8217;an-sheng(781-841) Yunyan Tansheng (Yun-yen T&#8217;an-sheng, Ungo Donjo) O Trig&eacute;simo-s&eacute;timo Patriarca. Refer\u00eancias Transmiss\u00e3o de Yao-shan Transmiss\u00e3o para Tung-shan Linhagem Refer\u00eancias1 &Agrave;s vezes &eacute; considerado a reencarna&ccedil;&atilde;o de Shanavasa. Ele se tornou um monge quando tinha dezesseis e come&ccedil;ou os seus &hellip; <a href=\"http:\/\/www.nossacasa.net\/shunya\/yun-yen-tan-sheng\/\">Continue lendo <span class=\"meta-nav\">&rarr;<\/span><\/a><!-- AddThis Advanced Settings generic via filter on get_the_excerpt --><!-- AddThis Share Buttons generic via filter on get_the_excerpt --><\/p>\n","protected":false},"author":1,"featured_media":2275,"parent":0,"menu_order":0,"comment_status":"closed","ping_status":"closed","template":"","meta":{"footnotes":""},"class_list":["post-2273","page","type-page","status-publish","has-post-thumbnail","hentry"],"_links":{"self":[{"href":"http:\/\/www.nossacasa.net\/shunya\/wp-json\/wp\/v2\/pages\/2273","targetHints":{"allow":["GET"]}}],"collection":[{"href":"http:\/\/www.nossacasa.net\/shunya\/wp-json\/wp\/v2\/pages"}],"about":[{"href":"http:\/\/www.nossacasa.net\/shunya\/wp-json\/wp\/v2\/types\/page"}],"author":[{"embeddable":true,"href":"http:\/\/www.nossacasa.net\/shunya\/wp-json\/wp\/v2\/users\/1"}],"replies":[{"embeddable":true,"href":"http:\/\/www.nossacasa.net\/shunya\/wp-json\/wp\/v2\/comments?post=2273"}],"version-history":[{"count":7,"href":"http:\/\/www.nossacasa.net\/shunya\/wp-json\/wp\/v2\/pages\/2273\/revisions"}],"predecessor-version":[{"id":4659,"href":"http:\/\/www.nossacasa.net\/shunya\/wp-json\/wp\/v2\/pages\/2273\/revisions\/4659"}],"wp:featuredmedia":[{"embeddable":true,"href":"http:\/\/www.nossacasa.net\/shunya\/wp-json\/wp\/v2\/media\/2275"}],"wp:attachment":[{"href":"http:\/\/www.nossacasa.net\/shunya\/wp-json\/wp\/v2\/media?parent=2273"}],"curies":[{"name":"wp","href":"https:\/\/api.w.org\/{rel}","templated":true}]}}