{"id":2279,"date":"2018-05-19T11:40:59","date_gmt":"2018-05-19T13:40:59","guid":{"rendered":"http:\/\/www.nossacasa.net\/shunya\/?page_id=2279"},"modified":"2020-07-16T18:17:58","modified_gmt":"2020-07-16T20:17:58","slug":"tung-shan-liang-chieh","status":"publish","type":"page","link":"http:\/\/www.nossacasa.net\/shunya\/tung-shan-liang-chieh\/","title":{"rendered":"Tung-shan Liang-chieh (807-869)"},"content":{"rendered":"<div style=\"text-align:justify\">\n<a name=\"inicio\"><\/a><a href=\"http:\/\/www.nossacasa.net\/shunya\/?attachment_id=2280\" rel=\"attachment wp-att-2280\"><img loading=\"lazy\" decoding=\"async\" src=\"http:\/\/www.nossacasa.net\/shunya\/wp-content\/uploads\/2018\/05\/Tung-shan-Liang-chieh-200x300.jpg\" alt=\"\" width=\"200\" height=\"300\" class=\"alignleft size-medium wp-image-2280\" srcset=\"http:\/\/www.nossacasa.net\/shunya\/wp-content\/uploads\/2018\/05\/Tung-shan-Liang-chieh-200x300.jpg 200w, http:\/\/www.nossacasa.net\/shunya\/wp-content\/uploads\/2018\/05\/Tung-shan-Liang-chieh.jpg 220w\" sizes=\"auto, (max-width: 200px) 100vw, 200px\" \/><\/a><\/p>\n<p><i>Dongshan Liangjie (Tung-shan Liang-chieh; Tozan Ryokai)<\/i><br \/>\n<b>O Trig&eacute;simo-oitavo Patriarca.<\/b> <\/p>\n<hr \/>\n<p><a href=\"#a\">Refer\u00eancias<\/a><br \/>\n<a href=\"#b\">Por Philip Kapleau<\/a><br \/>\n<a href=\"#f\">Por Deshimaru<\/a><br \/>\n<a href=\"#c\">Transmiss\u00e3o de Y\u00fcn-yen<\/a><br \/>\n<a href=\"#d\">Transmiss\u00e3o para Tao-ying<\/a><br \/>\n<a href=\"#e\">Disc\u00edpulos<\/a><br \/>\n<a href=\"#g\">Linhagem<\/a><\/p>\n<hr \/>\n<p><a name=\"a\"><b>Refer\u00eancias<\/b><\/a><sup>1<\/sup><br \/>\nHerdeiro de Dharma de <a href=\"http:\/\/www.nossacasa.net\/shunya\/yun-yen-tan-sheng\/\">Yunyan Tansheng<\/a>.<br \/>\nDeu Transmiss&atilde;o a <a href=\"http:\/\/www.nossacasa.net\/shunya\/yun-chu-tao-ying\/\">Yunju Daoying<\/a>.<br \/>\nAparece em &#8220;Registros do Precip&iacute;cio Azul&#8221; Caso 43, &#8220;Registros do Sil&ecirc;ncio&#8221; 22, 49, 56, 89, 94, 98,. Ver Denkoroku Cap&iacute;tulo 39. Tamb&eacute;m Ver a s&eacute;rie Rhythm and Song: Commentaries on the Hokyo Zanmai<\/p>\n<hr \/>\n<div style=\"text-align:right\"><a href=\"#inicio\">Topo<\/a><\/div>\n<p><\/p>\n<hr \/>\n<p><a name=\"b\"><b>Por Philip Kapleau<\/b><\/a><sup>2<\/sup><br \/>\nTozan Ryokai (Rm chin\u00eas, Tung-shan Liang-chieh; 807-869): O primeiro Patriarca da seita Soto na China e formulador dos Cinco Degraus (da compreens&atilde;o).<\/p>\n<hr \/>\n<div style=\"text-align:right\"><a href=\"#inicio\">Topo<\/a><\/div>\n<p><\/p>\n<hr \/>\n<p><a name=\"f\"><b>Por <\/b><\/a><a href=\"http:\/\/www.nossacasa.net\/shunya\/taizen-deshimaru\/\"><b>Taizen Deshimaru<\/b><\/a><sup>4<\/sup><br \/>\nTozan nasceu em 807 na China, no oeste do rio Yan Po. &Eacute; o d&eacute;cimo primeiro patriarca chin&ecirc;s depois de Bodhidarma. Seu mestre de transmiss&atilde;o foi Ungan Donjo (782-841). Porque escreveu o <i>Hokyo Zan Nai<\/i>? Gra&ccedil;as ao acaso:<br \/>\nUm dia, em uma de suas viagens, passou sobre uma ponte; olhou a &aacute;gua que corria abaixo dele e comp&ocirc;s este poema:<\/p>\n<p>&quot;N&atilde;o procures o caminho nos outros,<br \/>\nem lugar long&iacute;nquo;<br \/>\no caminho est&aacute; sob nossos p&eacute;s.<br \/>\nAgora viajo s&oacute;\u2026<br \/>\nMas posso encontr&aacute;-lo em todas as partes;<br \/>\ncertamente, ele &eacute; eu agora,<br \/>\nmas agora eu n&atilde;o sou ele.<br \/>\nAssim tamb&eacute;m, quando encontro o que encontro,<br \/>\nposso obter a verdadeira liberdade.&quot;<\/p>\n<p>Este poema serviu de base para o <i>Hokyo Zan Mai<\/i>, concretamente seus &uacute;ltimos versos, e foi a fonte de dito canto.<br \/>\nOs escritos Zen nos narram a seguinte hist&oacute;ria sobre a morte de Tozan:<br \/>\nMorreu relativamente jovem, aos sessenta e tr&ecirc;s anos. Pouco antes de morrer ele mesmo raspou sua cabe&ccedil;a, se vestiu com sua mais linda <i>kesa<\/i> e deu ordens a seus disc&iacute;pulos para repicar a grande campana exterior; morreu escutando o som deste sino. Seus disc&iacute;pulos se puseram a chorar.<\/p>\n<p>Ent&atilde;o o Mestre Tozan lhes disse:<\/p>\n<p>&quot;Querid&iacute;ssimos discipulos, porque choram por mim? N&atilde;o deveis estar atados ao corpo e ao esp&iacute;rito. Esta &eacute; a verdadeira pr&aacute;tica do monge Zen. Porque se entristecem deste modo?&quot;<br \/>\nPermaneceu ainda com eles uma semana e em oito de mar&ccedil;o de 869, depois do banho, morreu em postura  de zazen. Apesar da parada cardiaca e respiratoria sua postura n&atilde;o se desfez.<\/p>\n<hr \/>\n<div style=\"text-align:right\"><a href=\"#inicio\">Topo<\/a><\/div>\n<hr \/>\n<p><a name=\"c\"><b>Transmiss\u00e3o de Y\u00fcn-yen<\/b><\/a><sup>3<\/sup><br \/>\n<b>38. De <a href=\"http:\/\/www.nossacasa.net\/shunya\/yun-yen-tan-sheng\/\">Y\u00fcn-yen<\/a> para<br \/>\n<a href=\"http:\/\/www.nossacasa.net\/shunya\/tung-shan-liang-chieh\/\">Tung-shan<\/a><\/b><br \/>\nQuando pequeno, Tung-shan estudava o Sutra do Cora\u00e7\u00e3o. Certa vez, ao ler o trecho &#8220;n\u00e3o h\u00e1 olhos, ouvidos, nariz&#8230;&#8221;, ele tocou seu pr\u00f3prio rosto e se perguntou: &#8220;Eu tenho olhos, ouvidos e nariz.<br \/>\nPor que o sutra diz que ele n\u00e3o existem?&#8221; Aos 20 anos, Tung-shan tornou-se monge e ficou intrigado com um <i>k\u00f4an<\/i>, que termina citando uma frase do <i>Avatamsaka Sutra<\/i>:<br \/>\n<b>Pergunta:<\/b> O que \u00e9 a mente dos antigos buddhas?<br \/>\n<b>Resposta:<\/b> Cercas, muros, telhas e seixos.<br \/>\n<b>Pergunta:<\/b> Os fen\u00f4menos n\u00e3o-sencientes podem pregar o dharma?<br \/>\n<b>Resposta:<\/b> Certamente, o n\u00e3o-senciente prega continuamente, vigorosamente, eloq\u00fcentemente.<br \/>\n<b>Pergunta:<\/b> Qual \u00e9 a base textual para essa afirma\u00e7\u00e3o?<br \/>\n<b>Resposta:<\/b> Nenhum mestre apresentaria ensinamentos que contrariassem a harmonia dos sutras que registram as palavras de Buddha.<br \/>\n&#8220;Os mundos, os seres sencientes e todos os fen\u00f4menos do passado, do presente e do futuro, proclamam o dharma.&#8221;<br \/>\nPensando nisso, Tung-shan foi perguntar ao mestre Y\u00fcn-yen:<br \/>\n<b>Tung-shan:<\/b> Quem pode perceber o fen\u00f4meno n\u00e3o-senciente proclamando dharma? Quem pode ouvir os antigos muros de pedra proclamando a n\u00e3o-dualidade?<br \/>\n<b>Y\u00fcn-yen:<\/b> Apenas indo al\u00e9m do senciente \u00e9 que \u00e9 poss\u00edvel ouvir a proclama\u00e7\u00e3o primordial do fen\u00f4meno n\u00e3o-senciente.<br \/>\n<b>Tung-shan:<\/b> Voc\u00ea pode ouvi-la?<br \/>\n<b>Y\u00fcn-yen:<\/b> Se eu n\u00e3o estivesse apresentando-a agora, voc\u00ea n\u00e3o poderia ouvir a minha exposi\u00e7\u00e3o do dharma.<br \/>\n<b>Tung-shan:<\/b> N\u00e3o quero ouvir a sua exposi\u00e7\u00e3o se ela obscurecer o som de todos os fen\u00f4menos proclamando o dharma.<br \/>\n<b>Y\u00fcn-yen:<\/b> Se voc\u00ea n\u00e3o pode apreciar o meu ensinamento, como ouvir\u00e1 o ensinamento universal que vem de todas as dire\u00e7\u00f5es? Eles n\u00e3o s\u00e3o diferentes!<br \/>\nTung-shan: Agora estou desperto! Que maravilhoso! A proclama\u00e7\u00e3o da n\u00e3o-dualidade por todos os fen\u00f4menos ocorre simplesmente pelo fato do fen\u00f4meno aparecer como um fen\u00f4meno. Antes, com o ouvido convencional, eu n\u00e3o podia ouvir o som do indescrit\u00edvel. Agora, ouvindo o olho sabedoria, o indescrit\u00edvel fala, eloq\u00fcentemente, em todos os lugares.<br \/>\n<b>Tung-shan:<\/b> \u00c9 exatamente como \u00e9.<br \/>\nIndo al\u00e9m do senciente e do n\u00e3o-senciente, Tung-shan ouviu a proclama\u00e7\u00e3o de todos os fen\u00f4menos e despertou. Que maravilhoso!<\/p>\n<hr \/>\n<div style=\"text-align:right\"><a href=\"#inicio\">Topo<\/a><\/div>\n<hr \/>\n<p><a name=\"d\"><b>Transmiss\u00e3o para Tao-ying<\/b><\/a><sup>3<\/sup><br \/>\n<b>39. De <a href=\"http:\/\/www.nossacasa.net\/shunya\/tung-shan-liang-chieh\/\">Tung-shan<\/a> para<br \/>\n<a href=\"http:\/\/www.nossacasa.net\/shunya\/yun-chu-tao-ying\/\">Tao-ying<\/a><\/b><br \/>\nComo monge, Tao-ying n\u00e3o se interessava muito pelas escrituras, mas tinha praticado extensivamente com v\u00e1rios mestres Zen. Finalmente, encontrou o mestre Tung-shan.<br \/>\n<b>Tung-shan:<\/b> Qual \u00e9 o seu nome?<br \/>\n<b>Tao-ying:<\/b> Eu sou Tao-ying.<br \/>\n<b>Tung-shan:<\/b> Qual \u00e9 o nome al\u00e9m de todos os est\u00e1gios da evolu\u00e7\u00e3o, al\u00e9m de todos os estados da realiza\u00e7\u00e3o?<br \/>\n<b>Tao-ying:<\/b> Falando al\u00e9m de todos as perspectivas, Tao-ying n\u00e3o pode dizer, &#8220;Eu sou Tao-ying.&#8221;.<br \/>\n<b>Tung-shan:<\/b> Este \u00e9, precisamente, o mesmo modo com o qual respondi ao meu mestre. Obrigado, caro amigo, meu caminho de totalidade vai se expandir al\u00e9m de todos os horizontes.<br \/>\nCom esta transmiss\u00e3o, come\u00e7ou a linhagem <i>Ts&#8217;ao-tung<\/i>, que posteriormente seria chamada de <i>S\u00f4t\u00f4<\/i>, no Jap\u00e3o, e que continua a levar o caminho da totalidade at\u00e9 os dias de hoje.<\/p>\n<hr \/>\n<ol type=\"1\">\nFontes:<\/p>\n<li>&#8220;Ensinos do Mestre Zen Anzan Roshi&#8221;(texto compilado pelo Ven. Jinmyo Fleming ino e traduzido ao Portugu&ecirc;s por Claudio Miklos.<\/li>\n<li>&#8220;Os tr\u00eas pilares do Zen&#8221; de Philip Kapleau<\/li>\n<li>www.dharmanet.com.br<\/li>\n<li>&#8220;La Pr\u00e1ctica del Zen&#8221; de Taizen Deshimaru<\/li>\n<\/ol>\n<hr \/>\n<div style=\"text-align:center\"><a name=\"e\"><b>Disc\u00edpulos<\/b><\/a><\/div>\n<p>Entre os disc\u00edpulos, que receberam Transmiss\u00e3o do Dharma de Tung-shan, est\u00e3o: <\/p>\n<ol type=\"1\">\n<li><a href=\"http:\/\/www.nossacasa.net\/shunya\/yun-chu-tao-ying\/\">Yunju Daoying<\/a>\n<\/li>\n<li><a href=\"default.asp?menu=267\" class=\"broken_link\">Sozan Konin<\/a>.\n<\/li>\n<\/ol>\n<hr \/>\n<div style=\"text-align:right\"><a href=\"#inicio\">Topo<\/a><\/div>\n<hr \/>\n<p><a name=\"f\">Linhagem desde Saquiamuni<\/a><\/p>\n<div style=\"text-align:center\">\n<ol type=\"1\"><b><u>BUTSU<\/u><\/b><\/p>\n<li><a href=\"http:\/\/www.nossacasa.net\/shunya\/buda\/\">BIBASHI<\/a><\/li>\n<li><a href=\"http:\/\/www.nossacasa.net\/shunya\/buda\/\">SHIKI<\/a><\/li>\n<li><a href=\"http:\/\/www.nossacasa.net\/shunya\/buda\/\">BISHAFU<\/a><\/li>\n<li><a href=\"http:\/\/www.nossacasa.net\/shunya\/buda\/\">KURUSON<\/a><\/li>\n<li><a href=\"http:\/\/www.nossacasa.net\/shunya\/buda\/\">KUNAGONMUNI<\/a><\/li>\n<li><a href=\"http:\/\/www.nossacasa.net\/shunya\/buda\/\">KASHO<\/a><\/li>\n<li><a href=\"http:\/\/www.nossacasa.net\/shunya\/buda\/\">XAQUIAMUNI<\/a><\/li>\n<\/ol>\n<\/div>\n<table width=\"100%\" border=\"0\">\n<tr>\n<td valign=\"top\">\n<ol type=\"1\"><b><u>\u00cdNDIA<\/u><\/b><\/p>\n<li><a href=\"http:\/\/www.nossacasa.net\/shunya\/mahakashyapa\/\">MAKAKASHO<\/a><\/li>\n<li><a href=\"http:\/\/www.nossacasa.net\/shunya\/ananda\/\">ANANDA<\/a><\/li>\n<li><a href=\"http:\/\/www.nossacasa.net\/shunya\/shanavasa\/\">SHONAWASHU<\/a><\/li>\n<li><a href=\"http:\/\/www.nossacasa.net\/shunya\/upagupta\/\">UBAGIKUTA<\/a><\/li>\n<li><a href=\"http:\/\/www.nossacasa.net\/shunya\/dhritaka\/\">DAITAKA<\/a><\/li>\n<li><a href=\"http:\/\/www.nossacasa.net\/shunya\/michaka\/\">MISHAKA<\/a><\/li>\n<li><a href=\"http:\/\/www.nossacasa.net\/shunya\/vasumitra\/\">BASHUMITSU<\/a><\/li>\n<li><a href=\"http:\/\/www.nossacasa.net\/shunya\/buddhananda\/\">BUTSUDANANDAI<\/a><\/li>\n<li><a href=\"http:\/\/www.nossacasa.net\/shunya\/buddhamitra\/\">FUDAMITA<\/a><\/li>\n<li><a href=\"http:\/\/www.nossacasa.net\/shunya\/parshvanatha\/\">BARISHIBA<\/a><\/li>\n<li><a href=\"http:\/\/www.nossacasa.net\/shunya\/punyayashas\/\">FUNAYASHYA<\/a><\/li>\n<li><a href=\"http:\/\/www.nossacasa.net\/shunya\/ashvagosha\/\">ANABOTEI<\/a><\/li>\n<li><a href=\"http:\/\/www.nossacasa.net\/shunya\/kapimala\/\">KABIMORA<\/a><\/li>\n<li><a href=\"http:\/\/www.nossacasa.net\/shunya\/nagarjuna\/\">NAGYAHARAJUNA<\/a><\/li>\n<li><a href=\"http:\/\/www.nossacasa.net\/shunya\/aryadeva\/\">KANADAIBA<\/a><\/li>\n<li><a href=\"http:\/\/www.nossacasa.net\/shunya\/rahulata\/\">RAGORATA<\/a><\/li>\n<li><a href=\"http:\/\/www.nossacasa.net\/shunya\/sanghanandi\/\">SOGYANANDAI<\/a><\/li>\n<li><a href=\"http:\/\/www.nossacasa.net\/shunya\/gayashata\/\">KAYSHATA<\/a><\/li>\n<li><a href=\"http:\/\/www.nossacasa.net\/shunya\/kumarata\/\">KUMORATA<\/a><\/li>\n<li><a href=\"http:\/\/www.nossacasa.net\/shunya\/jayata\/\">SHAYATA<\/a><\/li>\n<li><a href=\"http:\/\/www.nossacasa.net\/shunya\/vasubandhu\/\">BASHUBANZU<\/a><\/li>\n<li><a href=\"http:\/\/www.nossacasa.net\/shunya\/manorhita\/\">MANURA<\/a><\/li>\n<li><a href=\"http:\/\/www.nossacasa.net\/shunya\/haklenayasha\/\">KAKUROKUNA<\/a><\/li>\n<li><a href=\"http:\/\/www.nossacasa.net\/shunya\/aryasimha\/\">SHSISHIBODAI<\/a><\/li>\n<li><a href=\"http:\/\/www.nossacasa.net\/shunya\/basiasita\/\">BASHASHITA<\/a><\/li>\n<li><a href=\"http:\/\/www.nossacasa.net\/shunya\/punyamitra\/\">FUNYOMITA <\/a><\/li>\n<li><a href=\"http:\/\/www.nossacasa.net\/shunya\/prajnatara\/\">HANNYATARA <\/a><\/li>\n<\/ol>\n<\/td>\n<td valign=\"top\">\n<ol type=\"1\" start=\"28\"><b><u>CHINA<\/u><\/b><\/p>\n<li><a href=\"http:\/\/www.nossacasa.net\/shunya\/bodhidharma\/\">BODAIDARUMA<\/a><\/li>\n<li><a href=\"http:\/\/www.nossacasa.net\/shunya\/hui-ko\/\">TAISO EKA<\/a><\/li>\n<li><a href=\"http:\/\/www.nossacasa.net\/shunya\/seng-tsan\/\">KANCHI SOSAN<\/a><\/li>\n<li><a href=\"http:\/\/www.nossacasa.net\/shunya\/tao-hsin\/\">DAII DOSHIN<\/a><\/li>\n<li><a href=\"http:\/\/www.nossacasa.net\/shunya\/hung-jen\/\">DAIMAN KONIN<\/a><\/li>\n<li><a href=\"http:\/\/www.nossacasa.net\/shunya\/hueineng\/\">DAIKAN ENO<\/a><\/li>\n<li><a href=\"http:\/\/www.nossacasa.net\/shunya\/ching-yuan\/\">SEIGEN GYOSHI<\/a><\/li>\n<li><a href=\"http:\/\/www.nossacasa.net\/shunya\/shih-tou\/\">SEKITO KISEN<\/a><\/li>\n<li><a href=\"http:\/\/www.nossacasa.net\/shunya\/yaoshan-weiyan\/\">YAKUSAN IGEN<\/a><\/li>\n<li><a href=\"http:\/\/www.nossacasa.net\/shunya\/yun-yen-tan-sheng\/\">UNGAN DONJO<\/a><\/li>\n<li><a href=\"http:\/\/www.nossacasa.net\/shunya\/tung-shan-liang-chieh\/\">TOZAN RYOKAI<\/a><\/li>\n<\/ol>\n<\/td>\n<\/tr>\n<\/table>\n<hr \/>\n<div style=\"text-align:right\"><a href=\"#inicio\">Topo<\/a><\/div>\n<hr \/>\n<\/div>\n<!-- AddThis Advanced Settings generic via filter on the_content --><!-- AddThis Share Buttons generic via filter on the_content -->","protected":false},"excerpt":{"rendered":"<p>Dongshan Liangjie (Tung-shan Liang-chieh; Tozan Ryokai) O Trig&eacute;simo-oitavo Patriarca. Refer\u00eancias Por Philip Kapleau Por Deshimaru Transmiss\u00e3o de Y\u00fcn-yen Transmiss\u00e3o para Tao-ying Disc\u00edpulos Linhagem Refer\u00eancias1 Herdeiro de Dharma de Yunyan Tansheng. Deu Transmiss&atilde;o a Yunju Daoying. Aparece em &#8220;Registros do Precip&iacute;cio &hellip; <a href=\"http:\/\/www.nossacasa.net\/shunya\/tung-shan-liang-chieh\/\">Continue lendo <span class=\"meta-nav\">&rarr;<\/span><\/a><!-- AddThis Advanced Settings generic via filter on get_the_excerpt --><!-- AddThis Share Buttons generic via filter on get_the_excerpt --><\/p>\n","protected":false},"author":1,"featured_media":0,"parent":0,"menu_order":0,"comment_status":"closed","ping_status":"closed","template":"","meta":{"footnotes":""},"class_list":["post-2279","page","type-page","status-publish","hentry"],"_links":{"self":[{"href":"http:\/\/www.nossacasa.net\/shunya\/wp-json\/wp\/v2\/pages\/2279","targetHints":{"allow":["GET"]}}],"collection":[{"href":"http:\/\/www.nossacasa.net\/shunya\/wp-json\/wp\/v2\/pages"}],"about":[{"href":"http:\/\/www.nossacasa.net\/shunya\/wp-json\/wp\/v2\/types\/page"}],"author":[{"embeddable":true,"href":"http:\/\/www.nossacasa.net\/shunya\/wp-json\/wp\/v2\/users\/1"}],"replies":[{"embeddable":true,"href":"http:\/\/www.nossacasa.net\/shunya\/wp-json\/wp\/v2\/comments?post=2279"}],"version-history":[{"count":4,"href":"http:\/\/www.nossacasa.net\/shunya\/wp-json\/wp\/v2\/pages\/2279\/revisions"}],"predecessor-version":[{"id":7148,"href":"http:\/\/www.nossacasa.net\/shunya\/wp-json\/wp\/v2\/pages\/2279\/revisions\/7148"}],"wp:attachment":[{"href":"http:\/\/www.nossacasa.net\/shunya\/wp-json\/wp\/v2\/media?parent=2279"}],"curies":[{"name":"wp","href":"https:\/\/api.w.org\/{rel}","templated":true}]}}