{"id":2284,"date":"2018-05-19T11:51:07","date_gmt":"2018-05-19T13:51:07","guid":{"rendered":"http:\/\/www.nossacasa.net\/shunya\/?page_id=2284"},"modified":"2018-06-01T17:15:32","modified_gmt":"2018-06-01T19:15:32","slug":"yun-chu-tao-ying","status":"publish","type":"page","link":"http:\/\/www.nossacasa.net\/shunya\/yun-chu-tao-ying\/","title":{"rendered":"Yun-chu Tao-ying"},"content":{"rendered":"<div style=\"text-align:justify\"><font face=\"Verdana\" size=\"2\"><br \/>\n<a name=\"inicio\"><\/a><a href=\"http:\/\/www.nossacasa.net\/shunya\/?attachment_id=2285\" rel=\"attachment wp-att-2285\"><img loading=\"lazy\" decoding=\"async\" src=\"http:\/\/www.nossacasa.net\/shunya\/wp-content\/uploads\/2018\/05\/Yun-chu-Tao-ying-200x300.jpg\" alt=\"\" width=\"200\" height=\"300\" class=\"alignleft size-medium wp-image-2285\" srcset=\"http:\/\/www.nossacasa.net\/shunya\/wp-content\/uploads\/2018\/05\/Yun-chu-Tao-ying-200x300.jpg 200w, http:\/\/www.nossacasa.net\/shunya\/wp-content\/uploads\/2018\/05\/Yun-chu-Tao-ying.jpg 220w\" sizes=\"auto, (max-width: 200px) 100vw, 200px\" \/><\/a><br \/>\n<b>Yun-chu Tao-ying (830-902)<\/b><br \/>\n<i>Yunju Daoying (Yun-chu Tao-ying, Ungo Doyo)<\/i><br \/>\n<b>O Trig&eacute;simo-nono Patriarca.<\/b><\/p>\n<hr \/>\n<p><a href=\"#a\">Refer\u00eancias<\/a><br \/>\n<a href=\"#b\">Transmiss\u00e3o de Tung-shan<\/a><br \/>\n<a href=\"#c\">Transmiss\u00e3o para Tao-p&#8217;i<\/a><br \/>\n<a href=\"#f\">Linhagem Soto<\/a><\/p>\n<hr \/>\n<hr \/>\n<hr \/>\n<hr \/>\n<p><a name=\"a\"><b>Refer\u00eancias<\/b><\/a><sup>1<\/sup><br \/>\nUm Herdeiro de Dharma de <a href=\"http:\/\/www.nossacasa.net\/shunya\/tung-shan-liang-chieh\/\">Dongshan Liangjie<\/a>.<br \/>\nEle aparece nas Declara&ccedil;&otilde;es e A&ccedil;&otilde;es de Dongshan (Dongshan yulu) 40-49, 50, 85, 119. Ver Denkoroku Cap&iacute;tulo 40.<\/p>\n<hr \/>\n<div style=\"text-align:right\"><a href=\"#inicio\">Topo<\/a><\/div>\n<hr \/>\n<p><a name=\"b\">Transmiss\u00e3o de Tung-shan<\/a><sup>2<\/sup><br \/>\n<b>39. De <a href=\"http:\/\/www.nossacasa.net\/shunya\/tung-shan-liang-chieh\/\">Tung-shan<\/a> para<br \/>\n<a href=\"http:\/\/www.nossacasa.net\/shunya\/yun-chu-tao-ying\/\">Tao-ying<\/a><\/b><br \/>\nComo monge, Tao-ying n\u00e3o se interessava muito pelas escrituras, mas tinha praticado extensivamente com v\u00e1rios mestres Zen. Finalmente, encontrou o mestre Tung-shan.<br \/>\n<b>Tung-shan:<\/b> Qual \u00e9 o seu nome?<br \/>\n<b>Tao-ying:<\/b> Eu sou Tao-ying.<br \/>\n<b>Tung-shan:<\/b> Qual \u00e9 o nome al\u00e9m de todos os est\u00e1gios da evolu\u00e7\u00e3o, al\u00e9m de todos os estados da realiza\u00e7\u00e3o?<br \/>\n<b>Tao-ying:<\/b> Falando al\u00e9m de todos as perspectivas, Tao-ying n\u00e3o pode dizer, &#8220;Eu sou Tao-ying.&#8221;.<br \/>\n<b>Tung-shan:<\/b> Este \u00e9, precisamente, o mesmo modo com o qual respondi ao meu mestre. Obrigado, caro amigo, meu caminho de totalidade vai se expandir al\u00e9m de todos os horizontes.<br \/>\nCom esta transmiss\u00e3o, come\u00e7ou a linhagem <i>Ts&#8217;ao-tung<\/i>, que posteriormente seria chamada de <i>S\u00f4t\u00f4<\/i>, no Jap\u00e3o, e que continua a levar o caminho da totalidade at\u00e9 os dias de hoje.<\/p>\n<hr \/>\n<div style=\"text-align:right\"><a href=\"#inicio\">Topo<\/a><\/div>\n<hr \/>\n<p><a name=\"c\"><b>Transmiss\u00e3o para Tao-p&#8217;i<\/b><\/a><sup>2<\/sup><br \/>\n<b>40. De <a href=\"http:\/\/www.nossacasa.net\/shunya\/yun-chu-tao-ying\/\">Tao-ying<\/a> para<br \/>\n<a href=\"http:\/\/www.nossacasa.net\/shunya\/tao-pi\/\">Tao-p&#8217;i<\/a><\/b><br \/>\nTao-p&#8217;i era o ajudante do mestre<br \/>\nTao-ying. Certa vez, o mestre deu o seguinte conselhos aos seus alunos<br \/>\nmonges:<br \/>\nVoc\u00eas falam de mais. Voc\u00eas vomitam palavras. A pessoa completamente iluminada torna-se im\u00f3vel, como<br \/>\num leque durante o inverno. O musgo cresce sobre os l\u00e1bios. O sil\u00eancio n\u00e3o envolve nenhum esfor\u00e7o na medita\u00e7\u00e3o. \u00c9 um express\u00e3o natural.<br \/>\nE, ao entrar no sal\u00e3o do templo, o mestre lhes disse:<br \/>\nSe voc\u00eas quiserem atingir um resultado ilimitado, voc\u00eas devem ser tornar ilimitados. Mas se<br \/>\nvoc\u00eas j\u00e1 s\u00e3o ilimitados, por que ficam ansiosos para conseguir um resultado ilimitado?<br \/>\nTao-p&#8217;i, que estava de p\u00e9 ao lado do mestre, subitamente despertou.<\/p>\n<hr \/>\n<ol type=\"1\">\n<li>&#8220;Ensinos do Mestre Zen Anzan Roshi&#8221;(texto compilado pelo Ven. Jinmyo Fleming ino e traduzido ao Portugu&ecirc;s por Claudio Miklos.<\/li>\n<li>www.dharmanet.com.br<\/li>\n<\/ol>\n<hr \/>\n<div style=\"text-align:right\"><a href=\"#inicio\">Topo<\/a><\/div>\n<hr \/>\n<p><a name=\"f\">Linhagem Soto desde Saquiamuni<\/a><\/p>\n<div style=\"text-align:center\">\n<ol type=\"1\"><b><u>BUTSU<\/u><\/b><\/p>\n<li><a href=\"http:\/\/www.nossacasa.net\/shunya\/buda\/\">BIBASHI<\/a><\/li>\n<li><a href=\"http:\/\/www.nossacasa.net\/shunya\/buda\/\">SHIKI<\/a><\/li>\n<li><a href=\"http:\/\/www.nossacasa.net\/shunya\/buda\/\">BISHAFU<\/a><\/li>\n<li><a href=\"http:\/\/www.nossacasa.net\/shunya\/buda\/\">KURUSON<\/a><\/li>\n<li><a href=\"http:\/\/www.nossacasa.net\/shunya\/buda\/\">KUNAGONMUNI<\/a><\/li>\n<li><a href=\"http:\/\/www.nossacasa.net\/shunya\/buda\/\">KASHO<\/a><\/li>\n<li><a href=\"http:\/\/www.nossacasa.net\/shunya\/buda\/\">XAQUIAMUNI<\/a><\/li>\n<\/ol>\n<\/div>\n<table width=\"100%\" border=\"0\">\n<tr>\n<td valign=\"top\">\n<ol type=\"1\"><b><u>\u00cdNDIA<\/u><\/b><\/p>\n<li><a href=\"http:\/\/www.nossacasa.net\/shunya\/mahakashyapa\/\">MAKAKASHO<\/a><\/li>\n<li><a href=\"http:\/\/www.nossacasa.net\/shunya\/ananda\/\">ANANDA<\/a><\/li>\n<li><a href=\"http:\/\/www.nossacasa.net\/shunya\/shanavasa\/\">SHONAWASHU<\/a><\/li>\n<li><a href=\"http:\/\/www.nossacasa.net\/shunya\/upagupta\/\">UBAGIKUTA<\/a><\/li>\n<li><a href=\"http:\/\/www.nossacasa.net\/shunya\/dhritaka\/\">DAITAKA<\/a><\/li>\n<li><a href=\"http:\/\/www.nossacasa.net\/shunya\/michaka\/\">MISHAKA<\/a><\/li>\n<li><a href=\"http:\/\/www.nossacasa.net\/shunya\/vasumitra\/\">BASHUMITSU<\/a><\/li>\n<li><a href=\"http:\/\/www.nossacasa.net\/shunya\/buddhananda\/\">BUTSUDANANDAI<\/a><\/li>\n<li><a href=\"http:\/\/www.nossacasa.net\/shunya\/buddhamitra\/\">FUDAMITA<\/a><\/li>\n<li><a href=\"http:\/\/www.nossacasa.net\/shunya\/parshvanatha\/\">BARISHIBA<\/a><\/li>\n<li><a href=\"http:\/\/www.nossacasa.net\/shunya\/punyayashas\/\">FUNAYASHYA<\/a><\/li>\n<li><a href=\"http:\/\/www.nossacasa.net\/shunya\/ashvagosha\/\">ANABOTEI<\/a><\/li>\n<li><a href=\"http:\/\/www.nossacasa.net\/shunya\/kapimala\/\">KABIMORA<\/a><\/li>\n<li><a href=\"http:\/\/www.nossacasa.net\/shunya\/nagarjuna\/\">NAGYAHARAJUNA<\/a><\/li>\n<li><a href=\"http:\/\/www.nossacasa.net\/shunya\/aryadeva\/\">KANADAIBA<\/a><\/li>\n<li><a href=\"http:\/\/www.nossacasa.net\/shunya\/rahulata\/\">RAGORATA<\/a><\/li>\n<li><a href=\"http:\/\/www.nossacasa.net\/shunya\/sanghanandi\/\">SOGYANANDAI<\/a><\/li>\n<li><a href=\"http:\/\/www.nossacasa.net\/shunya\/gayashata\/\">KAYSHATA<\/a><\/li>\n<li><a href=\"http:\/\/www.nossacasa.net\/shunya\/kumarata\/\">KUMORATA<\/a><\/li>\n<li><a href=\"http:\/\/www.nossacasa.net\/shunya\/jayata\/\">SHAYATA<\/a><\/li>\n<li><a href=\"http:\/\/www.nossacasa.net\/shunya\/vasubandhu\/\">BASHUBANZU<\/a><\/li>\n<li><a href=\"http:\/\/www.nossacasa.net\/shunya\/manorhita\/\">MANURA<\/a><\/li>\n<li><a href=\"http:\/\/www.nossacasa.net\/shunya\/haklenayasha\/\">KAKUROKUNA<\/a><\/li>\n<li><a href=\"http:\/\/www.nossacasa.net\/shunya\/aryasimha\/\">SHSISHIBODAI<\/a><\/li>\n<li><a href=\"http:\/\/www.nossacasa.net\/shunya\/basiasita\/\">BASHASHITA<\/a><\/li>\n<li><a href=\"http:\/\/www.nossacasa.net\/shunya\/punyamitra\/\">FUNYOMITA <\/a><\/li>\n<li><a href=\"http:\/\/www.nossacasa.net\/shunya\/prajnatara\/\">HANNYATARA <\/a><\/li>\n<\/ol>\n<\/td>\n<td valign=\"top\">\n<ol type=\"1\" start=\"28\"><b><u>CHINA<\/u><\/b><\/p>\n<li><a href=\"http:\/\/www.nossacasa.net\/shunya\/bodhidharma\/\">BODAIDARUMA<\/a><\/li>\n<li><a href=\"http:\/\/www.nossacasa.net\/shunya\/hui-ko\/\">TAISO EKA<\/a><\/li>\n<li><a href=\"http:\/\/www.nossacasa.net\/shunya\/seng-tsan\/\">KANCHI SOSAN<\/a><\/li>\n<li><a href=\"http:\/\/www.nossacasa.net\/shunya\/tao-hsin\/\">DAII DOSHIN<\/a><\/li>\n<li><a href=\"http:\/\/www.nossacasa.net\/shunya\/hung-jen\/\">DAIMAN KONIN<\/a><\/li>\n<li><a href=\"http:\/\/www.nossacasa.net\/shunya\/hueineng\/\">DAIKAN ENO<\/a><\/li>\n<li><a href=\"http:\/\/www.nossacasa.net\/shunya\/ching-yuan\/\">SEIGEN GYOSHI<\/a><\/li>\n<li><a href=\"http:\/\/www.nossacasa.net\/shunya\/shih-tou\/\">SEKITO KISEN<\/a><\/li>\n<li><a href=\"http:\/\/www.nossacasa.net\/shunya\/yaoshan-weiyan\/\">YAKUSAN IGEN<\/a><\/li>\n<li><a href=\"http:\/\/www.nossacasa.net\/shunya\/yun-yen-tan-sheng\/\">UNGAN DONJO<\/a><\/li>\n<li><a href=\"http:\/\/www.nossacasa.net\/shunya\/tung-shan-liang-chieh\/\">TOZAN RYOKAI<\/a><\/li>\n<li><a href=\"http:\/\/www.nossacasa.net\/shunya\/yun-chu-tao-ying\/\">UNGO DOYO<\/a><\/li>\n<\/ol>\n<\/td>\n<\/tr>\n<\/table>\n<hr \/>\n<div style=\"text-align:right\"><a href=\"#inicio\">Topo<\/a><\/div>\n<hr \/>\n<p><\/font><\/div>\n<!-- AddThis Advanced Settings generic via filter on the_content --><!-- AddThis Share Buttons generic via filter on the_content -->","protected":false},"excerpt":{"rendered":"<p>Yun-chu Tao-ying (830-902) Yunju Daoying (Yun-chu Tao-ying, Ungo Doyo) O Trig&eacute;simo-nono Patriarca. Refer\u00eancias Transmiss\u00e3o de Tung-shan Transmiss\u00e3o para Tao-p&#8217;i Linhagem Soto Refer\u00eancias1 Um Herdeiro de Dharma de Dongshan Liangjie. Ele aparece nas Declara&ccedil;&otilde;es e A&ccedil;&otilde;es de Dongshan (Dongshan yulu) 40-49, &hellip; <a href=\"http:\/\/www.nossacasa.net\/shunya\/yun-chu-tao-ying\/\">Continue lendo <span class=\"meta-nav\">&rarr;<\/span><\/a><!-- AddThis Advanced Settings generic via filter on get_the_excerpt --><!-- AddThis Share Buttons generic via filter on get_the_excerpt --><\/p>\n","protected":false},"author":1,"featured_media":2285,"parent":0,"menu_order":0,"comment_status":"closed","ping_status":"closed","template":"","meta":{"footnotes":""},"class_list":["post-2284","page","type-page","status-publish","has-post-thumbnail","hentry"],"_links":{"self":[{"href":"http:\/\/www.nossacasa.net\/shunya\/wp-json\/wp\/v2\/pages\/2284","targetHints":{"allow":["GET"]}}],"collection":[{"href":"http:\/\/www.nossacasa.net\/shunya\/wp-json\/wp\/v2\/pages"}],"about":[{"href":"http:\/\/www.nossacasa.net\/shunya\/wp-json\/wp\/v2\/types\/page"}],"author":[{"embeddable":true,"href":"http:\/\/www.nossacasa.net\/shunya\/wp-json\/wp\/v2\/users\/1"}],"replies":[{"embeddable":true,"href":"http:\/\/www.nossacasa.net\/shunya\/wp-json\/wp\/v2\/comments?post=2284"}],"version-history":[{"count":5,"href":"http:\/\/www.nossacasa.net\/shunya\/wp-json\/wp\/v2\/pages\/2284\/revisions"}],"predecessor-version":[{"id":4665,"href":"http:\/\/www.nossacasa.net\/shunya\/wp-json\/wp\/v2\/pages\/2284\/revisions\/4665"}],"wp:featuredmedia":[{"embeddable":true,"href":"http:\/\/www.nossacasa.net\/shunya\/wp-json\/wp\/v2\/media\/2285"}],"wp:attachment":[{"href":"http:\/\/www.nossacasa.net\/shunya\/wp-json\/wp\/v2\/media?parent=2284"}],"curies":[{"name":"wp","href":"https:\/\/api.w.org\/{rel}","templated":true}]}}