{"id":2298,"date":"2018-05-19T12:05:48","date_gmt":"2018-05-19T14:05:48","guid":{"rendered":"http:\/\/www.nossacasa.net\/shunya\/?page_id=2298"},"modified":"2020-07-13T19:46:35","modified_gmt":"2020-07-13T21:46:35","slug":"yuan-kuan","status":"publish","type":"page","link":"http:\/\/www.nossacasa.net\/shunya\/yuan-kuan\/","title":{"rendered":"Y\u00fcan-kuan"},"content":{"rendered":"<p><font face=\"Verdana\" size=\"2\"><\/p>\n<div style=\"text-align:justify\">\n<a name=\"inicio\"><\/a><a href=\"http:\/\/www.nossacasa.net\/shunya\/?attachment_id=2299\" rel=\"attachment wp-att-2299\"><img loading=\"lazy\" decoding=\"async\" src=\"http:\/\/www.nossacasa.net\/shunya\/wp-content\/uploads\/2018\/05\/Y\u00fcan-kuan.jpg\" alt=\"\" width=\"220\" height=\"249\" class=\"alignleft size-full wp-image-2299\" \/><\/a><br \/>\n<b>Y\u00fcan-kuan<\/b><br \/>\n<b>O Quadrag&eacute;simo-segundo Patriarca<\/b><\/p>\n<hr \/>\n<p><a href=\"#a\">Transmiss\u00e3o de Kuan-chih<\/a><br \/>\n<a href=\"#b\">Transmiss\u00e3o para Ta-yang<\/a><br \/>\n<a href=\"#f\">Linhagem Soto<\/a><\/p>\n<hr \/>\n<hr \/>\n<hr \/>\n<p><a name=\"a\"><b>Transmiss\u00e3o de Kuan-chih<\/b><\/a><sup>1<\/sup><br \/>\n<b>42. De <a href=\"http:\/\/www.nossacasa.net\/shunya\/kuan-chih\/ \">Kuan-chih<\/a> para<br \/>\n<a href=\"http:\/\/www.nossacasa.net\/shunya\/yuan-kuan\/\">Y\u00fcan-kuan<\/a><\/b><br \/>\nY\u00fcan-kuan era monge ajudante do mestre Kuan-chi. Certa vez, Y\u00fcan-kuan estava acompanhando o mestre at\u00e9 o sal\u00e3o do<br \/>\ntemplo, carregando um dos mantos dele. Ent\u00e3o, Y\u00fcan-kuan desdobrou o manto do mestre, que perguntou:<br \/>\n<b>Kuan-chih:<\/b> O que est\u00e1 realmente acontecendo sob este manto?<br \/>\n[Y\u00fcan-kuan permanece em sil\u00eancio.]<br \/>\n<b>Kuan-chih:<\/b> Estudar e praticar o caminho de Buddha, sem descobrir o que est\u00e1 sob o manto, cria o maior dos sofrimentos. Por favor, fa\u00e7a-me essa mesma pergunta.<br \/>\n<b>Y\u00fcan-kuan:<\/b> O que est\u00e1 realmente acontecendo sob o manto?<br \/>\n<b>Kuan-chih:<\/b> Uma profunda intimidade!<br \/>\n[Y\u00fcan-kuan coloca o manto sobre os ombros do mestre Kuan-chih e, chorando de emo\u00e7\u00e3o, faz tr\u00eas prostra\u00e7\u00f5es diante dele.]<br \/>\n<b>Kuan-chih:<\/b> Agora voc\u00ea est\u00e1 realmente desperto! Mas voc\u00ea poderia me expressar isso?<br \/>\n<b>Y\u00fcan-kuan:<\/b> Sim!<br \/>\n<b>Kuan-chih:<\/b> O que est\u00e1 <i>realmente<\/i> acontecendo sob o manto da transmiss\u00e3o?<br \/>\n<b>Y\u00fcan-kuan:<\/b> Uma profunda intimidade!<br \/>\n<b>Kuan-chih:<\/b> E uma intimidade ainda mais profunda!<br \/>\nSob o manto da transmiss\u00e3o, a profunda intimidade sela o despertar de Y\u00fcan-kuan.<\/p>\n<hr \/>\n<div style=\"text-align:right\"><a href=\"#inicio\">Topo<\/a><\/div>\n<hr \/>\n<p><a name=\"b\"><b>Transmiss\u00e3o para Ta-yang<\/b><\/a><sup>1<\/sup><br \/>\n<b>43. De <a href=\"http:\/\/www.nossacasa.net\/shunya\/yuan-kuan\/\">Y\u00fcan-kuan<\/a> para<br \/>\n<a href=\"http:\/\/www.nossacasa.net\/shunya\/ta-yang-ching-hsuan\/\">Ta-yang<\/a><\/b><br \/>\nDesde a sua ordena\u00e7\u00e3o aos 18 anos,<br \/>\nTa-yang foi um monge muito dedicado. Uma vez, durante uma viagem de peregrina\u00e7\u00e3o, ele encontrou o mestre Y\u00fcan-kuan e perguntou sobre um lugar muito especial:<br \/>\n<b>Ta-yang:<\/b> Onde fica o local da ilumina\u00e7\u00e3o absoluta de Shakyamuni? Onde est\u00e1 a <i>mandala<\/i> sem forma do despertar?<br \/>\n<b>Y\u00fcan-kuan [apontando para uma pintura de Avalokiteshvara]:<\/b> Este \u00e9 um excelente desenho do s\u00e1bio Wu.<br \/>\n[Ta-yang fica em sil\u00eancio por um instante e, quando est\u00e1 prestes a falar, o mestre Y\u00fcn-kuan se levanta e o agarra pelos ombros.]<br \/>\n<b>Y\u00fcan-kuan:<\/b> Aqui est\u00e1 a forma! Onde est\u00e1 a n\u00e3o-forma?<br \/>\n<b>[Ta-yang desperta completamente e permanece em sil\u00eancio.]<\/b><br \/>\n<b>Y\u00fcan-kuan:<\/b> Voc\u00ea est\u00e1 iluminado! Vamos, diga algo!<br \/>\n<b>Ta-yang:<\/b> N\u00e3o estou me recusando a falar, estou apenas evitando formar palavras que possam, um dia, ser anotadas por algu\u00e9m.<br \/>\n<b>Y\u00fcan-kuan:<\/b> O que voc\u00ea acabou de falar ser\u00e1 gravado em uma rocha!<br \/>\nE quem poderia imaginar que, um dia, as palavras do despertar de Ta-yang seriam gravadas nas p\u00e1ginas da Internet, ou impressas em folhas de papel? Admir\u00e1vel mundo novo!<\/p>\n<hr \/>\n<div style=\"text-align:right\"><a href=\"#inicio\">Topo<\/a><\/div>\n<hr \/>\n<p><a name=\"f\">Linhagem desde Saquiamuni<\/a><\/p>\n<div style=\"text-align:center\">\n<ol type=\"1\"><b><u>BUTSU<\/u><\/b><\/p>\n<li><a href=\"http:\/\/www.nossacasa.net\/shunya\/buda\/\">BIBASHI<\/a><\/li>\n<li><a href=\"http:\/\/www.nossacasa.net\/shunya\/buda\/\">SHIKI<\/a><\/li>\n<li><a href=\"http:\/\/www.nossacasa.net\/shunya\/buda\/\">BISHAFU<\/a><\/li>\n<li><a href=\"http:\/\/www.nossacasa.net\/shunya\/buda\/\">KURUSON<\/a><\/li>\n<li><a href=\"http:\/\/www.nossacasa.net\/shunya\/buda\/\">KUNAGONMUNI<\/a><\/li>\n<li><a href=\"http:\/\/www.nossacasa.net\/shunya\/buda\/\">KASHO<\/a><\/li>\n<li><a href=\"http:\/\/www.nossacasa.net\/shunya\/buda\/\">XAQUIAMUNI<\/a><\/li>\n<\/ol>\n<\/div>\n<table width=\"100%\" border=\"0\">\n<tr>\n<td valign=\"top\">\n<ol type=\"1\"><b><u>\u00cdNDIA<\/u><\/b><\/p>\n<li><a href=\"http:\/\/www.nossacasa.net\/shunya\/mahakashyapa\/\">MAKAKASHO<\/a><\/li>\n<li><a href=\"http:\/\/www.nossacasa.net\/shunya\/ananda\/\">ANANDA<\/a><\/li>\n<li><a href=\"http:\/\/www.nossacasa.net\/shunya\/shanavasa\/\">SHONAWASHU<\/a><\/li>\n<li><a href=\"http:\/\/www.nossacasa.net\/shunya\/upagupta\/\">UBAGIKUTA<\/a><\/li>\n<li><a href=\"http:\/\/www.nossacasa.net\/shunya\/dhritaka\/\">DAITAKA<\/a><\/li>\n<li><a href=\"http:\/\/www.nossacasa.net\/shunya\/michaka\/\">MISHAKA<\/a><\/li>\n<li><a href=\"http:\/\/www.nossacasa.net\/shunya\/vasumitra\/\">BASHUMITSU<\/a><\/li>\n<li><a href=\"http:\/\/www.nossacasa.net\/shunya\/buddhananda\/\">BUTSUDANANDAI<\/a><\/li>\n<li><a href=\"http:\/\/www.nossacasa.net\/shunya\/buddhamitra\/\">FUDAMITA<\/a><\/li>\n<li><a href=\"http:\/\/www.nossacasa.net\/shunya\/parshvanatha\/\">BARISHIBA<\/a><\/li>\n<li><a href=\"http:\/\/www.nossacasa.net\/shunya\/punyayashas\/\">FUNAYASHYA<\/a><\/li>\n<li><a href=\"http:\/\/www.nossacasa.net\/shunya\/ashvagosha\/\">ANABOTEI<\/a><\/li>\n<li><a href=\"http:\/\/www.nossacasa.net\/shunya\/kapimala\/\">KABIMORA<\/a><\/li>\n<li><a href=\"http:\/\/www.nossacasa.net\/shunya\/nagarjuna\/\">NAGYAHARAJUNA<\/a><\/li>\n<li><a href=\"http:\/\/www.nossacasa.net\/shunya\/aryadeva\/\">KANADAIBA<\/a><\/li>\n<li><a href=\"http:\/\/www.nossacasa.net\/shunya\/rahulata\/\">RAGORATA<\/a><\/li>\n<li><a href=\"http:\/\/www.nossacasa.net\/shunya\/sanghanandi\/\">SOGYANANDAI<\/a><\/li>\n<li><a href=\"http:\/\/www.nossacasa.net\/shunya\/gayashata\/\">KAYSHATA<\/a><\/li>\n<li><a href=\"http:\/\/www.nossacasa.net\/shunya\/kumarata\/\">KUMORATA<\/a><\/li>\n<li><a href=\"http:\/\/www.nossacasa.net\/shunya\/jayata\/\">SHAYATA<\/a><\/li>\n<li><a href=\"http:\/\/www.nossacasa.net\/shunya\/vasubandhu\/\">BASHUBANZU<\/a><\/li>\n<li><a href=\"http:\/\/www.nossacasa.net\/shunya\/manorhita\/\">MANURA<\/a><\/li>\n<li><a href=\"http:\/\/www.nossacasa.net\/shunya\/haklenayasha\/\">KAKUROKUNA<\/a><\/li>\n<li><a href=\"http:\/\/www.nossacasa.net\/shunya\/aryasimha\/\">SHSISHIBODAI<\/a><\/li>\n<li><a href=\"http:\/\/www.nossacasa.net\/shunya\/basiasita\/\">BASHASHITA<\/a><\/li>\n<li><a href=\"http:\/\/www.nossacasa.net\/shunya\/punyamitra\/\">FUNYOMITA <\/a><\/li>\n<li><a href=\"http:\/\/www.nossacasa.net\/shunya\/prajnatara\/\">HANNYATARA <\/a><\/li>\n<\/ol>\n<\/td>\n<td valign=\"top\">\n<ol type=\"1\" start=\"28\"><b><u>CHINA<\/u><\/b><\/p>\n<li><a href=\"http:\/\/www.nossacasa.net\/shunya\/bodhidharma\/\">BODAIDARUMA<\/a><\/li>\n<li><a href=\"http:\/\/www.nossacasa.net\/shunya\/hui-ko\/\">TAISO EKA<\/a><\/li>\n<li><a href=\"http:\/\/www.nossacasa.net\/shunya\/seng-tsan\/\">KANCHI SOSAN<\/a><\/li>\n<li><a href=\"http:\/\/www.nossacasa.net\/shunya\/tao-hsin\/\">DAII DOSHIN<\/a><\/li>\n<li><a href=\"http:\/\/www.nossacasa.net\/shunya\/hung-jen\/\">DAIMAN KONIN<\/a><\/li>\n<li><a href=\"http:\/\/www.nossacasa.net\/shunya\/hueineng\/\">DAIKAN ENO<\/a><\/li>\n<li><a href=\"http:\/\/www.nossacasa.net\/shunya\/ching-yuan\/\">SEIGEN GYOSHI<\/a><\/li>\n<li><a href=\"http:\/\/www.nossacasa.net\/shunya\/shih-tou\/\">SEKITO KISEN<\/a><\/li>\n<li><a href=\"http:\/\/www.nossacasa.net\/shunya\/yaoshan-weiyan\/\">YAKUSAN IGEN<\/a><\/li>\n<li><a href=\"http:\/\/www.nossacasa.net\/shunya\/yun-yen-tan-sheng\/\">UNGAN DONJO<\/a><\/li>\n<li><a href=\"http:\/\/www.nossacasa.net\/shunya\/tung-shan-liang-chieh\/\">TOZAN RYOKAI<\/a><\/li>\n<li><a href=\"http:\/\/www.nossacasa.net\/shunya\/yun-chu-tao-ying\/\">UNGO DOYO<\/a><\/li>\n<li><a href=\"http:\/\/www.nossacasa.net\/shunya\/tao-pi\/\">DOAN DOHI<\/a><\/li>\n<li><a href=\"http:\/\/www.nossacasa.net\/shunya\/kuan-chih\/\">DOAN KANSHI<\/a><\/li>\n<li><a href=\"http:\/\/www.nossacasa.net\/shunya\/yuan-kuan\/\">RYOSAN ENKAN<\/a><\/li>\n<\/ol>\n<\/td>\n<\/tr>\n<\/table>\n<hr \/>\n<div style=\"text-align:right\"><a href=\"#inicio\">Topo<\/a><\/div>\n<hr \/>\n<\/div>\n<p><\/font><\/p>\n<!-- AddThis Advanced Settings generic via filter on the_content --><!-- AddThis Share Buttons generic via filter on the_content -->","protected":false},"excerpt":{"rendered":"<p>Y\u00fcan-kuan O Quadrag&eacute;simo-segundo Patriarca Transmiss\u00e3o de Kuan-chih Transmiss\u00e3o para Ta-yang Linhagem Soto Transmiss\u00e3o de Kuan-chih1 42. De Kuan-chih para Y\u00fcan-kuan Y\u00fcan-kuan era monge ajudante do mestre Kuan-chi. Certa vez, Y\u00fcan-kuan estava acompanhando o mestre at\u00e9 o sal\u00e3o do templo, carregando &hellip; <a href=\"http:\/\/www.nossacasa.net\/shunya\/yuan-kuan\/\">Continue lendo <span class=\"meta-nav\">&rarr;<\/span><\/a><!-- AddThis Advanced Settings generic via filter on get_the_excerpt --><!-- AddThis Share Buttons generic via filter on get_the_excerpt --><\/p>\n","protected":false},"author":1,"featured_media":2299,"parent":0,"menu_order":0,"comment_status":"closed","ping_status":"closed","template":"","meta":{"footnotes":""},"class_list":["post-2298","page","type-page","status-publish","has-post-thumbnail","hentry"],"_links":{"self":[{"href":"http:\/\/www.nossacasa.net\/shunya\/wp-json\/wp\/v2\/pages\/2298","targetHints":{"allow":["GET"]}}],"collection":[{"href":"http:\/\/www.nossacasa.net\/shunya\/wp-json\/wp\/v2\/pages"}],"about":[{"href":"http:\/\/www.nossacasa.net\/shunya\/wp-json\/wp\/v2\/types\/page"}],"author":[{"embeddable":true,"href":"http:\/\/www.nossacasa.net\/shunya\/wp-json\/wp\/v2\/users\/1"}],"replies":[{"embeddable":true,"href":"http:\/\/www.nossacasa.net\/shunya\/wp-json\/wp\/v2\/comments?post=2298"}],"version-history":[{"count":4,"href":"http:\/\/www.nossacasa.net\/shunya\/wp-json\/wp\/v2\/pages\/2298\/revisions"}],"predecessor-version":[{"id":4673,"href":"http:\/\/www.nossacasa.net\/shunya\/wp-json\/wp\/v2\/pages\/2298\/revisions\/4673"}],"wp:featuredmedia":[{"embeddable":true,"href":"http:\/\/www.nossacasa.net\/shunya\/wp-json\/wp\/v2\/media\/2299"}],"wp:attachment":[{"href":"http:\/\/www.nossacasa.net\/shunya\/wp-json\/wp\/v2\/media?parent=2298"}],"curies":[{"name":"wp","href":"https:\/\/api.w.org\/{rel}","templated":true}]}}