{"id":2302,"date":"2018-05-19T12:09:56","date_gmt":"2018-05-19T14:09:56","guid":{"rendered":"http:\/\/www.nossacasa.net\/shunya\/?page_id=2302"},"modified":"2020-07-11T18:26:03","modified_gmt":"2020-07-11T20:26:03","slug":"ta-yang-ching-hsuan","status":"publish","type":"page","link":"http:\/\/www.nossacasa.net\/shunya\/ta-yang-ching-hsuan\/","title":{"rendered":"Ta-yang Ch&#8217;ing-hsuan (943-1027)"},"content":{"rendered":"<div style=\"text-align:justify\">\n<a name=\"inicio\"><\/a><a href=\"http:\/\/www.nossacasa.net\/shunya\/?attachment_id=2303\" rel=\"attachment wp-att-2303\"><img loading=\"lazy\" decoding=\"async\" src=\"http:\/\/www.nossacasa.net\/shunya\/wp-content\/uploads\/2018\/05\/Ta-yang-Ching-hsuan-261x300.jpg\" alt=\"\" width=\"261\" height=\"300\" class=\"alignleft size-medium wp-image-2303\" srcset=\"http:\/\/www.nossacasa.net\/shunya\/wp-content\/uploads\/2018\/05\/Ta-yang-Ching-hsuan-261x300.jpg 261w, http:\/\/www.nossacasa.net\/shunya\/wp-content\/uploads\/2018\/05\/Ta-yang-Ching-hsuan.jpg 558w\" sizes=\"auto, (max-width: 261px) 100vw, 261px\" \/><\/a><\/p>\n<p><i>Dayang Qingxuan (Ta-yang Ch&#8217;ing-hsuan, Daiyo Kyogen)<\/i><br \/>\n<b>O Quadrag&eacute;simo-terceiro Patriarca<\/b>.<\/p>\n<hr \/>\n<p><a href=\"#a\">Refer\u00eancias<\/a><br \/>\n<a href=\"#b\">Transmiss\u00e3o de  Y\u00fcan-kuan<\/a><br \/>\n<a href=\"#c\">Transmiss\u00e3o para para T&#8217;ou-tzu, por interm\u00e9dio de Yuan-chen<\/a><br \/>\n<a href=\"#f\">Linhagem Soto<\/a><\/p>\n<hr \/>\n<hr \/>\n<p><a name=\"a\"><b>Refer\u00eancias<\/b><\/a><sup>1<\/sup><br \/>\nMestre de Caodong, sobreviveu os seus sucessores de Dharma.<br \/>\nSeu amigo <a href=\"default.asp?menu=283\" class=\"broken_link\">Fushan Fayuan<\/a> transmitiu a Linhagem de Caodong de Dayang ao seu pr&oacute;prio estudante <a href=\"http:\/\/www.nossacasa.net\/shunya\/tou-tzu-yi-ching\/\">Touzi<\/a> em nome de Dayang ap&oacute;s sua morte.<br \/>\nVer Denkoroku Cap&iacute;tulo 44.<\/p>\n<hr \/>\n<div style=\"text-align:right\"><a href=\"#inicio\">Topo<\/a><\/div>\n<hr \/>\n<p><a name=\"b\"><b>Transmiss\u00e3o de Y\u00fcan-kuan<\/b><\/a><sup>2<\/sup><br \/>\n<b>43. De <a href=\"http:\/\/www.nossacasa.net\/shunya\/yuan-kuan\/\">Y\u00fcan-kuan<\/a> para<br \/>\n<a href=\"http:\/\/www.nossacasa.net\/shunya\/ta-yang-ching-hsuan\/\">Ta-yang<\/a><\/b><br \/>\nDesde a sua ordena\u00e7\u00e3o aos 18 anos,<br \/>\nTa-yang foi um monge muito dedicado. Uma vez, durante uma viagem de peregrina\u00e7\u00e3o, ele encontrou o mestre Y\u00fcan-kuan e perguntou sobre um lugar muito especial:<br \/>\n<b>Ta-yang:<\/b> Onde fica o local da ilumina\u00e7\u00e3o absoluta de Shakyamuni? Onde est\u00e1 a <i>mandala<\/i> sem forma do despertar?<br \/>\n<b>Y\u00fcan-kuan [apontando para uma pintura de Avalokiteshvara]:<\/b> Este \u00e9 um excelente desenho do s\u00e1bio Wu.<br \/>\n[Ta-yang fica em sil\u00eancio por um instante e, quando est\u00e1 prestes a falar, o mestre Y\u00fcn-kuan se levanta e o agarra pelos ombros.]<br \/>\n<b>Y\u00fcan-kuan:<\/b> Aqui est\u00e1 a forma! Onde est\u00e1 a n\u00e3o-forma?<br \/>\n<b>[Ta-yang desperta completamente e permanece em sil\u00eancio.]<\/b><br \/>\n<b>Y\u00fcan-kuan:<\/b> Voc\u00ea est\u00e1 iluminado! Vamos, diga algo!<br \/>\n<b>Ta-yang:<\/b> N\u00e3o estou me recusando a falar, estou apenas evitando formar palavras que possam, um dia, ser anotadas por algu\u00e9m.<br \/>\n<b>Y\u00fcan-kuan:<\/b> O que voc\u00ea acabou de falar ser\u00e1 gravado em uma rocha!<br \/>\nE quem poderia imaginar que, um dia, as palavras do despertar de Ta-yang seriam gravadas nas p\u00e1ginas da Internet, ou impressas em folhas de papel? Admir\u00e1vel mundo novo!<\/p>\n<hr \/>\n<div style=\"text-align:right\"><a href=\"#inicio\">Topo<\/a><\/div>\n<hr \/>\n<p><a name=\"c\"><b>Transmiss\u00e3o para para T&#8217;ou-tzu, por interm\u00e9dio de Yuan-chen<\/b><\/a><sup>2<\/sup><br \/>\n<b>44. De <a href=\"http:\/\/www.nossacasa.net\/shunya\/ta-yang-ching-hsuan\/\">Ta-yang<\/a> para<br \/>\n<a href=\"http:\/\/www.nossacasa.net\/shunya\/tou-tzu-yi-ching\/\">T&#8217;ou-tzu<\/a>, por interm\u00e9dio de <a href=\"default.asp?menu=283\" class=\"broken_link\">Yuan-chen<\/a><\/b><br \/>\nT&#8217;ou-tzu foi para um monast\u00e9rio aos 6 anos de idade e recebeu a ordena\u00e7\u00e3o completa aos 14.<br \/>\nO mestre Ta-yang, com sua grande sabedoria, percebeu a exist\u00eancia de T&#8217;ou-tzu, que seria o seu sucessor,<br \/>\nmas eles estavam separados por uma grande dist\u00e2ncia. Ao contr\u00e1rio dos mestres indianos, os mestres da China n\u00e3o sa\u00edam em busca de sucessor: eles permaneciam em suas montanhas, em seus monast\u00e9rios, aguardando o aparecimento de algu\u00e9m que pudesse receber a transmiss\u00e3o; e o mestre Ta-yang acabou falecendo antes de encontrar T&#8217;ou-tzu.<br \/>\nMas, a pedido do mestre Ta-yang, o grande mestre Yuan-chen da linhagem <i>Lin-chi<\/i> [jap. <i>Rinzai<\/i>] ficou respons\u00e1vel pela transmiss\u00e3o.<br \/>\nAo receber T&#8217;ou-tzu, o mestre Yuan-chen fez uma pergunta, um <i>k\u00f4an<\/i>, seguindo o estilo de sua linhagem:<br \/>\nQual \u00e9 a realidade que n\u00e3o \u00e9 fala nem sil\u00eancio?<br \/>\nAo ouvir essa pergunta, T&#8217;ou-tzu despertou profundamente, assim como o mestre Ta-yang despertara no passado. Tr\u00eas<br \/>\nanos depois, o mestre Yuan-chen fez outra pergunta a T&#8217;ou-tzu:<br \/>\nQual \u00e9 a ess\u00eancia daquele k\u00f4an?<br \/>\nQuando T&#8217;ou-tzu estava prestes a falar, o mestre levantou sua m\u00e3o direita e tapou a boca do sucessor. Finalizando a transmiss\u00e3o, T&#8217;ou-tzu fez tr\u00eas prostra\u00e7\u00f5es diante do mestre Yuan-chen.<\/p>\n<hr \/>\n<div style=\"text-align:right\"><a href=\"#inicio\">Topo<\/a><\/div>\n<p><\/p>\n<ol type=\"1\">\nFontes:<\/p>\n<li>&#8220;Ensinos do Mestre Zen Anzan Roshi&#8221;(texto compilado pelo Ven. Jinmyo Fleming ino e traduzido ao Portugu&ecirc;s por Claudio Miklos.<\/li>\n<li>www.dharmanet.com.br<\/li>\n<\/ol>\n<hr \/>\n<div style=\"text-align:right\"><a href=\"#inicio\">Topo<\/a><\/div>\n<hr \/>\n<p><a name=\"f\">Linhagem desde Saquiamuni<\/a><\/p>\n<div style=\"text-align:center\">\n<ol type=\"1\"><b><u>BUTSU<\/u><\/b><\/p>\n<li><a href=\"http:\/\/www.nossacasa.net\/shunya\/buda\/\">BIBASHI<\/a><\/li>\n<li><a href=\"http:\/\/www.nossacasa.net\/shunya\/buda\/\">SHIKI<\/a><\/li>\n<li><a href=\"http:\/\/www.nossacasa.net\/shunya\/buda\/\">BISHAFU<\/a><\/li>\n<li><a href=\"http:\/\/www.nossacasa.net\/shunya\/buda\/\">KURUSON<\/a><\/li>\n<li><a href=\"http:\/\/www.nossacasa.net\/shunya\/buda\/\">KUNAGONMUNI<\/a><\/li>\n<li><a href=\"http:\/\/www.nossacasa.net\/shunya\/buda\/\">KASHO<\/a><\/li>\n<li><a href=\"http:\/\/www.nossacasa.net\/shunya\/buda\/\">XAQUIAMUNI<\/a><\/li>\n<\/ol>\n<\/div>\n<table width=\"100%\" border=\"0\">\n<tr>\n<td valign=\"top\">\n<ol type=\"1\"><b><u>\u00cdNDIA<\/u><\/b><\/p>\n<li><a href=\"http:\/\/www.nossacasa.net\/shunya\/mahakashyapa\/\">MAKAKASHO<\/a><\/li>\n<li><a href=\"http:\/\/www.nossacasa.net\/shunya\/ananda\/\">ANANDA<\/a><\/li>\n<li><a href=\"http:\/\/www.nossacasa.net\/shunya\/shanavasa\/\">SHONAWASHU<\/a><\/li>\n<li><a href=\"http:\/\/www.nossacasa.net\/shunya\/upagupta\/\">UBAGIKUTA<\/a><\/li>\n<li><a href=\"http:\/\/www.nossacasa.net\/shunya\/dhritaka\/\">DAITAKA<\/a><\/li>\n<li><a href=\"http:\/\/www.nossacasa.net\/shunya\/michaka\/\">MISHAKA<\/a><\/li>\n<li><a href=\"http:\/\/www.nossacasa.net\/shunya\/vasumitra\/\">BASHUMITSU<\/a><\/li>\n<li><a href=\"http:\/\/www.nossacasa.net\/shunya\/buddhananda\/\">BUTSUDANANDAI<\/a><\/li>\n<li><a href=\"http:\/\/www.nossacasa.net\/shunya\/buddhamitra\/\">FUDAMITA<\/a><\/li>\n<li><a href=\"http:\/\/www.nossacasa.net\/shunya\/parshvanatha\/\">BARISHIBA<\/a><\/li>\n<li><a href=\"http:\/\/www.nossacasa.net\/shunya\/punyayashas\/\">FUNAYASHYA<\/a><\/li>\n<li><a href=\"http:\/\/www.nossacasa.net\/shunya\/ashvagosha\/\">ANABOTEI<\/a><\/li>\n<li><a href=\"http:\/\/www.nossacasa.net\/shunya\/kapimala\/\">KABIMORA<\/a><\/li>\n<li><a href=\"http:\/\/www.nossacasa.net\/shunya\/nagarjuna\/\">NAGYAHARAJUNA<\/a><\/li>\n<li><a href=\"http:\/\/www.nossacasa.net\/shunya\/aryadeva\/\">KANADAIBA<\/a><\/li>\n<li><a href=\"http:\/\/www.nossacasa.net\/shunya\/rahulata\/\">RAGORATA<\/a><\/li>\n<li><a href=\"http:\/\/www.nossacasa.net\/shunya\/sanghanandi\/\">SOGYANANDAI<\/a><\/li>\n<li><a href=\"http:\/\/www.nossacasa.net\/shunya\/gayashata\/\">KAYSHATA<\/a><\/li>\n<li><a href=\"http:\/\/www.nossacasa.net\/shunya\/kumarata\/\">KUMORATA<\/a><\/li>\n<li><a href=\"http:\/\/www.nossacasa.net\/shunya\/jayata\/\">SHAYATA<\/a><\/li>\n<li><a href=\"http:\/\/www.nossacasa.net\/shunya\/vasubandhu\/\">BASHUBANZU<\/a><\/li>\n<li><a href=\"http:\/\/www.nossacasa.net\/shunya\/manorhita\/\">MANURA<\/a><\/li>\n<li><a href=\"http:\/\/www.nossacasa.net\/shunya\/haklenayasha\/\">KAKUROKUNA<\/a><\/li>\n<li><a href=\"http:\/\/www.nossacasa.net\/shunya\/aryasimha\/\">SHSISHIBODAI<\/a><\/li>\n<li><a href=\"http:\/\/www.nossacasa.net\/shunya\/basiasita\/\">BASHASHITA<\/a><\/li>\n<li><a href=\"http:\/\/www.nossacasa.net\/shunya\/punyamitra\/\">FUNYOMITA <\/a><\/li>\n<li><a href=\"http:\/\/www.nossacasa.net\/shunya\/prajnatara\/\">HANNYATARA <\/a><\/li>\n<\/ol>\n<\/td>\n<td valign=\"top\">\n<ol type=\"1\" start=\"28\"><b><u>CHINA<\/u><\/b><\/p>\n<li><a href=\"http:\/\/www.nossacasa.net\/shunya\/bodhidharma\/\">BODAIDARUMA<\/a><\/li>\n<li><a href=\"http:\/\/www.nossacasa.net\/shunya\/hui-ko\/\">TAISO EKA<\/a><\/li>\n<li><a href=\"http:\/\/www.nossacasa.net\/shunya\/seng-tsan\/\">KANCHI SOSAN<\/a><\/li>\n<li><a href=\"http:\/\/www.nossacasa.net\/shunya\/tao-hsin\/\">DAII DOSHIN<\/a><\/li>\n<li><a href=\"http:\/\/www.nossacasa.net\/shunya\/hung-jen\/\">DAIMAN KONIN<\/a><\/li>\n<li><a href=\"http:\/\/www.nossacasa.net\/shunya\/hueineng\/\">DAIKAN ENO<\/a><\/li>\n<li><a href=\"http:\/\/www.nossacasa.net\/shunya\/ching-yuan\/\">SEIGEN GYOSHI<\/a><\/li>\n<li><a href=\"http:\/\/www.nossacasa.net\/shunya\/shih-tou\/\">SEKITO KISEN<\/a><\/li>\n<li><a href=\"http:\/\/www.nossacasa.net\/shunya\/yaoshan-weiyan\/\">YAKUSAN IGEN<\/a><\/li>\n<li><a href=\"http:\/\/www.nossacasa.net\/shunya\/yun-yen-tan-sheng\/\">UNGAN DONJO<\/a><\/li>\n<li><a href=\"http:\/\/www.nossacasa.net\/shunya\/tung-shan-liang-chieh\/\">TOZAN RYOKAI<\/a><\/li>\n<li><a href=\"http:\/\/www.nossacasa.net\/shunya\/yun-chu-tao-ying\/\">UNGO DOYO<\/a><\/li>\n<li><a href=\"http:\/\/www.nossacasa.net\/shunya\/tao-pi\/\">DOAN DOHI<\/a><\/li>\n<li><a href=\"http:\/\/www.nossacasa.net\/shunya\/kuan-chih\/\">DOAN KANSHI<\/a><\/li>\n<li><a href=\"http:\/\/www.nossacasa.net\/shunya\/yuan-kuan\/\">RYOSAN ENKAN<\/a><\/li>\n<li><a href=\"http:\/\/www.nossacasa.net\/shunya\/ta-yang-ching-hsuan\/\">TAIYO KIYOGEN<\/a><\/li>\n<\/ol>\n<\/td>\n<\/tr>\n<\/table>\n<hr \/>\n<div style=\"text-align:right\"><a href=\"#inicio\">Topo<\/a><\/div>\n<hr \/>\n<\/div>\n<!-- AddThis Advanced Settings generic via filter on the_content --><!-- AddThis Share Buttons generic via filter on the_content -->","protected":false},"excerpt":{"rendered":"<p>Dayang Qingxuan (Ta-yang Ch&#8217;ing-hsuan, Daiyo Kyogen) O Quadrag&eacute;simo-terceiro Patriarca. Refer\u00eancias Transmiss\u00e3o de Y\u00fcan-kuan Transmiss\u00e3o para para T&#8217;ou-tzu, por interm\u00e9dio de Yuan-chen Linhagem Soto Refer\u00eancias1 Mestre de Caodong, sobreviveu os seus sucessores de Dharma. Seu amigo Fushan Fayuan transmitiu a Linhagem &hellip; <a href=\"http:\/\/www.nossacasa.net\/shunya\/ta-yang-ching-hsuan\/\">Continue lendo <span class=\"meta-nav\">&rarr;<\/span><\/a><!-- AddThis Advanced Settings generic via filter on get_the_excerpt --><!-- AddThis Share Buttons generic via filter on get_the_excerpt --><\/p>\n","protected":false},"author":1,"featured_media":2303,"parent":0,"menu_order":0,"comment_status":"closed","ping_status":"closed","template":"","meta":{"footnotes":""},"class_list":["post-2302","page","type-page","status-publish","has-post-thumbnail","hentry"],"_links":{"self":[{"href":"http:\/\/www.nossacasa.net\/shunya\/wp-json\/wp\/v2\/pages\/2302","targetHints":{"allow":["GET"]}}],"collection":[{"href":"http:\/\/www.nossacasa.net\/shunya\/wp-json\/wp\/v2\/pages"}],"about":[{"href":"http:\/\/www.nossacasa.net\/shunya\/wp-json\/wp\/v2\/types\/page"}],"author":[{"embeddable":true,"href":"http:\/\/www.nossacasa.net\/shunya\/wp-json\/wp\/v2\/users\/1"}],"replies":[{"embeddable":true,"href":"http:\/\/www.nossacasa.net\/shunya\/wp-json\/wp\/v2\/comments?post=2302"}],"version-history":[{"count":4,"href":"http:\/\/www.nossacasa.net\/shunya\/wp-json\/wp\/v2\/pages\/2302\/revisions"}],"predecessor-version":[{"id":6969,"href":"http:\/\/www.nossacasa.net\/shunya\/wp-json\/wp\/v2\/pages\/2302\/revisions\/6969"}],"wp:featuredmedia":[{"embeddable":true,"href":"http:\/\/www.nossacasa.net\/shunya\/wp-json\/wp\/v2\/media\/2303"}],"wp:attachment":[{"href":"http:\/\/www.nossacasa.net\/shunya\/wp-json\/wp\/v2\/media?parent=2302"}],"curies":[{"name":"wp","href":"https:\/\/api.w.org\/{rel}","templated":true}]}}