{"id":2315,"date":"2018-05-19T12:21:55","date_gmt":"2018-05-19T14:21:55","guid":{"rendered":"http:\/\/www.nossacasa.net\/shunya\/?page_id=2315"},"modified":"2020-07-11T18:10:13","modified_gmt":"2020-07-11T20:10:13","slug":"tan-hsia-1064-1117","status":"publish","type":"page","link":"http:\/\/www.nossacasa.net\/shunya\/tan-hsia-1064-1117\/","title":{"rendered":"Tan-hsia (1064-1117)"},"content":{"rendered":"<div style=\"text-align:justify\"><font face=\"Verdana\" size=\"2\"><br \/>\n<a name=\"inicio\"><\/a><a href=\"http:\/\/www.nossacasa.net\/shunya\/?attachment_id=2316\" rel=\"attachment wp-att-2316\"><img loading=\"lazy\" decoding=\"async\" src=\"http:\/\/www.nossacasa.net\/shunya\/wp-content\/uploads\/2018\/05\/Tan-hsia-256x300.jpg\" alt=\"\" width=\"256\" height=\"300\" class=\"alignleft size-medium wp-image-2316\" srcset=\"http:\/\/www.nossacasa.net\/shunya\/wp-content\/uploads\/2018\/05\/Tan-hsia-256x300.jpg 256w, http:\/\/www.nossacasa.net\/shunya\/wp-content\/uploads\/2018\/05\/Tan-hsia.jpg 450w\" sizes=\"auto, (max-width: 256px) 100vw, 256px\" \/><\/a><\/p>\n<p><b>O Quadrag&eacute;simo-sexto Patriarca<\/b><\/p>\n<hr \/>\n<p><a href=\"#a\">Transmiss\u00e3o de Tao-k&#8217;ai<\/a><br \/>\n<a href=\"#b\">Transmiss\u00e3o para Wu-k&#8217;ung<\/a><br \/>\n<a href=\"#f\">Linhagem Soto<\/a><\/p>\n<hr \/>\n<hr \/>\n<hr \/>\n<hr \/>\n<hr \/>\n<p><a name=\"a\"><b>Transmiss\u00e3o de Kuan-chih<\/b><\/a><sup>1<\/sup><br \/>\n<b>46. De <a href=\"http:\/\/www.nossacasa.net\/shunya\/fu-jung-tao-kai\/\">Tao-k&#8217;ai<\/a> para<br \/>\n<a href=\"http:\/\/www.nossacasa.net\/shunya\/tan-hsia\/\">Tan-hsia<\/a><br \/>\nO monge Tan-hsia queria saber qual era a frase que resumia todas as transmiss\u00f5es do dharma. Novamente, uma frase \u00e9 apenas parcial, e n\u00e3o a verdade absoluta.<br \/>\n<\/b><b>Tan-hsia:<\/b> Qual \u00e9 a frase \u00fanica, transmitida por todos os buddhas atrav\u00e9s do espa\u00e7o e do tempo?<br \/>\n<b>Tao-k&#8217;ao:<\/b> Se voc\u00ea pensa que pode encontrar a transmiss\u00e3o atemporal em uma frase ou gesto, voc\u00ea est\u00e1 enterrando a lua nas profundezas da terra.<br \/>\nTan-hsia desperta a sabedoria, como a brilhante lua cheia de outono.<\/p>\n<hr \/>\n<div style=\"text-align:right\"><a href=\"#inicio\">Topo<\/a><\/div>\n<p><a name=\"b\"><b>Transmiss\u00e3o para Wu-k&#8217;ung<\/b><\/a><sup>1<\/sup><br \/>\n<b>47. De <a href=\"http:\/\/www.nossacasa.net\/shunya\/tan-hsia\/\">Tan-hsia<\/a> para<br \/>\n<a href=\"http:\/\/www.nossacasa.net\/shunya\/wu-kung\/\">Wu-k&#8217;ung<\/a><br \/>\nDesde os 17 anos de idade, o monge Wu-k&#8217;ung estudava os ensinamentos o Dharma de Buddha, especialmente o Sutra do<br \/>\nL\u00f3tus. Certa vez, o mestre Tan-hsia perguntou-lhe o que \u00e9 a consci\u00eancia iluminada, mais primordial do que uma era completamente vazia, sem fen\u00f4menos.<br \/>\nWu-k&#8217;ung come\u00e7ou a responder com base nos seus estudos.<br \/>\nOuvindo tudo aquilo, o mestre Tan-hsia pediu que Wu-k&#8217;ung fizesse uma viagem.<br \/>\nEle foi para uma montanha distante, onde praticou zazen em profundo sil\u00eancio.<br \/>\nAo retornar ao monast\u00e9rio, Wu-k&#8217;ung foi observado atentamente pelo mestre Tan-hsia, que agarrou seu ombro esquerdo e lhe disse:<br \/>\nFinalmente voc\u00ea conheceu a luminosidade, diretamente.<br \/>\nE Wu-k&#8217;ung realizou o caminho, curvando-se em rever\u00eancia com profunda alegria.<\/p>\n<hr \/>\n<ol type=\"1\">\nFonte:<\/p>\n<li>www.dharmanet.com.br<\/li>\n<\/ol>\n<hr \/>\n<div style=\"text-align:right\"><a href=\"#inicio\">Topo<\/a><\/div>\n<p><a name=\"f\">Linhagem Soto desde Saquiamuni<\/a><\/p>\n<div style=\"text-align:center\">\n<ol type=\"1\"><b><u>BUTSU<\/u><\/b><\/p>\n<li><a href=\"http:\/\/www.nossacasa.net\/shunya\/buda\/\">BIBASHI<\/a><\/li>\n<li><a href=\"http:\/\/www.nossacasa.net\/shunya\/buda\/\">SHIKI<\/a><\/li>\n<li><a href=\"http:\/\/www.nossacasa.net\/shunya\/buda\/\">BISHAFU<\/a><\/li>\n<li><a href=\"http:\/\/www.nossacasa.net\/shunya\/buda\/\">KURUSON<\/a><\/li>\n<li><a href=\"http:\/\/www.nossacasa.net\/shunya\/buda\/\">KUNAGONMUNI<\/a><\/li>\n<li><a href=\"http:\/\/www.nossacasa.net\/shunya\/buda\/\">KASHO<\/a><\/li>\n<li><a href=\"http:\/\/www.nossacasa.net\/shunya\/buda\/\">XAQUIAMUNI<\/a><\/li>\n<\/ol>\n<\/div>\n<table width=\"100%\" border=\"0\">\n<tr>\n<td valign=\"top\">\n<ol type=\"1\"><b><u>\u00cdNDIA<\/u><\/b><\/p>\n<li><a href=\"http:\/\/www.nossacasa.net\/shunya\/mahakashyapa\/\">MAKAKASHO<\/a><\/li>\n<li><a href=\"http:\/\/www.nossacasa.net\/shunya\/ananda\/\">ANANDA<\/a><\/li>\n<li><a href=\"http:\/\/www.nossacasa.net\/shunya\/shanavasa\/\">SHONAWASHU<\/a><\/li>\n<li><a href=\"http:\/\/www.nossacasa.net\/shunya\/upagupta\/\">UBAGIKUTA<\/a><\/li>\n<li><a href=\"http:\/\/www.nossacasa.net\/shunya\/dhritaka\/\">DAITAKA<\/a><\/li>\n<li><a href=\"http:\/\/www.nossacasa.net\/shunya\/michaka\/\">MISHAKA<\/a><\/li>\n<li><a href=\"http:\/\/www.nossacasa.net\/shunya\/vasumitra\/\">BASHUMITSU<\/a><\/li>\n<li><a href=\"http:\/\/www.nossacasa.net\/shunya\/buddhananda\/\">BUTSUDANANDAI<\/a><\/li>\n<li><a href=\"http:\/\/www.nossacasa.net\/shunya\/buddhamitra\/\">FUDAMITA<\/a><\/li>\n<li><a href=\"http:\/\/www.nossacasa.net\/shunya\/parshvanatha\/\">BARISHIBA<\/a><\/li>\n<li><a href=\"http:\/\/www.nossacasa.net\/shunya\/punyayashas\/\">FUNAYASHYA<\/a><\/li>\n<li><a href=\"http:\/\/www.nossacasa.net\/shunya\/ashvagosha\/\">ANABOTEI<\/a><\/li>\n<li><a href=\"http:\/\/www.nossacasa.net\/shunya\/kapimala\/\">KABIMORA<\/a><\/li>\n<li><a href=\"http:\/\/www.nossacasa.net\/shunya\/nagarjuna\/\">NAGYAHARAJUNA<\/a><\/li>\n<li><a href=\"http:\/\/www.nossacasa.net\/shunya\/aryadeva\/\">KANADAIBA<\/a><\/li>\n<li><a href=\"http:\/\/www.nossacasa.net\/shunya\/rahulata\/\">RAGORATA<\/a><\/li>\n<li><a href=\"http:\/\/www.nossacasa.net\/shunya\/sanghanandi\/\">SOGYANANDAI<\/a><\/li>\n<li><a href=\"http:\/\/www.nossacasa.net\/shunya\/gayashata\/\">KAYSHATA<\/a><\/li>\n<li><a href=\"http:\/\/www.nossacasa.net\/shunya\/kumarata\/\">KUMORATA<\/a><\/li>\n<li><a href=\"http:\/\/www.nossacasa.net\/shunya\/jayata\/\">SHAYATA<\/a><\/li>\n<li><a href=\"http:\/\/www.nossacasa.net\/shunya\/vasubandhu\/\">BASHUBANZU<\/a><\/li>\n<li><a href=\"http:\/\/www.nossacasa.net\/shunya\/manorhita\/\">MANURA<\/a><\/li>\n<li><a href=\"http:\/\/www.nossacasa.net\/shunya\/haklenayasha\/\">KAKUROKUNA<\/a><\/li>\n<li><a href=\"http:\/\/www.nossacasa.net\/shunya\/aryasimha\/\">SHSISHIBODAI<\/a><\/li>\n<li><a href=\"http:\/\/www.nossacasa.net\/shunya\/basiasita\/\">BASHASHITA<\/a><\/li>\n<li><a href=\"http:\/\/www.nossacasa.net\/shunya\/punyamitra\/\">FUNYOMITA <\/a><\/li>\n<li><a href=\"http:\/\/www.nossacasa.net\/shunya\/prajnatara\/\">HANNYATARA <\/a><\/li>\n<\/ol>\n<\/td>\n<td valign=\"top\">\n<ol type=\"1\" start=\"28\"><b><u>CHINA<\/u><\/b><\/p>\n<li><a href=\"http:\/\/www.nossacasa.net\/shunya\/bodhidharma\/\">BODAIDARUMA<\/a><\/li>\n<li><a href=\"http:\/\/www.nossacasa.net\/shunya\/hui-ko\/\">TAISO EKA<\/a><\/li>\n<li><a href=\"http:\/\/www.nossacasa.net\/shunya\/seng-tsan\/\">KANCHI SOSAN<\/a><\/li>\n<li><a href=\"http:\/\/www.nossacasa.net\/shunya\/tao-hsin\/\">DAII DOSHIN<\/a><\/li>\n<li><a href=\"http:\/\/www.nossacasa.net\/shunya\/hung-jen\/\">DAIMAN KONIN<\/a><\/li>\n<li><a href=\"http:\/\/www.nossacasa.net\/shunya\/hueineng\/\">DAIKAN ENO<\/a><\/li>\n<li><a href=\"http:\/\/www.nossacasa.net\/shunya\/ching-yuan\/\">SEIGEN GYOSHI<\/a><\/li>\n<li><a href=\"http:\/\/www.nossacasa.net\/shunya\/shih-tou\/\">SEKITO KISEN<\/a><\/li>\n<li><a href=\"http:\/\/www.nossacasa.net\/shunya\/yaoshan-weiyan\/\">YAKUSAN IGEN<\/a><\/li>\n<li><a href=\"http:\/\/www.nossacasa.net\/shunya\/yun-yen-tan-sheng\/\">UNGAN DONJO<\/a><\/li>\n<li><a href=\"http:\/\/www.nossacasa.net\/shunya\/tung-shan-liang-chieh\/\">TOZAN RYOKAI<\/a><\/li>\n<li><a href=\"http:\/\/www.nossacasa.net\/shunya\/yun-chu-tao-ying\/\">UNGO DOYO<\/a><\/li>\n<li><a href=\"http:\/\/www.nossacasa.net\/shunya\/tao-pi\/\">DOAN DOHI<\/a><\/li>\n<li><a href=\"http:\/\/www.nossacasa.net\/shunya\/kuan-chih\/\">DOAN KANSHI<\/a><\/li>\n<li><a href=\"http:\/\/www.nossacasa.net\/shunya\/yuan-kuan\/\">RYOSAN ENKAN<\/a><\/li>\n<li><a href=\"http:\/\/www.nossacasa.net\/shunya\/ta-yang-ching-hsuan\/\">TAIYO KIYOGEN<\/a><\/li>\n<li><a href=\"http:\/\/www.nossacasa.net\/shunya\/tou-tzu-yi-ching\/\">TOSHI GISEI<\/a><\/li>\n<li><a href=\"http:\/\/www.nossacasa.net\/shunya\/fu-jung-tao-kai\/\">FUYO DOKAI<\/a><\/li>\n<li><a href=\"http:\/\/www.nossacasa.net\/shunya\/tan-hsia\/\">TANKA SHIJUN<\/a><\/li>\n<\/ol>\n<\/td>\n<\/tr>\n<\/table>\n<hr \/>\n<div style=\"text-align:right\"><a href=\"#inicio\">Topo<\/a><\/div>\n<hr \/>\n<p><\/b><\/font><\/div>\n<!-- AddThis Advanced Settings generic via filter on the_content --><!-- AddThis Share Buttons generic via filter on the_content -->","protected":false},"excerpt":{"rendered":"<p>O Quadrag&eacute;simo-sexto Patriarca Transmiss\u00e3o de Tao-k&#8217;ai Transmiss\u00e3o para Wu-k&#8217;ung Linhagem Soto Transmiss\u00e3o de Kuan-chih1 46. De Tao-k&#8217;ai para Tan-hsia O monge Tan-hsia queria saber qual era a frase que resumia todas as transmiss\u00f5es do dharma. Novamente, uma frase \u00e9 apenas &hellip; <a href=\"http:\/\/www.nossacasa.net\/shunya\/tan-hsia-1064-1117\/\">Continue lendo <span class=\"meta-nav\">&rarr;<\/span><\/a><!-- AddThis Advanced Settings generic via filter on get_the_excerpt --><!-- AddThis Share Buttons generic via filter on get_the_excerpt --><\/p>\n","protected":false},"author":1,"featured_media":2316,"parent":0,"menu_order":0,"comment_status":"closed","ping_status":"closed","template":"","meta":{"footnotes":""},"class_list":["post-2315","page","type-page","status-publish","has-post-thumbnail","hentry"],"_links":{"self":[{"href":"http:\/\/www.nossacasa.net\/shunya\/wp-json\/wp\/v2\/pages\/2315","targetHints":{"allow":["GET"]}}],"collection":[{"href":"http:\/\/www.nossacasa.net\/shunya\/wp-json\/wp\/v2\/pages"}],"about":[{"href":"http:\/\/www.nossacasa.net\/shunya\/wp-json\/wp\/v2\/types\/page"}],"author":[{"embeddable":true,"href":"http:\/\/www.nossacasa.net\/shunya\/wp-json\/wp\/v2\/users\/1"}],"replies":[{"embeddable":true,"href":"http:\/\/www.nossacasa.net\/shunya\/wp-json\/wp\/v2\/comments?post=2315"}],"version-history":[{"count":8,"href":"http:\/\/www.nossacasa.net\/shunya\/wp-json\/wp\/v2\/pages\/2315\/revisions"}],"predecessor-version":[{"id":6939,"href":"http:\/\/www.nossacasa.net\/shunya\/wp-json\/wp\/v2\/pages\/2315\/revisions\/6939"}],"wp:featuredmedia":[{"embeddable":true,"href":"http:\/\/www.nossacasa.net\/shunya\/wp-json\/wp\/v2\/media\/2316"}],"wp:attachment":[{"href":"http:\/\/www.nossacasa.net\/shunya\/wp-json\/wp\/v2\/media?parent=2315"}],"curies":[{"name":"wp","href":"https:\/\/api.w.org\/{rel}","templated":true}]}}