{"id":2318,"date":"2018-05-19T12:26:15","date_gmt":"2018-05-19T14:26:15","guid":{"rendered":"http:\/\/www.nossacasa.net\/shunya\/?page_id=2318"},"modified":"2020-07-11T18:02:37","modified_gmt":"2020-07-11T20:02:37","slug":"wu-kung-1088-1151","status":"publish","type":"page","link":"http:\/\/www.nossacasa.net\/shunya\/wu-kung-1088-1151\/","title":{"rendered":"Wu-k&#8217;ung (1088-1151)"},"content":{"rendered":"<div style=\"text-align:justify\">\n<a name=\"inicio\"><\/a><a href=\"#a\">Transmiss\u00e3o de Tan-hsia<\/a><br \/><a href=\"#b\"><font size=\"1\">Transmiss\u00e3o para Tsung-ch\u00fceh<\/font><\/a><\/p>\n<p><strong>O Quadrag&eacute;simo-s\u00e9timo Patriarca<\/strong>.<\/p>\n<p align=center><b><font face=\"tahoma, verdana, arial\" size=4><br \/>\n<a name=\"a\">Transmiss\u00e3o de Tan-hsia<\/a><\/font><sup>1<\/sup><\/b><\/p>\n<p><font face=\"tahoma, verdana, arial\" size=4><b>47. De Tan-hsia para<br \/>\nWu-k&#8217;ung<\/b><\/font><\/p>\n<p><font face=\"tahoma, verdana, arial\">Desde os 17 anos de idade, o monge<br \/>\nWu-k&#8217;ung estudava os ensinamentos o Dharma de Buddha, especialmente o Sutra do<br \/>\nL\u00f3tus. Certa vez, o mestre <a href=\"default.asp?menu=304\" class=\"broken_link\"><font size=\"2\">Tan-hsia<\/font><\/a> perguntou-lhe o que \u00e9 a consci\u00eancia iluminada, mais primordial do que uma era completamente vazia, sem fen\u00f4menos. Wu-k&#8217;ung come\u00e7ou a responder com base nos seus estudos.<\/font><\/p>\n<p><font face=\"tahoma, verdana, arial\">Ouvindo tudo aquilo, o mestre Tan-hsia pediu que Wu-k&#8217;ung fizesse uma viagem. Ele foi para uma montanha distante, onde praticou zazen em profundo sil\u00eancio. Ao retornar ao monast\u00e9rio, Wu-k&#8217;ung foi observado atentamente pelo mestre Tan-hsia, que agarrou seu ombro esquerdo e lhe disse:<\/font><\/p>\n<blockquote><p><font face=\"tahoma, verdana, arial\" size=2>Finalmente voc\u00ea   conheceu a luminosidade, diretamente.<\/font> <\/p><\/blockquote>\n<p><font face=\"tahoma, verdana, arial\">E Wu-k&#8217;ung realizou o caminho,<br \/>\ncurvando-se em rever\u00eancia com profunda alegria.<\/font><\/p>\n<hr \/>\n<div style=\"text-align:right\"><a href=\"#inicio\"><font size=\"2\">Topo<\/font><\/a><\/div>\n<p align=center><b><font face=\"tahoma, verdana, arial\" size=4><br \/>\n<a name=\"b\">Transmiss\u00e3o para Tsung-ch\u00fceh<\/a><\/font><sup>1<\/sup><\/b><\/p>\n<p><font face=\"tahoma, verdana, arial\" size=4><b>48. De Wu-k&#8217;ung para<br \/>\nTsung-ch\u00fceh<\/b><\/font><\/p>\n<p><font face=\"tahoma, verdana, arial\">O monge <a href=\"default.asp?menu=306\" class=\"broken_link\"><font size=\"2\">Tsung-ch\u00fceh<\/font><\/a> foi o ajudante do<br \/>\nmestre Wu-k&#8217;ung por muitos anos. Um dia, o mestre perguntou:<\/font><\/p>\n<blockquote><p><font face=\"tahoma, verdana, arial\" size=2><b>Wu-k&#8217;ung:<\/b> Como<br \/>\n  voc\u00ea olha para a vida nestes dias?<br \/><b>Tsung-ch\u00fceh:<\/b> Apenas<br \/>\n  isto!<br \/><b>Wu-k&#8217;ung:<\/b> N\u00e3o \u00e9 suficiente, diga mais.<br \/><b>Tsung-ch\u00fceh:<\/b><br \/>\n  <i>Apenas isto<\/i> \u00e9 o fato.<br \/><b>Wu-k&#8217;ung:<\/b> Eu n\u00e3o disse que n\u00e3o era o<br \/>\n  fato, mas o que est\u00e1 al\u00e9m?<br \/><b>Tsung-ch\u00fceh:<\/b> <i>Apenas isto<\/i> j\u00e1 inclui<br \/>\n  o que est\u00e1 al\u00e9m.<br \/><b>Wu-k&#8217;ung:<\/b> Ent\u00e3o, diga-me o que est\u00e1 al\u00e9m.<br \/>\n  Expresse-o completamente!<br \/><b>Tsung-ch\u00fceh:<\/b> N\u00e3o pode ser expresso com<br \/>\n  palavras.<br \/><b>Wu-k&#8217;ung:<\/b> Voc\u00ea ainda est\u00e1 distante da<br \/>\n  ilumina\u00e7\u00e3o.<br \/><b>Tsung-ch\u00fceh:<\/b> Por favor vener\u00e1vel mestre,<br \/>\n  expresse-o.<br \/><b>Wu-k&#8217;ung:<\/b> Fa\u00e7a a pergunta para<br \/>\n  mim.<br \/><b>Tsung-ch\u00fceh:<\/b> O que est\u00e1 al\u00e9m?<br \/><b>Wu-k&#8217;ung:<\/b> Apenas<br \/>\n  <i>n\u00e3o<\/i>-isto!<\/font> <\/p><\/blockquote>\n<p><font face=\"tahoma, verdana, arial\">Tsung-ch\u00fceh &#8220;brilha como a n\u00e3o-lua da<br \/>\nn\u00e3o-transmiss\u00e3o, despertando todos os seres no n\u00e3o-despertar&#8221;.<\/font><\/p>\n<hr \/>\n<div style=\"text-align:right\"><a href=\"#inicio\"><font size=\"2\">Topo<\/font><\/a><\/div>\n<p><\/p>\n<ol type=\"1\">\n<li><font size=\"1\">Extra\u00eddo de www.dharmanet.com.br<\/font><\/li>\n<\/ol>\n<hr \/>\n<\/div>\n<hr \/>\n<div style=\"text-align:right\"><a href=\"#inicio\">Topo<\/a><\/div>\n<hr \/>\n<!-- AddThis Advanced Settings generic via filter on the_content --><!-- AddThis Share Buttons generic via filter on the_content -->","protected":false},"excerpt":{"rendered":"<p>Transmiss\u00e3o de Tan-hsiaTransmiss\u00e3o para Tsung-ch\u00fceh O Quadrag&eacute;simo-s\u00e9timo Patriarca. Transmiss\u00e3o de Tan-hsia1 47. De Tan-hsia para Wu-k&#8217;ung Desde os 17 anos de idade, o monge Wu-k&#8217;ung estudava os ensinamentos o Dharma de Buddha, especialmente o Sutra do L\u00f3tus. Certa vez, o &hellip; <a href=\"http:\/\/www.nossacasa.net\/shunya\/wu-kung-1088-1151\/\">Continue lendo <span class=\"meta-nav\">&rarr;<\/span><\/a><!-- AddThis Advanced Settings generic via filter on get_the_excerpt --><!-- AddThis Share Buttons generic via filter on get_the_excerpt --><\/p>\n","protected":false},"author":1,"featured_media":0,"parent":0,"menu_order":0,"comment_status":"closed","ping_status":"closed","template":"","meta":{"footnotes":""},"class_list":["post-2318","page","type-page","status-publish","hentry"],"_links":{"self":[{"href":"http:\/\/www.nossacasa.net\/shunya\/wp-json\/wp\/v2\/pages\/2318","targetHints":{"allow":["GET"]}}],"collection":[{"href":"http:\/\/www.nossacasa.net\/shunya\/wp-json\/wp\/v2\/pages"}],"about":[{"href":"http:\/\/www.nossacasa.net\/shunya\/wp-json\/wp\/v2\/types\/page"}],"author":[{"embeddable":true,"href":"http:\/\/www.nossacasa.net\/shunya\/wp-json\/wp\/v2\/users\/1"}],"replies":[{"embeddable":true,"href":"http:\/\/www.nossacasa.net\/shunya\/wp-json\/wp\/v2\/comments?post=2318"}],"version-history":[{"count":4,"href":"http:\/\/www.nossacasa.net\/shunya\/wp-json\/wp\/v2\/pages\/2318\/revisions"}],"predecessor-version":[{"id":6934,"href":"http:\/\/www.nossacasa.net\/shunya\/wp-json\/wp\/v2\/pages\/2318\/revisions\/6934"}],"wp:attachment":[{"href":"http:\/\/www.nossacasa.net\/shunya\/wp-json\/wp\/v2\/media?parent=2318"}],"curies":[{"name":"wp","href":"https:\/\/api.w.org\/{rel}","templated":true}]}}