{"id":2335,"date":"2018-05-19T13:14:58","date_gmt":"2018-05-19T15:14:58","guid":{"rendered":"http:\/\/www.nossacasa.net\/shunya\/?page_id=2335"},"modified":"2020-07-11T16:01:09","modified_gmt":"2020-07-11T18:01:09","slug":"hsue-tou","status":"publish","type":"page","link":"http:\/\/www.nossacasa.net\/shunya\/hsue-tou\/","title":{"rendered":"Hs\u00fce-tou (1105-1192)"},"content":{"rendered":"<div style=\"text-align:justify\">\n<a name=\"inicio\"><\/a><a href=\"http:\/\/www.nossacasa.net\/shunya\/?attachment_id=2336\" rel=\"attachment wp-att-2336\"><img loading=\"lazy\" decoding=\"async\" src=\"http:\/\/www.nossacasa.net\/shunya\/wp-content\/uploads\/2018\/05\/Xuedou-Zhijian-260x300.jpg\" alt=\"\" width=\"260\" height=\"300\" class=\"alignleft size-medium wp-image-2336\" srcset=\"http:\/\/www.nossacasa.net\/shunya\/wp-content\/uploads\/2018\/05\/Xuedou-Zhijian-260x300.jpg 260w, http:\/\/www.nossacasa.net\/shunya\/wp-content\/uploads\/2018\/05\/Xuedou-Zhijian.jpg 555w\" sizes=\"auto, (max-width: 260px) 100vw, 260px\" \/><\/a><\/p>\n<p><a href=\"#a\"><font size=\"1\">Transmiss\u00e3o de Tsung-ch\u00fceh<\/font><\/a><br \/><a href=\"#b\"><font size=\"1\">Transmiss\u00e3o para T&#8217;ien-t&#8217;ung Ju-ching<\/font><\/a><\/p>\n<p><strong>O Quadrag&eacute;simo-nono Patriarca.<\/strong><\/p>\n<p align=center><b><font face=\"tahoma, verdana, arial\" size=4><br \/>\n<a name=\"a\">Transmiss\u00e3o de Tsung-ch\u00fceh<\/a><\/font><sup>1<\/sup><\/b><\/p>\n<p><big><font face=\"tahoma, verdana, arial\"><b>49. De Tsung-ch\u00fceh para<br \/>\nHs\u00fce-tou<\/b><\/font><\/big><\/p>\n<p><font face=\"tahoma, verdana, arial\">V\u00e1rios monges, entre eles <a href=\"default.asp?menu=307\" class=\"broken_link\"><font size=\"2\">Hs\u00fce-tou<\/font><\/a>,aguardavam o mestre Tsung-ch\u00fceh no sal\u00e3o do templo. Ao entrar, o mestre<br \/>\ndiz:<\/font><\/p>\n<blockquote><p><font face=\"tahoma, verdana, arial\" size=2><b>Tsung-ch\u00fceh:<\/b> O<br \/>\n  Buddha possui um corpo secreto, n\u00e3o um ensinamento secreto. Mas este corpo n\u00e3o<br \/>\n  era secreto para Mahakashyapa, que sorriu, nem \u00e9 secreto para o olhar de<br \/>\n  qualquer ser vivo, pois brilha sempre e em todo lugar, uma lua cheia no c\u00e9u de<br \/>\n  outono, totalmente nua e n\u00e3o-obscura.<br \/><b>Hs\u00fce-tou [chorando]:<\/b> Por que<br \/>\n  eu nunca tinha encontrado este mist\u00e9rio antes? Podemos manifestar o corpo de<br \/>\n  Buddha, aqui e agora, para a ilumina\u00e7\u00e3o instant\u00e2nea de todos os seres. Que<br \/>\n  ensinamento inesperado \u00e9 este?<\/font> <\/p><\/blockquote>\n<p><font face=\"tahoma, verdana, arial\">Algum tempo depois, o mestre Tsung-ch\u00fceh<br \/>\nchamou o monge Hs\u00fce-tou em seus aposentos e perguntou:<\/font><\/p>\n<blockquote><p><font face=\"tahoma, verdana, arial\" size=2><b>Tsung-ch\u00fceh:<\/b> O<br \/>\n  que fez voc\u00ea chorar t\u00e3o intensamente?<br \/><b>Hs\u00fce-tou:<\/b> O corpo secreto de<br \/>\n  Buddha n\u00e3o \u00e9 secreto para Mahakashyapa!<br \/><b>Tsung-ch\u00fceh:<\/b> Voc\u00ea foi<br \/>\n  profetizado pelos antigos s\u00e1bios.<\/font> <\/p><\/blockquote>\n<p><font face=\"tahoma, verdana, arial\">Para Hs\u00fce-tou, o corpo secreto do Buddha<br \/>\ntamb\u00e9m deixou de ser secreto, realizando o caminho.<\/font><\/p>\n<hr \/>\n<div style=\"text-align:right\"><a href=\"#inicio\"><font size=\"2\">Topo<\/font><\/a><\/div>\n<p align=center><b><font face=\"tahoma, verdana, arial\" size=4><br \/>\n<a name=\"b\">Transmiss\u00e3o para Ju-ching<\/a><\/font><sup>1<\/sup><\/b><\/p>\n<p><font face=\"tahoma, verdana, arial\" size=4><b>50. De Hs\u00fce-tou para<br \/>\nJu-ching<\/b><\/font><\/p>\n<p><font face=\"tahoma, verdana, arial\">Aos 17 anos, <a href=\"default.asp?menu=234\" class=\"broken_link\"><font size=\"2\">Ju-ching<\/font><\/a> trocou o estudo de<br \/>\nfilosofia pela pr\u00e1tica da medita\u00e7\u00e3o. Seu mestre, Hs\u00fce-tou, freq\u00fcentemente<br \/>\nperguntava &#8220;como \u00e9 poss\u00edvel limpar o espelho que nunca ficou sujo&#8221;. Um dia, o<br \/>\nmestre pediu que Ju-ching se libertasse da limpeza e da clareza. Dias depois,<br \/>\nJu-ching foi at\u00e9 o mestre Hs\u00fce-tou e lhe disse:<\/font><\/p>\n<blockquote><p><font face=\"tahoma, verdana, arial\" size=2><b>Ju-ching:<\/b><br \/>\n  Vener\u00e1vel mestre, agora posso responder.<br \/><b>Hs\u00fce-tou:<\/b> Diga<br \/>\n  imediatamente.<br \/><b>Ju-ching:<\/b> Eu sou o espelho que nunca ficou sujo. N\u00e3o<br \/>\n  h\u00e1 mais impulsos para limpar ou clarear.<\/font> <\/p><\/blockquote>\n<p><font face=\"tahoma, verdana, arial\">Logo depois desta transmiss\u00e3o, Ju-ching<br \/>\nfez uma rever\u00eancia ao mestre e foi limpar a latrina do monast\u00e9rio.<\/font><\/p>\n<hr \/>\n<div style=\"text-align:right\"><a href=\"#inicio\"><font size=\"2\">Topo<\/font><\/a><\/div>\n<p><\/p>\n<ol type=\"1\">\n<li><font size=\"1\">Extra\u00eddo de www.dharmanet.com.br<\/font><\/li>\n<\/ol>\n<hr \/>\n<\/div>\n<hr \/>\n<div style=\"text-align:right\"><a href=\"#inicio\">Topo<\/a><\/div>\n<hr \/>\n<!-- AddThis Advanced Settings generic via filter on the_content --><!-- AddThis Share Buttons generic via filter on the_content -->","protected":false},"excerpt":{"rendered":"<p>Transmiss\u00e3o de Tsung-ch\u00fcehTransmiss\u00e3o para T&#8217;ien-t&#8217;ung Ju-ching O Quadrag&eacute;simo-nono Patriarca. Transmiss\u00e3o de Tsung-ch\u00fceh1 49. De Tsung-ch\u00fceh para Hs\u00fce-tou V\u00e1rios monges, entre eles Hs\u00fce-tou,aguardavam o mestre Tsung-ch\u00fceh no sal\u00e3o do templo. Ao entrar, o mestre diz: Tsung-ch\u00fceh: O Buddha possui um corpo &hellip; <a href=\"http:\/\/www.nossacasa.net\/shunya\/hsue-tou\/\">Continue lendo <span class=\"meta-nav\">&rarr;<\/span><\/a><!-- AddThis Advanced Settings generic via filter on get_the_excerpt --><!-- AddThis Share Buttons generic via filter on get_the_excerpt --><\/p>\n","protected":false},"author":1,"featured_media":0,"parent":0,"menu_order":0,"comment_status":"closed","ping_status":"closed","template":"","meta":{"footnotes":""},"class_list":["post-2335","page","type-page","status-publish","hentry"],"_links":{"self":[{"href":"http:\/\/www.nossacasa.net\/shunya\/wp-json\/wp\/v2\/pages\/2335","targetHints":{"allow":["GET"]}}],"collection":[{"href":"http:\/\/www.nossacasa.net\/shunya\/wp-json\/wp\/v2\/pages"}],"about":[{"href":"http:\/\/www.nossacasa.net\/shunya\/wp-json\/wp\/v2\/types\/page"}],"author":[{"embeddable":true,"href":"http:\/\/www.nossacasa.net\/shunya\/wp-json\/wp\/v2\/users\/1"}],"replies":[{"embeddable":true,"href":"http:\/\/www.nossacasa.net\/shunya\/wp-json\/wp\/v2\/comments?post=2335"}],"version-history":[{"count":2,"href":"http:\/\/www.nossacasa.net\/shunya\/wp-json\/wp\/v2\/pages\/2335\/revisions"}],"predecessor-version":[{"id":6918,"href":"http:\/\/www.nossacasa.net\/shunya\/wp-json\/wp\/v2\/pages\/2335\/revisions\/6918"}],"wp:attachment":[{"href":"http:\/\/www.nossacasa.net\/shunya\/wp-json\/wp\/v2\/media?parent=2335"}],"curies":[{"name":"wp","href":"https:\/\/api.w.org\/{rel}","templated":true}]}}