{"id":2344,"date":"2018-05-19T13:53:54","date_gmt":"2018-05-19T15:53:54","guid":{"rendered":"http:\/\/www.nossacasa.net\/shunya\/?page_id=2344"},"modified":"2018-05-19T16:36:41","modified_gmt":"2018-05-19T18:36:41","slug":"as-linhagens","status":"publish","type":"page","link":"http:\/\/www.nossacasa.net\/shunya\/as-linhagens\/","title":{"rendered":"As linhagens"},"content":{"rendered":"<p><font face=\"Verdana\" size=\"2\"><\/p>\n<div style=\"text-align:center\"><a name=\"inicio1\"><\/p>\n<h4><font color=\"#0000FF\"><b>A TRANSMISS\u00c3O<\/b><\/font><\/h4>\n<p><\/a><\/div>\n<p><\/font><font face=\"Verdana\" size=\"2\" color=\"#000000\"><\/p>\n<div style=\"text-align:justify\">\nA transmiss\u00e3o do Dharma \u00e9 a caracter\u00edstica da rela\u00e7\u00e3o entre disc\u00edpulo e mestre que preserva a identidade e integridade da linhagem do mestre. Quando a cogni\u00e7\u00e3o intuitiva da realidade de um disc\u00edpulo tem o mesmo conte\u00fado que a pr\u00f3pria experi\u00eancia do mestre, as mentes de mestre e disc\u00edpulo s\u00e3o um. O disc\u00edpulo deve contar com o mestre para autenticar este fato e o disc\u00edpulo \u00e9 ent\u00e3o &#8220;transmitido&#8221; atrav\u00e9s do reconhecimento formal da experi\u00eancia do mestre. Este processo de transmiss\u00e3o de herdar uma linhagem de Dharma de um mestre \u00fanico \u00e9 conhecido como &#8220;<i>isshi insho<\/i>&#8220;. Est\u00e1 em contraste com a outra forma de transmiss\u00e3o, o herdar da linhagem de Dharma do templo onde o monge reside, conhecido como &#8220;<i>garanbo<\/i>&#8220;.<\/p>\n<p>O <i>&#8220;ketsumyaku<\/i>&#8221; e o &#8220;<i>shiho<\/i>&#8221; s\u00e3o documentos que certificam a afilia\u00e7\u00e3o a linhagem dos grandes mestres e Budas do passado. \u00c9 entregue ao monge e atesta sua uni\u00e3o a uma linha de transmiss\u00e3o desde de Buda. O &#8220;<i>ketsumiaku<\/i>&#8221; \u00e8 entregue na ordena\u00e7\u00e3o e &#8220;<i>shiho<\/i>&#8221; durante a transmiss\u00e3o do dharma.<br \/>\nNa ocasi\u00e3o da ordena\u00e7\u00e3o dos monges, os nomes do mestre e do disc\u00edpulo s\u00e3o acrescentados manualmente e, \u00e9 autenticado por selos oficiais, ao &#8220;ketsumiaku&#8221; do mestre. <\/p>\n<p>Mesmo que depois da morte do Buda Shakyamuni, v\u00e1rias escolas tenham aparecido, a linhagem de transmiss\u00e3o direta, atrav\u00e9s de Mahakashyapa, Ananda e at\u00e9 o d\u00e9cimo quarto patriarca Nagarjuna, \u00e9 comum a maioria de todas as grandes linhagens budistas existentes no mundo.<\/p>\n<hr \/>\n<div style=\"text-align:right\"><a href=\"#inicio1\"><font size=\"2\">Topo<\/font><\/a><\/div>\n<hr \/>\n<p><a name=\"inicio2\"><\/p>\n<div style=\"text-align:center\"><font size=\"4\"><b>AS LINHAGENS ZEN<\/b><\/font><sup>1<\/sup><\/div>\n<p><\/a><\/p>\n<hr \/>\n<p><a href=\"http:\/\/www.nossacasa.net\/shunya\/as-linhagens\/linhagenszen\/\" rel=\"attachment wp-att-2349\"><img loading=\"lazy\" decoding=\"async\" src=\"http:\/\/www.nossacasa.net\/shunya\/wp-content\/uploads\/2018\/05\/linhagensZen.jpg\" alt=\"\" width=\"479\" height=\"365\" class=\"aligncenter size-full wp-image-2349\" srcset=\"http:\/\/www.nossacasa.net\/shunya\/wp-content\/uploads\/2018\/05\/linhagensZen.jpg 479w, http:\/\/www.nossacasa.net\/shunya\/wp-content\/uploads\/2018\/05\/linhagensZen-300x229.jpg 300w, http:\/\/www.nossacasa.net\/shunya\/wp-content\/uploads\/2018\/05\/linhagensZen-394x300.jpg 394w\" sizes=\"auto, (max-width: 479px) 100vw, 479px\" \/><\/a><\/p>\n<ul type=\"disc\">\n<li><b>Linhagem Hinayana Zen<\/b> originou na \u00cdndia por volta do s\u00e9culo III e foi representada na China por Buddhabhadra and Hui-kuan<\/li>\n<li><b>Linhagem Patriarcal<\/b> iniciada com a chegada de <a href=\"http:\/\/www.nossacasa.net\/shunya\/bodhidharma\/\"><font size=\"2\">Bodhidharma<\/font><\/a> na China por volta do ano 500 e representada pelos 6 primeiros patriarcas chineses que v\u00e3o de Bodhidharma at\u00e9 <a href=\"http:\/\/www.nossacasa.net\/shunya\/hueineng\/\"><font size=\"2\">Hui-neng<\/font><\/a> <\/li>\n<li><b>Linhagem Ox-head<\/b> iniciada na China por volta do ano 600 por&nbsp;Niu-tou Fa-yung (J. Hoyu)<\/li>\n<li><b>Linhagem Vietnamita de Ty-Ni-Da-Lu&#8217;u-Chi <\/b> iniciada entre os anos 600 e 700 e levada pra o Vietn\u00e3 por Ty-Ni-Da-Lu&#8217;u-Chi (S. Vinitaruchi)<\/li>\n<li><b>Linhagem do norte<\/b> iniciada pr\u00f3ximo do ano 700, por <a href=\"http:\/\/www.nossacasa.net\/shunya\/shen-hsiu\/\"><font size=\"2\">Shen-hsiu<\/font><\/a>, disc\u00edpulo do 5<sup>0<\/sup> Patriarca.<\/li>\n<li><b>Linhagem Nangaku Ejo<\/b> iniciada nos anos 700, por <a href=\"http:\/\/www.nossacasa.net\/shunya\/nan-yueh-haui-jang\/\"><font size=\"2\">Nan-y\u00fceh Huai-jang<\/font><\/a>, disc\u00edpulo do 6<sup>0<\/sup> Patriarca <a href=\"http:\/\/www.nossacasa.net\/shunya\/hueineng\/\"><font size=\"2\">Hui-neng<\/font><\/a>.<\/li>\n<li><b>Linhagem Igyo<\/b> iniciada nos anos 800, por <a href=\"default.asp?menu=245\" class=\"broken_link\"><font size=\"2\">Wei-shan Ling-y\u00fc<\/font><\/a> e <a href=\"http:\/\/www.nossacasa.net\/shunya\/yang-shan-hui-chi\/\"><font size=\"2\">Hsiang-yen Chih-hsien<\/font><\/a>.<\/li>\n<li><b>Linhagem Rinzai Inicial<\/b> iniciada nos anos 800, por <a href=\"http:\/\/www.nossacasa.net\/shunya\/lin-chi\/\"><font size=\"2\">Lin-chi I-hs\u00fcan<\/font><\/a>.<\/li>\n<li><b>Linhagem Vietnamita de Vo-Ngon-Thong<\/b> iniciada nos anos 800 e levada pra o Vietn\u00e3 por  Vo-Ngon-Thong (C. Wu-yen Tung).<\/li>\n<li><b>Linhagem Chinesa de Fuke<\/b> iniciada nos anos 900 por Chen-chou P&#8217;u-k&#8217;o (J. Chinshu Fuke).<\/li>\n<li><b>Linhagem Japonesa de Fuke<\/b> levada para o Jap\u00e3o nos anos 1200 por Kakushin, e encerrada por decreto do Imperador em 1871.<\/li>\n<li><b>Linhagem Rinzai Yogi<\/b> iniciada no  ano 1000 por  <a href=\"default.asp?menu=285\" class=\"broken_link\"><font size=\"2\">Yang-ch&#8217;i Fang-hui<\/font><\/a>.<\/li>\n<li><b>Linhagem Coreana<\/b> iniciada pr\u00f3ximo do ano 1200 por Chinul. <font size=\"1\">Esta representa\u00e7\u00e3o gr\u00e1fica da Linhagem Zen Coreana est\u00e1 hiper simplificada.<\/font><\/li>\n<li><b>Linhagem Rinzai Chinesa<\/b> <font size=\"1\">Sem informa\u00e7\u00f5es da linhagem que continua na China.<\/font><\/li>\n<li><b>Linhagem Vietnamita de Truc-Lam<\/b> iniciada aproximadamente em 1.300 e levada para o Vietn\u00e3 por  Tran-Nhan-Ton<\/li>\n<li><b>Linhagem Obaku<\/b> iniciada aproximadmente em 1.700 por Yin-y\u00fcan Lung-chi (J. Ingen Ryuki)\t<\/li>\n<li><b>Linhagem Vietnamita de Nguyen Thieu<\/b> iniciada aproximadamente em 1.700 e levada para o Vietn\u00e3 por  Nguyen Thieu<\/li>\n<li><b>Linhagem Vietnamita de Lieu-Quan<\/b> iniciada aproximadamente em 1.700 e iniciada por Lieu-Quan<\/li>\n<li><b>Linhagem Rinzai Japonesa<\/b> Levada para o Jap\u00e3o por <a href=\"default.asp?menu=300\" class=\"broken_link\"><font size=\"2\">Myon Ezai<\/font><\/a> em 1187 e por <a href=\"default.asp?menu=754\" class=\"broken_link\"><font size=\"2\">Shomyo<\/font><\/a> em 1259. Revitalizada em <a href=\"default.asp?menu=316\" class=\"broken_link\"><font size=\"2\">Hakuin Ekaku<\/font><\/a> e seus sucessores.<\/li>\n<li><b>Linhagem Sanbo Kyodan<\/b> iniciada em 1.900 por <a href=\"default.asp?menu=319\" class=\"broken_link\"><font size=\"2\">D. S. Harada<\/font><\/a> e <a href=\"http:\/\/www.nossacasa.net\/shunya\/eihei-dogen\/\"><font size=\"2\">H. Yasutani<\/font><\/a><\/li>\n<li><b>Linhagem Rinzai Oryo<\/b> iniciada no  ano 1000 por Huang-lung Hui-nan (J. Oryo E&#8217;nan).<\/li>\n<li><b>Linhagem Seigen Gyoshi<\/b> iniciada nos anos 700, por <a href=\"http:\/\/www.nossacasa.net\/shunya\/ching-yuan\/\"><font size=\"2\">Ch&#8217;ing-y\u00fcan Hsing-ssu<\/font><\/a>, disc\u00edpulo do 6<sup>0<\/sup> Patriarca.<\/li>\n<li><b>Linhagem Hogen<\/b> iniciada nos anos 900, por <a href=\"default.asp?menu=164\" class=\"broken_link\"><font size=\"2\">Fa-yen Wen-i<\/font><\/a><\/li>\n<li><b>Linhagem Unmon<\/b> iniciada nos anos 900, por <a href=\"default.asp?menu=162\" class=\"broken_link\"><font size=\"2\">Y\u00fcn-men Wen-yen<\/font><\/a><\/li>\n<li><b>Linhagem Vietnamita de Thao-Duong<\/b> iniciada entre 1.000 e 1.100 e levada para o Vietn\u00e3 por Thao-Du&#8217;o&#8217;ng (C. Ts&#8217;ao-tang).\n<\/li>\n<li><b>Linhagem Soto Chinesa<\/b> iniciada nos anos 800, por <a href=\"default.asp?menu=232\" class=\"broken_link\"><font size=\"2\">Tung-shan Liang-chieh<\/font><\/a> e <a href=\"default.asp?menu=163\" class=\"broken_link\"><font size=\"2\">Ts&#8217;ao-shan Pen-chi<\/font><\/a>.<\/li>\n<li><b>Linhagem Soto Japonesa<\/b> iniciada em 1.200 por <a href=\"http:\/\/www.nossacasa.net\/shunya\/eihei-dogen\/\"><font size=\"2\">Dogen Kigen<\/font><\/a>.<\/li>\n<li><b>Linhagem Meiho<\/b> iniciada em 1.300 por <a href=\"default.asp?menu=364\" class=\"broken_link\"><font size=\"2\">Meiho Sotetsu<\/font><\/a><\/li>\n<li><b>Linhagem dos Tr\u00eas Tesouros<\/b> iniciada em 1.700 por <a href=\"default.asp?menu=716\" class=\"broken_link\"><font size=\"2\">Tokuo Ryoko<\/font><\/a><\/li>\n<li><b>Linhagem Sanbo Kyodan<\/b> iniciada em 1.900 por <a href=\"default.asp?menu=319\" class=\"broken_link\"><font size=\"2\">D. S. Harada<\/font><\/a> e <a href=\"default.asp?menu=122\" class=\"broken_link\"><font size=\"2\">H. Yasutani<\/font><\/a><\/li>\n<li><b>Linhagem do Dharma da Nuvem<\/b> iniciada em 1.700 por <a href=\"default.asp?menu=716\" class=\"broken_link\"><font size=\"2\">Manzam Dohaku<\/font><\/a><\/li>\n<li><b>Linhagem Gasan<\/b> iniciada em 1.300 por <a href=\"default.asp?menu=665\" class=\"broken_link\"><font size=\"2\">Gasan Joseki<\/font><\/a><\/li>\n<\/ul>\n<hr \/><\/div>\n<p><\/font><br \/>\n<font size=\"1\"><b>Refer\u00eancia:<\/b><\/p>\n<ol type=\"1\">\n<li>http:\/\/www.ciolek.com\/WWWVLPages\/ZenPages\/ZenSchools.html\n<\/li>\n<\/ol>\n<p><\/font><\/p>\n<p align=\"right\"><a href=\"default.asp?menu=113\" class=\"broken_link\"><font size=\"2\">Retornar para Linhagens<\/font><\/a><\/p>\n<hr \/>\n<div style=\"text-align:right\"><a href=\"#inicio\"><font size=\"2\">Topo<\/font><\/a><\/div>\n<hr \/>\n<!-- AddThis Advanced Settings generic via filter on the_content --><!-- AddThis Share Buttons generic via filter on the_content -->","protected":false},"excerpt":{"rendered":"<p>A TRANSMISS\u00c3O A transmiss\u00e3o do Dharma \u00e9 a caracter\u00edstica da rela\u00e7\u00e3o entre disc\u00edpulo e mestre que preserva a identidade e integridade da linhagem do mestre. Quando a cogni\u00e7\u00e3o intuitiva da realidade de um disc\u00edpulo tem o mesmo conte\u00fado que a &hellip; <a href=\"http:\/\/www.nossacasa.net\/shunya\/as-linhagens\/\">Continue lendo <span class=\"meta-nav\">&rarr;<\/span><\/a><!-- AddThis Advanced Settings generic via filter on get_the_excerpt --><!-- AddThis Share Buttons generic via filter on get_the_excerpt --><\/p>\n","protected":false},"author":1,"featured_media":2349,"parent":0,"menu_order":0,"comment_status":"closed","ping_status":"closed","template":"","meta":{"footnotes":""},"class_list":["post-2344","page","type-page","status-publish","has-post-thumbnail","hentry"],"_links":{"self":[{"href":"http:\/\/www.nossacasa.net\/shunya\/wp-json\/wp\/v2\/pages\/2344","targetHints":{"allow":["GET"]}}],"collection":[{"href":"http:\/\/www.nossacasa.net\/shunya\/wp-json\/wp\/v2\/pages"}],"about":[{"href":"http:\/\/www.nossacasa.net\/shunya\/wp-json\/wp\/v2\/types\/page"}],"author":[{"embeddable":true,"href":"http:\/\/www.nossacasa.net\/shunya\/wp-json\/wp\/v2\/users\/1"}],"replies":[{"embeddable":true,"href":"http:\/\/www.nossacasa.net\/shunya\/wp-json\/wp\/v2\/comments?post=2344"}],"version-history":[{"count":12,"href":"http:\/\/www.nossacasa.net\/shunya\/wp-json\/wp\/v2\/pages\/2344\/revisions"}],"predecessor-version":[{"id":2377,"href":"http:\/\/www.nossacasa.net\/shunya\/wp-json\/wp\/v2\/pages\/2344\/revisions\/2377"}],"wp:featuredmedia":[{"embeddable":true,"href":"http:\/\/www.nossacasa.net\/shunya\/wp-json\/wp\/v2\/media\/2349"}],"wp:attachment":[{"href":"http:\/\/www.nossacasa.net\/shunya\/wp-json\/wp\/v2\/media?parent=2344"}],"curies":[{"name":"wp","href":"https:\/\/api.w.org\/{rel}","templated":true}]}}