{"id":2357,"date":"2018-05-19T14:18:33","date_gmt":"2018-05-19T16:18:33","guid":{"rendered":"http:\/\/www.nossacasa.net\/shunya\/?page_id=2357"},"modified":"2018-06-05T21:59:29","modified_gmt":"2018-06-05T23:59:29","slug":"shen-hsiu","status":"publish","type":"page","link":"http:\/\/www.nossacasa.net\/shunya\/shen-hsiu\/","title":{"rendered":"Shen-hsiu"},"content":{"rendered":"<div style=\"text-align:justify\"><font face=\"Verdana\" size=\"2\"><br \/>\n<a name=\"inicio\"><\/a><a href=\"http:\/\/www.nossacasa.net\/shunya\/?attachment_id=2358\" rel=\"attachment wp-att-2358\"><img loading=\"lazy\" decoding=\"async\" src=\"http:\/\/www.nossacasa.net\/shunya\/wp-content\/uploads\/2018\/05\/Shen-hsiu.jpg\" alt=\"\" width=\"182\" height=\"183\" class=\"alignleft size-full wp-image-2358\" srcset=\"http:\/\/www.nossacasa.net\/shunya\/wp-content\/uploads\/2018\/05\/Shen-hsiu.jpg 182w, http:\/\/www.nossacasa.net\/shunya\/wp-content\/uploads\/2018\/05\/Shen-hsiu-150x150.jpg 150w, http:\/\/www.nossacasa.net\/shunya\/wp-content\/uploads\/2018\/05\/Shen-hsiu-50x50.jpg 50w\" sizes=\"auto, (max-width: 182px) 100vw, 182px\" \/><\/a><b>Shen-hsiu(605-706)<\/b><br \/>\nShenxiu (Shen-hsiu, Jinshu), Datong Shenxiu (Datsu Jinshu)<br \/>\n[Escola do Norte]<\/p>\n<hr \/>\n<p><a href=\"#a\">Refer\u00eancias<\/a><br \/>\n<a href=\"#c\">Sucess\u00e3o<\/a><br \/>\n<a href=\"#b\">Por Gary L. Ray<\/a><br \/>\n<a href=\"#f\">Linhagem<\/a><\/p>\n<hr \/>\n<p><a name=\"a\">Refer\u00eancias<\/a><sup>2<\/sup><br \/>\nShenxiu (Shen-hsiu, Jinshu), 605-706. Tamb\u00e9m Datong Shenxiu (Datsu Jinshu).<br \/>\n&#8220;Excel&ecirc;ncia Divina&#8221;.<br \/>\nShenxiu foi um Herdeiro de Dharma de <a href=\"http:\/\/www.nossacasa.net\/shunya\/hung-jen\/\">Hongren<\/a> e por muitos anos sua Linhagem dos Ensinamentos da Montanha Oriental ou Ch&#8217;an &#8220;do norte&#8221; foi tremendamente influente.<br \/>\nVer Denkoroku Cap&iacute;tulo 34.<\/p>\n<hr \/>\n<p><a name=\"c\">Sucess\u00e3o<\/a><br \/>\nShenxiu transmitiu o Dharma para:<\/p>\n<ol type=\"1\">\n<li><a href=\"http:\/\/www.nossacasa.net\/shunya\/fujaku\/\">Pu-chi (Fujaku, 651-739)<\/a>\n<\/li>\n<li>Yi-fu (Gifuku, 658-736)\n<\/li>\n<\/ol>\n<hr \/>\n<div style=\"text-align:right\"><a href=\"#inicio\">Topo<\/a><\/div>\n<p> <a name=\"b\"><b>Por Gary L. Ray<\/b><\/a><br \/>\nQuanto aos ensinamentos de Hui-neng, eles n&atilde;o eram diferentes dos de Shen-hsiu.  De fato, como John McRae descobriu em sua pesquisa, &#8221; Ch&#8217;eng-kuan of the Hua-yen school&#8221;, por exemplo, &eacute; imposs&iacute;vel perceber qualquer diferen&ccedil;a significante entre os ensinamentos do Ch&#8217;an do norte (o do Shen-hsiu) e os do Ch&#8217;an do Sul (o de Hui-neng).  As disputas sobre o despertar s&uacute;bito e o gradual foram inven&ccedil;&otilde;es criadas por um dos sucessores de Hui-neng, Shen-hui, como ser&aacute; discutido mais tarde.<\/p>\n<p>Shen-hsiu foi um mestre muito famoso, altamente educado que tentou, como Hui-neng, emular os ensinamentos de seu mestre.  Shen-hsiu mudou-se para Lo-yang, o capit&oacute;lio, em 701.  Ele foi aceito pelo Imperador e pela Imperatriz e teve que ajustar seus ensinamentos para esta situa&ccedil;&atilde;o.  Este foi o in&iacute;cio da id&eacute;ia do Zen de &#8220;significado h&aacute;bil&#8221;.  Shen-hsiu chamou sua escola de &#8220;Ensinamentos da Montanha do Leste&#8221; em honra a seu professor Hung-jen, que ensinou na que era conhecido como a Montanha do Leste.<\/p>\n<p>At&eacute; a&iacute;, n&atilde;o existia nenhuma refer&ecirc;ncia sobre as escolas do norte ou do sul e era pequeno ou nenhum o conflito entre os m&eacute;todos de pr&aacute;tica espiritual.  Este per&iacute;odo harmonioso entre o per&iacute;odo de Hung-jen e as mortes de Shen-hsiu e Hui-neng foi o per&iacute;odo mais criativo de Ch&#8217;an.  Por&eacute;m, o amplo alcance desta criatividade resultou inevitavelmente em conflito.  Como Heinrich Dumoulin assinala: &#8220;A diversidade rica de elementos espirituais e intelectuais que fluiram juntas durante este primeiro per&iacute;odo do Zen budismo foi o arauto de conflitos que apareceram nas duas ou tr&ecirc;s gera&ccedil;&otilde;es seguintes.&#8221;  O instigador destes conflitos foi um monge chamado Shen-hui.<\/p>\n<p align=\"right\">Ver <a href=\"default.asp?menu=887\" class=\"broken_link\">O Desenvolvimento e o decl\u00ednio da Escola Ch&#8217;an do Norte<\/a><\/p>\n<hr \/>\n<ol type=\"1\">\nFonte:<\/p>\n<li>&#8220;Ensinos do Mestre Zen Anzan Roshi&#8221;(texto compilado pelo Ven. Jinmyo Fleming ino e traduzido ao Portugu&ecirc;s por Claudio Miklos.<\/li>\n<\/ol>\n<hr \/>\n<div style=\"text-align:right\"><a href=\"#inicio\">Topo<\/a><\/div>\n<p><a name=\"f\">Linhagem desde Saquiamuni<\/a><\/p>\n<div style=\"text-align:center\">\n<ol type=\"1\"><b><u>BUTSU<\/u><\/b><\/p>\n<li><a href=\"http:\/\/www.nossacasa.net\/shunya\/buda\/\">BIBASHI<\/a><\/li>\n<li><a href=\"http:\/\/www.nossacasa.net\/shunya\/buda\/\">SHIKI<\/a><\/li>\n<li><a href=\"http:\/\/www.nossacasa.net\/shunya\/buda\/\">BISHAFU<\/a><\/li>\n<li><a href=\"http:\/\/www.nossacasa.net\/shunya\/buda\/\">KURUSON<\/a><\/li>\n<li><a href=\"http:\/\/www.nossacasa.net\/shunya\/buda\/\">KUNAGONMUNI<\/a><\/li>\n<li><a href=\"http:\/\/www.nossacasa.net\/shunya\/buda\/\">KASHO<\/a><\/li>\n<li><a href=\"http:\/\/www.nossacasa.net\/shunya\/buda\/\">XAQUIAMUNI<\/a><\/li>\n<\/ol>\n<\/div>\n<table width=\"100%\" border=\"0\">\n<tr>\n<td valign=\"top\">\n<ol type=\"1\"><b><u>\u00cdNDIA<\/u><\/b><\/p>\n<li><a href=\"http:\/\/www.nossacasa.net\/shunya\/mahakashyapa\/\">MAKAKASHO<\/a><\/li>\n<li><a href=\"http:\/\/www.nossacasa.net\/shunya\/ananda\/\">ANANDA<\/a><\/li>\n<li><a href=\"http:\/\/www.nossacasa.net\/shunya\/shanavasa\/\">SHONAWASHU<\/a><\/li>\n<li><a href=\"http:\/\/www.nossacasa.net\/shunya\/upagupta\/\">UBAGIKUTA<\/a><\/li>\n<li><a href=\"http:\/\/www.nossacasa.net\/shunya\/dhritaka\/\">DAITAKA<\/a><\/li>\n<li><a href=\"http:\/\/www.nossacasa.net\/shunya\/michaka\/\">MISHAKA<\/a><\/li>\n<li><a href=\"http:\/\/www.nossacasa.net\/shunya\/vasumitra\/\">BASHUMITSU<\/a><\/li>\n<li><a href=\"http:\/\/www.nossacasa.net\/shunya\/buddhananda\/\">BUTSUDANANDAI<\/a><\/li>\n<li><a href=\"http:\/\/www.nossacasa.net\/shunya\/buddhamitra\/\">FUDAMITA<\/a><\/li>\n<li><a href=\"http:\/\/www.nossacasa.net\/shunya\/parshvanatha\/\">BARISHIBA<\/a><\/li>\n<li><a href=\"http:\/\/www.nossacasa.net\/shunya\/punyayashas\/\">FUNAYASHYA<\/a><\/li>\n<li><a href=\"http:\/\/www.nossacasa.net\/shunya\/ashvagosha\/\">ANABOTEI<\/a><\/li>\n<li><a href=\"http:\/\/www.nossacasa.net\/shunya\/kapimala\/\">KABIMORA<\/a><\/li>\n<li><a href=\"http:\/\/www.nossacasa.net\/shunya\/nagarjuna\/\">NAGYAHARAJUNA<\/a><\/li>\n<li><a href=\"http:\/\/www.nossacasa.net\/shunya\/aryadeva\/\">KANADAIBA<\/a><\/li>\n<li><a href=\"http:\/\/www.nossacasa.net\/shunya\/rahulata\/\">RAGORATA<\/a><\/li>\n<li><a href=\"http:\/\/www.nossacasa.net\/shunya\/sanghanandi\/\">SOGYANANDAI<\/a><\/li>\n<li><a href=\"http:\/\/www.nossacasa.net\/shunya\/gayashata\/\">KAYSHATA<\/a><\/li>\n<li><a href=\"http:\/\/www.nossacasa.net\/shunya\/kumarata\/\">KUMORATA<\/a><\/li>\n<li><a href=\"http:\/\/www.nossacasa.net\/shunya\/jayata\/\">SHAYATA<\/a><\/li>\n<li><a href=\"http:\/\/www.nossacasa.net\/shunya\/vasubandhu\/\">BASHUBANZU<\/a><\/li>\n<li><a href=\"http:\/\/www.nossacasa.net\/shunya\/manorhita\/\">MANURA<\/a><\/li>\n<li><a href=\"http:\/\/www.nossacasa.net\/shunya\/haklenayasha\/\">KAKUROKUNA<\/a><\/li>\n<li><a href=\"http:\/\/www.nossacasa.net\/shunya\/aryasimha\/\">SHSISHIBODAI<\/a><\/li>\n<li><a href=\"http:\/\/www.nossacasa.net\/shunya\/basiasita\/\">BASHASHITA<\/a><\/li>\n<li><a href=\"http:\/\/www.nossacasa.net\/shunya\/punyamitra\/\">FUNYOMITA <\/a><\/li>\n<li><a href=\"http:\/\/www.nossacasa.net\/shunya\/prajnatara\/\">HANNYATARA <\/a><\/li>\n<\/ol>\n<\/td>\n<td valign=\"top\">\n<ol type=\"1\" start=\"28\"><b><u>CHINA<\/u><\/b><\/p>\n<li><a href=\"http:\/\/www.nossacasa.net\/shunya\/bodhidharma\/\">BODAIDARUMA<\/a><\/li>\n<li><a href=\"http:\/\/www.nossacasa.net\/shunya\/hui-ko\/\">TAISO EKA<\/a><\/li>\n<li><a href=\"http:\/\/www.nossacasa.net\/shunya\/seng-tsan\/\">KANCHI SOSAN<\/a><\/li>\n<li><a href=\"http:\/\/www.nossacasa.net\/shunya\/tao-hsin\/\">DAII DOSHIN<\/a><\/li>\n<li><a href=\"http:\/\/www.nossacasa.net\/shunya\/hung-jen\/\">DAIMAN KONIN<\/a><\/li>\n<li><a href=\"http:\/\/www.nossacasa.net\/shunya\/hung-jen\/\">DATSU JINSHU<\/a><\/li>\n<\/ol>\n<\/td>\n<\/tr>\n<\/table>\n<hr \/>\n<div style=\"text-align:right\"><a href=\"#inicio\">Topo<\/a><\/div>\n<hr \/>\n<p><\/font><\/div>\n<!-- AddThis Advanced Settings generic via filter on the_content --><!-- AddThis Share Buttons generic via filter on the_content -->","protected":false},"excerpt":{"rendered":"<p>Shen-hsiu(605-706) Shenxiu (Shen-hsiu, Jinshu), Datong Shenxiu (Datsu Jinshu) [Escola do Norte] Refer\u00eancias Sucess\u00e3o Por Gary L. Ray Linhagem Refer\u00eancias2 Shenxiu (Shen-hsiu, Jinshu), 605-706. Tamb\u00e9m Datong Shenxiu (Datsu Jinshu). &#8220;Excel&ecirc;ncia Divina&#8221;. Shenxiu foi um Herdeiro de Dharma de Hongren e por &hellip; <a href=\"http:\/\/www.nossacasa.net\/shunya\/shen-hsiu\/\">Continue lendo <span class=\"meta-nav\">&rarr;<\/span><\/a><!-- AddThis Advanced Settings generic via filter on get_the_excerpt --><!-- AddThis Share Buttons generic via filter on get_the_excerpt --><\/p>\n","protected":false},"author":1,"featured_media":2358,"parent":0,"menu_order":0,"comment_status":"closed","ping_status":"closed","template":"","meta":{"footnotes":""},"class_list":["post-2357","page","type-page","status-publish","has-post-thumbnail","hentry"],"_links":{"self":[{"href":"http:\/\/www.nossacasa.net\/shunya\/wp-json\/wp\/v2\/pages\/2357","targetHints":{"allow":["GET"]}}],"collection":[{"href":"http:\/\/www.nossacasa.net\/shunya\/wp-json\/wp\/v2\/pages"}],"about":[{"href":"http:\/\/www.nossacasa.net\/shunya\/wp-json\/wp\/v2\/types\/page"}],"author":[{"embeddable":true,"href":"http:\/\/www.nossacasa.net\/shunya\/wp-json\/wp\/v2\/users\/1"}],"replies":[{"embeddable":true,"href":"http:\/\/www.nossacasa.net\/shunya\/wp-json\/wp\/v2\/comments?post=2357"}],"version-history":[{"count":7,"href":"http:\/\/www.nossacasa.net\/shunya\/wp-json\/wp\/v2\/pages\/2357\/revisions"}],"predecessor-version":[{"id":4762,"href":"http:\/\/www.nossacasa.net\/shunya\/wp-json\/wp\/v2\/pages\/2357\/revisions\/4762"}],"wp:featuredmedia":[{"embeddable":true,"href":"http:\/\/www.nossacasa.net\/shunya\/wp-json\/wp\/v2\/media\/2358"}],"wp:attachment":[{"href":"http:\/\/www.nossacasa.net\/shunya\/wp-json\/wp\/v2\/media?parent=2357"}],"curies":[{"name":"wp","href":"https:\/\/api.w.org\/{rel}","templated":true}]}}