{"id":2361,"date":"2018-05-19T14:47:58","date_gmt":"2018-05-19T16:47:58","guid":{"rendered":"http:\/\/www.nossacasa.net\/shunya\/?page_id=2361"},"modified":"2018-06-07T22:14:21","modified_gmt":"2018-06-08T00:14:21","slug":"nan-yueh-haui-jang","status":"publish","type":"page","link":"http:\/\/www.nossacasa.net\/shunya\/nan-yueh-haui-jang\/","title":{"rendered":"Nan-yueh Haui-jang"},"content":{"rendered":"<div style=\"text-align:justify\"><font face=\"Verdana\" size=\"2\"><br \/>\n<a name=\"inicio\"><\/a><a href=\"http:\/\/www.nossacasa.net\/shunya\/?attachment_id=2362\" rel=\"attachment wp-att-2362\"><img loading=\"lazy\" decoding=\"async\" src=\"http:\/\/www.nossacasa.net\/shunya\/wp-content\/uploads\/2018\/05\/Nan-yueh-Haui-jang-200x300.jpg\" alt=\"\" width=\"200\" height=\"300\" class=\"alignleft size-medium wp-image-2362\" srcset=\"http:\/\/www.nossacasa.net\/shunya\/wp-content\/uploads\/2018\/05\/Nan-yueh-Haui-jang-200x300.jpg 200w, http:\/\/www.nossacasa.net\/shunya\/wp-content\/uploads\/2018\/05\/Nan-yueh-Haui-jang.jpg 300w\" sizes=\"auto, (max-width: 200px) 100vw, 200px\" \/><\/a><br \/>\n<b>Nan-yueh Haui-jang (677-744)<\/b><br \/>\n<em>Nanyue Huairang (Nan-yueh Hai-jang, Nangaku Ejo)<\/em><\/p>\n<hr \/>\n<p><a href=\"#a\">Sucess\u00e3o<\/a><br \/>\n<a href=\"#b\">Refer\u00eancias<\/a><br \/>\n<a href=\"#f\">Linhagem<\/a><\/p>\n<hr \/>\n<hr \/>\n<hr \/>\n<hr \/>\n<p><a name=\"a\"><b>Sucess\u00e3o<\/b><\/a><sup>1<\/sup><br \/>\nNan-yueh Haui-jang (Nangaku Ejo) foi um mestre ch&#8217;an, sucessor do Dharma de <a href=\"http:\/\/www.nossacasa.net\/shunya\/hueineng\/\">Hui-neng<\/a><\/font><\/div>\n<p>Transmitiu o Dharma para <a href=\"http:\/\/www.nossacasa.net\/shunya\/ma-tsu-tao-i\/\">Ma-tsu<\/a>.<\/p>\n<p>Deu origem a segunda mais importante linhagem do Zen. O Rinzai, derivado desta linhagem, \u00e9 ainda muito popular at\u00e9 hoje<\/p>\n<hr \/>\n<p><a name=\"b\"><b>Refer\u00eancias<\/b><\/a><sup>2<\/sup><br \/>\nDahui (Ta-hui, Daie) &eacute; um honor&iacute;fico p&oacute;stumo. Um Herdeiro de Dharma do Sexto Patriarca, <a href=\"http:\/\/www.nossacasa.net\/shunya\/hueineng\/\">Hui-neng<\/a>, Irm&atilde;o de Dharma de Qingyuan Xingsi.<br \/>\nDuas das Cinco Casas do Ch&#8217;an cl&aacute;ssico originam-se de sua Transmiss&atilde;o:<\/p>\n<ol type=\"1\">\n<li>Escola Rinzai (Linji), estabelecida por Linji Yixuan (Rinzai Gigen; d. 867) descendente de Nanyue de Huairang.\n<\/li>\n<li>Escola de Igyo (Guiyang)estabelecida por  Guishan Lingyou (Isan Reiyu, 771\u2013853) descendente de Nanyue de Huairang e seu disc\u00edpulo Yangshan Huiji (Kyozan Ejaku; 807\u2013883).\n<\/li>\n<\/ol>\n<p>Seu Herdeiro de Dharma foi <a href=\"http:\/\/www.nossacasa.net\/shunya\/ma-tsu-tao-i\/\">Mazu Daoyi<\/a>. <\/p>\n<p>Seu di&aacute;logo com Mazu (Baso) sobre &#8220;polir o tijolo&#8221; foi tremendamente influente para Dogen:<br \/>\nQuando jovem, Baso praticava incessantemente a Medita&ccedil;&atilde;o. Certa ocasi&atilde;o, seu Mestre Nangaku aproximou-se dele e perguntou-lhe:<br \/>\n&#8211; Por que praticas tanta Medita&ccedil;&atilde;o?<br \/>\n&#8211; Para me tornar um Buddha.<br \/>\nO Mestre tomou de uma telha e come&ccedil;ou a esfreg&aacute;-la com um pedra. Intrigado, Baso perguntou:<br \/>\n&#8211; O que fazeis com essa telha?<br \/>\n&#8211; Pretendo transform&aacute;-la num espelho.<br \/>\n&#8211; Mas por mais que a esfregueis, ela jamais se transformar&aacute; num espelho! ser&aacute; sempre uma pedra.<br \/>\n&#8211; O mesmo posso dizer de ti. Por mais que pratiques Medita&ccedil;&atilde;o, n&atilde;o te tornar&aacute;s Buda.<br \/>\n&#8211; Ent&atilde;o o que fazer?<br \/>\n&#8211; &Eacute; como fazer um boi andar.<br \/>\n&#8211; N&atilde;o entendo.<br \/>\n&#8211; Quando queres fazer um carro de bois andar, bates no boi ou no carro?<br \/>\nBaso n&atilde;o soube o que responder e ent&atilde;o o Mestre continuou:<br \/>\n&#8211; Buscar o Estado de Buda fazendo apenas Medita&ccedil;&atilde;o &eacute; matar o Buda. Dessa maneira, n&atilde;o achar&aacute;s o caminho certo.<\/p>\n<hr \/>\n<ol type=\"1\">\nFontes:<\/p>\n<li>Extra\u00eddo do site http:\/\/www.kaihan.com\/.<\/li>\n<li>Extra\u00eddo de &#8220;Ensinos do Mestre Zen Anzan Roshi&#8221;(texto compilado pelo Ven. Jinmyo Fleming ino e traduzido ao Portugu&ecirc;s por Claudio Miklos.<\/li>\n<li>http:\/\/zen.rinnou.net\/whats_zen\/history.html\n<\/li>\n<\/ol>\n<hr \/>\n<div style=\"text-align:right\"><a href=\"#inicio\">Topo<\/a><\/div>\n<hr \/>\n<p><a name=\"b\"><b>Linhagem<\/b><\/a><\/p>\n<table width=\"100%\" border=\"0\">\n<tr>\n<td valign=\"top\">\n<ol type=\"1\"><b><u>\u00cdNDIA<\/u><\/b><\/p>\n<li><a href=\"http:\/\/www.nossacasa.net\/shunya\/mahakashyapa\/\">MAKAKASHO<\/a><\/li>\n<li><a href=\"http:\/\/www.nossacasa.net\/shunya\/ananda\/\">ANANDA<\/a><\/li>\n<li><a href=\"http:\/\/www.nossacasa.net\/shunya\/shanavasa\/\">SHONAWASHU<\/a><\/li>\n<li><a href=\"http:\/\/www.nossacasa.net\/shunya\/upagupta\/\">UBAGIKUTA<\/a><\/li>\n<li><a href=\"http:\/\/www.nossacasa.net\/shunya\/dhritaka\/\">DAITAKA<\/a><\/li>\n<li><a href=\"http:\/\/www.nossacasa.net\/shunya\/michaka\/\">MISHAKA<\/a><\/li>\n<li><a href=\"http:\/\/www.nossacasa.net\/shunya\/vasumitra\/\">BASHUMITSU<\/a><\/li>\n<li><a href=\"http:\/\/www.nossacasa.net\/shunya\/buddhananda\/\">BUTSUDANANDAI<\/a><\/li>\n<li><a href=\"http:\/\/www.nossacasa.net\/shunya\/buddhamitra\/\">FUDAMITA<\/a><\/li>\n<li><a href=\"http:\/\/www.nossacasa.net\/shunya\/parshvanatha\/\">BARISHIBA<\/a><\/li>\n<li><a href=\"http:\/\/www.nossacasa.net\/shunya\/punyayashas\/\">FUNAYASHYA<\/a><\/li>\n<li><a href=\"http:\/\/www.nossacasa.net\/shunya\/ashvagosha\/\">ANABOTEI<\/a><\/li>\n<li><a href=\"http:\/\/www.nossacasa.net\/shunya\/kapimala\/\">KABIMORA<\/a><\/li>\n<li><a href=\"http:\/\/www.nossacasa.net\/shunya\/nagarjuna\/\">NAGYAHARAJUNA<\/a><\/li>\n<li><a href=\"http:\/\/www.nossacasa.net\/shunya\/aryadeva\/\">KANADAIBA<\/a><\/li>\n<li><a href=\"http:\/\/www.nossacasa.net\/shunya\/rahulata\/\">RAGORATA<\/a><\/li>\n<li><a href=\"http:\/\/www.nossacasa.net\/shunya\/sanghanandi\/\">SOGYANANDAI<\/a><\/li>\n<li><a href=\"http:\/\/www.nossacasa.net\/shunya\/gayashata\/\">KAYSHATA<\/a><\/li>\n<li><a href=\"http:\/\/www.nossacasa.net\/shunya\/kumarata\/\">KUMORATA<\/a><\/li>\n<li><a href=\"http:\/\/www.nossacasa.net\/shunya\/jayata\/\">SHAYATA<\/a><\/li>\n<li><a href=\"http:\/\/www.nossacasa.net\/shunya\/vasubandhu\/\">BASHUBANZU<\/a><\/li>\n<li><a href=\"http:\/\/www.nossacasa.net\/shunya\/manorhita\/\">MANURA<\/a><\/li>\n<li><a href=\"http:\/\/www.nossacasa.net\/shunya\/haklenayasha\/\">KAKUROKUNA<\/a><\/li>\n<li><a href=\"http:\/\/www.nossacasa.net\/shunya\/aryasimha\/\">SHSISHIBODAI<\/a><\/li>\n<li><a href=\"http:\/\/www.nossacasa.net\/shunya\/basiasita\/\">BASHASHITA<\/a><\/li>\n<li><a href=\"http:\/\/www.nossacasa.net\/shunya\/punyamitra\/\">FUNYOMITA <\/a><\/li>\n<li><a href=\"http:\/\/www.nossacasa.net\/shunya\/prajnatara\/\">HANNYATARA <\/a><\/li>\n<\/ol>\n<\/td>\n<td valign=\"top\">\n<ol type=\"1\" start=\"28\"><b><u>CHINA<\/u><\/b><\/p>\n<li><a href=\"http:\/\/www.nossacasa.net\/shunya\/bodhidharma\/\">BODAIDARUMA<\/a><\/li>\n<li><a href=\"http:\/\/www.nossacasa.net\/shunya\/hui-ko\/\">TAISO EKA<\/a><\/li>\n<li><a href=\"http:\/\/www.nossacasa.net\/shunya\/seng-tsan\/\">KANCHI SOSAN<\/a><\/li>\n<li><a href=\"http:\/\/www.nossacasa.net\/shunya\/tao-hsin\/\">DAII DOSHIN<\/a><\/li>\n<li><a href=\"http:\/\/www.nossacasa.net\/shunya\/hung-jen\/\">DAIMAN KONIN<\/a><\/li>\n<li><a href=\"http:\/\/www.nossacasa.net\/shunya\/hueineng\/\">DAIKAN ENO<\/a><\/li>\n<li><a href=\"http:\/\/www.nossacasa.net\/shunya\/nan-yueh-haui-jang\/\">NANGAKU EJO<\/a><\/li>\n<\/ol>\n<\/td>\n<\/tr>\n<\/table>\n<hr \/>\n<div style=\"text-align:right\"><a href=\"#inicio\">Topo<\/a><\/div>\n<hr \/>\n<!-- AddThis Advanced Settings generic via filter on the_content --><!-- AddThis Share Buttons generic via filter on the_content -->","protected":false},"excerpt":{"rendered":"<p>Nan-yueh Haui-jang (677-744) Nanyue Huairang (Nan-yueh Hai-jang, Nangaku Ejo) Sucess\u00e3o Refer\u00eancias Linhagem Sucess\u00e3o1 Nan-yueh Haui-jang (Nangaku Ejo) foi um mestre ch&#8217;an, sucessor do Dharma de Hui-neng Transmitiu o Dharma para Ma-tsu. Deu origem a segunda mais importante linhagem do Zen. &hellip; <a href=\"http:\/\/www.nossacasa.net\/shunya\/nan-yueh-haui-jang\/\">Continue lendo <span class=\"meta-nav\">&rarr;<\/span><\/a><!-- AddThis Advanced Settings generic via filter on get_the_excerpt --><!-- AddThis Share Buttons generic via filter on get_the_excerpt --><\/p>\n","protected":false},"author":1,"featured_media":2362,"parent":0,"menu_order":0,"comment_status":"closed","ping_status":"closed","template":"","meta":{"footnotes":""},"class_list":["post-2361","page","type-page","status-publish","has-post-thumbnail","hentry"],"_links":{"self":[{"href":"http:\/\/www.nossacasa.net\/shunya\/wp-json\/wp\/v2\/pages\/2361","targetHints":{"allow":["GET"]}}],"collection":[{"href":"http:\/\/www.nossacasa.net\/shunya\/wp-json\/wp\/v2\/pages"}],"about":[{"href":"http:\/\/www.nossacasa.net\/shunya\/wp-json\/wp\/v2\/types\/page"}],"author":[{"embeddable":true,"href":"http:\/\/www.nossacasa.net\/shunya\/wp-json\/wp\/v2\/users\/1"}],"replies":[{"embeddable":true,"href":"http:\/\/www.nossacasa.net\/shunya\/wp-json\/wp\/v2\/comments?post=2361"}],"version-history":[{"count":10,"href":"http:\/\/www.nossacasa.net\/shunya\/wp-json\/wp\/v2\/pages\/2361\/revisions"}],"predecessor-version":[{"id":4822,"href":"http:\/\/www.nossacasa.net\/shunya\/wp-json\/wp\/v2\/pages\/2361\/revisions\/4822"}],"wp:featuredmedia":[{"embeddable":true,"href":"http:\/\/www.nossacasa.net\/shunya\/wp-json\/wp\/v2\/media\/2362"}],"wp:attachment":[{"href":"http:\/\/www.nossacasa.net\/shunya\/wp-json\/wp\/v2\/media?parent=2361"}],"curies":[{"name":"wp","href":"https:\/\/api.w.org\/{rel}","templated":true}]}}