{"id":2418,"date":"2018-05-19T23:19:31","date_gmt":"2018-05-20T01:19:31","guid":{"rendered":"http:\/\/www.nossacasa.net\/shunya\/?page_id=2418"},"modified":"2020-07-11T18:10:04","modified_gmt":"2020-07-11T20:10:04","slug":"keizan-jokin","status":"publish","type":"page","link":"http:\/\/www.nossacasa.net\/shunya\/keizan-jokin\/","title":{"rendered":"Keizan Jokin"},"content":{"rendered":"<p><font face=\"Verdana\" size=\"2\"><\/p>\n<div style=\"text-align:justify\">\n<a name=\"inicio\"><\/a><a href=\"http:\/\/www.nossacasa.net\/shunya\/?attachment_id=2419\" rel=\"attachment wp-att-2419\"><img loading=\"lazy\" decoding=\"async\" src=\"http:\/\/www.nossacasa.net\/shunya\/wp-content\/uploads\/2018\/05\/Keizan-Jokin-256x300.jpg\" alt=\"\" width=\"256\" height=\"300\" class=\"alignleft size-medium wp-image-2419\" srcset=\"http:\/\/www.nossacasa.net\/shunya\/wp-content\/uploads\/2018\/05\/Keizan-Jokin-256x300.jpg 256w, http:\/\/www.nossacasa.net\/shunya\/wp-content\/uploads\/2018\/05\/Keizan-Jokin.jpg 320w\" sizes=\"auto, (max-width: 256px) 100vw, 256px\" \/><\/a><font size=\"4\"><b>Keizan Jokin (1268-1325)<\/b><\/font><br \/>\n<a href=\"#a\"><font size=\"1\">Refer\u00eancias<\/font><\/a>\/<a href=\"#b\"><font size=\"1\">Biografia<\/font><\/a>\/<a href=\"#c\"><font size=\"1\">Linhagem<\/font><\/a><\/p>\n<p><strong>O Q&uuml;inquag&eacute;simo quarto Patriarca<\/strong> e da 3<sup>a.<\/sup>gera\u00e7\u00e3o dos sucessores de Dogen, sendo considerado o 4<sup>a.<\/sup> Patriarca da Escola Soto Zen japonesa.<\/p>\n<p align=center><b><font face=\"tahoma, verdana, arial\" size=4><br \/>\n<a name=\"a\">Refer\u00eancias<\/a><\/font><sup>1<\/sup><\/b><\/p>\n<p>Keizan Jokin, ordenado por <a href=\"default.asp?menu=309\" class=\"broken_link\"><font size=\"2\">Koun Ejo<\/font><\/a> foi Herdeiro de Dharma de <a href=\"default.asp?menu=310\" class=\"broken_link\"><font size=\"2\">Tettsu Gikai<\/font><\/a> e transfeiru o Dhrama para <a href=\"default.asp?menu=665\" class=\"broken_link\"><font size=\"2\">Gasan Joseki<\/font><\/a> e <a href=\"default.asp?menu=664\" class=\"broken_link\"><font size=\"2\">Meiho Sotetsu<\/font><\/a>. <\/p>\n<p>Keisan foi o fundador do Monast&eacute;rio de Soji-ji e disseminou o Soto Zen amplamente entre os leigos japoneses. \u00c9 o autor do Keizan Shingi, o Denko-roku (que \u00e9 uma cole\u00e7\u00e3o das hist\u00f3rias de transmiss\u00e3o da escola Soto que preserva para n\u00f3s muitas hist\u00f3rias fascinantes sobre os 52 Patriarcas), Sankon Zazen Setsu, Zazen Yojinki (&#8220;Precau\u00e7\u00f5es para n\u00e3o ser enganado pelo Zazen&#8221;) Ele aparece em &#8220;Transmiss&atilde;o de Realidade&#8221; Caso 14.<\/p>\n<div style=\"text-align:right\"><a href=\"#inicio\"><font size=\"1\">Topo<\/font><\/a><\/div>\n<hr \/>\n<p align=center><b><font face=\"tahoma, verdana, arial\" size=4><br \/>\n<a name=\"b\">Biografia<\/a><\/font><sup>2<\/sup><\/b><\/p>\n<p>Keizan Jokin  \u00e9 mais conhecido por fundar Soji-ji na Pen\u00ednsula de Noto, que mais tarde se tornou um  templo de import\u00e2ncia igual a Eihei-ji. Esto templo foi transferido para Yokohama no s\u00e9culo 19 depois de queimar totalmente, embora o original tenha sido reconstru\u00eddo. O novo templo foi chamado &#8220;Soji-ji,&#8221; e o reconstru\u00eddo \u00e9 conhecido como Noto Soin, ou Soji-ji Soin. <\/p>\n<p>Keizan foi um Herdeiro de Dharma de <a href=\"default.asp?menu=310\" class=\"broken_link\"><font size=\"2\">Tettsu Gikai<\/font><\/a> e foi tamb\u00e9m abade de Daijo-ji. A figura \u00e9 de sua est\u00e1tua que pode ser encontrada no corredor dos fundadores de Daijo-jio. <\/p>\n<p>Keizan entre seus sucessores deixou  <a href=\"default.asp?menu=665\" class=\"broken_link\"><font size=\"2\">Gasan Joseki<\/font><\/a> que se tornou abade de Soji-ji e  <a href=\"default.asp?menu=664\" class=\"broken_link\"><font size=\"2\">Meiho Sotetsu<\/font><\/a>, que se tornou abade de Daijo-ji. Estes dois sucessores formaram duas linhagens importantes dentro do Soto Zen.<\/p>\n<div style=\"text-align:right\"><a href=\"#inicio\"><font size=\"1\">Topo<\/font><\/a><\/div>\n<hr \/>\n<p align=center><b><font face=\"tahoma, verdana, arial\" size=4><br \/>\n<a name=\"b\">Biografia<\/a><\/font><sup>3<\/sup><\/b><\/p>\n<p>Zenji Keizan nasceu 15 anos ap\u00f3s a morte de Zenji Dogen, na fam\u00edlia de Uryu em Echizen (atual Munic\u00edpio de Fukui) em 1268 (ou 1264 de acordo com uma outra teoria bastante confi\u00e1vel). <\/p>\n<p>Sua m\u00e3e, Ekan Daishi, era um fervorosa adimiradora de Kannon, o compassivo bodhisattva que jurou salvar todas as criaturas vivas e que \u00e9 capaz de assumir muitas formas para ensinar e liderar. Keizan cresceu sob a influ\u00eancia religiosa de sua m\u00e3e e sua av\u00f3, ambas ardentes devotas de Kannon.<\/p>\n<p>Com oito anos ele comunicou seu desejo de dedicar-se a vida religiosa. Quando seus pais recusaram a permiss\u00e3o, ele fez uma greve de fome. Finalmente, seus pais capitularam; e ele se tornou um novi\u00e7o no templo Eihei-ji. <\/p>\n<p>Zenji Gikai (1219-1309), ent\u00e3o primaz do templo, deu a ele o nome Jokin. Mais tarde Zenji Ejo (1198-1280) &#8212; um dos disc\u00edpulos principais do Zenji Dogen &#8212; uma vez mais se tornou primaz de Eihei-ji. Zenji Keizan estudou com ele at\u00e9 ser ordenado monge com a idade de 13 anos. Observando a dilig\u00eancia no treinamento de Zenji Keizan, Zenji Ejo disse que lamentava que nunca veria como o jovem monge ajudaria o budismo florescer. Com a morte de Zenji Ejo, Zenji Gikai se tornou novamente primaz em Eihei-ji. <\/p>\n<p>Em 1285, com 18 anos de idade, Zenji Keizan obteve permiss\u00e3o de Zenji Gikai para fazer uma extensa peregrina\u00e7\u00e3o. Primeiro ele visitou o templo que Hokyo-ji para ver Jakuen Zenji (1207-1299). Depois de acompanhar Dogen Zenji, a quem ele muito admirou, estudar com Rujing em Tiantongshan na China, Jakuen Zenji veio para o Jap\u00e3o para o Hokyo-ji. Sob sua disciplina rigorosa Zenji Keizan sentiu-se feliz por ter entrado no sacerd\u00f3cio. Zenji Jakuen deu a ele o importantepapel de supervisionaros monges em treinamento. <\/p>\n<hr \/>\n<ol type=\"1\">\n<li><font size=\"1\">Extra\u00eddo de &#8220;Ensinos do Mestre Zen Anzan Roshi&#8221;(texto compilado pelo Ven. Jinmyo Fleming ino e traduzido ao Portugu&ecirc;s por Claudio Miklos.<\/font><\/li>\n<li><font size=\"1\">Extra\u00eddo do site http:\/\/www.dharma-rain.org\/<\/font><\/li>\n<li><font size=\"1\">Extra\u00eddo do site http:\/\/www.sotozen-net<\/font><\/li>\n<\/ol>\n<hr \/>\n<div style=\"text-align:right\"><a href=\"#inicio\"><font size=\"2\">Topo<\/font><\/a><\/div>\n<hr \/>\n<p><font face=\"Comic Sans MS\" size=\"3\" color=\"#800000\"><a name=\"b\">Linhagem <font size=\"2\">(desde Sakiamuni Buda)<\/font><\/a><\/font><\/p>\n<div style=\"text-align:center\">\n<ol type=\"1\"><b><u>BUTSU<\/u><\/b><\/p>\n<li><a href=\"default.asp?menu=663\" class=\"broken_link\"><font size=\"1\">BIBASHI<\/font><\/a><\/li>\n<li><a href=\"default.asp?menu=663\" class=\"broken_link\"><font size=\"1\">SHIKI<\/font><\/a><\/li>\n<li><a href=\"default.asp?menu=663\" class=\"broken_link\"><font size=\"1\">BISHAFU<\/font><\/a>\n\t<\/li>\n<li><a href=\"default.asp?menu=663\" class=\"broken_link\"><font size=\"1\">KURUSON<\/font><\/a>\n\t<\/li>\n<li><a href=\"default.asp?menu=663\" class=\"broken_link\"><font size=\"1\">KUNAGONMUNI<\/font><\/a>\n\t<\/li>\n<li><a href=\"default.asp?menu=663\" class=\"broken_link\"><font size=\"1\">KASHO<\/font><\/a>\n \t<\/li>\n<li><a href=\"default.asp?menu=663\" class=\"broken_link\"><font size=\"1\">XAQUIAMUNI<\/font><\/a>\n<\/li>\n<\/ol>\n<\/div>\n<table width=\"100%\" border=\"0\">\n<tr>\n<td valign=\"top\">\n<ol type=\"1\"><b><u>\u00cdNDIA<\/u><\/b><\/p>\n<li><a href=\"http:\/\/www.nossacasa.net\/shunya\/mahakashyapa\/\">MAKAKASHO<\/a><\/li>\n<li><a href=\"http:\/\/www.nossacasa.net\/shunya\/ananda\/\">ANANDA<\/a><\/li>\n<li><a href=\"http:\/\/www.nossacasa.net\/shunya\/shanavasa\/\">SHONAWASHU<\/a><\/li>\n<li><a href=\"http:\/\/www.nossacasa.net\/shunya\/upagupta\/\">UBAGIKUTA<\/a><\/li>\n<li><a href=\"http:\/\/www.nossacasa.net\/shunya\/dhritaka\/\">DAITAKA<\/a><\/li>\n<li><a href=\"http:\/\/www.nossacasa.net\/shunya\/michaka\/\">MISHAKA<\/a><\/li>\n<li><a href=\"http:\/\/www.nossacasa.net\/shunya\/vasumitra\/\">BASHUMITSU<\/a><\/li>\n<li><a href=\"http:\/\/www.nossacasa.net\/shunya\/buddhananda\/\">BUTSUDANANDAI<\/a><\/li>\n<li><a href=\"http:\/\/www.nossacasa.net\/shunya\/buddhamitra\/\">FUDAMITA<\/a><\/li>\n<li><a href=\"http:\/\/www.nossacasa.net\/shunya\/parshvanatha\/\">BARISHIBA<\/a><\/li>\n<li><a href=\"http:\/\/www.nossacasa.net\/shunya\/punyayashas\/\">FUNAYASHYA<\/a><\/li>\n<li><a href=\"http:\/\/www.nossacasa.net\/shunya\/ashvagosha\/\">ANABOTEI<\/a><\/li>\n<li><a href=\"http:\/\/www.nossacasa.net\/shunya\/kapimala\/\">KABIMORA<\/a><\/li>\n<li><a href=\"http:\/\/www.nossacasa.net\/shunya\/nagarjuna\/\">NAGYAHARAJUNA<\/a><\/li>\n<li><a href=\"http:\/\/www.nossacasa.net\/shunya\/aryadeva\/\">KANADAIBA<\/a><\/li>\n<li><a href=\"http:\/\/www.nossacasa.net\/shunya\/rahulata\/\">RAGORATA<\/a><\/li>\n<li><a href=\"http:\/\/www.nossacasa.net\/shunya\/sanghanandi\/\">SOGYANANDAI<\/a><\/li>\n<li><a href=\"http:\/\/www.nossacasa.net\/shunya\/gayashata\/\">KAYSHATA<\/a><\/li>\n<li><a href=\"http:\/\/www.nossacasa.net\/shunya\/kumarata\/\">KUMORATA<\/a><\/li>\n<li><a href=\"http:\/\/www.nossacasa.net\/shunya\/jayata\/\">SHAYATA<\/a><\/li>\n<li><a href=\"http:\/\/www.nossacasa.net\/shunya\/vasubandhu\/\">BASHUBANZU<\/a><\/li>\n<li><a href=\"http:\/\/www.nossacasa.net\/shunya\/manorhita\/\">MANURA<\/a><\/li>\n<li><a href=\"http:\/\/www.nossacasa.net\/shunya\/haklenayasha\/\">KAKUROKUNA<\/a><\/li>\n<li><a href=\"http:\/\/www.nossacasa.net\/shunya\/aryasimha\/\">SHSISHIBODAI<\/a><\/li>\n<li><a href=\"http:\/\/www.nossacasa.net\/shunya\/basiasita\/\">BASHASHITA<\/a><\/li>\n<li><a href=\"http:\/\/www.nossacasa.net\/shunya\/punyamitra\/\">FUNYOMITA <\/a><\/li>\n<li><a href=\"http:\/\/www.nossacasa.net\/shunya\/prajnatara\/\">HANNYATARA <\/a><\/li>\n<\/ol>\n<\/td>\n<td valign=\"top\">\n<ol type=\"1\" start=\"28\"><b><u>CHINA<\/u><\/b><\/p>\n<li><a href=\"http:\/\/www.nossacasa.net\/shunya\/bodhidharma\/\">BODAIDARUMA<\/a><\/li>\n<li><a href=\"http:\/\/www.nossacasa.net\/shunya\/hui-ko\/\">TAISO EKA<\/a><\/li>\n<li><a href=\"http:\/\/www.nossacasa.net\/shunya\/seng-tsan\/\">KANCHI SOSAN<\/a><\/li>\n<li><a href=\"http:\/\/www.nossacasa.net\/shunya\/tao-hsin\/\">DAII DOSHIN<\/a><\/li>\n<li><a href=\"http:\/\/www.nossacasa.net\/shunya\/hung-jen\/\">DAIMAN KONIN<\/a><\/li>\n<li><a href=\"http:\/\/www.nossacasa.net\/shunya\/hueineng\/\">DAIKAN ENO<\/a><\/li>\n<li><a href=\"http:\/\/www.nossacasa.net\/shunya\/ching-yuan\/\">SEIGEN GYOSHI<\/a><\/li>\n<li><a href=\"http:\/\/www.nossacasa.net\/shunya\/shih-tou\/\">SEKITO KISEN<\/a><\/li>\n<li><a href=\"http:\/\/www.nossacasa.net\/shunya\/yaoshan-weiyan\/\">YAKUSAN IGEN<\/a><\/li>\n<li><a href=\"http:\/\/www.nossacasa.net\/shunya\/yun-yen-tan-sheng\/\">UNGAN DONJO<\/a><\/li>\n<li><a href=\"http:\/\/www.nossacasa.net\/shunya\/tung-shan-liang-chieh\/\">TOZAN RYOKAI<\/a><\/li>\n<li><a href=\"http:\/\/www.nossacasa.net\/shunya\/yun-chu-tao-ying\/\">UNGO DOYO<\/a><\/li>\n<li><a href=\"http:\/\/www.nossacasa.net\/shunya\/tao-pi\/\">DOAN DOHI<\/a><\/li>\n<li><a href=\"http:\/\/www.nossacasa.net\/shunya\/kuan-chih\/\">DOAN KANSHI<\/a><\/li>\n<li><a href=\"http:\/\/www.nossacasa.net\/shunya\/yuan-kuan\/\">RYOSAN ENKAN<\/a><\/li>\n<li><a href=\"http:\/\/www.nossacasa.net\/shunya\/ta-yang-ching-hsuan\/\">TAIYO KIYOGEN<\/a><\/li>\n<li><a href=\"http:\/\/www.nossacasa.net\/shunya\/tou-tzu-yi-ching\/\">TOSHI GISEI<\/a><\/li>\n<li><a href=\"http:\/\/www.nossacasa.net\/shunya\/fu-jung-tao-kai\/\">FUYO DOKAI<\/a><\/li>\n<li><a href=\"http:\/\/www.nossacasa.net\/shunya\/tan-hsia\/\">TANKA SHIJUN<\/a><\/li>\n<li><a href=\"http:\/\/www.nossacasa.net\/shunya\/wu-kung\/\">CHORO SEIRIYO<\/a><\/li>\n<li><a href=\"http:\/\/www.nossacasa.net\/shunya\/tsung-chueh\/6\">TENDO SOKAKU<\/a><\/li>\n<li><a href=\"http:\/\/www.nossacasa.net\/shunya\/hsue-tou\/\">SECCHO CHIKAN<\/a><\/li>\n<li><a href=\"http:\/\/www.nossacasa.net\/shunya\/tien-tung-ju-ching\/\">TENDO NYOJO<\/a><\/li>\n<\/ol>\n<\/td>\n<\/tr>\n<tr>\n<td valign=\"top\">\n<ol type=\"1\" start=\"51\"><b><u>JAP\u00c3O<\/u><\/b><\/p>\n<li><a href=\"http:\/\/www.nossacasa.net\/shunya\/eihei-dogen\/\">EIHEI DOGEN<\/a><\/li>\n<li><a href=\"http:\/\/www.nossacasa.net\/shunya\/koun-ejo\/\">KOUN EJO<\/a><\/li>\n<li><a href=\"http:\/\/www.nossacasa.net\/shunya\/tettsu-gikai\/\">TETSU GIKAI<\/a><\/li>\n<li><a href=\"http:\/\/www.nossacasa.net\/shunya\/keizan-jokin\/\">KEIZAN JOKIN<\/a><\/li>\n<\/ol>\n<\/td>\n<\/tr>\n<\/table>\n<hr \/>\n<div style=\"text-align:right\"><a href=\"#inicio\">Topo<\/a><\/div>\n<hr \/>\n<\/div>\n<p><\/font><\/p>\n<!-- AddThis Advanced Settings generic via filter on the_content --><!-- AddThis Share Buttons generic via filter on the_content -->","protected":false},"excerpt":{"rendered":"<p>Keizan Jokin (1268-1325) Refer\u00eancias\/Biografia\/Linhagem O Q&uuml;inquag&eacute;simo quarto Patriarca e da 3a.gera\u00e7\u00e3o dos sucessores de Dogen, sendo considerado o 4a. Patriarca da Escola Soto Zen japonesa. Refer\u00eancias1 Keizan Jokin, ordenado por Koun Ejo foi Herdeiro de Dharma de Tettsu Gikai e &hellip; <a href=\"http:\/\/www.nossacasa.net\/shunya\/keizan-jokin\/\">Continue lendo <span class=\"meta-nav\">&rarr;<\/span><\/a><!-- AddThis Advanced Settings generic via filter on get_the_excerpt --><!-- AddThis Share Buttons generic via filter on get_the_excerpt --><\/p>\n","protected":false},"author":1,"featured_media":2419,"parent":0,"menu_order":0,"comment_status":"closed","ping_status":"closed","template":"","meta":{"footnotes":""},"class_list":["post-2418","page","type-page","status-publish","has-post-thumbnail","hentry"],"_links":{"self":[{"href":"http:\/\/www.nossacasa.net\/shunya\/wp-json\/wp\/v2\/pages\/2418","targetHints":{"allow":["GET"]}}],"collection":[{"href":"http:\/\/www.nossacasa.net\/shunya\/wp-json\/wp\/v2\/pages"}],"about":[{"href":"http:\/\/www.nossacasa.net\/shunya\/wp-json\/wp\/v2\/types\/page"}],"author":[{"embeddable":true,"href":"http:\/\/www.nossacasa.net\/shunya\/wp-json\/wp\/v2\/users\/1"}],"replies":[{"embeddable":true,"href":"http:\/\/www.nossacasa.net\/shunya\/wp-json\/wp\/v2\/comments?post=2418"}],"version-history":[{"count":2,"href":"http:\/\/www.nossacasa.net\/shunya\/wp-json\/wp\/v2\/pages\/2418\/revisions"}],"predecessor-version":[{"id":2421,"href":"http:\/\/www.nossacasa.net\/shunya\/wp-json\/wp\/v2\/pages\/2418\/revisions\/2421"}],"wp:featuredmedia":[{"embeddable":true,"href":"http:\/\/www.nossacasa.net\/shunya\/wp-json\/wp\/v2\/media\/2419"}],"wp:attachment":[{"href":"http:\/\/www.nossacasa.net\/shunya\/wp-json\/wp\/v2\/media?parent=2418"}],"curies":[{"name":"wp","href":"https:\/\/api.w.org\/{rel}","templated":true}]}}