{"id":2598,"date":"2018-05-20T17:38:45","date_gmt":"2018-05-20T19:38:45","guid":{"rendered":"http:\/\/www.nossacasa.net\/shunya\/?page_id=2598"},"modified":"2020-07-11T18:10:05","modified_gmt":"2020-07-11T20:10:05","slug":"hakuun-ryoko","status":"publish","type":"page","link":"http:\/\/www.nossacasa.net\/shunya\/hakuun-ryoko\/","title":{"rendered":"Hakuun Ryoko"},"content":{"rendered":"<div style=\"text-align:justify\"><font face=\"Verdana\" size=\"2\"><br \/>\n<a name=\"inicio\"><\/a><a href=\"http:\/\/www.nossacasa.net\/shunya\/hakuun-ryoko\/hakuun-ryoko-yasutani-3\/\" rel=\"attachment wp-att-2600\"><img loading=\"lazy\" decoding=\"async\" src=\"http:\/\/www.nossacasa.net\/shunya\/wp-content\/uploads\/2018\/05\/Hakuun-Ryoko-Yasutani-1-174x300.png\" alt=\"\" width=\"174\" height=\"300\" class=\"alignleft size-medium wp-image-2600\" srcset=\"http:\/\/www.nossacasa.net\/shunya\/wp-content\/uploads\/2018\/05\/Hakuun-Ryoko-Yasutani-1-174x300.png 174w, http:\/\/www.nossacasa.net\/shunya\/wp-content\/uploads\/2018\/05\/Hakuun-Ryoko-Yasutani-1.png 280w\" sizes=\"auto, (max-width: 174px) 100vw, 174px\" \/><\/a><br \/>\n<b>Hakuun Ryoko Yasutani (1885-1973)<\/b><\/p>\n<hr \/>\n<p><a href=\"#a\">Refer\u00eancias<\/a><br \/>\n<a href=\"#b\">Biografia<\/a><br \/>\n<a href=\"#c\">por Philip Kapleau<\/a><br \/>\n<a href=\"#d\">por Charllote Joko Beck<\/a><br \/>\n<a href=\"#e\">Textos<\/a><br \/>\n<a href=\"#f\">Linhagem de Harada Daiun Sogaku<\/a><\/p>\n<hr \/>\n<p><a name=\"a\"><b>Refer\u00eancias<\/b><\/a><br \/>\nHakuun Yasutani recebeu a transmiss\u00e3o do Dharma de <a href=\"http:\/\/www.nossacasa.net\/shunya\/daiun-sogaku\/\">Harada Daiun Sogaku<\/a>, com quem fundou a  <a href=\"http:\/\/www.nossacasa.net\/shunya\/daiun-sogaku\/#c\">Escola Sanbo Kyodan<\/a>. <\/p>\n<p>Hakuun Yasutani transmitiu o Dharma para:<\/p>\n<ol type=\"1\">\n<li><a href=\"http:\/\/www.nossacasa.net\/shunya\/akira-kubota\/\">Akira Kubota<\/a>\n<\/li>\n<li>Brigitte Koun-an D&#8217;Ortschy (1921-1990)\n<\/li>\n<li><a href=\"http:\/\/www.nossacasa.net\/shunya\/koun-zenshin-yamada\/\">Koun Yamada<\/a>\n<\/li>\n<li>Myodo Ni Satomi (1896-1978)\n<\/li>\n<li><a href=\"http:\/\/www.nossacasa.net\/shunya\/philip-kapleau\/\">Philip Kapleau<\/a>\n<\/li>\n<li><a href=\"http:\/\/www.nossacasa.net\/shunya\/taizan-maezumi\/\">Taizan Hakuyu Maezumi<\/a>\n<\/li>\n<\/ol>\n<p>O nome completo de Roshi Yasutani era Roshi Hakuun (Nuvem Branca) Ryoko Yasutani. Por nove anos ele viajou para os Estados Unidos. Ele iria primeiro administrar sesshin no Hava\u00ed, ent\u00e3o viaja para Calif\u00f3rnia, e termina em Nova Iorque. Ele manteve esta carga de trabalho, respondendo todas cartas que ele recebia. Como dizia Roshi Yamada Koun, Roshi Yatsutani realizou algo que Daiun Sogaku havia defendido por longo tempo: quando a permiss\u00e3o finalmente foi dada pela  independ\u00eancia e separa\u00e7\u00e3o dos templos, ele separou-se da seita de Soto, adotando uma posi\u00e7\u00e3o de conex\u00e3o direta com Dogen Zenji. <\/p>\n<p align=center><b><font face=\"tahoma, verdana, arial\" size=4><a name=\"a\">Refer\u00eancias<\/a><sup>2<\/sup><\/font><\/b><\/p>\n<p>Hakuun Yasutan foi Herdeiro do Dharma de <a href=\"http:\/\/www.nossacasa.net\/shunya\/daiun-sogaku\/\">Daiun Sogaku<\/a> e transmitiu o Dharma para <a href=\"http:\/\/www.nossacasa.net\/shunya\/koun-zenshin-yamada\/\">Koun Yamada<\/a>.<\/p>\n<p>Hakuun Yasutani \u00e9 da 82<sup>a.<\/sup>gera\u00e7\u00e3o desde Buda, da 31<sup>a.<\/sup>gera\u00e7\u00e3o desde Dogen, da 28<sup>a.<\/sup>gera\u00e7\u00e3o da linhagem  <a href=\"http:\/\/www.nossacasa.net\/shunya\/meiho-sotetsu\/\">Meiho Sotetsu<\/a> e da 10<sup>a.<\/sup> gera\u00e7\u00e3o da &#8220;<i>Three Treasures Lineage<\/i>&#8220;(Linhagem dos Tr\u00eas Tesouros), iniciada por <a href=\"http:\/\/www.nossacasa.net\/shunya\/tokuho-ryoko\/\">Tokuo Ryoko<\/a>.<\/p>\n<div style=\"text-align:right\"><a href=\"#inicio\">Topo<\/a><\/div>\n<hr \/>\n<p><a name=\"b\"><b>Biografia<\/b><\/a><\/p>\n<p>O mestre Zen japon&ecirc;s Roshi Yasutani Hakunn nasceu em 1885. Com cinco anos de idade foi enviado para o templo Rinzai, Fukuji, situado ao p&eacute; do monte Fuji, perto da cidade de Numazu.<\/p>\n<p>Com a idade de 11 anos foi transferido para o templo Rinzai, Daichu-ji. Um ano mais tarde, ap&oacute;s uma altera&ccedil;&atilde;o com um companheiro de estudos foi transferido para o templo Soto, Teishin-ji, estudando com Yasutani Ryogi, de quem adotou o nome.<\/p>\n<p>Com a idade de dezesseis anos passou para o templo Soto Denshin-ji, em Shimoda, umas 75 milhas afastado na ponta da pen&iacute;nsula de Izu, onde continuou seus estudos e serviu como assistente de Zenji Nishiari Bokusan.<\/p>\n<p>Dos vinte aos quarenta anos continuou seus estudos e treinamento no Jap&atilde;o, viajando de templo em templo, encontrando-se com variados monges budistas e mestres Zen na sua busca pela verdade. <\/p>\n<p>Casou-se com trinta anos e mesmo sendo monge, como n&atilde;o havia nenhum templo dispon&iacute;vel, atuou 10 anos como professor e diretor na escola elementar. Neste &iacute;nterim teve 5 filhos. Mesmo durante este tempo continuou sua peregrina&ccedil;&atilde;o pelos templos procurando por um mestre genu&iacute;no.<\/p>\n<p>Em 1925, com quarenta anos, encontrou seu mestre e passou a dedicar todo seu tempo as atividades de monge da seita Soto, no templo Hosshin-ji, com o grande mestre Zen, das linhagens Soto e Rinzai,  <a href=\"http:\/\/www.nossacasa.net\/shunya\/daiun-sogaku\/\">Roshi Harada Daiun Sogaku<\/a>.<\/p>\n<p>Dois anos mais tarde sobre a supervis&atilde;o de Harada alcan&ccedil;ou o Kensho. Dezesseis anos depois, no dia 8 de abril de 1943, com 58 anos de idade recebeu o Inka.<\/p>\n<p>A partir do ver&atilde;o de 1962, Roshi Yasutani, fez a primeira de suas seis viagens aos Estados Unidos, que continuaram at&eacute; 1969. Na primeira visita em 1962, conduziu sesshins em Honolulu (Hava&iacute;), Los Angeles e Claremont (Calif&oacute;rnia), Wallingford (Pensilv&acirc;nia), Nova York, Boston, Massachusetts e Washington. Nas cinco visistas seguintes repetiu estas atividades.<\/p>\n<p>Yasutani Roshi morreu em 28 de mar\u00e7o de 1973.<\/p>\n<p>O que diferencia Roshi Yasutani de outros mestres contempor&acirc;neos do Zen foi a forma intensa, com que conseguiu sintetizar o que considerou melhor das seitas Rinzai e Soto, no processo de cria&ccedil;&atilde;o de uma nova linhagem do Zen que chamou de <i>Sanbo Kyodan<\/i>, &#8220;a participa&ccedil;&atilde;o dos tr&ecirc;s tesouros&#8221;, enfatizando o Koan e o Kensho suportados pelo Zazen e por Shikantaza.<\/p>\n<p><a href=\"http:\/\/www.nossacasa.net\/shunya\/daisetz-teitaro-suzuki\/\">D.T.Suzuki<\/a> e Roshi Yasutani foram sem d&uacute;vidas os personagens mais influentes na propaga&ccedil;&atilde;o do Zen moderno no Ocidente.<\/p>\n<hr \/>\n<div style=\"text-align:right\"><a href=\"#inicio\">Topo<\/a><\/div>\n<hr \/>\n<p><a name=\"c\"><b>NOTA BIOGR&Aacute;FICA SOBRE YASUTANI-ROSHI<\/b><\/a><br \/>\nAos oitenta anos o Mestre Zen Hakuun Yasutani est&aacute; prestes a embarcar para uma prolongada estada na Am&eacute;rica, a fim de expor o Dharma de Buda. Com este passo, evoca o esp&iacute;rito do famoso Bodhidharma, que nos &uacute;ltimos anos de sua vida voltam as costas &agrave; sua terra natal e encaminhou-se para long&iacute;nquas paragens, a fim de plantar a semente viva do budismo. Para Yasutani-roshi, por&eacute;m, este n&atilde;o &eacute; nada mais do que um dos acontecimentos importantes numa vida marcada por incompar&aacute;veis realiza&ccedil;&otilde;es.<\/p>\n<p>Desde seu septuag&eacute;simo quinto anivers&aacute;rio, escreveu e publicou cinco volumes completos de coment&aacute;rios sobre as cole&ccedil;&otilde;es de koan conhecidas por <i>\u2018Mumonkan&quot;, Hekigan-roku&quot;, &quot;Shoyo-roku&quot;, <\/i>e a <i>&quot;Denkoroku&quot;, <\/i>e sobre os <i>&quot;Cinco degraus do Tozan&quot; <\/i>(Go-i em japon&ecirc;s). Reunidas,, esta s&eacute;rie representa um fato &uacute;nico na moderna hist&oacute;ria do Zen.<\/p>\n<p>Estes escritos s&atilde;o apenas uma faceta da sua extensa atividade de ensino. Al&eacute;m de realizar <i>sesshin <\/i>mensais de tr&ecirc;s a sete dias no seu pr&oacute;prio templo nos sub&uacute;rbios de T&oacute;quio, e sesshin peri&oacute;dicos em Kyushu e Hokkaido, extremos sul e norte do Jap&atilde;o, cada semana dirige um grande n&uacute;mero de sesshin de um dia <i>(zazenkai) <\/i>na &aacute;rea do grande T&oacute;quio. Entre outros lugares, contam-se uma grande universidade, diversas f&aacute;bricas, a academia de autodefesa, e diversos templos.<\/p>\n<p>Por duas vezes viajou para o Ocidente. Na sua primeira visita &agrave; Am&eacute;rica em 1962 realizou sesshin de quatro a sete dias em Honolulu, Los Angeles, Calif&oacute;rnia, Wallingford, Pensilv&acirc;nia, Nova-Iorque, Boston e Washington D.C. No ano seguinte repetiu os sesshin na Am&eacute;rica, aumentando suas atividades e incluindo confer&ecirc;ncias sobre o Zen na Inglaterra, na Fran&ccedil;a e na Alemanha.<\/p>\n<p>Esposo, pai, professor e finalmente mestre Zen, Hakuun Yasutani n&atilde;o alcan&ccedil;ou sua posi&ccedil;&atilde;o atual fugindo aos sofrimentos e alegrias que ocorrem na vida do homem comum, mas antes experienciando-os e transcendendo-os. Neste ponto sua vida reflete o ideal do mahayana de que a autopercep&ccedil;&atilde;o tanto &eacute; poss&iacute;vel para o chefe de fam&iacute;lia como para o monge celibat&aacute;rio.<\/p>\n<p>Yasutani-roshi nasceu de uma piedosa m&atilde;e budista e de um pai propriet&aacute;rio de uma pastelaria numa pequena aldeia. Com cinco anos raspou sua cabe&ccedil;a, simbolizando sua admiss&atilde;o no monaquismo budista. Depois seus pais, conforme o costume das fam&iacute;lias devotas daquele tempo, mandaram-no habitar num templo, para que absorvesse a atmosfera religiosa e fosse influenciado na dire&ccedil;&atilde;o do sacerd&oacute;cio.<\/p>\n<p>Permaneceu neste templo at&eacute; os doze anos, fazendo os servi&ccedil;os de ne&oacute;fito, freq&uuml;entando uma escola prim&aacute;ria e recebendo instru&ccedil;&otilde;es sobre os fundamentos do budismo do sacerdote principal. Completando seus treze anos, tornou-se novi&ccedil;o de um grande templo Soto. Freq&uuml;entou em seguida dois anos mais de estudos numa escola p&uacute;blica, cinco anos num semin&aacute;rio dirigido pela seita Soto, e finalmente quatro anos numa escola de treinamento de professores.<\/p>\n<p>Hakuun Yasutani casou-se com trinta anos e come&ccedil;ou a formar sua fam&iacute;lia, que cresceu at&eacute; o n&uacute;mero de cinco filhos. Nominalmente sacerdote, ocupou a posi&ccedil;&atilde;o de Mestre numa escola prim&aacute;ria para sustentar sua fam&iacute;lia que crescia, uma vez que n&atilde;o conseguiu lugar em templo algum. Ensinou por mais cinco anos e, promovido a diretor, serviu ainda quatro anos nessa mesma escola.<\/p>\n<p>Apesar dos encargos de criar uma fam&iacute;lia de cinco e das exig&ecirc;ncias de sua fun&ccedil;&atilde;o, por todos aqueles anos continuou, sob v&aacute;rios mestres, o zazen que iniciara h&aacute; muitos anos passados, mais exatamente, na idade de quinze anos. Uma vez que estes mestres eram reconhecidamente os melhores da seita Soto, o fato de tratarem do <i>satori <\/i>nos seus princ&iacute;pios gerais mais indeterminados, levou a que sua realiza&ccedil;&atilde;o concreta parecesse remota e quim&eacute;rica. Sentiu sempre a necessidade de um mestre genu&iacute;no, uma figura semelhante a Buda que orientasse seus p&eacute;s para a verdadeira trilha. Com quarenta anos encontrou-o finalmente com <a href=\"http:\/\/www.nossacasa.net\/shunya\/daiun-sogaku\/\">Harada-rosh&iacute;<\/a><\/font>, e com este contato sua vida tomou um rumo decisivo.<\/p>\n<p>Abandonou o cargo de diretor, tornou-se sacerdote de fato, tanto quanto de nome, come&ccedil;ou a freq&uuml;entar regularmente os sesshin no Mosteiro de Harada-roshi, Hosshin-ji. Logo no seu primeiro sesshin obteve o &quot;kensho&quot; com o koan Mu.<\/p>\n<p>Yasutani-roshi tinha cinq&uuml;enta e oito anos quando Harada-roshi lhe deu a carta de aprova&ccedil;&atilde;o <i>(&quot;inka shomei&#8217;)<\/i>e o nomeou sucessor do Dharma. Esta prova de estima significava que era profunda a sua percep&ccedil;&atilde;o espiritual, alto seu car&aacute;ter moral e aprovada sua capacidade de ensinar.<\/p>\n<p>Como seu modesto templo, Yasutani-roshi &eacute; simples e natural. Suas duas refei&ccedil;&otilde;es di&aacute;rias n&atilde;o incluem nem carne, peixe e ovos, nem &aacute;lcool. Pode ser visto freq&uuml;entemente caminhando apressado por T&oacute;quio, numa veste andrajosa e sapatos de t&ecirc;nis em dire&ccedil;&atilde;o a um encontro de zazen com seus livros de confer&ecirc;ncias numa bolsa atirada &agrave;s costas, ou em p&eacute; num trem de segunda classe suburbano superlotando Na sua extrema simplicidade, e indiferen&ccedil;a pelo requinte, riqueza ou fama, caminha nas pegadas de uma fileira de mestres Zen ilustres.<\/p>\n<hr \/>\n<div style=\"text-align:right\"><a href=\"#inicio\">Topo<\/a><\/div>\n<hr \/>\n<p><a name=\"d\"><b>por Charlotte Joko Beck<\/b><\/a><\/p>\n<p>Na d&eacute;cada de 60, Hakuun Yasutani Roshi come&ccedil;ou uma s&eacute;rie de visitas anuais para pregar o <i>dharma <\/i>nos Estados Unidos. Em cada visita, conduzia <i>sesshins <\/i>que duravam uma semana inteira, na parte sul da Calif&oacute;rnia. Como tantos outros que come&ccedil;aram a pr&aacute;tica zen com Yasutani Roshi durante tais visitas, comecei a praticar intensamente com ele, por sete dias, todos os anos, e, no resto do ano, continuava meu <i>zazen <\/i>por conta pr&oacute;pria. Aqueles <i>sesshins <\/i>eram bastante dif&iacute;ceis para mim, e devo acrescentar que, se alguma vez houve uma pr&aacute;tica confusa, foi a minha. Entretanto, ter a oportunidade de estudar com ele, mesmo que fosse por sete dias a cada ano, e ver o que ele era: humilde, suave, vigoroso, espont&acirc;neo \u2014 era o suficiente para manter-me nesse caminho.<\/p>\n<p>Ele j&aacute; era muito idoso quando o conheci, perto dos oitenta e tantos anos, e apresentava algumas dificuldades f&iacute;sicas. Quando entrava no <i>zendo, <\/i>ficava atenta para ver se ele conseguia chegar at&eacute; o lugar em que se sentava. Um homenzinho mi&uacute;do, curvado, entrando na sala. Quando come&ccedil;ava a falar sobre <i>dharma, <\/i>eu n&atilde;o conseguia acreditar! Era como uma corrente el&eacute;trica percorrendo a sala: a vitalidade, a espontaneidade, a devo&ccedil;&atilde;o total. N&atilde;o importava o que ele dizia, nem o fato de precisar de int&eacute;rprete. Sua presen&ccedil;a em si revelava o <i>dharma: <\/i>n&atilde;o se podia esquec&ecirc;-lo depois de t&ecirc;-lo visto uma s&oacute; vez.<\/p>\n<p>Duas qualidades em Yasutani Roshi impressionaram-me profundamente. Eu diria que ele era, ao mesmo tempo, luminoso e comum. Se olh&aacute;ssemos em seus olhos durante uma entrevista formal, ver&iacute;amos que ali n&atilde;o existia nada, era como um espa&ccedil;o de milhares de quil&ocirc;metros vazios. Era espantoso. Por&eacute;m, de alguma forma, naquele espa&ccedil;o aberto havia a cura total.<\/p>\n<p>Fora do <i>zendo <\/i>ele era apenas um homenzinho igual a todos, indo de um lado para outro com sua vassoura, de cal&ccedil;as enroladas, comendo cenoura. Ele adorava cenoura.<\/p>\n<p>Yasutani Roshi foi minha primeira experi&ecirc;ncia do que &eacute; um verdadeiro mestre zen e foi uma experi&ecirc;ncia de muita humildade, porque ele era muito humilde. Irradiavam-se dele liberdade, espontaneidade e compaix&atilde;o, a j&oacute;ia que todos n&oacute;s buscamos com nossas pr&oacute;prias pr&aacute;ticas. Entretanto, precisamos tomar cuidado para n&atilde;o buscar a j&oacute;ia no lugar errado, fora de n&oacute;s, e assim ficaremos sem ver que nossa vida em si &eacute; a j&oacute;ia, talvez ainda em estado bruto, mas j&aacute; perfeita, completa e inteira.<\/p>\n<hr \/>\n<p>Fontes:<\/p>\n<ol type=\"1\">\n<li>&#8220;Zen Buddhism &#8211; Hakuin School&#8221;<br \/>\nwww.ciolek.com\/WWWVLPages\/ZenPages\/Hakuin.html<\/li>\n<li>http:\/\/www.ysdharma.org\/ourzen.htm.<\/li>\n<li>>http:\/\/www.impermanent.net\/zcboston\/lineage.html<\/li>\n<li>>&#8221;Os tr&ecirc;s pilares do Zen&#8221; de Philip Kapleau<\/li>\n<\/ol>\n<hr \/>\n<div style=\"text-align:right\"><a href=\"#inicio\">Topo<\/a><\/div>\n<hr \/>\n<p><a name=\"e\"><b>Textos<\/b><\/a><br \/>\n<a href=\"default.asp?menu=68\" class=\"broken_link\">Zazen &#8211; Como sentar<\/a><br \/>\n<a href=\"default.asp?menu=69\" class=\"broken_link\">Zazen &#8211; Concentrando a mente<\/a><br \/>\n<a href=\"default.asp?menu=70\" class=\"broken_link\">Kinhin &#8211; medita\u00e7\u00e3o caminhando<\/a><br \/>\n<a href=\"default.asp?menu=72\" class=\"broken_link\">Shikantaza<\/a><br \/>\n<a href=\"default.asp?menu=329\" class=\"broken_link\">Vis\u00f5es ilus\u00f3rias<\/a><br \/>\n<a href=\"default.asp?menu=330\" class=\"broken_link\">As cinco variedades do Zen<\/a><br \/>\n<a href=\"default.asp?menu=331\" class=\"broken_link\">Os tr&ecirc;s elementos essenciais da pr&aacute;tica do zen<\/a><br \/>\n<a href=\"default.asp?menu=332\" class=\"broken_link\">Coment\u00e1rios sobre o koan Mu<\/a><\/p>\n<hr \/>\n<div style=\"text-align:right\"><a href=\"#inicio\">Topo<\/a><\/div>\n<hr \/>\n<p><a name=\"f\">Linhagem de Harada Daiun Sogaku desde Saquiamuni <\/a><\/p>\n<div style=\"text-align:center\">\n<ol type=\"1\"><b><u>BUTSU<\/u><\/b><\/p>\n<li><a href=\"http:\/\/www.nossacasa.net\/shunya\/buda\/\">BIBASHI<\/a><\/li>\n<li><a href=\"http:\/\/www.nossacasa.net\/shunya\/buda\/\">SHIKI<\/a><\/li>\n<li><a href=\"http:\/\/www.nossacasa.net\/shunya\/buda\/\">BISHAFU<\/a><\/li>\n<li><a href=\"http:\/\/www.nossacasa.net\/shunya\/buda\/\">KURUSON<\/a><\/li>\n<li><a href=\"http:\/\/www.nossacasa.net\/shunya\/buda\/\">KUNAGONMUNI<\/a><\/li>\n<li><a href=\"http:\/\/www.nossacasa.net\/shunya\/buda\/\">KASHO<\/a><\/li>\n<li><a href=\"http:\/\/www.nossacasa.net\/shunya\/buda\/\">XAQUIAMUNI<\/a><\/li>\n<\/ol>\n<\/div>\n<table width=\"100%\" border=\"0\">\n<tr>\n<td valign=\"top\">\n<ol type=\"1\"><b><u>\u00cdNDIA<\/u><\/b><\/p>\n<li><a href=\"http:\/\/www.nossacasa.net\/shunya\/mahakashyapa\/\">MAKAKASHO<\/a><\/li>\n<li><a href=\"http:\/\/www.nossacasa.net\/shunya\/ananda\/\">ANANDA<\/a><\/li>\n<li><a href=\"http:\/\/www.nossacasa.net\/shunya\/shanavasa\/\">SHONAWASHU<\/a><\/li>\n<li><a href=\"http:\/\/www.nossacasa.net\/shunya\/upagupta\/\">UBAGIKUTA<\/a><\/li>\n<li><a href=\"http:\/\/www.nossacasa.net\/shunya\/dhritaka\/\">DAITAKA<\/a><\/li>\n<li><a href=\"http:\/\/www.nossacasa.net\/shunya\/michaka\/\">MISHAKA<\/a><\/li>\n<li><a href=\"http:\/\/www.nossacasa.net\/shunya\/vasumitra\/\">BASHUMITSU<\/a><\/li>\n<li><a href=\"http:\/\/www.nossacasa.net\/shunya\/buddhananda\/\">BUTSUDANANDAI<\/a><\/li>\n<li><a href=\"http:\/\/www.nossacasa.net\/shunya\/buddhamitra\/\">FUDAMITA<\/a><\/li>\n<li><a href=\"http:\/\/www.nossacasa.net\/shunya\/parshvanatha\/\">BARISHIBA<\/a><\/li>\n<li><a href=\"http:\/\/www.nossacasa.net\/shunya\/punyayashas\/\">FUNAYASHYA<\/a><\/li>\n<li><a href=\"http:\/\/www.nossacasa.net\/shunya\/ashvagosha\/\">ANABOTEI<\/a><\/li>\n<li><a href=\"http:\/\/www.nossacasa.net\/shunya\/kapimala\/\">KABIMORA<\/a><\/li>\n<li><a href=\"http:\/\/www.nossacasa.net\/shunya\/nagarjuna\/\">NAGYAHARAJUNA<\/a><\/li>\n<li><a href=\"http:\/\/www.nossacasa.net\/shunya\/aryadeva\/\">KANADAIBA<\/a><\/li>\n<li><a href=\"http:\/\/www.nossacasa.net\/shunya\/rahulata\/\">RAGORATA<\/a><\/li>\n<li><a href=\"http:\/\/www.nossacasa.net\/shunya\/sanghanandi\/\">SOGYANANDAI<\/a><\/li>\n<li><a href=\"http:\/\/www.nossacasa.net\/shunya\/gayashata\/\">KAYSHATA<\/a><\/li>\n<li><a href=\"http:\/\/www.nossacasa.net\/shunya\/kumarata\/\">KUMORATA<\/a><\/li>\n<li><a href=\"http:\/\/www.nossacasa.net\/shunya\/jayata\/\">SHAYATA<\/a><\/li>\n<li><a href=\"http:\/\/www.nossacasa.net\/shunya\/vasubandhu\/\">BASHUBANZU<\/a><\/li>\n<li><a href=\"http:\/\/www.nossacasa.net\/shunya\/manorhita\/\">MANURA<\/a><\/li>\n<li><a href=\"http:\/\/www.nossacasa.net\/shunya\/haklenayasha\/\">KAKUROKUNA<\/a><\/li>\n<li><a href=\"http:\/\/www.nossacasa.net\/shunya\/aryasimha\/\">SHSISHIBODAI<\/a><\/li>\n<li><a href=\"http:\/\/www.nossacasa.net\/shunya\/basiasita\/\">BASHASHITA<\/a><\/li>\n<li><a href=\"http:\/\/www.nossacasa.net\/shunya\/punyamitra\/\">FUNYOMITA <\/a><\/li>\n<li><a href=\"http:\/\/www.nossacasa.net\/shunya\/prajnatara\/\">HANNYATARA <\/a><\/li>\n<\/ol>\n<\/td>\n<td valign=\"top\">\n<ol type=\"1\" start=\"28\"><b><u>CHINA<\/u><\/b><\/p>\n<li><a href=\"http:\/\/www.nossacasa.net\/shunya\/bodhidharma\/\">BODAIDARUMA<\/a><\/li>\n<li><a href=\"http:\/\/www.nossacasa.net\/shunya\/hui-ko\/\">TAISO EKA<\/a><\/li>\n<li><a href=\"http:\/\/www.nossacasa.net\/shunya\/seng-tsan\/\">KANCHI SOSAN<\/a><\/li>\n<li><a href=\"http:\/\/www.nossacasa.net\/shunya\/tao-hsin\/\">DAII DOSHIN<\/a><\/li>\n<li><a href=\"http:\/\/www.nossacasa.net\/shunya\/hung-jen\/\">DAIMAN KONIN<\/a><\/li>\n<li><a href=\"http:\/\/www.nossacasa.net\/shunya\/hueineng\/\">DAIKAN ENO<\/a><\/li>\n<li><a href=\"http:\/\/www.nossacasa.net\/shunya\/ching-yuan\/\">SEIGEN GYOSHI<\/a><\/li>\n<li><a href=\"http:\/\/www.nossacasa.net\/shunya\/shih-tou\/\">SEKITO KISEN<\/a><\/li>\n<li><a href=\"http:\/\/www.nossacasa.net\/shunya\/yaoshan-weiyan\/\">YAKUSAN IGEN<\/a><\/li>\n<li><a href=\"http:\/\/www.nossacasa.net\/shunya\/yun-yen-tan-sheng\/\">UNGAN DONJO<\/a><\/li>\n<li><a href=\"http:\/\/www.nossacasa.net\/shunya\/tung-shan-liang-chieh\/\">TOZAN RYOKAI<\/a><\/li>\n<li><a href=\"http:\/\/www.nossacasa.net\/shunya\/yun-chu-tao-ying\/\">UNGO DOYO<\/a><\/li>\n<li><a href=\"http:\/\/www.nossacasa.net\/shunya\/tao-pi\/\">DOAN DOHI<\/a><\/li>\n<li><a href=\"http:\/\/www.nossacasa.net\/shunya\/kuan-chih\/\">DOAN KANSHI<\/a><\/li>\n<li><a href=\"http:\/\/www.nossacasa.net\/shunya\/yuan-kuan\/\">RYOSAN ENKAN<\/a><\/li>\n<li><a href=\"http:\/\/www.nossacasa.net\/shunya\/ta-yang-ching-hsuan\/\">TAIYO KIYOGEN<\/a><\/li>\n<li><a href=\"http:\/\/www.nossacasa.net\/shunya\/tou-tzu-yi-ching\/\">TOSHI GISEI<\/a><\/li>\n<li><a href=\"http:\/\/www.nossacasa.net\/shunya\/fu-jung-tao-kai\/\">FUYO DOKAI<\/a><\/li>\n<li><a href=\"http:\/\/www.nossacasa.net\/shunya\/tan-hsia\/\">TANKA SHIJUN<\/a><\/li>\n<li><a href=\"http:\/\/www.nossacasa.net\/shunya\/wu-kung\/\">CHORO SEIRIYO<\/a><\/li>\n<li><a href=\"http:\/\/www.nossacasa.net\/shunya\/tsung-chueh\/6\">TENDO SOKAKU<\/a><\/li>\n<li><a href=\"http:\/\/www.nossacasa.net\/shunya\/hsue-tou\/\">SECCHO CHIKAN<\/a><\/li>\n<li><a href=\"http:\/\/www.nossacasa.net\/shunya\/tien-tung-ju-ching\/\">TENDO NYOJO<\/a><\/li>\n<\/ol>\n<\/td>\n<\/tr>\n<tr>\n<td valign=\"top\">\n<ol type=\"1\" start=\"51\"><b><u>JAP\u00c3O<\/u><\/b><\/p>\n<li><a href=\"http:\/\/www.nossacasa.net\/shunya\/eihei-dogen\/\">EIHEI DOGEN<\/a><\/li>\n<li><a href=\"http:\/\/www.nossacasa.net\/shunya\/koun-ejo\/\">KOUN EJO<\/a><\/li>\n<li><a href=\"http:\/\/www.nossacasa.net\/shunya\/tettsu-gikai\/\">TETSU GIKAI<\/a><\/li>\n<li><a href=\"http:\/\/www.nossacasa.net\/shunya\/keizan-jokin\/\">KEIZAN JOKIN<\/a><\/li>\n<li><a href=\"http:\/\/www.nossacasa.net\/shunya\/meiho-sotetsu\/\">MEIHO SOTETSU<\/a><\/li>\n<li><a href=\"http:\/\/www.nossacasa.net\/shunya\/shugan-dochin\/\">SHUGAN DOCHIN<\/a><\/li>\n<li><a href=\"http:\/\/www.nossacasa.net\/shunya\/tetsuzan-shikaku\/\">TETSUZAN SHIKAKU<\/a><\/li>\n<li><a href=\"http:\/\/www.nossacasa.net\/shunya\/keigen-eisho\/\">KEIGAN EISHO<\/a><\/li>\n<li><a href=\"http:\/\/www.nossacasa.net\/shunya\/chuzan-ryohun\/\">CHUZAN RYOHUN<\/a><\/li>\n<li><a href=\"http:\/\/www.nossacasa.net\/shunya\/gisan-tonin\/\">GISAN TONIN<\/a><\/li>\n<li><a href=\"http:\/\/www.nossacasa.net\/shunya\/shogaku-kenryu\/\">SHOGAKU KENRYU<\/a><\/li>\n<li><a href=\"http:\/\/www.nossacasa.net\/shunya\/kinen-horyu\/\">KINEN HORYU<\/a><\/li>\n<li><a href=\"http:\/\/www.nossacasa.net\/shunya\/teishitsu-chisen\/\">TEISHITSU CHISEN<\/a><\/li>\n<li><a href=\"http:\/\/www.nossacasa.net\/shunya\/kokei-shojun\/\">KOKEI SHOJUN<\/a><\/li>\n<li><a href=\"http:\/\/www.nossacasa.net\/shunya\/sekiso-juho\/\">SEKISO YUHO<\/a><\/li>\n<li><a href=\"http:\/\/www.nossacasa.net\/shunya\/kaiten-genju\/\">KAITEN GENJU<\/a><\/li>\n<li><a href=\"http:\/\/www.nossacasa.net\/shunya\/shuzan-shunsho\/\">SHUZAN SHUNSHO<\/a><\/li>\n<li><a href=\"http:\/\/www.nossacasa.net\/shunya\/chozan-giketsu\/\">CHOZAN GIKETSU<\/a><\/li>\n<li><a href=\"http:\/\/www.nossacasa.net\/shunya\/fukushu-koshi\/\">FUKUSHU KOCHI<\/a><\/li>\n<li><a href=\"http:\/\/www.nossacasa.net\/shunya\/myodo-yuton\/\">MYODO YUTON<\/a><\/li>\n<li><a href=\"http:\/\/www.nossacasa.net\/shunya\/hakuho-gentekki\/\">HAKUHO GENTEKI<\/a><\/li>\n<li><a href=\"http:\/\/www.nossacasa.net\/shunya\/gesshu-soko\/\">GESSHU SOKO<\/a><\/li>\n<li><a href=\"http:\/\/www.nossacasa.net\/shunya\/tokuho-ryoko\/\">TOKUO RYOKO<\/a><\/li>\n<li><a href=\"http:\/\/www.nossacasa.net\/shunya\/mokushi-soen\/\">MOKUSHI SOEN<\/a><\/li>\n<li><a href=\"http:\/\/www.nossacasa.net\/shunya\/sekiso-tesshu\/\">SEKISO TESSHU<\/a><\/li>\n<li><a href=\"http:\/\/www.nossacasa.net\/shunya\/ryuko-ryoshu\/\">RYUKO RYOSHU<\/a><\/li>\n<li><a href=\"http:\/\/www.nossacasa.net\/shunya\/renzan-soho\/\">RENZAN SOHO<\/a><\/li>\n<li><a href=\"http:\/\/www.nossacasa.net\/shunya\/motsugai-shido\/\">MOTSUGAI SHIDO<\/a><\/li>\n<li><a href=\"http:\/\/www.nossacasa.net\/shunya\/gukei-youn\/\">GUKEI YOUN<\/a><\/li>\n<li><a href=\"http:\/\/www.nossacasa.net\/shunya\/kakusho-sodo\/\">KAKUSHO SODO<\/a><\/li>\n<li><a href=\"http:\/\/www.nossacasa.net\/shunya\/daiun-sogaku\/\">DAIUN SOGAKU<\/a><\/li>\n<li><a href=\"http:\/\/www.nossacasa.net\/shunya\/hakuun-ryoko\/\">HAKUUN RYOKO<\/a><\/li>\n<\/ol>\n<\/td>\n<\/tr>\n<\/table>\n<hr \/>\n<div style=\"text-align:right\"><a href=\"#inicio\">Topo<\/a><\/div>\n<hr \/>\n<\/div>\n<!-- AddThis Advanced Settings generic via filter on the_content --><!-- AddThis Share Buttons generic via filter on the_content -->","protected":false},"excerpt":{"rendered":"<p>Hakuun Ryoko Yasutani (1885-1973) Refer\u00eancias Biografia por Philip Kapleau por Charllote Joko Beck Textos Linhagem de Harada Daiun Sogaku Refer\u00eancias Hakuun Yasutani recebeu a transmiss\u00e3o do Dharma de Harada Daiun Sogaku, com quem fundou a Escola Sanbo Kyodan. Hakuun Yasutani &hellip; <a href=\"http:\/\/www.nossacasa.net\/shunya\/hakuun-ryoko\/\">Continue lendo <span class=\"meta-nav\">&rarr;<\/span><\/a><!-- AddThis Advanced Settings generic via filter on get_the_excerpt --><!-- AddThis Share Buttons generic via filter on get_the_excerpt --><\/p>\n","protected":false},"author":1,"featured_media":2600,"parent":0,"menu_order":0,"comment_status":"closed","ping_status":"closed","template":"","meta":{"footnotes":""},"class_list":["post-2598","page","type-page","status-publish","has-post-thumbnail","hentry"],"_links":{"self":[{"href":"http:\/\/www.nossacasa.net\/shunya\/wp-json\/wp\/v2\/pages\/2598","targetHints":{"allow":["GET"]}}],"collection":[{"href":"http:\/\/www.nossacasa.net\/shunya\/wp-json\/wp\/v2\/pages"}],"about":[{"href":"http:\/\/www.nossacasa.net\/shunya\/wp-json\/wp\/v2\/types\/page"}],"author":[{"embeddable":true,"href":"http:\/\/www.nossacasa.net\/shunya\/wp-json\/wp\/v2\/users\/1"}],"replies":[{"embeddable":true,"href":"http:\/\/www.nossacasa.net\/shunya\/wp-json\/wp\/v2\/comments?post=2598"}],"version-history":[{"count":8,"href":"http:\/\/www.nossacasa.net\/shunya\/wp-json\/wp\/v2\/pages\/2598\/revisions"}],"predecessor-version":[{"id":4526,"href":"http:\/\/www.nossacasa.net\/shunya\/wp-json\/wp\/v2\/pages\/2598\/revisions\/4526"}],"wp:featuredmedia":[{"embeddable":true,"href":"http:\/\/www.nossacasa.net\/shunya\/wp-json\/wp\/v2\/media\/2600"}],"wp:attachment":[{"href":"http:\/\/www.nossacasa.net\/shunya\/wp-json\/wp\/v2\/media?parent=2598"}],"curies":[{"name":"wp","href":"https:\/\/api.w.org\/{rel}","templated":true}]}}