{"id":2765,"date":"2018-05-21T18:02:54","date_gmt":"2018-05-21T20:02:54","guid":{"rendered":"http:\/\/www.nossacasa.net\/shunya\/?page_id=2765"},"modified":"2018-05-21T18:03:21","modified_gmt":"2018-05-21T20:03:21","slug":"pai-chang-huai-huai","status":"publish","type":"page","link":"http:\/\/www.nossacasa.net\/shunya\/pai-chang-huai-huai\/","title":{"rendered":"Pai Chang Huai Huai"},"content":{"rendered":"<p><font face=\"Verdana\" size=\"2\"><\/p>\n<div style=\"text-align:justify\">\n<a name=\"inicio\"><\/a><a href=\"http:\/\/www.nossacasa.net\/shunya\/?attachment_id=2766\" rel=\"attachment wp-att-2766\"><img loading=\"lazy\" decoding=\"async\" src=\"http:\/\/www.nossacasa.net\/shunya\/wp-content\/uploads\/2018\/05\/Pai-Chang-Huai-Huai-300x225.jpg\" alt=\"\" width=\"300\" height=\"225\" class=\"alignleft size-medium wp-image-2766\" srcset=\"http:\/\/www.nossacasa.net\/shunya\/wp-content\/uploads\/2018\/05\/Pai-Chang-Huai-Huai-300x225.jpg 300w, http:\/\/www.nossacasa.net\/shunya\/wp-content\/uploads\/2018\/05\/Pai-Chang-Huai-Huai.jpg 320w\" sizes=\"auto, (max-width: 300px) 100vw, 300px\" \/><\/a><font size=\"4\"><b>Pai Chang Huai Huai (749-814)<\/b><\/font><br \/>\n<a href=\"#a\">Refer\u00eancias<\/a><br \/>\n<a href=\"#b\">Varenne<\/a><br \/>\n<a href=\"#c\">Nam Huai-Chin<\/a><br \/>\n<a href=\"#d\">Disc\u00edpulos<\/a><br \/>\n<a href=\"#e\">Textos<\/a><br \/>\n<a href=\"#f\">Linhagem<\/a><\/p>\n<p align=center><b><font face=\"tahoma, verdana, arial\" size=4><br \/>\n<a name=\"a\">Refer\u00eancias<\/a><\/font><sup>1<\/sup><\/b><\/p>\n<p>Pai-Chang Huai-hai (Hyakujo Ekai) foi um mestre ch&#8217;an, que recebeu a transmiss\u00e3o do Dharma de <a href=\"default.asp?menu=155\" class=\"broken_link\"><font size=\"2\">Ma-tsu<\/font><\/a><\/div>\n<p><\/font> e transmitiu o Dharma para <a href=\"default.asp?menu=157\" class=\"broken_link\"><font size=\"2\">Huang-po<\/font><\/a>, mestre de Rinzai.<br \/>\nPai-Chang \u00e9 o personagemm do segundo koan no mumonkan (Raposa de Hyakujo) raposa do Hyakujo \u00e9 considerado um do mais complexo koans contendo v\u00e1rios hua-tou (wato).<\/p>\n<p>Pai-Chang foi o fundador do Ch&#8217;an como uma tradi\u00e7\u00e3o mon\u00e1stica e estabeleceu as regras para a vida monastica no Ch&#8217;an e para as rotinas di\u00e1rias, como pr\u00e1tica de trabalho, refei\u00e7\u00f5es, zazen, etc. Ele conhecido por ter dito:, &#8220;Um dia sem trabalho \u00e9 um dia sem comida.&#8221; Ele enfatizou a import\u00e2ncia de combinar  a pr\u00e1tica do Zazen com o trabalho di\u00e1rio e tamb\u00e9m a import\u00e2ncia do estudo do sutra.<\/p>\n<p>Pai Chang escreveu ainda o <i>Tun-wu ju-Tao yao-men-lung<\/i>* que \u00e9 um texto sobre a &#8220;ilumina\u00e7\u00e3o s\u00fabita.&#8221;<br \/>\n*The Zen Teaching of Hua Hai on Sudden Illumination (London 1962&#8211;J. Blofeld)<\/p>\n<hr \/>\n<p align=center><b><font face=\"tahoma, verdana, arial\" size=4><br \/>\n<a name=\"a\">Refer\u00eancias<\/a><\/font><sup>2<\/sup><\/b><\/p>\n<p>Baizhang Huaihai (Pai-chang Huai-hai, Hyakujo Ekai), 720-814. <br \/>\nDazhi (Tao-chih) &eacute; um t&iacute;tulo p&oacute;stumo. Um Herdeiro de Dharma de <a href=\"default.asp?menu=155\" class=\"broken_link\"><font size=\"2\">Mazu Daoyi<\/font><\/a>. Entre seus Herdeiros de Dharma incluem Guishan Lingyu e <a href=\"default.asp?menu=157\" class=\"broken_link\"><font size=\"2\">Huangbo<\/font><\/a>. Baizhang &eacute; creditado por ter criado a base para o shingi ou regras de comportamento usadas hoje em monast&eacute;rios Zen. Seus ensinos e ditos foram traduzidas em The Zen Teaching of Huai-Hai on Sudden Illumination por John Blofeld, Rider and Co., 1962 e Sayings and Doings of Pai-Chang por Thomas Cleary, Center Publications, 1978. Yunyen Tansheng estudou com Baizhang durante vinte anos pratindo para estudar com Yaoshan depois da morte de Baizhhang, por conselho de Daowu. Ele aparece em &#8220;Registros do Precip&iacute;cio Azul&#8221; 26, 53, 70, 71, 72, &#8220;Registros do Sil&ecirc;ncio&#8221; 8, e &#8220;Gateless Gate&#8221; 2, 40. Ver o Shinjin Gakudo de Dogen, Chiji Shingi.<\/p>\n<hr \/>\n<div style=\"text-align:right\"><a href=\"#inicio\"><font size=\"2\">Topo<\/font><\/a><\/div>\n<p><\/p>\n<div style=\"text-align:right\"><a name=\"b\"><b>Jean-Michel Varenne<\/b><sup>3<\/sup><\/a><\/div>\n<p align=\"JUSTIFY\">Lendo os contos e hist&oacute;rias do Zen, podemos supor que a vida dos monges decorria de uma maneira quase anarquista, sem regras e sem cerim&ocirc;nias.<\/p>\n<p align=\"JUSTIFY\">N&atilde;o &eacute; verdade. Uma disciplina rigorosa geria a vida nos monast&eacute;rios. O esp&iacute;rito s&oacute; revela sua verdadeira medida, s&oacute; se expande livremente, libertando-se de seus apegos e conflitos sob coer&ccedil;&atilde;o.<\/p>\n<p align=\"JUSTIFY\">Fi&eacute;is &agrave;s escrituras (notadamente &agrave; <i>vinaya, <\/i>regra mon&aacute;stica institu&iacute;da pelo Buda), os mestres do Tch\u2019an prop&otilde;em uma vida simples fundamentada nos trabalhos manuais e obrigat&oacute;ria para todos, sem exce&ccedil;&atilde;o.<\/p>\n<p align=\"JUSTIFY\">Deve-se a Huai Huai a codifica&ccedil;&atilde;o do sistema mon&aacute;stico que haveria de prevalecer na China por s&eacute;culos e preserv&aacute;-lo da grande repress&atilde;o enfrentada pelo budismo em 845.<\/p>\n<p align=\"JUSTIFY\">Os mandarins confucionistas nunca puderam incriminar os praticantes do Tch\u2019an, que sempre viveram pobres, longe da pol&iacute;tica, subsistindo &agrave; custa do trabalho manual, sem mendic&acirc;ncia ou amparo oficial, afastados da Corte e das intrigas palacianas (nas quais se envolveram outras seitas budistas).<\/p>\n<p align=\"JUSTIFY\">A frase de Huai Huai: &#8220;Um dia sem trabalhar, um dia sem comer&#8221;, &eacute; observada ainda em nossos dias pelos monges japoneses Soto e Rinzai.<\/p>\n<p align=\"JUSTIFY\">De alguma forma, ela garantia a autenticidade da pr&aacute;tica cotidiana, protegendo-a das influ&ecirc;ncias exteriores e das intrigas mundanas.<\/p>\n<p align=\"JUSTIFY\">Huai Huai insistia particularmente na observ&acirc;ncia das normas morais. Provam-no os votos pronunciados pelos novi&ccedil;os:<\/p>\n<p>\u2014 N&atilde;o matar.<br \/>\n\u2014 N&atilde;o roubar.<br \/>\n\u2014 N&atilde;o cometer o pecado sexual.<br \/>\n\u2014 N&atilde;o mentir nem tagarelar.<br \/>\n\u2014 N&atilde;o comer fora do hor&aacute;rio das refei&ccedil;&otilde;es.<br \/>\n\u2014 N&atilde;o possuir ouro ou outros bens.<br \/>\n\u2014 N&atilde;o sentar nem dormir numa cama alta e larga.<\/p>\n<p align=\"JUSTIFY\">A mera enuncia&ccedil;&atilde;o dessa regra desmente os coment&aacute;rios de certos exegetas &#8220;modernos&#8221; que tentam impingir a imagem de um Tch\u2019an &#8220;anarquista&#8221;, sen&atilde;o\u2019 \u2018ateu&#8221;&#8230;<\/p>\n<p align=\"JUSTIFY\">Apesar da petul&acirc;ncia e liberalidade de seu linguajar, de seus serm&otilde;es grosseiros, os mestres Tch\u2019an n&atilde;o deixavam de ser religiosos, budistas cheios de f&eacute;, presos a uma regra e a uma ascese monacal muito exigente.<\/p>\n<hr \/>\n<div style=\"text-align:right\"><a href=\"#inicio\"><font size=\"2\">Topo<\/font><\/a><\/div>\n<p><\/p>\n<div style=\"text-align:right\"><a name=\"c\"><b>Nam Huai-Chin<\/b><sup>4<\/sup><\/a><\/div>\n<p>\n<b><font face=\"Verdana\" size=\"3\"><\/p>\n<p align=\"CENTER\">Biografia do Mestre Zen Baizhang<\/p>\n<p><\/font><br \/>\n<\/b><\/p>\n<p align=\"JUSTIFY\">Segundo consta na <i>Gaoseng Zhuan <\/i>ou <i>Biografias de Monges Eminentes <\/i>obra da dinastia Sung:<\/p>\n<p><dir><\/p>\n<p align=\"JUSTIFY\">O monge budista [Baizhang] Huaihai era origin&aacute;rio da prov&iacute;ncia Fujian. Na juventude ele abandonou a casa decadente [da exist&ecirc;ncia mundana] e viajou para muitos centros Zen. Era de natureza espont&acirc;nea e n&atilde;o seguia o impulso de outros. Tendo escutado que <a href=\"default.asp?menu=155\" class=\"broken_link\"><font size=\"2\">Mazu<\/font><\/a> come&ccedil;ara a lecionar em Nankang, decidiu tornar-se seu disc&iacute;pulo. Foi at&eacute; ele vazio e voltou cheio, e tornou-se de fato um iniciado Zen, um artes&atilde;o da escola Zen.<\/p>\n<p align=\"JUSTIFY\">Em seguida, patronos fi&eacute;is do Budismo convidaram Huaihai para estabelecer resid&ecirc;ncia em Xinwujie. L&aacute; havia uma montanha &iacute;ngreme de uns trinta mil metros, que foi denominada o Promont&oacute;rio de Baizhang (Baizhang significa uma medida chinesa equivalente a uns trinta mil metros). Quando Huaihai vivia l&aacute;, viajantes Zen vinham de perto e de longe, enchendo o sal&atilde;o de ensino.<\/p>\n<p align=\"JUSTIFY\">Baizhang dizia: &#8220;Estamos praticando o Mahayana Dharma. Como ent&atilde;o poder&iacute;amos seguir as pr&aacute;ticas disciplinares das escrituras Hinayana?&#8221; Algu&eacute;m ent&atilde;o lhe perguntou: &#8220;H&aacute; preceitos disciplinares no <i>Yogacharabhumi Shastra <\/i>e na Escritura sobre a<b> <\/b><i>Guirlanda dos Feitos Fundamentais dos Bodhisattvas. <\/i>Por que n&atilde;o os seguimos?&#8221;<\/p>\n<p align=\"JUSTIFY\">Baizhang retrucou: &#8220;Tenho estudado amplamente as escrituras Hinayana e Mahayana e combinei elementos de ambas para estabelecer um conjunto de regras e deveres e usei o que elas apresentam de bom. Por isso, decidi n&atilde;o seguir o velho sistema de disciplina, mas montar um separado para as comunidades Zen.&#8221;.<\/p>\n<p align=\"JUSTIFY\">Desde que <a href=\"default.asp?menu=147\" class=\"broken_link\"><font size=\"2\">Bodhidharma<\/font> <\/a> transmitiu o Dharma para a China at&eacute; o Sexto Patriarca, aqueles que atingiam a vis&atilde;o do Dharma denominavam-se &#8220;anci&atilde;os&#8221;. &Eacute; o mesmo que acontece na pr&aacute;tica das regi&otilde;es ao oeste (&Aacute;sia central e &Iacute;ndia), onde chamam aqueles<\/p>\n<p align=\"JUSTIFY\">que foram monges por muito tempo e alcan&ccedil;aram uma posi&ccedil;&atilde;o elevada no Caminho por um nome que tem a conota&ccedil;&atilde;o de &#8220;anci&atilde;o&#8221;. Todavia, muitos monges que vivem em templos Vinaya acham que os outros templos budistas s&atilde;o desviados.<\/p>\n<p align=\"JUSTIFY\">Segundo Baizhang, n&atilde;o fazia diferen&ccedil;a a posi&ccedil;&atilde;o de um monge, todos deviam ir ao sal&atilde;o, onde era instalado um longo e cont&iacute;nuo banco de medita&ccedil;&atilde;o com suportes de madeira para que eles pendurassem suas mochilas, tigelas e mantos. Ao deitar, os monges tinham que usar um travesseiro inclinado, o que era chamado dormir com uma espada. Os que tinham ficado em medita&ccedil;&atilde;o por longo tempo s&oacute; podiam fazer um breve descanso. Os monges deviam praticar a medita&ccedil;&atilde;o da manh&atilde; &agrave; noite, fazendo as refei&ccedil;&otilde;es nas horas apropriadas.<\/p>\n<p align=\"JUSTIFY\">Baizhang transmitiu aos monges disciplina e frugalidade. Instituiu a pr&aacute;tica do chamado geral ao trabalho e ensinou que todos os monges, de alta ou baixa categoria, deviam trabalhar em bases iguais. O mais velho da comunidade morava em um quarto de um metro quadrado, como o quarto de Vimalakirti. Os templos Zen n&atilde;o deveriam ter um santu&aacute;rio com a imagem de Buda, mas somente um sal&atilde;o do Dharma, mostrando que o Dharma vai al&eacute;m da express&atilde;o verbal e das imagens. As outras regras [dispostas por Baizhang] eram o dobro mais r&iacute;gidas do que as ensinadas pelos mestres Vinaya.<\/p>\n<p align=\"JUSTIFY\">Todas as comunidades Zen da China submeteram-se &agrave;s <i>Regras Puras <\/i>de Baizhang assim como o pasto se inclina com o vento. As pr&aacute;ticas especiais da escola Zen tiveram in&iacute;cio com Baizhang.<\/p>\n<p align=\"JUSTIFY\">Baizhang morreu no nono ano da era Yuanhe (814 d. C.), no d&eacute;cimo s&eacute;timo dia do primeiro m&ecirc;s, quando tinha oitenta e cinco anos. Nascera no d&eacute;cimo sexto ano da era Kaiyuan [728]. No primeiro ano da era Changch\u2019ing do Imperador Mazong [821], ele recebeu o t&iacute;tulo de &#8220;Mestre Zen de Grande Sabedoria&#8221; emitido por decreto imperial.<\/p>\n<p><\/dir><\/p>\n<div style=\"text-align:center\">\n<hr width=\"50%\"\/><\/div>\n<p><b><\/p>\n<p align=\"CENTER\">A Ilumina&ccedil;&atilde;o do Mestre Zen Baizhang<\/p>\n<p><\/b><\/p>\n<p align=\"JUSTIFY\">A hist&oacute;ria Zen denominada <i>&#8220;O Registro do Apontar para a Lua&#8221; (Zhi Yue Lu) <\/i>diz: <\/p>\n<p align=\"JUSTIFY\">O mestre Zen Huaihai da Montanha Baizhang em Hongzhou era origin&aacute;rio de Changle em Fuzhou, filho da fam&iacute;lia Wang.<\/p>\n<p align=\"JUSTIFY\">Quando menino, acompanhou a m&atilde;e a um templo onde se curvaram diante de uma imagem de Buda. Apontando para a imagem, ele perguntou: &#8220;Quem &eacute; este?&#8221; e sua m&atilde;e respondeu, &#8220;Buda&#8221;. Ele disse, &#8220;Em forma ele n&atilde;o &eacute; diferente de um homem. Mais tarde eu tamb&eacute;m serei um buda.&#8221;<\/p>\n<p align=\"JUSTIFY\">Quando jovem ele deixou para tr&aacute;s a vida mundana e praticava os tr&ecirc;s estudos de disciplina,, concentra&ccedil;&atilde;o e sabedoria. Estudou com Mazu e serviu como seu assistente. Sempre que os doadores faziam oferendas de comida vegetariana, assim que Baizhang levantava a tampa da tigela, Mazu pegava um bolinho e mostrando-o &agrave; assembl&eacute;ia dizia, &#8220;O que &eacute; isto?&#8221;, ato repetido muitas vezes.<\/p>\n<p align=\"JUSTIFY\">Certo dia, quando Baizhang acompanhava Mazu numa caminhada, eles avistaram um bando de patos selvagens voando. Mazu perguntou &#8220;O que &eacute; aquilo?&#8221; Baizhang disse, &#8220;Patos selvagens&#8221;; &#8220;Patos selvagens&#8221;, repetiu Mazu, &#8220;Para onde foram?&#8221; e Baizhang respondeu, &#8220;Voaram por aqui&#8221;. Mazu ent&atilde;o torceu o nariz de Baizhang que gemeu de dor. Mazu disse, &#8220;Voc&ecirc; insiste que eles voaram?&#8221; E com estas palavras Baizhang teve um <i>instght, <\/i>intuindo a verdade.<\/p>\n<p align=\"JUSTIFY\">Baizhang voltou chorando ao alojamento dos assistentes. Outro assistente lhe perguntou, &#8220;Est&aacute; pensando em seus pais?&#8221; ao que Baizhang respondeu &#8220;N&atilde;o&#8221;. &#8220;Algu&eacute;m o repreendeu?&#8221; ao que Baizhang respondeu &#8220;N&atilde;o&#8221;. &#8220;Ent&atilde;o por que est&aacute; chorando?&#8221; e Baizhang disse, &#8220;O mestre torceu meu nariz e ainda est&aacute; doendo.&#8221; O outro assistente perguntou, &#8220;Houve algum desentendimento?&#8221; ao que Baizhang retrucou, &#8220;V&aacute; voc&ecirc; mesmo perguntar ao mestre.&#8221; O assistente foi perguntar a Mazu, &#8220;Houve algum desentendimento com o assistente Huaihai? Ele voltou ao alojamento chorando. Mestre, espero que possa me explicar por qu&ecirc;.&#8221;. Mazu falou, &#8220;Ele compreende. V&aacute; perguntar a ele.&#8221; Ao voltar para o alojamento, o assistente disse a Baizhang, &#8220;Nosso mestre diz que voc&ecirc; compreende e me pediu que lhe perguntasse.&#8221; Baizhang ent&atilde;o caiu na gargalhada. O outro assistente reagiu, &#8220;Um momento atr&aacute;s voc&ecirc; chorava, por que est&aacute; rindo agora?&#8221; ao que Baizhang respondeu, &#8220;Um momento atr&aacute;s eu chorava e agora estou rindo.&#8221; O outro assistente ficou perplexo.<\/p>\n<p align=\"JUSTIFY\">No dia seguinte, quando Mazu dirigiu-se ao assento do mestre [no sal&atilde;o do Dharma], assim que a congrega&ccedil;&atilde;o se reuniu, Baizhang veio &agrave; frente e desenrolou sua esteira. Mazu ent&atilde;o abandonou seu assento. Logo depois Baizhang foi aos aposentos particulares de Mazu e escutou as palavras dele, &#8220;Agora mesmo, por que voc&ecirc; desenrolou sua esteira antes que eu tivesse pregado o Dharma?&#8221; Baizhang disse, &#8220;Ontem o mestre torceu meu nariz e doeu.&#8221; Mazu perguntou, &#8220;Onde &eacute; que guardava sua mente ontem?&#8221; ao que Baizhang retrucou, &#8220;Hoje meu nariz j&aacute; n&atilde;o d&oacute;i.&#8221; Mazu disse, &#8220;Voc&ecirc; entende profundamente o neg&oacute;cio de ontem.&#8221; Baizhang saudou-o retirando-se.<\/p>\n<p align=\"JUSTIFY\">Em outra ocasi&atilde;o, quando Baizhang atendia Mazu, os olhos de Mazu pousaram no bast&atilde;o pendurado no canto do banco de medita&ccedil;&atilde;o. Baizhang disse, &#8220;Voc&ecirc; funciona em fus&atilde;o com isto ou desapegado disto?&#8221; Mazu respondeu, &#8220;No futuro, quando abrir a boca, o que usar&aacute; para ensinar as pessoas?&#8221; Baizhang pegou o bast&atilde;o, segurando-o ereto. Mazu disse, &#8220;Vai funcionar desapegado disto ou em fus&atilde;o com isto?&#8221; Baizhang pendurou o bast&atilde;o onde estivera antes. Mazu deu um grito impressionante, que deixou Baizhang surdo por tr&ecirc;s dias.<\/p>\n<p align=\"JUSTIFY\">N&atilde;o muito depois disto, quando Baizhang estava na montanha Daxiong, sua habita&ccedil;&atilde;o ficava num penhasco &iacute;ngreme e por isto se chamava Baizhang. Os alunos iam at&eacute; ele aos bandos. Certo dia, Baizhang disse &agrave; assembl&eacute;ia, &#8220;O Dharma de Buda n&atilde;o &eacute; coisa pequena. No passado Mazu deu um grito que me deixou surdo por tr&ecirc;s dias.&#8221;<\/p>\n<ol type=\"1\">\n<li><font size=\"1\">Extra\u00eddo do site http:\/\/www.kaihan.com\/.<\/font><\/li>\n<li><font size=\"1\">Extra\u00eddo de &#8220;Ensinos do Mestre Zen Anzan Roshi&#8221;(texto compilado pelo Ven. Jinmyo Fleming ino e traduzido ao Portugu&ecirc;s por Claudio Miklos.<\/font><\/li>\n<li><font size=\"1\">Extra\u00eddo de &#8220;O Zen&#8221; de Jean-Michel Varenne<\/font><\/li>\n<li><font size=\"1\">Extra\u00eddo de &#8220;Breve hist&oacute;ria do budismo&#8221; de Nam Huai-Chin<\/font><\/li>\n<\/ol>\n<hr \/>\n<div style=\"text-align:right\"><a href=\"#inicio\"><font size=\"2\">Topo<\/font><\/a><\/div>\n<p><\/p>\n<div style=\"text-align:center\"><a name=\"d\"><b>Disc\u00edpulos<\/b><\/a><\/div>\n<p>Entre os disc\u00edpulos de Pai Chang Huai Huai est\u00e3o: <a href=\"default.asp?menu=157\" class=\"broken_link\"><font size=\"2\">Huang-po Eu-ts&#8217;un<\/font><\/a>, <a href=\"default.asp?menu=243\" class=\"broken_link\"><font size=\"2\">Tao-wu Yuan-chih<\/font><\/a>, <a href=\"default.asp?menu=245\" class=\"broken_link\"><font size=\"2\">Kuei-shan Ling-yu<\/font><\/a>, <a href=\"default.asp?menu=247\" class=\"broken_link\"><font size=\"2\">Yun-yen T&#8217;an-sheng<\/font><\/a> e <a href=\"default.asp?menu=249\" class=\"broken_link\"><font size=\"2\">Ch&#8217;ang-ch&#8217;ing Ta-an<\/font><\/a>.<\/p>\n<hr \/>\n<p><font face=\"Comic Sans MS\" size=\"3\" color=\"#800000\"><a name=\"e\">Textos<\/a><\/font><br \/>\n<a href=\"default.asp?menu=175\" class=\"broken_link\"><font size=\"2\">Vinte Regras Essenciais para a Comunidade Zen<\/font><\/a><\/p>\n<hr \/>\n<div style=\"text-align:right\"><a href=\"#inicio\">Topo<\/a><\/div>\n<hr \/>\n<div style=\"text-align:right\"><a href=\"#inicio\"><font size=\"2\">Topo<\/font><\/a><\/div>\n<p><font face=\"Comic Sans MS\" size=\"3\" color=\"#800000\"><a name=\"e\">Linhagem Rinzai de Koryu Osaka<\/a><\/font><\/p>\n<table width=\"100%\" border=\"0\">\n<tr>\n<td valign=\"top\">\n<ol type=\"1\"><b><u>\u00cdNDIA<\/u><\/b><\/p>\n<li><a href=\"http:\/\/www.nossacasa.net\/shunya\/mahakashyapa\/\">MAKAKASHO<\/a><\/li>\n<li><a href=\"http:\/\/www.nossacasa.net\/shunya\/ananda\/\">ANANDA<\/a><\/li>\n<li><a href=\"http:\/\/www.nossacasa.net\/shunya\/shanavasa\/\">SHONAWASHU<\/a><\/li>\n<li><a href=\"http:\/\/www.nossacasa.net\/shunya\/upagupta\/\">UBAGIKUTA<\/a><\/li>\n<li><a href=\"http:\/\/www.nossacasa.net\/shunya\/dhritaka\/\">DAITAKA<\/a><\/li>\n<li><a href=\"http:\/\/www.nossacasa.net\/shunya\/michaka\/\">MISHAKA<\/a><\/li>\n<li><a href=\"http:\/\/www.nossacasa.net\/shunya\/vasumitra\/\">BASHUMITSU<\/a><\/li>\n<li><a href=\"http:\/\/www.nossacasa.net\/shunya\/buddhananda\/\">BUTSUDANANDAI<\/a><\/li>\n<li><a href=\"http:\/\/www.nossacasa.net\/shunya\/buddhamitra\/\">FUDAMITA<\/a><\/li>\n<li><a href=\"http:\/\/www.nossacasa.net\/shunya\/parshvanatha\/\">BARISHIBA<\/a><\/li>\n<li><a href=\"http:\/\/www.nossacasa.net\/shunya\/punyayashas\/\">FUNAYASHYA<\/a><\/li>\n<li><a href=\"http:\/\/www.nossacasa.net\/shunya\/ashvagosha\/\">ANABOTEI<\/a><\/li>\n<li><a href=\"http:\/\/www.nossacasa.net\/shunya\/kapimala\/\">KABIMORA<\/a><\/li>\n<li><a href=\"http:\/\/www.nossacasa.net\/shunya\/nagarjuna\/\">NAGYAHARAJUNA<\/a><\/li>\n<li><a href=\"http:\/\/www.nossacasa.net\/shunya\/aryadeva\/\">KANADAIBA<\/a><\/li>\n<li><a href=\"http:\/\/www.nossacasa.net\/shunya\/rahulata\/\">RAGORATA<\/a><\/li>\n<li><a href=\"http:\/\/www.nossacasa.net\/shunya\/sanghanandi\/\">SOGYANANDAI<\/a><\/li>\n<li><a href=\"http:\/\/www.nossacasa.net\/shunya\/gayashata\/\">KAYSHATA<\/a><\/li>\n<li><a href=\"http:\/\/www.nossacasa.net\/shunya\/kumarata\/\">KUMORATA<\/a><\/li>\n<li><a href=\"http:\/\/www.nossacasa.net\/shunya\/jayata\/\">SHAYATA<\/a><\/li>\n<li><a href=\"http:\/\/www.nossacasa.net\/shunya\/vasubandhu\/\">BASHUBANZU<\/a><\/li>\n<li><a href=\"http:\/\/www.nossacasa.net\/shunya\/manorhita\/\">MANURA<\/a><\/li>\n<li><a href=\"http:\/\/www.nossacasa.net\/shunya\/haklenayasha\/\">KAKUROKUNA<\/a><\/li>\n<li><a href=\"http:\/\/www.nossacasa.net\/shunya\/aryasimha\/\">SHSISHIBODAI<\/a><\/li>\n<li><a href=\"http:\/\/www.nossacasa.net\/shunya\/basiasita\/\">BASHASHITA<\/a><\/li>\n<li><a href=\"http:\/\/www.nossacasa.net\/shunya\/punyamitra\/\">FUNYOMITA <\/a><\/li>\n<li><a href=\"http:\/\/www.nossacasa.net\/shunya\/prajnatara\/\">HANNYATARA <\/a><\/li>\n<\/ol>\n<\/td>\n<td valign=\"top\">\n<ol type=\"1\" start=\"28\"><b><u>CHINA<\/u><\/b><\/p>\n<li><a href=\"http:\/\/www.nossacasa.net\/shunya\/bodhidharma\/\">BODAIDARUMA<\/a><\/li>\n<li><a href=\"http:\/\/www.nossacasa.net\/shunya\/hui-ko\/\">TAISO EKA<\/a><\/li>\n<li><a href=\"http:\/\/www.nossacasa.net\/shunya\/seng-tsan\/\">KANCHI SOSAN<\/a><\/li>\n<li><a href=\"http:\/\/www.nossacasa.net\/shunya\/tao-hsin\/\">DAII DOSHIN<\/a><\/li>\n<li><a href=\"http:\/\/www.nossacasa.net\/shunya\/hung-jen\/\">DAIMAN KONIN<\/a><\/li>\n<li><a href=\"http:\/\/www.nossacasa.net\/shunya\/hueineng\/\">DAIKAN ENO<\/a><\/li>\n<li><a href=\"http:\/\/www.nossacasa.net\/shunya\/nan-yueh-haui-jang\/\">NAN-YUEH HAUI-JANG<\/a><\/li>\n<li><a href=\"http:\/\/www.nossacasa.net\/shunya\/ma-tsu-tao-i\/\">MA-TSU TAO-I<\/a><\/li>\n<li><a href=\"http:\/\/www.nossacasa.net\/shunya\/pai-chang-huai-huai\/\">PAI CHANG HUAI HUAI<\/a><\/li>\n<\/ol>\n<\/td>\n<\/tr>\n<\/table>\n<hr \/>\n<div style=\"text-align:right\"><a href=\"#inicio\">Topo<\/a><\/div>\n<hr \/>\n<!-- AddThis Advanced Settings generic via filter on the_content --><!-- AddThis Share Buttons generic via filter on the_content -->","protected":false},"excerpt":{"rendered":"<p>Pai Chang Huai Huai (749-814) Refer\u00eancias Varenne Nam Huai-Chin Disc\u00edpulos Textos Linhagem Refer\u00eancias1 Pai-Chang Huai-hai (Hyakujo Ekai) foi um mestre ch&#8217;an, que recebeu a transmiss\u00e3o do Dharma de Ma-tsu e transmitiu o Dharma para Huang-po, mestre de Rinzai. Pai-Chang \u00e9 &hellip; <a href=\"http:\/\/www.nossacasa.net\/shunya\/pai-chang-huai-huai\/\">Continue lendo <span class=\"meta-nav\">&rarr;<\/span><\/a><!-- AddThis Advanced Settings generic via filter on get_the_excerpt --><!-- AddThis Share Buttons generic via filter on get_the_excerpt --><\/p>\n","protected":false},"author":1,"featured_media":2766,"parent":0,"menu_order":0,"comment_status":"closed","ping_status":"closed","template":"","meta":{"footnotes":""},"class_list":["post-2765","page","type-page","status-publish","has-post-thumbnail","hentry"],"_links":{"self":[{"href":"http:\/\/www.nossacasa.net\/shunya\/wp-json\/wp\/v2\/pages\/2765","targetHints":{"allow":["GET"]}}],"collection":[{"href":"http:\/\/www.nossacasa.net\/shunya\/wp-json\/wp\/v2\/pages"}],"about":[{"href":"http:\/\/www.nossacasa.net\/shunya\/wp-json\/wp\/v2\/types\/page"}],"author":[{"embeddable":true,"href":"http:\/\/www.nossacasa.net\/shunya\/wp-json\/wp\/v2\/users\/1"}],"replies":[{"embeddable":true,"href":"http:\/\/www.nossacasa.net\/shunya\/wp-json\/wp\/v2\/comments?post=2765"}],"version-history":[{"count":2,"href":"http:\/\/www.nossacasa.net\/shunya\/wp-json\/wp\/v2\/pages\/2765\/revisions"}],"predecessor-version":[{"id":2768,"href":"http:\/\/www.nossacasa.net\/shunya\/wp-json\/wp\/v2\/pages\/2765\/revisions\/2768"}],"wp:featuredmedia":[{"embeddable":true,"href":"http:\/\/www.nossacasa.net\/shunya\/wp-json\/wp\/v2\/media\/2766"}],"wp:attachment":[{"href":"http:\/\/www.nossacasa.net\/shunya\/wp-json\/wp\/v2\/media?parent=2765"}],"curies":[{"name":"wp","href":"https:\/\/api.w.org\/{rel}","templated":true}]}}