{"id":2769,"date":"2018-05-21T18:08:23","date_gmt":"2018-05-21T20:08:23","guid":{"rendered":"http:\/\/www.nossacasa.net\/shunya\/?page_id=2769"},"modified":"2020-07-15T18:39:24","modified_gmt":"2020-07-15T20:39:24","slug":"huang-po","status":"publish","type":"page","link":"http:\/\/www.nossacasa.net\/shunya\/huang-po\/","title":{"rendered":"Huang-Po (? -850)"},"content":{"rendered":"<p><font face=\"Verdana\" size=\"2\"><\/p>\n<div style=\"text-align:justify\">\n<a name=\"inicio\"><font size=\"4\"><a href=\"http:\/\/www.nossacasa.net\/shunya\/?attachment_id=2770\" rel=\"attachment wp-att-2770\"><img loading=\"lazy\" decoding=\"async\" src=\"http:\/\/www.nossacasa.net\/shunya\/wp-content\/uploads\/2018\/05\/Huang-Po-251x300.gif\" alt=\"\" width=\"251\" height=\"300\" class=\"alignleft size-medium wp-image-2770\" \/><\/a><b>Huang-Po (morto em 850)<\/b><\/font><\/a><br \/>\n<a href=\"#a\"><font size=\"1\">Refer\u00eancias<\/font><\/a><br \/>\n<a href=\"#b\"><font size=\"1\">Kapleau<\/font><\/a><br \/>\n<a href=\"#c\"><font size=\"1\">Varenne<\/font><\/a><br \/>\n<a href=\"#d\"><font size=\"1\">Disc\u00edpulos<\/font><\/a><br \/>\n<a href=\"#e\"><font size=\"1\">Textos<\/font><\/a><br \/>\n<a href=\"#f\"><font size=\"1\">Linhagem<\/font><\/a><\/p>\n<p align=center><b><font face=\"tahoma, verdana, arial\" size=4><br \/>\n<a name=\"a\">Refer\u00eancias<\/a><\/font><sup>1<\/sup><\/b><\/p>\n<p>Huang-po (Obaku) foi um mestre ch&#8217;an que recebeu a transmiss\u00e3o do Dharma de <a href=\"default.asp?menu=156\" class=\"broken_link\"><font size=\"2\">Pai-Chang<\/font><\/a><\/div>\n<p><\/font> e transmitiu o Dharma para <a href=\"default.asp?menu=149\" class=\"broken_link\"><font size=\"2\">Lin-chi<\/font><\/a> que iniciou a linhagem Rinzai.<\/p>\n<p>Huang-po teve<a href=\"#d\"><font size=\"2\"> treze herdeiros de Dharma<\/font><\/a> e \u00e9 um antepassado da tradi\u00e7\u00e3o Rinzai. Huang-po foi primeiro monge em Monte Huang-po, pr\u00f3ximo sua casa, mais tarde ele foi procurou por <a href=\"default.asp?menu=155\" class=\"broken_link\"><font size=\"2\">Ma-tzu<\/font><\/a> mas chegou depois que o mestre j\u00e1 tinha morrido. Ele permaneceu, no entanto, e se tornou disc\u00edpul\u00e7o de Pai-Chang. Mais tarde ele residiu em v\u00e1rios monast\u00e9rios antes de ter seu pr\u00f3prio, que ficou conhecido com Huang-po.<\/p>\n<hr \/>\n<p align=center><b><font face=\"tahoma, verdana, arial\" size=4><br \/>\n<a name=\"a\">Refer\u00eancias<\/a><\/font><sup>2<\/sup><\/b><\/p>\n<p>Huangbo Xiyun (Huang-po Eu-ts&#8217;un, Obaku Kiyun), S\u00e9culo. 9\u00ba S\u00c9CULO.<br \/>\nHerdeiro de Dharma de <a href=\"default.asp?menu=156\" class=\"broken_link\"><font size=\"2\">Baizhang Huaihai<\/font><\/a>. Ele deu Transmiss\u00e3o a <a href=\"default.asp?menu=149\" class=\"broken_link\"><font size=\"2\">Linji<br \/>\nYicun<\/font><\/a>. Ele aparece em &#8220;Registros do Precip\u00edcio Azul&#8221; 11, &#8220;Registros<br \/>\ndo Sil\u00eancio&#8221; 53, 86, 96, e em &#8220;Gateless Gate&#8221; 2.<\/p>\n<hr \/>\n<div style=\"text-align:right\"><a href=\"#inicio\"><font size=\"2\">Topo<\/font><\/a><\/div>\n<p><\/p>\n<div style=\"text-align:right\"><a name=\"b\"><b>Por Philip Kapleau<\/b><sup>3<\/sup><\/a><\/div>\n<p align=\"JUSTIFY\">Obaku Kiun (Em chin\u00eas Huang-po Hsi-y&uuml;n, ? \u2014850): outro mestre Zen eminente do per&iacute;odo T\u2019ang. <a href=\"default.asp?menu=149\" class=\"broken_link\"><font size=\"2\">Rinzai<\/font><\/a> foi um dos seus mais c&eacute;lebres disc&iacute;pulos.<\/p>\n<hr \/>\n<div style=\"text-align:right\"><a href=\"#inicio\"><font size=\"2\">Topo<\/font><\/a><\/div>\n<div style=\"text-align:right\"><a name=\"c\"><b>Por Jean-Michel Varenne<sup>4<\/sup><\/b><\/a><\/div>\n<p><\/p>\n<p align=\"JUSTIFY\">Huang-Po, depois de <a href=\"default.asp?menu=148\" class=\"broken_link\"><font size=\"2\">Huei-Neng<\/font><\/a> e Chen-Huei, &eacute; o &uacute;nico &#8220;te&oacute;rico&#8221; do &#8220;pensamento&#8221; zen dos primeiros tempos. Seu op&uacute;sculo <i>Da<\/i> <i>transmiss&atilde;o do Esp&iacute;rito <\/i>&eacute; um tratado pedag&oacute;gico, not&aacute;vel tanto pela clareza liter&aacute;ria quanto pela precis&atilde;o metaf&iacute;sica.<\/p>\n<p align=\"JUSTIFY\">O esp&iacute;rito <i>(shin) <\/i>evocado pelo s&aacute;bio chin&ecirc;s n&atilde;o pode ser objetivado ou sacralizado, e essa precau&ccedil;&atilde;o invalida as interpreta&ccedil;&otilde;es religiosas correntes.<\/p>\n<p align=\"JUSTIFY\">Quanto &agrave; transmiss&atilde;o desse esp&iacute;rito, irrecuper&aacute;vel pela mente egoc&ecirc;ntrica. Huang-Po costumava dizer, se o interrogavam a respeito:<\/p>\n<p align=\"JUSTIFY\">-&#9;<i>Ouvistes falar da transmiss&atilde;o do esp&iacute;rito e deduzistes que h&aacute; alguma coisa a receber. Bodhidharma afirmava:<\/i><\/p>\n<p align=\"JUSTIFY\">Nenhum discurso humano pode revelar ou formular a natureza do esp&iacute;rito quando a pessoa realmente o compreendeu. Atingir a ilumina&ccedil;&atilde;o n&atilde;o &eacute; nada; mas aquele que a atinge n&atilde;o revela o que sabe.\u2019<\/p>\n<p align=\"JUSTIFY\">Se eu tentasse explicar-vos isso, pergunto-me: poder&iacute;eis afront&aacute;-lo?\u2019\u2019<\/p>\n<p align=\"JUSTIFY\">Huang-Po, a exemplo de todos os mestres ulteriores do Tch\u2019an, esquiva-se &agrave;s tenta&ccedil;&otilde;es intelectuais pr&oacute;prias ao estudo dos textos b&uacute;dicos. O esp&iacute;rito, identificado com o conhecimento impessoal da natureza original, n&atilde;o pode ser conquistado pela reflex&atilde;o, pela raz&atilde;o discursiva.<\/p>\n<p align=\"JUSTIFY\">Quanto mais acumulamos um saber concernente &agrave;s Escrituras, mais nos afastamos de nossa verdade cong&ecirc;nita, aumentando sem cessar as conseq&uuml;&ecirc;ncias de nossos erros e ignor&acirc;ncia.<\/p>\n<p align=\"JUSTIFY\">Apegar-se ao dogmatismo de uma doutrina &eacute; envolver-se nos meandros dualistas contidos na formula&ccedil;&atilde;o sentenciosa e v&atilde;.<\/p>\n<p>Enquanto insistirmos em encontrar uma solu&ccedil;&atilde;o para nossos &#8220;problemas&#8221; e conflitos, estaremos prisioneiros da mem&oacute;ria, engolfados no passado, alheios ao presente, &agrave; vida que corre sob nossos olhos&#8230;<\/p>\n<p align=\"JUSTIFY\">Mas se abandonarmos espontaneamente todas as tentativas de elucida&ccedil;&atilde;o racional, passado, presente e futuro ser&atilde;o imediatamente compreendidos.<\/p>\n<p align=\"JUSTIFY\">&Eacute; igualmente absurdo tentar se desfazer da ilus&atilde;o ou julgar-se preso &agrave;s malhas da ignor&acirc;ncia. O esp&iacute;rito contemplado por Huang-Po n&atilde;o difere da compreens&atilde;o instant&acirc;nea, ele &eacute; <i>&#8220;aquilo que temos diante de n&oacute;s&#8221;.<\/i><\/p>\n<p align=\"JUSTIFY\">A partir do momento que refletimos, erramos. E preciso renunciar a toda id&eacute;ia de formula&ccedil;&atilde;o conceitual e transformar nossa impaci&ecirc;ncia natural numa interroga&ccedil;&atilde;o t&aacute;cita &#8220;desinfetada&#8221; de presun&ccedil;&otilde;es egoc&ecirc;ntricas.<\/p>\n<p align=\"JUSTIFY\">Sob esse aspecto, o pensamento do despertar &eacute;, sem d&uacute;vida, o mais pernicioso. o que mais induz ao erro: ele sup&otilde;e sempre um alvo a atingir no final de uma progress&atilde;o gradual, implica &#8220;aquisi&ccedil;&atilde;o&#8221; e tamb&eacute;m uma teoria do &#8220;m&eacute;rito&#8221;.<\/p>\n<p align=\"JUSTIFY\">Se n&atilde;o compreendermos que o esp&iacute;rito n&atilde;o &eacute; objetivo nem subjetivo, os esfor&ccedil;os, a ascese, a austeridade e as priva&ccedil;&otilde;es ir&atilde;o se transformar em outros obst&aacute;culos, perturba&ccedil;&otilde;es psicol&oacute;gicas graves.<\/p>\n<p align=\"JUSTIFY\">Armar tais estrat&eacute;gias para apanhar o esp&iacute;rito &eacute; como tentar reter &aacute;gua no c&ocirc;ncavo da m&atilde;o. Desmantelando as molas do pensamento intelectual, Huang-Po parte da via negativa ou apof&aacute;tica, herdada da metaf&iacute;sica do <i>Madhyamika <\/i>e das especula&ccedil;&otilde;es dos fil&oacute;sofos tao&iacute;stas:<\/p>\n<p><i><\/p>\n<p align=\"JUSTIFY\">\u2018\u2018N&atilde;o existe \u2018eu\u2019, n&atilde;o existe \u2018tu. N&atilde;o existe desejo mau\u2019, nem \u2018c&oacute;lera, nem amor\u2019, nem &oacute;dio\u2019, nem \u2018vit&oacute;ria\u2019, nem \u2018derrota\u2019.\u2019\u2019<\/p>\n<p><\/i><\/p>\n<p align=\"JUSTIFY\">Poder&iacute;amos concluir dessas asser&ccedil;&otilde;es radicais que elas contradizem a regra b&uacute;dica e se op&otilde;em ao exerc&iacute;cio das virtudes que o monge promete acatar quando pronuncia os votos; mas Huang-Po n&atilde;o as nega, pelo contr&aacute;rio, insiste no perigo de uma ideologia pietista que implicasse uma causalidade na obten&ccedil;&atilde;o do despertar. A compreens&atilde;o n&atilde;o &eacute; absolutamente a conseq&uuml;&ecirc;ncia l&oacute;gica da vida virtuosa, que vem em acr&eacute;scimo e decorre naturalmente de uma atitude justa, alheia ao monop&oacute;lio do pensamento.<\/p>\n<hr \/>\n<ol type=\"1\">\n<li><font size=\"1\">Extra\u00eddo do site http:\/\/www.kaihan.com\/.<\/font><\/li>\n<li><font size=\"1\">Extra\u00eddo de &#8220;Ensinos do Mestre Zen Anzan Roshi&#8221;(texto compilado pelo Ven. Jinmyo Fleming ino e traduzido ao Portugu&ecirc;s por Claudio Miklos.<\/font><\/li>\n<li><font size=\"1\">Extra\u00eddo de &#8220;Os tr\u00eas pilares do Zen&#8221; de Philip Kapleau<\/font><\/li>\n<li><font size=\"1\">Extra\u00eddo de &#8220;O Zen&#8221; de Jean-Michel Varenne<\/font><\/li>\n<\/ol>\n<hr \/>\n<div style=\"text-align:center\"><a name=\"d\"><b>Disc\u00edpulos<\/b><\/a><\/div>\n<p>Entre os treze disc\u00edpulos de Huang-Po est\u00e3o: <a href=\"default.asp?menu=149\" class=\"broken_link\"><font size=\"2\">Linji<br \/>\nYicun<\/font><\/a> e <a href=\"default.asp?menu=246\" class=\"broken_link\"><font size=\"2\">Mu-chou Tao-ming<\/font><\/a>.<\/p>\n<hr \/>\n<p><font face=\"Comic Sans MS\" size=\"3\" color=\"#800000\"><a name=\"e\">Textos<\/a><\/font><br \/>\n<a href=\"default.asp?menu=174\" class=\"broken_link\"><font size=\"2\">A Mente \u00danica<\/font><\/a><\/p>\n<hr \/>\n<div style=\"text-align:right\"><a href=\"#inicio\">Topo<\/a><\/div>\n<hr \/>\n<div style=\"text-align:right\"><a href=\"#inicio\"><font size=\"2\">Topo<\/font><\/a><\/div>\n<p><font face=\"Comic Sans MS\" size=\"3\" color=\"#800000\"><a name=\"e\">Linhagem Rinzai de Koryu Osaka<\/a><\/font><\/p>\n<table width=\"100%\" border=\"0\">\n<tr>\n<td valign=\"top\">\n<ol type=\"1\"><b><u>\u00cdNDIA<\/u><\/b><\/p>\n<li><a href=\"http:\/\/www.nossacasa.net\/shunya\/mahakashyapa\/\">MAKAKASHO<\/a><\/li>\n<li><a href=\"http:\/\/www.nossacasa.net\/shunya\/ananda\/\">ANANDA<\/a><\/li>\n<li><a href=\"http:\/\/www.nossacasa.net\/shunya\/shanavasa\/\">SHONAWASHU<\/a><\/li>\n<li><a href=\"http:\/\/www.nossacasa.net\/shunya\/upagupta\/\">UBAGIKUTA<\/a><\/li>\n<li><a href=\"http:\/\/www.nossacasa.net\/shunya\/dhritaka\/\">DAITAKA<\/a><\/li>\n<li><a href=\"http:\/\/www.nossacasa.net\/shunya\/michaka\/\">MISHAKA<\/a><\/li>\n<li><a href=\"http:\/\/www.nossacasa.net\/shunya\/vasumitra\/\">BASHUMITSU<\/a><\/li>\n<li><a href=\"http:\/\/www.nossacasa.net\/shunya\/buddhananda\/\">BUTSUDANANDAI<\/a><\/li>\n<li><a href=\"http:\/\/www.nossacasa.net\/shunya\/buddhamitra\/\">FUDAMITA<\/a><\/li>\n<li><a href=\"http:\/\/www.nossacasa.net\/shunya\/parshvanatha\/\">BARISHIBA<\/a><\/li>\n<li><a href=\"http:\/\/www.nossacasa.net\/shunya\/punyayashas\/\">FUNAYASHYA<\/a><\/li>\n<li><a href=\"http:\/\/www.nossacasa.net\/shunya\/ashvagosha\/\">ANABOTEI<\/a><\/li>\n<li><a href=\"http:\/\/www.nossacasa.net\/shunya\/kapimala\/\">KABIMORA<\/a><\/li>\n<li><a href=\"http:\/\/www.nossacasa.net\/shunya\/nagarjuna\/\">NAGYAHARAJUNA<\/a><\/li>\n<li><a href=\"http:\/\/www.nossacasa.net\/shunya\/aryadeva\/\">KANADAIBA<\/a><\/li>\n<li><a href=\"http:\/\/www.nossacasa.net\/shunya\/rahulata\/\">RAGORATA<\/a><\/li>\n<li><a href=\"http:\/\/www.nossacasa.net\/shunya\/sanghanandi\/\">SOGYANANDAI<\/a><\/li>\n<li><a href=\"http:\/\/www.nossacasa.net\/shunya\/gayashata\/\">KAYSHATA<\/a><\/li>\n<li><a href=\"http:\/\/www.nossacasa.net\/shunya\/kumarata\/\">KUMORATA<\/a><\/li>\n<li><a href=\"http:\/\/www.nossacasa.net\/shunya\/jayata\/\">SHAYATA<\/a><\/li>\n<li><a href=\"http:\/\/www.nossacasa.net\/shunya\/vasubandhu\/\">BASHUBANZU<\/a><\/li>\n<li><a href=\"http:\/\/www.nossacasa.net\/shunya\/manorhita\/\">MANURA<\/a><\/li>\n<li><a href=\"http:\/\/www.nossacasa.net\/shunya\/haklenayasha\/\">KAKUROKUNA<\/a><\/li>\n<li><a href=\"http:\/\/www.nossacasa.net\/shunya\/aryasimha\/\">SHSISHIBODAI<\/a><\/li>\n<li><a href=\"http:\/\/www.nossacasa.net\/shunya\/basiasita\/\">BASHASHITA<\/a><\/li>\n<li><a href=\"http:\/\/www.nossacasa.net\/shunya\/punyamitra\/\">FUNYOMITA <\/a><\/li>\n<li><a href=\"http:\/\/www.nossacasa.net\/shunya\/prajnatara\/\">HANNYATARA <\/a><\/li>\n<\/ol>\n<\/td>\n<td valign=\"top\">\n<ol type=\"1\" start=\"28\"><b><u>CHINA<\/u><\/b><\/p>\n<li><a href=\"http:\/\/www.nossacasa.net\/shunya\/bodhidharma\/\">BODAIDARUMA<\/a><\/li>\n<li><a href=\"http:\/\/www.nossacasa.net\/shunya\/hui-ko\/\">TAISO EKA<\/a><\/li>\n<li><a href=\"http:\/\/www.nossacasa.net\/shunya\/seng-tsan\/\">KANCHI SOSAN<\/a><\/li>\n<li><a href=\"http:\/\/www.nossacasa.net\/shunya\/tao-hsin\/\">DAII DOSHIN<\/a><\/li>\n<li><a href=\"http:\/\/www.nossacasa.net\/shunya\/hung-jen\/\">DAIMAN KONIN<\/a><\/li>\n<li><a href=\"http:\/\/www.nossacasa.net\/shunya\/hueineng\/\">DAIKAN ENO<\/a><\/li>\n<li><a href=\"http:\/\/www.nossacasa.net\/shunya\/nan-yueh-haui-jang\/\">NAN-YUEH HAUI-JANG<\/a><\/li>\n<li><a href=\"http:\/\/www.nossacasa.net\/shunya\/ma-tsu-tao-i\/\">MA-TSU TAO-I<\/a><\/li>\n<li><a href=\"http:\/\/www.nossacasa.net\/shunya\/pai-chang-huai-huai\/\">PAI CHANG HUAI HUAI<\/a><\/li>\n<li><a href=\"http:\/\/www.nossacasa.net\/shunya\/huang-po\/\">HUANG-PO<\/a><\/li>\n<\/ol>\n<\/td>\n<\/tr>\n<\/table>\n<hr \/>\n<div style=\"text-align:right\"><a href=\"#inicio\">Topo<\/a><\/div>\n<hr \/>\n<!-- AddThis Advanced Settings generic via filter on the_content --><!-- AddThis Share Buttons generic via filter on the_content -->","protected":false},"excerpt":{"rendered":"<p>Huang-Po (morto em 850) Refer\u00eancias Kapleau Varenne Disc\u00edpulos Textos Linhagem Refer\u00eancias1 Huang-po (Obaku) foi um mestre ch&#8217;an que recebeu a transmiss\u00e3o do Dharma de Pai-Chang e transmitiu o Dharma para Lin-chi que iniciou a linhagem Rinzai. Huang-po teve treze herdeiros &hellip; <a href=\"http:\/\/www.nossacasa.net\/shunya\/huang-po\/\">Continue lendo <span class=\"meta-nav\">&rarr;<\/span><\/a><!-- AddThis Advanced Settings generic via filter on get_the_excerpt --><!-- AddThis Share Buttons generic via filter on get_the_excerpt --><\/p>\n","protected":false},"author":1,"featured_media":2770,"parent":0,"menu_order":0,"comment_status":"closed","ping_status":"closed","template":"","meta":{"footnotes":""},"class_list":["post-2769","page","type-page","status-publish","has-post-thumbnail","hentry"],"_links":{"self":[{"href":"http:\/\/www.nossacasa.net\/shunya\/wp-json\/wp\/v2\/pages\/2769","targetHints":{"allow":["GET"]}}],"collection":[{"href":"http:\/\/www.nossacasa.net\/shunya\/wp-json\/wp\/v2\/pages"}],"about":[{"href":"http:\/\/www.nossacasa.net\/shunya\/wp-json\/wp\/v2\/types\/page"}],"author":[{"embeddable":true,"href":"http:\/\/www.nossacasa.net\/shunya\/wp-json\/wp\/v2\/users\/1"}],"replies":[{"embeddable":true,"href":"http:\/\/www.nossacasa.net\/shunya\/wp-json\/wp\/v2\/comments?post=2769"}],"version-history":[{"count":4,"href":"http:\/\/www.nossacasa.net\/shunya\/wp-json\/wp\/v2\/pages\/2769\/revisions"}],"predecessor-version":[{"id":7087,"href":"http:\/\/www.nossacasa.net\/shunya\/wp-json\/wp\/v2\/pages\/2769\/revisions\/7087"}],"wp:featuredmedia":[{"embeddable":true,"href":"http:\/\/www.nossacasa.net\/shunya\/wp-json\/wp\/v2\/media\/2770"}],"wp:attachment":[{"href":"http:\/\/www.nossacasa.net\/shunya\/wp-json\/wp\/v2\/media?parent=2769"}],"curies":[{"name":"wp","href":"https:\/\/api.w.org\/{rel}","templated":true}]}}