{"id":2962,"date":"2018-05-22T12:23:22","date_gmt":"2018-05-22T14:23:22","guid":{"rendered":"http:\/\/www.nossacasa.net\/shunya\/?page_id=2962"},"modified":"2020-07-11T18:10:06","modified_gmt":"2020-07-11T20:10:06","slug":"catherine-genno-pages","status":"publish","type":"page","link":"http:\/\/www.nossacasa.net\/shunya\/catherine-genno-pages\/","title":{"rendered":"Catherine Genno Pages"},"content":{"rendered":"<p><font face=\"Verdana\" size=\"2\"><\/p>\n<div style=\"text-align:justify\">\n<a name=\"inicio\"><\/a><img loading=\"lazy\" decoding=\"async\" src=\"http:\/\/www.nossacasa.net\/shunya\/wp-content\/uploads\/2018\/05\/Catherine-Genno-Pages.jpg\" alt=\"\" width=\"199\" height=\"268\" class=\"alignleft size-full wp-image-2963\" \/><img loading=\"lazy\" decoding=\"async\" src=\"imagens\/629.jpg\" border=\"0\" width=\"200\" height=\"235\" align=\"left\" alt=\"Catherine Genno Pages\"\/><font size=\"4\"><b>Catherine Genno Pages<\/b><\/font><br \/>\n<a href=\"#a\"><font size=\"1\">Biografia<\/font><\/a><br \/>\n<a href=\"#b\"><font size=\"1\">Linhagem<\/font><\/a><\/p>\n<p align=center><b><font face=\"tahoma, verdana, arial\" size=4><br \/>\n<a name=\"a\">Biografia<\/a><\/font><sup>1<\/sup><\/b><\/p>\n<p>Sensei Catherine Genno Pages nasceu pr\u00f3ximo de Grenoble, Fran\u00e7a e viveu grande parte de  sua mocidade em Paris. Depois de estudar hist\u00f3ria da arte na Sorbonne, ela seguiu sua carreira trabalhando em v\u00e1rias galerias e museus Parisienses. No \u00edn\u00edcio de 1978, ela come\u00e7ou uma viagem ao longo do M\u00e9xico, Am\u00e9rica Central, e \u00c1sia, onde ela conheceu o budismo Tibetano e come\u00e7ou a praticar naquela tradi\u00e7\u00e3o. <\/p>\n<p>Em retornar a Paris em 1982, ela encontrou <a href=\"default.asp?menu=627\" class=\"broken_link\"><font size=\"2\">Roshi Genpo Merzel<\/font><\/a><\/div>\n<p><\/font>. Sensei Genno estudou com Roshi Genpo por 10 anos na Europa e na Am\u00e9rica. Em 1992, ela se tornou a primeira sucessora de Dharma do Roshi Genpo. Mesmo antes de receber a transmiss\u00e3o formal do Dharma, Sensei Genno j\u00e1 havia demonstrado ser uma excelente professora, beneficiando muitos estudantes no &#8220;<a href=\"http:\/\/www.zencenterutah.org\/index.htm\" target=\"_blank\" rel=\"noopener noreferrer\" class=\"broken_link\"><font size=\"2\">Kanzeon Zen Center<\/font><\/a>&#8220;. <\/p>\n<p>Sensei Genno atualmente ensina em Paris.  Trabakhando com v\u00e1rios estudantes, ela vive em seu centro de pr\u00e1tica Zen, que ela nomeou como Dana (a palavra de sanscrita para &#8220;dando&#8221;). Sensei Genno  pode ser encoontrada na 22 Av. Pasteur, Montreuil, 93100. O n\u00famero de telefone do seu centro \u00e9 33(1)49889165.<\/p>\n<hr \/>\n<ol type=\"1\">\n<font size=\"1\"><b>Nota:<\/b><\/p>\n<li><font size=\"1\">Extra\u00eddo de http:\/\/www.zencenterutah.org\/index.htm.<\/font><\/li>\n<p><\/font><\/ol>\n<hr \/>\n<div style=\"text-align:right\"><a href=\"#inicio\"><font size=\"2\">Topo<\/font><\/a><\/div>\n<hr \/>\n<p><font face=\"Comic Sans MS\" size=\"3\" color=\"#800000\"><a name=\"b\">Linhagem  de Hakuun Ryoko<font size=\"2\">(desde Sakiamuni Buda)<\/font><\/a><\/font><\/p>\n<div style=\"text-align:center\">\n<ol type=\"1\"><b><u>BUTSU<\/u><\/b><\/p>\n<li><a href=\"http:\/\/www.nossacasa.net\/shunya\/buda\/\">BIBASHI<\/a><\/li>\n<li><a href=\"http:\/\/www.nossacasa.net\/shunya\/buda\/\">SHIKI<\/a><\/li>\n<li><a href=\"http:\/\/www.nossacasa.net\/shunya\/buda\/\">BISHAFU<\/a><\/li>\n<li><a href=\"http:\/\/www.nossacasa.net\/shunya\/buda\/\">KURUSON<\/a><\/li>\n<li><a href=\"http:\/\/www.nossacasa.net\/shunya\/buda\/\">KUNAGONMUNI<\/a><\/li>\n<li><a href=\"http:\/\/www.nossacasa.net\/shunya\/buda\/\">KASHO<\/a><\/li>\n<li><a href=\"http:\/\/www.nossacasa.net\/shunya\/buda\/\">XAQUIAMUNI<\/a><\/li>\n<\/ol>\n<\/div>\n<table width=\"100%\" border=\"0\">\n<tr>\n<td valign=\"top\">\n<ol type=\"1\"><b><u>\u00cdNDIA<\/u><\/b><\/p>\n<li><a href=\"http:\/\/www.nossacasa.net\/shunya\/mahakashyapa\/\">MAKAKASHO<\/a><\/li>\n<li><a href=\"http:\/\/www.nossacasa.net\/shunya\/ananda\/\">ANANDA<\/a><\/li>\n<li><a href=\"http:\/\/www.nossacasa.net\/shunya\/shanavasa\/\">SHONAWASHU<\/a><\/li>\n<li><a href=\"http:\/\/www.nossacasa.net\/shunya\/upagupta\/\">UBAGIKUTA<\/a><\/li>\n<li><a href=\"http:\/\/www.nossacasa.net\/shunya\/dhritaka\/\">DAITAKA<\/a><\/li>\n<li><a href=\"http:\/\/www.nossacasa.net\/shunya\/michaka\/\">MISHAKA<\/a><\/li>\n<li><a href=\"http:\/\/www.nossacasa.net\/shunya\/vasumitra\/\">BASHUMITSU<\/a><\/li>\n<li><a href=\"http:\/\/www.nossacasa.net\/shunya\/buddhananda\/\">BUTSUDANANDAI<\/a><\/li>\n<li><a href=\"http:\/\/www.nossacasa.net\/shunya\/buddhamitra\/\">FUDAMITA<\/a><\/li>\n<li><a href=\"http:\/\/www.nossacasa.net\/shunya\/parshvanatha\/\">BARISHIBA<\/a><\/li>\n<li><a href=\"http:\/\/www.nossacasa.net\/shunya\/punyayashas\/\">FUNAYASHYA<\/a><\/li>\n<li><a href=\"http:\/\/www.nossacasa.net\/shunya\/ashvagosha\/\">ANABOTEI<\/a><\/li>\n<li><a href=\"http:\/\/www.nossacasa.net\/shunya\/kapimala\/\">KABIMORA<\/a><\/li>\n<li><a href=\"http:\/\/www.nossacasa.net\/shunya\/nagarjuna\/\">NAGYAHARAJUNA<\/a><\/li>\n<li><a href=\"http:\/\/www.nossacasa.net\/shunya\/aryadeva\/\">KANADAIBA<\/a><\/li>\n<li><a href=\"http:\/\/www.nossacasa.net\/shunya\/rahulata\/\">RAGORATA<\/a><\/li>\n<li><a href=\"http:\/\/www.nossacasa.net\/shunya\/sanghanandi\/\">SOGYANANDAI<\/a><\/li>\n<li><a href=\"http:\/\/www.nossacasa.net\/shunya\/gayashata\/\">KAYSHATA<\/a><\/li>\n<li><a href=\"http:\/\/www.nossacasa.net\/shunya\/kumarata\/\">KUMORATA<\/a><\/li>\n<li><a href=\"http:\/\/www.nossacasa.net\/shunya\/jayata\/\">SHAYATA<\/a><\/li>\n<li><a href=\"http:\/\/www.nossacasa.net\/shunya\/vasubandhu\/\">BASHUBANZU<\/a><\/li>\n<li><a href=\"http:\/\/www.nossacasa.net\/shunya\/manorhita\/\">MANURA<\/a><\/li>\n<li><a href=\"http:\/\/www.nossacasa.net\/shunya\/haklenayasha\/\">KAKUROKUNA<\/a><\/li>\n<li><a href=\"http:\/\/www.nossacasa.net\/shunya\/aryasimha\/\">SHSISHIBODAI<\/a><\/li>\n<li><a href=\"http:\/\/www.nossacasa.net\/shunya\/basiasita\/\">BASHASHITA<\/a><\/li>\n<li><a href=\"http:\/\/www.nossacasa.net\/shunya\/punyamitra\/\">FUNYOMITA <\/a><\/li>\n<li><a href=\"http:\/\/www.nossacasa.net\/shunya\/prajnatara\/\">HANNYATARA <\/a><\/li>\n<\/ol>\n<\/td>\n<td valign=\"top\">\n<ol type=\"1\" start=\"28\"><b><u>CHINA<\/u><\/b><\/p>\n<li><a href=\"http:\/\/www.nossacasa.net\/shunya\/bodhidharma\/\">BODAIDARUMA<\/a><\/li>\n<li><a href=\"http:\/\/www.nossacasa.net\/shunya\/hui-ko\/\">TAISO EKA<\/a><\/li>\n<li><a href=\"http:\/\/www.nossacasa.net\/shunya\/seng-tsan\/\">KANCHI SOSAN<\/a><\/li>\n<li><a href=\"http:\/\/www.nossacasa.net\/shunya\/tao-hsin\/\">DAII DOSHIN<\/a><\/li>\n<li><a href=\"http:\/\/www.nossacasa.net\/shunya\/hung-jen\/\">DAIMAN KONIN<\/a><\/li>\n<li><a href=\"http:\/\/www.nossacasa.net\/shunya\/hueineng\/\">DAIKAN ENO<\/a><\/li>\n<li><a href=\"http:\/\/www.nossacasa.net\/shunya\/ching-yuan\/\">SEIGEN GYOSHI<\/a><\/li>\n<li><a href=\"http:\/\/www.nossacasa.net\/shunya\/shih-tou\/\">SEKITO KISEN<\/a><\/li>\n<li><a href=\"http:\/\/www.nossacasa.net\/shunya\/yaoshan-weiyan\/\">YAKUSAN IGEN<\/a><\/li>\n<li><a href=\"http:\/\/www.nossacasa.net\/shunya\/yun-yen-tan-sheng\/\">UNGAN DONJO<\/a><\/li>\n<li><a href=\"http:\/\/www.nossacasa.net\/shunya\/tung-shan-liang-chieh\/\">TOZAN RYOKAI<\/a><\/li>\n<li><a href=\"http:\/\/www.nossacasa.net\/shunya\/yun-chu-tao-ying\/\">UNGO DOYO<\/a><\/li>\n<li><a href=\"http:\/\/www.nossacasa.net\/shunya\/tao-pi\/\">DOAN DOHI<\/a><\/li>\n<li><a href=\"http:\/\/www.nossacasa.net\/shunya\/kuan-chih\/\">DOAN KANSHI<\/a><\/li>\n<li><a href=\"http:\/\/www.nossacasa.net\/shunya\/yuan-kuan\/\">RYOSAN ENKAN<\/a><\/li>\n<li><a href=\"http:\/\/www.nossacasa.net\/shunya\/ta-yang-ching-hsuan\/\">TAIYO KIYOGEN<\/a><\/li>\n<li><a href=\"http:\/\/www.nossacasa.net\/shunya\/tou-tzu-yi-ching\/\">TOSHI GISEI<\/a><\/li>\n<li><a href=\"http:\/\/www.nossacasa.net\/shunya\/fu-jung-tao-kai\/\">FUYO DOKAI<\/a><\/li>\n<li><a href=\"http:\/\/www.nossacasa.net\/shunya\/tan-hsia\/\">TANKA SHIJUN<\/a><\/li>\n<li><a href=\"http:\/\/www.nossacasa.net\/shunya\/wu-kung\/\">CHORO SEIRIYO<\/a><\/li>\n<li><a href=\"http:\/\/www.nossacasa.net\/shunya\/tsung-chueh\/6\">TENDO SOKAKU<\/a><\/li>\n<li><a href=\"http:\/\/www.nossacasa.net\/shunya\/hsue-tou\/\">SECCHO CHIKAN<\/a><\/li>\n<li><a href=\"http:\/\/www.nossacasa.net\/shunya\/tien-tung-ju-ching\/\">TENDO NYOJO<\/a><\/li>\n<\/ol>\n<\/td>\n<\/tr>\n<tr>\n<td valign=\"top\">\n<ol type=\"1\" start=\"51\"><b><u>JAP\u00c3O<\/u><\/b><\/p>\n<li><a href=\"http:\/\/www.nossacasa.net\/shunya\/eihei-dogen\/\">EIHEI DOGEN<\/a><\/li>\n<li><a href=\"http:\/\/www.nossacasa.net\/shunya\/koun-ejo\/\">KOUN EJO<\/a><\/li>\n<li><a href=\"http:\/\/www.nossacasa.net\/shunya\/tettsu-gikai\/\">TETSU GIKAI<\/a><\/li>\n<li><a href=\"http:\/\/www.nossacasa.net\/shunya\/keizan-jokin\/\">KEIZAN JOKIN<\/a><\/li>\n<li><a href=\"http:\/\/www.nossacasa.net\/shunya\/meiho-sotetsu\/\">MEIHO SOTETSU<\/a><\/li>\n<li><a href=\"http:\/\/www.nossacasa.net\/shunya\/shugan-dochin\/\">SHUGAN DOCHIN<\/a><\/li>\n<li><a href=\"http:\/\/www.nossacasa.net\/shunya\/tetsuzan-shikaku\/\">TETSUZAN SHIKAKU<\/a><\/li>\n<li><a href=\"http:\/\/www.nossacasa.net\/shunya\/keigen-eisho\/\">KEIGAN EISHO<\/a><\/li>\n<li><a href=\"http:\/\/www.nossacasa.net\/shunya\/chuzan-ryohun\/\">CHUZAN RYOHUN<\/a><\/li>\n<li><a href=\"http:\/\/www.nossacasa.net\/shunya\/gisan-tonin\/\">GISAN TONIN<\/a><\/li>\n<li><a href=\"http:\/\/www.nossacasa.net\/shunya\/shogaku-kenryu\/\">SHOGAKU KENRYU<\/a><\/li>\n<li><a href=\"http:\/\/www.nossacasa.net\/shunya\/kinen-horyu\/\">KINEN HORYU<\/a><\/li>\n<li><a href=\"http:\/\/www.nossacasa.net\/shunya\/teishitsu-chisen\/\">TEISHITSU CHISEN<\/a><\/li>\n<li><a href=\"http:\/\/www.nossacasa.net\/shunya\/kokei-shojun\/\">KOKEI SHOJUN<\/a><\/li>\n<li><a href=\"http:\/\/www.nossacasa.net\/shunya\/sekiso-juho\/\">SEKISO YUHO<\/a><\/li>\n<li><a href=\"http:\/\/www.nossacasa.net\/shunya\/kaiten-genju\/\">KAITEN GENJU<\/a><\/li>\n<li><a href=\"http:\/\/www.nossacasa.net\/shunya\/shuzan-shunsho\/\">SHUZAN SHUNSHO<\/a><\/li>\n<li><a href=\"http:\/\/www.nossacasa.net\/shunya\/chozan-giketsu\/\">CHOZAN GIKETSU<\/a><\/li>\n<li><a href=\"http:\/\/www.nossacasa.net\/shunya\/fukushu-koshi\/\">FUKUSHU KOCHI<\/a><\/li>\n<li><a href=\"http:\/\/www.nossacasa.net\/shunya\/myodo-yuton\/\">MYODO YUTON<\/a><\/li>\n<li><a href=\"http:\/\/www.nossacasa.net\/shunya\/hakuho-gentekki\/\">HAKUHO GENTEKI<\/a><\/li>\n<li><a href=\"http:\/\/www.nossacasa.net\/shunya\/gesshu-soko\/\">GESSHU SOKO<\/a><\/li>\n<li><a href=\"http:\/\/www.nossacasa.net\/shunya\/tokuho-ryoko\/\">TOKUO RYOKO<\/a><\/li>\n<li><a href=\"http:\/\/www.nossacasa.net\/shunya\/mokushi-soen\/\">MOKUSHI SOEN<\/a><\/li>\n<li><a href=\"http:\/\/www.nossacasa.net\/shunya\/sekiso-tesshu\/\">SEKISO TESSHU<\/a><\/li>\n<li><a href=\"http:\/\/www.nossacasa.net\/shunya\/ryuko-ryoshu\/\">RYUKO RYOSHU<\/a><\/li>\n<li><a href=\"http:\/\/www.nossacasa.net\/shunya\/renzan-soho\/\">RENZAN SOHO<\/a><\/li>\n<li><a href=\"http:\/\/www.nossacasa.net\/shunya\/motsugai-shido\/\">MOTSUGAI SHIDO<\/a><\/li>\n<li><a href=\"http:\/\/www.nossacasa.net\/shunya\/gukei-youn\/\">GUKEI YOUN<\/a><\/li>\n<li><a href=\"http:\/\/www.nossacasa.net\/shunya\/kakusho-sodo\/\">KAKUSHO SODO<\/a><\/li>\n<li><a href=\"http:\/\/www.nossacasa.net\/shunya\/daiun-sogaku\/\">DAIUN SOGAKU<\/a><\/li>\n<li><a href=\"http:\/\/www.nossacasa.net\/shunya\/hakuun-ryoko\/\">HAKUUN RYOKO<\/a><\/li>\n<\/ol>\n<\/td>\n<td valign=\"top\">\n<ol type=\"1\" start=\"83\"><b><u>OCIDENTE<\/u><\/b><\/p>\n<li><a href=\"http:\/\/www.nossacasa.net\/shunya\/taizan-maezumi\/\">TAIZAN MAEZUMI<\/a><\/li>\n<li><a href=\"default.asp?menu=627\" class=\"broken_link\">DENNIS GENPO MERZELl<\/a><\/li>\n<li><a href=\"http:\/\/www.nossacasa.net\/shunya\/catherine-genno-pages\/\">CATHERINE GENNO PAGES<\/a><\/li>\n<\/ol>\n<\/td>\n<\/tr>\n<\/table>\n<hr \/>\n<div style=\"text-align:right\"><a href=\"#inicio\">Topo<\/a><\/div>\n<hr \/>\n<!-- AddThis Advanced Settings generic via filter on the_content --><!-- AddThis Share Buttons generic via filter on the_content -->","protected":false},"excerpt":{"rendered":"<p>Catherine Genno Pages Biografia Linhagem Biografia1 Sensei Catherine Genno Pages nasceu pr\u00f3ximo de Grenoble, Fran\u00e7a e viveu grande parte de sua mocidade em Paris. Depois de estudar hist\u00f3ria da arte na Sorbonne, ela seguiu sua carreira trabalhando em v\u00e1rias galerias &hellip; <a href=\"http:\/\/www.nossacasa.net\/shunya\/catherine-genno-pages\/\">Continue lendo <span class=\"meta-nav\">&rarr;<\/span><\/a><!-- AddThis Advanced Settings generic via filter on get_the_excerpt --><!-- AddThis Share Buttons generic via filter on get_the_excerpt --><\/p>\n","protected":false},"author":1,"featured_media":2963,"parent":0,"menu_order":0,"comment_status":"closed","ping_status":"closed","template":"","meta":{"footnotes":""},"class_list":["post-2962","page","type-page","status-publish","has-post-thumbnail","hentry"],"_links":{"self":[{"href":"http:\/\/www.nossacasa.net\/shunya\/wp-json\/wp\/v2\/pages\/2962","targetHints":{"allow":["GET"]}}],"collection":[{"href":"http:\/\/www.nossacasa.net\/shunya\/wp-json\/wp\/v2\/pages"}],"about":[{"href":"http:\/\/www.nossacasa.net\/shunya\/wp-json\/wp\/v2\/types\/page"}],"author":[{"embeddable":true,"href":"http:\/\/www.nossacasa.net\/shunya\/wp-json\/wp\/v2\/users\/1"}],"replies":[{"embeddable":true,"href":"http:\/\/www.nossacasa.net\/shunya\/wp-json\/wp\/v2\/comments?post=2962"}],"version-history":[{"count":4,"href":"http:\/\/www.nossacasa.net\/shunya\/wp-json\/wp\/v2\/pages\/2962\/revisions"}],"predecessor-version":[{"id":6942,"href":"http:\/\/www.nossacasa.net\/shunya\/wp-json\/wp\/v2\/pages\/2962\/revisions\/6942"}],"wp:featuredmedia":[{"embeddable":true,"href":"http:\/\/www.nossacasa.net\/shunya\/wp-json\/wp\/v2\/media\/2963"}],"wp:attachment":[{"href":"http:\/\/www.nossacasa.net\/shunya\/wp-json\/wp\/v2\/media?parent=2962"}],"curies":[{"name":"wp","href":"https:\/\/api.w.org\/{rel}","templated":true}]}}