{"id":3062,"date":"2018-05-22T16:09:19","date_gmt":"2018-05-22T18:09:19","guid":{"rendered":"http:\/\/www.nossacasa.net\/shunya\/?page_id=3062"},"modified":"2020-07-11T18:10:07","modified_gmt":"2020-07-11T20:10:07","slug":"kakutan-inshuu","status":"publish","type":"page","link":"http:\/\/www.nossacasa.net\/shunya\/kakutan-inshuu\/","title":{"rendered":"Kakutan Inshuu"},"content":{"rendered":"<div style=\"text-align:justify\"><font face=\"Verdana\" size=\"2\"><br \/>\n<a name=\"inicio\"><\/a><a href=\"http:\/\/www.nossacasa.net\/shunya\/?attachment_id=3063\" rel=\"attachment wp-att-3063\"><img loading=\"lazy\" decoding=\"async\" src=\"http:\/\/www.nossacasa.net\/shunya\/wp-content\/uploads\/2018\/05\/Kakutan-Inshuu.jpg\" alt=\"\" width=\"300\" height=\"300\" class=\"alignleft size-full wp-image-3063\" srcset=\"http:\/\/www.nossacasa.net\/shunya\/wp-content\/uploads\/2018\/05\/Kakutan-Inshuu.jpg 300w, http:\/\/www.nossacasa.net\/shunya\/wp-content\/uploads\/2018\/05\/Kakutan-Inshuu-150x150.jpg 150w, http:\/\/www.nossacasa.net\/shunya\/wp-content\/uploads\/2018\/05\/Kakutan-Inshuu-50x50.jpg 50w\" sizes=\"auto, (max-width: 300px) 100vw, 300px\" \/><\/a><\/font><font size=\"4\"><b>Kakutan Inshuu (-)<\/b><\/font><br \/>\n<a href=\"#a\">Refer\u00eancias<\/a><br \/>\n<a href=\"#b\">Linhagem<\/a><\/p>\n<p align=center><b><font face=\"tahoma, verdana, arial\" size=4><a name=\"a\">Refer\u00eancias<\/a><\/font><sup>1<\/sup><\/b><\/p>\n<p>Kakutan Inshuu \u00e9 da 77<sup>a.<\/sup>gera\u00e7\u00e3o desde Buda e da 26<sup>a.<\/sup>gera\u00e7\u00e3o desde Dogen.<\/p>\n<p>Kakutan Inshuu foi Herdeiro do Dharma de <a href=\"http:\/\/www.nossacasa.net\/shunya\/kakuin-eryoo\/\">Kakuin Eryoo<\/a> e transmitiu o Dharma para <a href=\"http:\/\/www.nossacasa.net\/shunya\/hoozan-shuukyoo\/\">Hoozan Shuukyoo<\/a>.<\/p>\n<hr \/>\n<ol type=\"1\">\n<li>Retirado do site http:\/\/www.terebess.hu\/zen\/mesterek\/szarmazas.html\n<\/li>\n<\/ol>\n<hr \/>\n<div style=\"text-align:right\"><a href=\"#inicio\">Topo<\/a><\/div>\n<hr \/>\n<p><font face=\"Comic Sans MS\" size=\"3\" color=\"#800000\"><a name=\"b\">Linhagem de Ungo Dooyoo<font size=\"2\">(desde Sakiamuni Buda)<\/font><\/a><\/font><\/p>\n<table width=\"100%\" border=\"0\">\n<tr>\n<td valign=\"top\">\n<ol type=\"1\"><b><u>\u00cdNDIA<\/u><\/b><\/p>\n<li><a href=\"http:\/\/www.nossacasa.net\/shunya\/mahakashyapa\/\">MAKAKASHO<\/a><\/li>\n<li><a href=\"http:\/\/www.nossacasa.net\/shunya\/ananda\/\">ANANDA<\/a><\/li>\n<li><a href=\"http:\/\/www.nossacasa.net\/shunya\/shanavasa\/\">SHONAWASHU<\/a><\/li>\n<li><a href=\"http:\/\/www.nossacasa.net\/shunya\/upagupta\/\">UBAGIKUTA<\/a><\/li>\n<li><a href=\"http:\/\/www.nossacasa.net\/shunya\/dhritaka\/\">DAITAKA<\/a><\/li>\n<li><a href=\"http:\/\/www.nossacasa.net\/shunya\/michaka\/\">MISHAKA<\/a><\/li>\n<li><a href=\"http:\/\/www.nossacasa.net\/shunya\/vasumitra\/\">BASHUMITSU<\/a><\/li>\n<li><a href=\"http:\/\/www.nossacasa.net\/shunya\/buddhananda\/\">BUTSUDANANDAI<\/a><\/li>\n<li><a href=\"http:\/\/www.nossacasa.net\/shunya\/buddhamitra\/\">FUDAMITA<\/a><\/li>\n<li><a href=\"http:\/\/www.nossacasa.net\/shunya\/parshvanatha\/\">BARISHIBA<\/a><\/li>\n<li><a href=\"http:\/\/www.nossacasa.net\/shunya\/punyayashas\/\">FUNAYASHYA<\/a><\/li>\n<li><a href=\"http:\/\/www.nossacasa.net\/shunya\/ashvagosha\/\">ANABOTEI<\/a><\/li>\n<li><a href=\"http:\/\/www.nossacasa.net\/shunya\/kapimala\/\">KABIMORA<\/a><\/li>\n<li><a href=\"http:\/\/www.nossacasa.net\/shunya\/nagarjuna\/\">NAGYAHARAJUNA<\/a><\/li>\n<li><a href=\"http:\/\/www.nossacasa.net\/shunya\/aryadeva\/\">KANADAIBA<\/a><\/li>\n<li><a href=\"http:\/\/www.nossacasa.net\/shunya\/rahulata\/\">RAGORATA<\/a><\/li>\n<li><a href=\"http:\/\/www.nossacasa.net\/shunya\/sanghanandi\/\">SOGYANANDAI<\/a><\/li>\n<li><a href=\"http:\/\/www.nossacasa.net\/shunya\/gayashata\/\">KAYSHATA<\/a><\/li>\n<li><a href=\"http:\/\/www.nossacasa.net\/shunya\/kumarata\/\">KUMORATA<\/a><\/li>\n<li><a href=\"http:\/\/www.nossacasa.net\/shunya\/jayata\/\">SHAYATA<\/a><\/li>\n<li><a href=\"http:\/\/www.nossacasa.net\/shunya\/vasubandhu\/\">BASHUBANZU<\/a><\/li>\n<li><a href=\"http:\/\/www.nossacasa.net\/shunya\/manorhita\/\">MANURA<\/a><\/li>\n<li><a href=\"http:\/\/www.nossacasa.net\/shunya\/haklenayasha\/\">KAKUROKUNA<\/a><\/li>\n<li><a href=\"http:\/\/www.nossacasa.net\/shunya\/aryasimha\/\">SHSISHIBODAI<\/a><\/li>\n<li><a href=\"http:\/\/www.nossacasa.net\/shunya\/basiasita\/\">BASHASHITA<\/a><\/li>\n<li><a href=\"http:\/\/www.nossacasa.net\/shunya\/punyamitra\/\">FUNYOMITA <\/a><\/li>\n<li><a href=\"http:\/\/www.nossacasa.net\/shunya\/prajnatara\/\">HANNYATARA <\/a><\/li>\n<\/ol>\n<\/td>\n<td valign=\"top\">\n<ol type=\"1\" start=\"28\"><b><u>CHINA<\/u><\/b><\/p>\n<li><a href=\"http:\/\/www.nossacasa.net\/shunya\/bodhidharma\/\">BODAIDARUMA<\/a><\/li>\n<li><a href=\"http:\/\/www.nossacasa.net\/shunya\/hui-ko\/\">TAISO EKA<\/a><\/li>\n<li><a href=\"http:\/\/www.nossacasa.net\/shunya\/seng-tsan\/\">KANCHI SOSAN<\/a><\/li>\n<li><a href=\"http:\/\/www.nossacasa.net\/shunya\/tao-hsin\/\">DAII DOSHIN<\/a><\/li>\n<li><a href=\"http:\/\/www.nossacasa.net\/shunya\/hung-jen\/\">DAIMAN KONIN<\/a><\/li>\n<li><a href=\"http:\/\/www.nossacasa.net\/shunya\/hueineng\/\">DAIKAN ENO<\/a><\/li>\n<li><a href=\"http:\/\/www.nossacasa.net\/shunya\/ching-yuan\/\">SEIGEN GYOSHI<\/a><\/li>\n<li><a href=\"http:\/\/www.nossacasa.net\/shunya\/shih-tou\/\">SEKITO KISEN<\/a><\/li>\n<li><a href=\"http:\/\/www.nossacasa.net\/shunya\/yaoshan-weiyan\/\">YAKUSAN IGEN<\/a><\/li>\n<li><a href=\"http:\/\/www.nossacasa.net\/shunya\/yun-yen-tan-sheng\/\">UNGAN DONJO<\/a><\/li>\n<li><a href=\"http:\/\/www.nossacasa.net\/shunya\/tung-shan-liang-chieh\/\">TOZAN RYOKAI<\/a><\/li>\n<li><a href=\"http:\/\/www.nossacasa.net\/shunya\/yun-chu-tao-ying\/\">UNGO DOYO<\/a><\/li>\n<li><a href=\"http:\/\/www.nossacasa.net\/shunya\/tao-pi\/\">DOAN DOHI<\/a><\/li>\n<li><a href=\"http:\/\/www.nossacasa.net\/shunya\/kuan-chih\/\">DOAN KANSHI<\/a><\/li>\n<li><a href=\"http:\/\/www.nossacasa.net\/shunya\/yuan-kuan\/\">RYOSAN ENKAN<\/a><\/li>\n<li><a href=\"http:\/\/www.nossacasa.net\/shunya\/ta-yang-ching-hsuan\/\">TAIYO KIYOGEN<\/a><\/li>\n<li><a href=\"http:\/\/www.nossacasa.net\/shunya\/tou-tzu-yi-ching\/\">TOSHI GISEI<\/a><\/li>\n<li><a href=\"http:\/\/www.nossacasa.net\/shunya\/fu-jung-tao-kai\/\">FUYO DOKAI<\/a><\/li>\n<li><a href=\"http:\/\/www.nossacasa.net\/shunya\/tan-hsia\/\">TANKA SHIJUN<\/a><\/li>\n<li><a href=\"http:\/\/www.nossacasa.net\/shunya\/wu-kung\/\">CHORO SEIRIYO<\/a><\/li>\n<li><a href=\"http:\/\/www.nossacasa.net\/shunya\/tsung-chueh\/6\">TENDO SOKAKU<\/a><\/li>\n<li><a href=\"http:\/\/www.nossacasa.net\/shunya\/hsue-tou\/\">SECCHO CHIKAN<\/a><\/li>\n<li><a href=\"http:\/\/www.nossacasa.net\/shunya\/tien-tung-ju-ching\/\">TENDO NYOJO<\/a><\/li>\n<\/ol>\n<\/td>\n<\/tr>\n<tr>\n<td valign=\"top\">\n<ol type=\"1\" start=\"51\"><b><u>JAP\u00c3O<\/u><\/b><\/p>\n<li><a href=\"http:\/\/www.nossacasa.net\/shunya\/eihei-dogen\/\">EIHEI DOGEN<\/a><\/li>\n<li><a href=\"http:\/\/www.nossacasa.net\/shunya\/koun-ejo\/\">KOUN EJO<\/a><\/li>\n<li><a href=\"http:\/\/www.nossacasa.net\/shunya\/tettsu-gikai\/\">TETSU GIKAI<\/a><\/li>\n<li><a href=\"http:\/\/www.nossacasa.net\/shunya\/keizan-jokin\/\">KEIZAN JOKIN<\/a><\/li>\n<li><a href=\"http:\/\/www.nossacasa.net\/shunya\/gasan-joseki\/\">GASAN JOSEKI<\/a><\/li>\n<li><a href=\"http:\/\/www.nossacasa.net\/shunya\/taigen-soshin\/\">TAIGEN S\u00d4SHIN<\/a><\/li>\n<li><a href=\"http:\/\/www.nossacasa.net\/shunya\/baisan-mompon\/\">BAISAN MOMPON<\/a><\/li>\n<li><a href=\"http:\/\/www.nossacasa.net\/shunya\/jochu-tengin\/\">JOCHU TENGIN<\/a><\/li>\n<li><a href=\"http:\/\/www.nossacasa.net\/shunya\/kizan-shoosan\/\">KIZAN SHOOSAN<\/a><\/li>\n<li><a href=\"http:\/\/www.nossacasa.net\/shunya\/morin-shinhan\/\">MORIN SHINHAN<\/a><\/li>\n<li><a href=\"http:\/\/www.nossacasa.net\/shunya\/sooshi-shootai\/\">SOOSHI SHOOTAI<\/a><\/li>\n<li><a href=\"http:\/\/www.nossacasa.net\/shunya\/kenchu-hantetsu\/\">KENCHU HANTETSU<\/a><\/li>\n<li><a href=\"http:\/\/www.nossacasa.net\/shunya\/zaiten-soryu\/\">ZAITEN SORYU<\/a><\/li>\n<li><a href=\"http:\/\/www.nossacasa.net\/shunya\/rikusan-sogei\/\">RIKUSAN SOGEI<\/a><\/li>\n<li><a href=\"http:\/\/www.nossacasa.net\/shunya\/gyokuso-souzi\/\" class=\"broken_link\">GYOKUSO SOZUI<\/a><\/li>\n<li><a href=\"http:\/\/www.nossacasa.net\/shunya\/ten-yu-sosei\/\">TEN-YU SOSEI<\/a><\/li>\n<li><a href=\"http:\/\/www.nossacasa.net\/shunya\/choo-oku-jukei\/\">CHOO-OKU JUKEI<\/a><\/li>\n<li><a href=\"http:\/\/www.nossacasa.net\/shunya\/hookoku-jukin\/\">HOOKOKU JUKIN<\/a><\/li>\n<li><a href=\"http:\/\/www.nossacasa.net\/shunya\/nenshu-donju\/\">NENSHU DONJU<\/a><\/li>\n<li><a href=\"http:\/\/www.nossacasa.net\/shunya\/ikoku-eiteki\/\">IKOKU EITEKI<\/a><\/li>\n<li><a href=\"http:\/\/www.nossacasa.net\/shunya\/gikoku-senshuku\/\">GIKOKU SENSHUKU<\/a><\/li>\n<li><a href=\"http:\/\/www.nossacasa.net\/shunya\/ranryu-joshu\/\">RANRYU JOSHU<\/a><\/li>\n<li><a href=\"http:\/\/www.nossacasa.net\/shunya\/kashu-shookei\/\">KASHU SHOOKEI<\/a><\/li>\n<li><a href=\"http:\/\/www.nossacasa.net\/shunya\/shinryoo-kyuutetsu\/\">SHINRYOO KYUUTETSU<\/a><\/li>\n<li><a href=\"http:\/\/www.nossacasa.net\/shunya\/kakuhoo-shuen\/\">KAKUHOO SHUEN<\/a><\/li>\n<li><a href=\"http:\/\/www.nossacasa.net\/shunya\/kakuin-eryoo\/\">KAKUIN ERYOO<\/a><\/li>\n<li><a href=\"http:\/\/www.nossacasa.net\/shunya\/kakutan-inshuu\/\">KAKUTAN INSHUU<\/a><\/li>\n<\/ol>\n<\/td>\n<\/tr>\n<\/table>\n<hr \/>\n<div style=\"text-align:right\"><a href=\"#inicio\">Topo<\/a><\/div>\n<hr \/>\n<\/div>\n<!-- AddThis Advanced Settings generic via filter on the_content --><!-- AddThis Share Buttons generic via filter on the_content -->","protected":false},"excerpt":{"rendered":"<p>Kakutan Inshuu (-) Refer\u00eancias Linhagem Refer\u00eancias1 Kakutan Inshuu \u00e9 da 77a.gera\u00e7\u00e3o desde Buda e da 26a.gera\u00e7\u00e3o desde Dogen. Kakutan Inshuu foi Herdeiro do Dharma de Kakuin Eryoo e transmitiu o Dharma para Hoozan Shuukyoo. Retirado do site http:\/\/www.terebess.hu\/zen\/mesterek\/szarmazas.html Topo Linhagem &hellip; <a href=\"http:\/\/www.nossacasa.net\/shunya\/kakutan-inshuu\/\">Continue lendo <span class=\"meta-nav\">&rarr;<\/span><\/a><!-- AddThis Advanced Settings generic via filter on get_the_excerpt --><!-- AddThis Share Buttons generic via filter on get_the_excerpt --><\/p>\n","protected":false},"author":1,"featured_media":0,"parent":0,"menu_order":0,"comment_status":"closed","ping_status":"closed","template":"","meta":{"footnotes":""},"class_list":["post-3062","page","type-page","status-publish","hentry"],"_links":{"self":[{"href":"http:\/\/www.nossacasa.net\/shunya\/wp-json\/wp\/v2\/pages\/3062","targetHints":{"allow":["GET"]}}],"collection":[{"href":"http:\/\/www.nossacasa.net\/shunya\/wp-json\/wp\/v2\/pages"}],"about":[{"href":"http:\/\/www.nossacasa.net\/shunya\/wp-json\/wp\/v2\/types\/page"}],"author":[{"embeddable":true,"href":"http:\/\/www.nossacasa.net\/shunya\/wp-json\/wp\/v2\/users\/1"}],"replies":[{"embeddable":true,"href":"http:\/\/www.nossacasa.net\/shunya\/wp-json\/wp\/v2\/comments?post=3062"}],"version-history":[{"count":4,"href":"http:\/\/www.nossacasa.net\/shunya\/wp-json\/wp\/v2\/pages\/3062\/revisions"}],"predecessor-version":[{"id":3765,"href":"http:\/\/www.nossacasa.net\/shunya\/wp-json\/wp\/v2\/pages\/3062\/revisions\/3765"}],"wp:attachment":[{"href":"http:\/\/www.nossacasa.net\/shunya\/wp-json\/wp\/v2\/media?parent=3062"}],"curies":[{"name":"wp","href":"https:\/\/api.w.org\/{rel}","templated":true}]}}